{"id":2183,"date":"2017-10-20T19:14:08","date_gmt":"2017-10-20T19:14:08","guid":{"rendered":"http:\/\/test.lulango.es\/fgomez\/?post_type=product&#038;p=2183"},"modified":"2018-04-10T11:10:46","modified_gmt":"2018-04-10T11:10:46","slug":"rosetta-di-copertura-115-inox","status":"publish","type":"product","link":"https:\/\/fundicionesgomez.com\/it\/producto\/rosetta-di-copertura-115-inox\/","title":{"rendered":"Rosetta di Copertura \u00d8115 Inox"},"content":{"rendered":"","protected":false},"excerpt":{"rendered":"<p>Scegli la rosetta in funzione del diametro del tubo<\/p>\n","protected":false},"featured_media":2184,"template":"","meta":[],"product_brand":[221],"product_cat":[136,178],"product_tag":[],"class_list":{"0":"post-2183","1":"product","2":"type-product","3":"status-publish","4":"has-post-thumbnail","6":"product_brand-fundiciones-gomez","7":"product_cat-corrimano","8":"product_cat-prodotti-in-acciaio-inox","10":"first","11":"instock","12":"taxable","13":"shipping-taxable","14":"purchasable","15":"product-type-variable"},"yoast_head":"<!-- This site is optimized with the Yoast SEO plugin v27.1.1 - https:\/\/yoast.com\/product\/yoast-seo-wordpress\/ -->\n<title>Rosetta di Copertura \u00d8115 Inox - Fundiciones G\u00f3mez<\/title>\n<meta name=\"robots\" content=\"index, follow, max-snippet:-1, max-image-preview:large, max-video-preview:-1\" \/>\n<link rel=\"canonical\" href=\"https:\/\/fundicionesgomez.com\/it\/producto\/rosetta-di-copertura-115-inox\/\" \/>\n<meta property=\"og:locale\" content=\"it_IT\" \/>\n<meta property=\"og:type\" content=\"article\" \/>\n<meta property=\"og:title\" content=\"Rosetta di Copertura \u00d8115 Inox - Fundiciones G\u00f3mez\" \/>\n<meta property=\"og:description\" content=\"Scegli la rosetta in funzione del diametro del tubo\" \/>\n<meta property=\"og:url\" content=\"https:\/\/fundicionesgomez.com\/it\/producto\/rosetta-di-copertura-115-inox\/\" \/>\n<meta property=\"og:site_name\" content=\"Fundiciones G\u00f3mez\" \/>\n<meta property=\"article:modified_time\" content=\"2018-04-10T11:10:46+00:00\" \/>\n<meta property=\"og:image\" content=\"https:\/\/fundicionesgomez.com\/web\/wp-content\/uploads\/2012\/01\/p-2183-p-2181-p-2179-p-2177-p-2175-p-2173-KT01114b.jpg\" \/>\n\t<meta property=\"og:image:width\" content=\"396\" \/>\n\t<meta property=\"og:image:height\" content=\"336\" \/>\n\t<meta property=\"og:image:type\" content=\"image\/jpeg\" \/>\n<meta name=\"twitter:card\" content=\"summary_large_image\" \/>\n<script type=\"application\/ld+json\" class=\"yoast-schema-graph\">{\"@context\":\"https:\/\/schema.org\",\"@graph\":[{\"@type\":\"WebPage\",\"@id\":\"https:\/\/fundicionesgomez.com\/it\/producto\/rosetta-di-copertura-115-inox\/\",\"url\":\"https:\/\/fundicionesgomez.com\/it\/producto\/rosetta-di-copertura-115-inox\/\",\"name\":\"Rosetta di Copertura \u00d8115 Inox - Fundiciones G\u00f3mez\",\"isPartOf\":{\"@id\":\"https:\/\/fundicionesgomez.com\/#website\"},\"primaryImageOfPage\":{\"@id\":\"https:\/\/fundicionesgomez.com\/it\/producto\/rosetta-di-copertura-115-inox\/#primaryimage\"},\"image\":{\"@id\":\"https:\/\/fundicionesgomez.com\/it\/producto\/rosetta-di-copertura-115-inox\/#primaryimage\"},\"thumbnailUrl\":\"https:\/\/fundicionesgomez.com\/web\/wp-content\/uploads\/2012\/01\/p-2183-p-2181-p-2179-p-2177-p-2175-p-2173-KT01114b.jpg\",\"datePublished\":\"2017-10-20T19:14:08+00:00\",\"dateModified\":\"2018-04-10T11:10:46+00:00\",\"breadcrumb\":{\"@id\":\"https:\/\/fundicionesgomez.com\/it\/producto\/rosetta-di-copertura-115-inox\/#breadcrumb\"},\"inLanguage\":\"it-IT\",\"potentialAction\":[{\"@type\":\"ReadAction\",\"target\":[\"https:\/\/fundicionesgomez.com\/it\/producto\/rosetta-di-copertura-115-inox\/\"]}]},{\"@type\":\"ImageObject\",\"inLanguage\":\"it-IT\",\"@id\":\"https:\/\/fundicionesgomez.com\/it\/producto\/rosetta-di-copertura-115-inox\/#primaryimage\",\"url\":\"https:\/\/fundicionesgomez.com\/web\/wp-content\/uploads\/2012\/01\/p-2183-p-2181-p-2179-p-2177-p-2175-p-2173-KT01114b.jpg\",\"contentUrl\":\"https:\/\/fundicionesgomez.com\/web\/wp-content\/uploads\/2012\/01\/p-2183-p-2181-p-2179-p-2177-p-2175-p-2173-KT01114b.jpg\",\"width\":396,\"height\":336},{\"@type\":\"BreadcrumbList\",\"@id\":\"https:\/\/fundicionesgomez.com\/it\/producto\/rosetta-di-copertura-115-inox\/#breadcrumb\",\"itemListElement\":[{\"@type\":\"ListItem\",\"position\":1,\"name\":\"Portada\",\"item\":\"https:\/\/fundicionesgomez.com\/it\/\"},{\"@type\":\"ListItem\",\"position\":2,\"name\":\"Productos\",\"item\":\"https:\/\/fundicionesgomez.com\/shop\/\"},{\"@type\":\"ListItem\",\"position\":3,\"name\":\"Rosetta di Copertura \u00d8115 Inox\"}]},{\"@type\":\"WebSite\",\"@id\":\"https:\/\/fundicionesgomez.com\/#website\",\"url\":\"https:\/\/fundicionesgomez.com\/\",\"name\":\"Fundiciones G\u00f3mez\",\"description\":\"piezas para la construcci\u00f3n, talleres met\u00e1licos, herrajes, sector del mueble, autom\u00f3vil, trabajos especiales, bajo plano...\",\"potentialAction\":[{\"@type\":\"SearchAction\",\"target\":{\"@type\":\"EntryPoint\",\"urlTemplate\":\"https:\/\/fundicionesgomez.com\/?s={search_term_string}\"},\"query-input\":{\"@type\":\"PropertyValueSpecification\",\"valueRequired\":true,\"valueName\":\"search_term_string\"}}],\"inLanguage\":\"it-IT\"}]}<\/script>\n<!-- \/ Yoast SEO plugin. -->","yoast_head_json":{"title":"Rosetta di Copertura \u00d8115 Inox - Fundiciones G\u00f3mez","robots":{"index":"index","follow":"follow","max-snippet":"max-snippet:-1","max-image-preview":"max-image-preview:large","max-video-preview":"max-video-preview:-1"},"canonical":"https:\/\/fundicionesgomez.com\/it\/producto\/rosetta-di-copertura-115-inox\/","og_locale":"it_IT","og_type":"article","og_title":"Rosetta di Copertura \u00d8115 Inox - Fundiciones G\u00f3mez","og_description":"Scegli la rosetta in funzione del diametro del tubo","og_url":"https:\/\/fundicionesgomez.com\/it\/producto\/rosetta-di-copertura-115-inox\/","og_site_name":"Fundiciones G\u00f3mez","article_modified_time":"2018-04-10T11:10:46+00:00","og_image":[{"width":396,"height":336,"url":"https:\/\/fundicionesgomez.com\/web\/wp-content\/uploads\/2012\/01\/p-2183-p-2181-p-2179-p-2177-p-2175-p-2173-KT01114b.jpg","type":"image\/jpeg"}],"twitter_card":"summary_large_image","schema":{"@context":"https:\/\/schema.org","@graph":[{"@type":"WebPage","@id":"https:\/\/fundicionesgomez.com\/it\/producto\/rosetta-di-copertura-115-inox\/","url":"https:\/\/fundicionesgomez.com\/it\/producto\/rosetta-di-copertura-115-inox\/","name":"Rosetta di Copertura \u00d8115 Inox - Fundiciones G\u00f3mez","isPartOf":{"@id":"https:\/\/fundicionesgomez.com\/#website"},"primaryImageOfPage":{"@id":"https:\/\/fundicionesgomez.com\/it\/producto\/rosetta-di-copertura-115-inox\/#primaryimage"},"image":{"@id":"https:\/\/fundicionesgomez.com\/it\/producto\/rosetta-di-copertura-115-inox\/#primaryimage"},"thumbnailUrl":"https:\/\/fundicionesgomez.com\/web\/wp-content\/uploads\/2012\/01\/p-2183-p-2181-p-2179-p-2177-p-2175-p-2173-KT01114b.jpg","datePublished":"2017-10-20T19:14:08+00:00","dateModified":"2018-04-10T11:10:46+00:00","breadcrumb":{"@id":"https:\/\/fundicionesgomez.com\/it\/producto\/rosetta-di-copertura-115-inox\/#breadcrumb"},"inLanguage":"it-IT","potentialAction":[{"@type":"ReadAction","target":["https:\/\/fundicionesgomez.com\/it\/producto\/rosetta-di-copertura-115-inox\/"]}]},{"@type":"ImageObject","inLanguage":"it-IT","@id":"https:\/\/fundicionesgomez.com\/it\/producto\/rosetta-di-copertura-115-inox\/#primaryimage","url":"https:\/\/fundicionesgomez.com\/web\/wp-content\/uploads\/2012\/01\/p-2183-p-2181-p-2179-p-2177-p-2175-p-2173-KT01114b.jpg","contentUrl":"https:\/\/fundicionesgomez.com\/web\/wp-content\/uploads\/2012\/01\/p-2183-p-2181-p-2179-p-2177-p-2175-p-2173-KT01114b.jpg","width":396,"height":336},{"@type":"BreadcrumbList","@id":"https:\/\/fundicionesgomez.com\/it\/producto\/rosetta-di-copertura-115-inox\/#breadcrumb","itemListElement":[{"@type":"ListItem","position":1,"name":"Portada","item":"https:\/\/fundicionesgomez.com\/it\/"},{"@type":"ListItem","position":2,"name":"Productos","item":"https:\/\/fundicionesgomez.com\/shop\/"},{"@type":"ListItem","position":3,"name":"Rosetta di Copertura \u00d8115 Inox"}]},{"@type":"WebSite","@id":"https:\/\/fundicionesgomez.com\/#website","url":"https:\/\/fundicionesgomez.com\/","name":"Fundiciones G\u00f3mez","description":"piezas para la construcci\u00f3n, talleres met\u00e1licos, herrajes, sector del mueble, autom\u00f3vil, trabajos especiales, bajo plano...","potentialAction":[{"@type":"SearchAction","target":{"@type":"EntryPoint","urlTemplate":"https:\/\/fundicionesgomez.com\/?s={search_term_string}"},"query-input":{"@type":"PropertyValueSpecification","valueRequired":true,"valueName":"search_term_string"}}],"inLanguage":"it-IT"}]}},"_links":{"self":[{"href":"https:\/\/fundicionesgomez.com\/it\/wp-json\/wp\/v2\/product\/2183","targetHints":{"allow":["GET"]}}],"collection":[{"href":"https:\/\/fundicionesgomez.com\/it\/wp-json\/wp\/v2\/product"}],"about":[{"href":"https:\/\/fundicionesgomez.com\/it\/wp-json\/wp\/v2\/types\/product"}],"wp:featuredmedia":[{"embeddable":true,"href":"https:\/\/fundicionesgomez.com\/it\/wp-json\/wp\/v2\/media\/2184"}],"wp:attachment":[{"href":"https:\/\/fundicionesgomez.com\/it\/wp-json\/wp\/v2\/media?parent=2183"}],"wp:term":[{"taxonomy":"product_brand","embeddable":true,"href":"https:\/\/fundicionesgomez.com\/it\/wp-json\/wp\/v2\/product_brand?post=2183"},{"taxonomy":"product_cat","embeddable":true,"href":"https:\/\/fundicionesgomez.com\/it\/wp-json\/wp\/v2\/product_cat?post=2183"},{"taxonomy":"product_tag","embeddable":true,"href":"https:\/\/fundicionesgomez.com\/it\/wp-json\/wp\/v2\/product_tag?post=2183"}],"curies":[{"name":"wp","href":"https:\/\/api.w.org\/{rel}","templated":true}]}}