{"id":2078,"date":"2017-10-20T19:14:01","date_gmt":"2017-10-20T19:14:03","guid":{"rendered":"http:\/\/test.lulango.es\/fgomez\/?post_type=product&#038;p=2078"},"modified":"2018-04-06T10:30:55","modified_gmt":"2018-04-06T10:30:55","slug":"linguetta-a-saldare","status":"publish","type":"product","link":"https:\/\/fundicionesgomez.com\/it\/producto\/linguetta-a-saldare\/","title":{"rendered":"Linguetta a saldare"},"content":{"rendered":"<p>Offriamo questo prodotto in due dimensioni. Ricordate che siamo in grado di produrre questo prodotto in altre dimensioni su richiesta. Invia la tua richiesta attraverso il <a href=\"https:\/\/test.lulango.es\/fgomez\/it\/contatto\/\">modulo di contatto<\/a> e vi faremo un bilancio gratuito.<\/p>\n","protected":false},"excerpt":{"rendered":"<p>Prodotto in diverse dimensioni.<\/p>\n","protected":false},"featured_media":2079,"template":"","meta":[],"product_brand":[221],"product_cat":[136,172],"product_tag":[595],"class_list":{"0":"post-2078","1":"product","2":"type-product","3":"status-publish","4":"has-post-thumbnail","6":"product_brand-fundiciones-gomez","7":"product_cat-corrimano","8":"product_cat-prodotti-di-ferro","9":"product_tag-ferro-it","11":"first","12":"instock","13":"taxable","14":"shipping-taxable","15":"purchasable","16":"product-type-variable"},"yoast_head":"<!-- This site is optimized with the Yoast SEO plugin v27.1.1 - https:\/\/yoast.com\/product\/yoast-seo-wordpress\/ -->\n<title>Linguetta a saldare - Fundiciones G\u00f3mez<\/title>\n<meta name=\"robots\" content=\"index, follow, max-snippet:-1, max-image-preview:large, max-video-preview:-1\" \/>\n<link rel=\"canonical\" href=\"https:\/\/fundicionesgomez.com\/it\/producto\/linguetta-a-saldare\/\" \/>\n<meta property=\"og:locale\" content=\"it_IT\" \/>\n<meta property=\"og:type\" content=\"article\" \/>\n<meta property=\"og:title\" content=\"Linguetta a saldare - Fundiciones G\u00f3mez\" \/>\n<meta property=\"og:description\" content=\"Prodotto in diverse dimensioni.\" \/>\n<meta property=\"og:url\" content=\"https:\/\/fundicionesgomez.com\/it\/producto\/linguetta-a-saldare\/\" \/>\n<meta property=\"og:site_name\" content=\"Fundiciones G\u00f3mez\" \/>\n<meta property=\"article:modified_time\" content=\"2018-04-06T10:30:55+00:00\" \/>\n<meta property=\"og:image\" content=\"https:\/\/fundicionesgomez.com\/web\/wp-content\/uploads\/2013\/11\/p-2078-p-2073-p-2068-p-2063-p-2058-p-2053-KT01017.jpg\" \/>\n\t<meta property=\"og:image:width\" content=\"480\" \/>\n\t<meta property=\"og:image:height\" content=\"480\" \/>\n\t<meta property=\"og:image:type\" content=\"image\/jpeg\" \/>\n<meta name=\"twitter:card\" content=\"summary_large_image\" \/>\n<script type=\"application\/ld+json\" class=\"yoast-schema-graph\">{\"@context\":\"https:\/\/schema.org\",\"@graph\":[{\"@type\":\"WebPage\",\"@id\":\"https:\/\/fundicionesgomez.com\/it\/producto\/linguetta-a-saldare\/\",\"url\":\"https:\/\/fundicionesgomez.com\/it\/producto\/linguetta-a-saldare\/\",\"name\":\"Linguetta a saldare - Fundiciones G\u00f3mez\",\"isPartOf\":{\"@id\":\"https:\/\/fundicionesgomez.com\/#website\"},\"primaryImageOfPage\":{\"@id\":\"https:\/\/fundicionesgomez.com\/it\/producto\/linguetta-a-saldare\/#primaryimage\"},\"image\":{\"@id\":\"https:\/\/fundicionesgomez.com\/it\/producto\/linguetta-a-saldare\/#primaryimage\"},\"thumbnailUrl\":\"https:\/\/fundicionesgomez.com\/web\/wp-content\/uploads\/2013\/11\/p-2078-p-2073-p-2068-p-2063-p-2058-p-2053-KT01017.jpg\",\"datePublished\":\"2017-10-20T19:14:03+00:00\",\"dateModified\":\"2018-04-06T10:30:55+00:00\",\"breadcrumb\":{\"@id\":\"https:\/\/fundicionesgomez.com\/it\/producto\/linguetta-a-saldare\/#breadcrumb\"},\"inLanguage\":\"it-IT\",\"potentialAction\":[{\"@type\":\"ReadAction\",\"target\":[\"https:\/\/fundicionesgomez.com\/it\/producto\/linguetta-a-saldare\/\"]}]},{\"@type\":\"ImageObject\",\"inLanguage\":\"it-IT\",\"@id\":\"https:\/\/fundicionesgomez.com\/it\/producto\/linguetta-a-saldare\/#primaryimage\",\"url\":\"https:\/\/fundicionesgomez.com\/web\/wp-content\/uploads\/2013\/11\/p-2078-p-2073-p-2068-p-2063-p-2058-p-2053-KT01017.jpg\",\"contentUrl\":\"https:\/\/fundicionesgomez.com\/web\/wp-content\/uploads\/2013\/11\/p-2078-p-2073-p-2068-p-2063-p-2058-p-2053-KT01017.jpg\",\"width\":480,\"height\":480},{\"@type\":\"BreadcrumbList\",\"@id\":\"https:\/\/fundicionesgomez.com\/it\/producto\/linguetta-a-saldare\/#breadcrumb\",\"itemListElement\":[{\"@type\":\"ListItem\",\"position\":1,\"name\":\"Portada\",\"item\":\"https:\/\/fundicionesgomez.com\/it\/\"},{\"@type\":\"ListItem\",\"position\":2,\"name\":\"Productos\",\"item\":\"https:\/\/fundicionesgomez.com\/shop\/\"},{\"@type\":\"ListItem\",\"position\":3,\"name\":\"Linguetta a saldare\"}]},{\"@type\":\"WebSite\",\"@id\":\"https:\/\/fundicionesgomez.com\/#website\",\"url\":\"https:\/\/fundicionesgomez.com\/\",\"name\":\"Fundiciones G\u00f3mez\",\"description\":\"piezas para la construcci\u00f3n, talleres met\u00e1licos, herrajes, sector del mueble, autom\u00f3vil, trabajos especiales, bajo plano...\",\"potentialAction\":[{\"@type\":\"SearchAction\",\"target\":{\"@type\":\"EntryPoint\",\"urlTemplate\":\"https:\/\/fundicionesgomez.com\/?s={search_term_string}\"},\"query-input\":{\"@type\":\"PropertyValueSpecification\",\"valueRequired\":true,\"valueName\":\"search_term_string\"}}],\"inLanguage\":\"it-IT\"}]}<\/script>\n<!-- \/ Yoast SEO plugin. -->","yoast_head_json":{"title":"Linguetta a saldare - Fundiciones G\u00f3mez","robots":{"index":"index","follow":"follow","max-snippet":"max-snippet:-1","max-image-preview":"max-image-preview:large","max-video-preview":"max-video-preview:-1"},"canonical":"https:\/\/fundicionesgomez.com\/it\/producto\/linguetta-a-saldare\/","og_locale":"it_IT","og_type":"article","og_title":"Linguetta a saldare - Fundiciones G\u00f3mez","og_description":"Prodotto in diverse dimensioni.","og_url":"https:\/\/fundicionesgomez.com\/it\/producto\/linguetta-a-saldare\/","og_site_name":"Fundiciones G\u00f3mez","article_modified_time":"2018-04-06T10:30:55+00:00","og_image":[{"width":480,"height":480,"url":"https:\/\/fundicionesgomez.com\/web\/wp-content\/uploads\/2013\/11\/p-2078-p-2073-p-2068-p-2063-p-2058-p-2053-KT01017.jpg","type":"image\/jpeg"}],"twitter_card":"summary_large_image","schema":{"@context":"https:\/\/schema.org","@graph":[{"@type":"WebPage","@id":"https:\/\/fundicionesgomez.com\/it\/producto\/linguetta-a-saldare\/","url":"https:\/\/fundicionesgomez.com\/it\/producto\/linguetta-a-saldare\/","name":"Linguetta a saldare - Fundiciones G\u00f3mez","isPartOf":{"@id":"https:\/\/fundicionesgomez.com\/#website"},"primaryImageOfPage":{"@id":"https:\/\/fundicionesgomez.com\/it\/producto\/linguetta-a-saldare\/#primaryimage"},"image":{"@id":"https:\/\/fundicionesgomez.com\/it\/producto\/linguetta-a-saldare\/#primaryimage"},"thumbnailUrl":"https:\/\/fundicionesgomez.com\/web\/wp-content\/uploads\/2013\/11\/p-2078-p-2073-p-2068-p-2063-p-2058-p-2053-KT01017.jpg","datePublished":"2017-10-20T19:14:03+00:00","dateModified":"2018-04-06T10:30:55+00:00","breadcrumb":{"@id":"https:\/\/fundicionesgomez.com\/it\/producto\/linguetta-a-saldare\/#breadcrumb"},"inLanguage":"it-IT","potentialAction":[{"@type":"ReadAction","target":["https:\/\/fundicionesgomez.com\/it\/producto\/linguetta-a-saldare\/"]}]},{"@type":"ImageObject","inLanguage":"it-IT","@id":"https:\/\/fundicionesgomez.com\/it\/producto\/linguetta-a-saldare\/#primaryimage","url":"https:\/\/fundicionesgomez.com\/web\/wp-content\/uploads\/2013\/11\/p-2078-p-2073-p-2068-p-2063-p-2058-p-2053-KT01017.jpg","contentUrl":"https:\/\/fundicionesgomez.com\/web\/wp-content\/uploads\/2013\/11\/p-2078-p-2073-p-2068-p-2063-p-2058-p-2053-KT01017.jpg","width":480,"height":480},{"@type":"BreadcrumbList","@id":"https:\/\/fundicionesgomez.com\/it\/producto\/linguetta-a-saldare\/#breadcrumb","itemListElement":[{"@type":"ListItem","position":1,"name":"Portada","item":"https:\/\/fundicionesgomez.com\/it\/"},{"@type":"ListItem","position":2,"name":"Productos","item":"https:\/\/fundicionesgomez.com\/shop\/"},{"@type":"ListItem","position":3,"name":"Linguetta a saldare"}]},{"@type":"WebSite","@id":"https:\/\/fundicionesgomez.com\/#website","url":"https:\/\/fundicionesgomez.com\/","name":"Fundiciones G\u00f3mez","description":"piezas para la construcci\u00f3n, talleres met\u00e1licos, herrajes, sector del mueble, autom\u00f3vil, trabajos especiales, bajo plano...","potentialAction":[{"@type":"SearchAction","target":{"@type":"EntryPoint","urlTemplate":"https:\/\/fundicionesgomez.com\/?s={search_term_string}"},"query-input":{"@type":"PropertyValueSpecification","valueRequired":true,"valueName":"search_term_string"}}],"inLanguage":"it-IT"}]}},"_links":{"self":[{"href":"https:\/\/fundicionesgomez.com\/it\/wp-json\/wp\/v2\/product\/2078","targetHints":{"allow":["GET"]}}],"collection":[{"href":"https:\/\/fundicionesgomez.com\/it\/wp-json\/wp\/v2\/product"}],"about":[{"href":"https:\/\/fundicionesgomez.com\/it\/wp-json\/wp\/v2\/types\/product"}],"wp:featuredmedia":[{"embeddable":true,"href":"https:\/\/fundicionesgomez.com\/it\/wp-json\/wp\/v2\/media\/2079"}],"wp:attachment":[{"href":"https:\/\/fundicionesgomez.com\/it\/wp-json\/wp\/v2\/media?parent=2078"}],"wp:term":[{"taxonomy":"product_brand","embeddable":true,"href":"https:\/\/fundicionesgomez.com\/it\/wp-json\/wp\/v2\/product_brand?post=2078"},{"taxonomy":"product_cat","embeddable":true,"href":"https:\/\/fundicionesgomez.com\/it\/wp-json\/wp\/v2\/product_cat?post=2078"},{"taxonomy":"product_tag","embeddable":true,"href":"https:\/\/fundicionesgomez.com\/it\/wp-json\/wp\/v2\/product_tag?post=2078"}],"curies":[{"name":"wp","href":"https:\/\/api.w.org\/{rel}","templated":true}]}}