{"id":1883,"date":"2017-10-20T19:13:44","date_gmt":"2017-10-20T19:13:45","guid":{"rendered":"http:\/\/test.lulango.es\/fgomez\/?post_type=product&#038;p=1883"},"modified":"2018-04-09T12:03:29","modified_gmt":"2018-04-09T12:03:29","slug":"supporto-per-corrimano-inox-con-piastrina","status":"publish","type":"product","link":"https:\/\/fundicionesgomez.com\/it\/producto\/supporto-per-corrimano-inox-con-piastrina\/","title":{"rendered":"Supporto per Corrimano Inox con Piastrina"},"content":{"rendered":"<p>Offriamo questo supporto in due dimensioni. Ricordate che siamo in grado di produrre questo prodotto in altre dimensioni su richiesta. Invia la tua richiesta attraverso\u00a0<a href=\"https:\/\/test.lulango.es\/fgomez\/it\/contatto\/\">il modulo di contatto<\/a>\u00a0e vi faremo un bilancio gratuito.<\/p>\n","protected":false},"excerpt":{"rendered":"<p>Scegli tra due dimensioni di supporti.<\/p>\n","protected":false},"featured_media":69121,"template":"","meta":[],"product_brand":[221],"product_cat":[136,178],"product_tag":[596],"class_list":{"0":"post-1883","1":"product","2":"type-product","3":"status-publish","4":"has-post-thumbnail","6":"product_brand-fundiciones-gomez","7":"product_cat-corrimano","8":"product_cat-prodotti-in-acciaio-inox","9":"product_tag-inox","11":"first","12":"instock","13":"taxable","14":"shipping-taxable","15":"purchasable","16":"product-type-variable"},"yoast_head":"<!-- This site is optimized with the Yoast SEO plugin v27.1.1 - https:\/\/yoast.com\/product\/yoast-seo-wordpress\/ -->\n<title>Supporto per Corrimano Inox con Piastrina - Fundiciones G\u00f3mez<\/title>\n<meta name=\"robots\" content=\"index, follow, max-snippet:-1, max-image-preview:large, max-video-preview:-1\" \/>\n<link rel=\"canonical\" href=\"https:\/\/fundicionesgomez.com\/it\/producto\/supporto-per-corrimano-inox-con-piastrina\/\" \/>\n<meta property=\"og:locale\" content=\"it_IT\" \/>\n<meta property=\"og:type\" content=\"article\" \/>\n<meta property=\"og:title\" content=\"Supporto per Corrimano Inox con Piastrina - Fundiciones G\u00f3mez\" \/>\n<meta property=\"og:description\" content=\"Scegli tra due dimensioni di supporti.\" \/>\n<meta property=\"og:url\" content=\"https:\/\/fundicionesgomez.com\/it\/producto\/supporto-per-corrimano-inox-con-piastrina\/\" \/>\n<meta property=\"og:site_name\" content=\"Fundiciones G\u00f3mez\" \/>\n<meta property=\"article:modified_time\" content=\"2018-04-09T12:03:29+00:00\" \/>\n<meta property=\"og:image\" content=\"https:\/\/fundicionesgomez.com\/web\/wp-content\/uploads\/2017\/10\/soporte-mensula-sin-emb.jpg\" \/>\n\t<meta property=\"og:image:width\" content=\"420\" \/>\n\t<meta property=\"og:image:height\" content=\"420\" \/>\n\t<meta property=\"og:image:type\" content=\"image\/jpeg\" \/>\n<meta name=\"twitter:card\" content=\"summary_large_image\" \/>\n<script type=\"application\/ld+json\" class=\"yoast-schema-graph\">{\"@context\":\"https:\/\/schema.org\",\"@graph\":[{\"@type\":\"WebPage\",\"@id\":\"https:\/\/fundicionesgomez.com\/it\/producto\/supporto-per-corrimano-inox-con-piastrina\/\",\"url\":\"https:\/\/fundicionesgomez.com\/it\/producto\/supporto-per-corrimano-inox-con-piastrina\/\",\"name\":\"Supporto per Corrimano Inox con Piastrina - Fundiciones G\u00f3mez\",\"isPartOf\":{\"@id\":\"https:\/\/fundicionesgomez.com\/#website\"},\"primaryImageOfPage\":{\"@id\":\"https:\/\/fundicionesgomez.com\/it\/producto\/supporto-per-corrimano-inox-con-piastrina\/#primaryimage\"},\"image\":{\"@id\":\"https:\/\/fundicionesgomez.com\/it\/producto\/supporto-per-corrimano-inox-con-piastrina\/#primaryimage\"},\"thumbnailUrl\":\"https:\/\/fundicionesgomez.com\/web\/wp-content\/uploads\/2017\/10\/soporte-mensula-sin-emb.jpg\",\"datePublished\":\"2017-10-20T19:13:45+00:00\",\"dateModified\":\"2018-04-09T12:03:29+00:00\",\"breadcrumb\":{\"@id\":\"https:\/\/fundicionesgomez.com\/it\/producto\/supporto-per-corrimano-inox-con-piastrina\/#breadcrumb\"},\"inLanguage\":\"it-IT\",\"potentialAction\":[{\"@type\":\"ReadAction\",\"target\":[\"https:\/\/fundicionesgomez.com\/it\/producto\/supporto-per-corrimano-inox-con-piastrina\/\"]}]},{\"@type\":\"ImageObject\",\"inLanguage\":\"it-IT\",\"@id\":\"https:\/\/fundicionesgomez.com\/it\/producto\/supporto-per-corrimano-inox-con-piastrina\/#primaryimage\",\"url\":\"https:\/\/fundicionesgomez.com\/web\/wp-content\/uploads\/2017\/10\/soporte-mensula-sin-emb.jpg\",\"contentUrl\":\"https:\/\/fundicionesgomez.com\/web\/wp-content\/uploads\/2017\/10\/soporte-mensula-sin-emb.jpg\",\"width\":420,\"height\":420},{\"@type\":\"BreadcrumbList\",\"@id\":\"https:\/\/fundicionesgomez.com\/it\/producto\/supporto-per-corrimano-inox-con-piastrina\/#breadcrumb\",\"itemListElement\":[{\"@type\":\"ListItem\",\"position\":1,\"name\":\"Portada\",\"item\":\"https:\/\/fundicionesgomez.com\/it\/\"},{\"@type\":\"ListItem\",\"position\":2,\"name\":\"Productos\",\"item\":\"https:\/\/fundicionesgomez.com\/shop\/\"},{\"@type\":\"ListItem\",\"position\":3,\"name\":\"Supporto per Corrimano Inox con Piastrina\"}]},{\"@type\":\"WebSite\",\"@id\":\"https:\/\/fundicionesgomez.com\/#website\",\"url\":\"https:\/\/fundicionesgomez.com\/\",\"name\":\"Fundiciones G\u00f3mez\",\"description\":\"piezas para la construcci\u00f3n, talleres met\u00e1licos, herrajes, sector del mueble, autom\u00f3vil, trabajos especiales, bajo plano...\",\"potentialAction\":[{\"@type\":\"SearchAction\",\"target\":{\"@type\":\"EntryPoint\",\"urlTemplate\":\"https:\/\/fundicionesgomez.com\/?s={search_term_string}\"},\"query-input\":{\"@type\":\"PropertyValueSpecification\",\"valueRequired\":true,\"valueName\":\"search_term_string\"}}],\"inLanguage\":\"it-IT\"}]}<\/script>\n<!-- \/ Yoast SEO plugin. -->","yoast_head_json":{"title":"Supporto per Corrimano Inox con Piastrina - Fundiciones G\u00f3mez","robots":{"index":"index","follow":"follow","max-snippet":"max-snippet:-1","max-image-preview":"max-image-preview:large","max-video-preview":"max-video-preview:-1"},"canonical":"https:\/\/fundicionesgomez.com\/it\/producto\/supporto-per-corrimano-inox-con-piastrina\/","og_locale":"it_IT","og_type":"article","og_title":"Supporto per Corrimano Inox con Piastrina - Fundiciones G\u00f3mez","og_description":"Scegli tra due dimensioni di supporti.","og_url":"https:\/\/fundicionesgomez.com\/it\/producto\/supporto-per-corrimano-inox-con-piastrina\/","og_site_name":"Fundiciones G\u00f3mez","article_modified_time":"2018-04-09T12:03:29+00:00","og_image":[{"width":420,"height":420,"url":"https:\/\/fundicionesgomez.com\/web\/wp-content\/uploads\/2017\/10\/soporte-mensula-sin-emb.jpg","type":"image\/jpeg"}],"twitter_card":"summary_large_image","schema":{"@context":"https:\/\/schema.org","@graph":[{"@type":"WebPage","@id":"https:\/\/fundicionesgomez.com\/it\/producto\/supporto-per-corrimano-inox-con-piastrina\/","url":"https:\/\/fundicionesgomez.com\/it\/producto\/supporto-per-corrimano-inox-con-piastrina\/","name":"Supporto per Corrimano Inox con Piastrina - Fundiciones G\u00f3mez","isPartOf":{"@id":"https:\/\/fundicionesgomez.com\/#website"},"primaryImageOfPage":{"@id":"https:\/\/fundicionesgomez.com\/it\/producto\/supporto-per-corrimano-inox-con-piastrina\/#primaryimage"},"image":{"@id":"https:\/\/fundicionesgomez.com\/it\/producto\/supporto-per-corrimano-inox-con-piastrina\/#primaryimage"},"thumbnailUrl":"https:\/\/fundicionesgomez.com\/web\/wp-content\/uploads\/2017\/10\/soporte-mensula-sin-emb.jpg","datePublished":"2017-10-20T19:13:45+00:00","dateModified":"2018-04-09T12:03:29+00:00","breadcrumb":{"@id":"https:\/\/fundicionesgomez.com\/it\/producto\/supporto-per-corrimano-inox-con-piastrina\/#breadcrumb"},"inLanguage":"it-IT","potentialAction":[{"@type":"ReadAction","target":["https:\/\/fundicionesgomez.com\/it\/producto\/supporto-per-corrimano-inox-con-piastrina\/"]}]},{"@type":"ImageObject","inLanguage":"it-IT","@id":"https:\/\/fundicionesgomez.com\/it\/producto\/supporto-per-corrimano-inox-con-piastrina\/#primaryimage","url":"https:\/\/fundicionesgomez.com\/web\/wp-content\/uploads\/2017\/10\/soporte-mensula-sin-emb.jpg","contentUrl":"https:\/\/fundicionesgomez.com\/web\/wp-content\/uploads\/2017\/10\/soporte-mensula-sin-emb.jpg","width":420,"height":420},{"@type":"BreadcrumbList","@id":"https:\/\/fundicionesgomez.com\/it\/producto\/supporto-per-corrimano-inox-con-piastrina\/#breadcrumb","itemListElement":[{"@type":"ListItem","position":1,"name":"Portada","item":"https:\/\/fundicionesgomez.com\/it\/"},{"@type":"ListItem","position":2,"name":"Productos","item":"https:\/\/fundicionesgomez.com\/shop\/"},{"@type":"ListItem","position":3,"name":"Supporto per Corrimano Inox con Piastrina"}]},{"@type":"WebSite","@id":"https:\/\/fundicionesgomez.com\/#website","url":"https:\/\/fundicionesgomez.com\/","name":"Fundiciones G\u00f3mez","description":"piezas para la construcci\u00f3n, talleres met\u00e1licos, herrajes, sector del mueble, autom\u00f3vil, trabajos especiales, bajo plano...","potentialAction":[{"@type":"SearchAction","target":{"@type":"EntryPoint","urlTemplate":"https:\/\/fundicionesgomez.com\/?s={search_term_string}"},"query-input":{"@type":"PropertyValueSpecification","valueRequired":true,"valueName":"search_term_string"}}],"inLanguage":"it-IT"}]}},"_links":{"self":[{"href":"https:\/\/fundicionesgomez.com\/it\/wp-json\/wp\/v2\/product\/1883","targetHints":{"allow":["GET"]}}],"collection":[{"href":"https:\/\/fundicionesgomez.com\/it\/wp-json\/wp\/v2\/product"}],"about":[{"href":"https:\/\/fundicionesgomez.com\/it\/wp-json\/wp\/v2\/types\/product"}],"wp:featuredmedia":[{"embeddable":true,"href":"https:\/\/fundicionesgomez.com\/it\/wp-json\/wp\/v2\/media\/69121"}],"wp:attachment":[{"href":"https:\/\/fundicionesgomez.com\/it\/wp-json\/wp\/v2\/media?parent=1883"}],"wp:term":[{"taxonomy":"product_brand","embeddable":true,"href":"https:\/\/fundicionesgomez.com\/it\/wp-json\/wp\/v2\/product_brand?post=1883"},{"taxonomy":"product_cat","embeddable":true,"href":"https:\/\/fundicionesgomez.com\/it\/wp-json\/wp\/v2\/product_cat?post=1883"},{"taxonomy":"product_tag","embeddable":true,"href":"https:\/\/fundicionesgomez.com\/it\/wp-json\/wp\/v2\/product_tag?post=1883"}],"curies":[{"name":"wp","href":"https:\/\/api.w.org\/{rel}","templated":true}]}}