{"id":1642,"date":"2017-10-20T19:13:27","date_gmt":"2017-10-20T19:13:29","guid":{"rendered":"http:\/\/test.lulango.es\/fgomez\/?post_type=product&#038;p=1642"},"modified":"2018-04-10T14:45:28","modified_gmt":"2018-04-10T14:45:28","slug":"cerniera-rustica-mod-105","status":"publish","type":"product","link":"https:\/\/fundicionesgomez.com\/it\/producto\/cerniera-rustica-mod-105\/","title":{"rendered":"Cerniera Rustica MOD. 105"},"content":{"rendered":"<p>Cerniera rustica ferro.<\/p>\n<p>Nero vernice epossidica, adatto ad uso esterno.<\/p>\n<p>Spessore: 4 mm.<\/p>\n<p>Misura: 205 mm x 250 mm.<\/p>\n<p>Ricordate che siamo in grado di produrre questo prodotto in altre dimensioni su richiesta. Invia la tua richiesta attraverso\u00a0il <a href=\"https:\/\/test.lulango.es\/fgomez\/it\/contatto\/\">modulo di contatto<\/a>\u00a0e vi faremo un bilancio gratuito.<\/p>\n","protected":false},"excerpt":{"rendered":"<p>Cerniera rustica di 4 mm di spessore. Nero vernice epossidica, adatto ad uso esterno.<\/p>\n","protected":false},"featured_media":69289,"template":"","meta":[],"product_brand":[221],"product_cat":[142],"product_tag":[],"class_list":{"0":"post-1642","1":"product","2":"type-product","3":"status-publish","4":"has-post-thumbnail","6":"product_brand-fundiciones-gomez","7":"product_cat-cerniere-rustiche","9":"first","10":"instock","11":"taxable","12":"shipping-taxable","13":"purchasable","14":"product-type-simple"},"yoast_head":"<!-- This site is optimized with the Yoast SEO plugin v27.1.1 - https:\/\/yoast.com\/product\/yoast-seo-wordpress\/ -->\n<title>Cerniera Rustica MOD. 105 - Fundiciones G\u00f3mez<\/title>\n<meta name=\"robots\" content=\"index, follow, max-snippet:-1, max-image-preview:large, max-video-preview:-1\" \/>\n<link rel=\"canonical\" href=\"https:\/\/fundicionesgomez.com\/it\/producto\/cerniera-rustica-mod-105\/\" \/>\n<meta property=\"og:locale\" content=\"it_IT\" \/>\n<meta property=\"og:type\" content=\"article\" \/>\n<meta property=\"og:title\" content=\"Cerniera Rustica MOD. 105 - Fundiciones G\u00f3mez\" \/>\n<meta property=\"og:description\" content=\"Cerniera rustica di 4 mm di spessore. Nero vernice epossidica, adatto ad uso esterno.\" \/>\n<meta property=\"og:url\" content=\"https:\/\/fundicionesgomez.com\/it\/producto\/cerniera-rustica-mod-105\/\" \/>\n<meta property=\"og:site_name\" content=\"Fundiciones G\u00f3mez\" \/>\n<meta property=\"article:modified_time\" content=\"2018-04-10T14:45:28+00:00\" \/>\n<meta property=\"og:image\" content=\"https:\/\/fundicionesgomez.com\/web\/wp-content\/uploads\/2017\/10\/bisagra-105.jpg\" \/>\n\t<meta property=\"og:image:width\" content=\"567\" \/>\n\t<meta property=\"og:image:height\" content=\"567\" \/>\n\t<meta property=\"og:image:type\" content=\"image\/jpeg\" \/>\n<meta name=\"twitter:card\" content=\"summary_large_image\" \/>\n<script type=\"application\/ld+json\" class=\"yoast-schema-graph\">{\"@context\":\"https:\/\/schema.org\",\"@graph\":[{\"@type\":\"WebPage\",\"@id\":\"https:\/\/fundicionesgomez.com\/it\/producto\/cerniera-rustica-mod-105\/\",\"url\":\"https:\/\/fundicionesgomez.com\/it\/producto\/cerniera-rustica-mod-105\/\",\"name\":\"Cerniera Rustica MOD. 105 - Fundiciones G\u00f3mez\",\"isPartOf\":{\"@id\":\"https:\/\/fundicionesgomez.com\/#website\"},\"primaryImageOfPage\":{\"@id\":\"https:\/\/fundicionesgomez.com\/it\/producto\/cerniera-rustica-mod-105\/#primaryimage\"},\"image\":{\"@id\":\"https:\/\/fundicionesgomez.com\/it\/producto\/cerniera-rustica-mod-105\/#primaryimage\"},\"thumbnailUrl\":\"https:\/\/fundicionesgomez.com\/web\/wp-content\/uploads\/2017\/10\/bisagra-105.jpg\",\"datePublished\":\"2017-10-20T19:13:29+00:00\",\"dateModified\":\"2018-04-10T14:45:28+00:00\",\"breadcrumb\":{\"@id\":\"https:\/\/fundicionesgomez.com\/it\/producto\/cerniera-rustica-mod-105\/#breadcrumb\"},\"inLanguage\":\"it-IT\",\"potentialAction\":[{\"@type\":\"ReadAction\",\"target\":[\"https:\/\/fundicionesgomez.com\/it\/producto\/cerniera-rustica-mod-105\/\"]}]},{\"@type\":\"ImageObject\",\"inLanguage\":\"it-IT\",\"@id\":\"https:\/\/fundicionesgomez.com\/it\/producto\/cerniera-rustica-mod-105\/#primaryimage\",\"url\":\"https:\/\/fundicionesgomez.com\/web\/wp-content\/uploads\/2017\/10\/bisagra-105.jpg\",\"contentUrl\":\"https:\/\/fundicionesgomez.com\/web\/wp-content\/uploads\/2017\/10\/bisagra-105.jpg\",\"width\":567,\"height\":567},{\"@type\":\"BreadcrumbList\",\"@id\":\"https:\/\/fundicionesgomez.com\/it\/producto\/cerniera-rustica-mod-105\/#breadcrumb\",\"itemListElement\":[{\"@type\":\"ListItem\",\"position\":1,\"name\":\"Portada\",\"item\":\"https:\/\/fundicionesgomez.com\/it\/\"},{\"@type\":\"ListItem\",\"position\":2,\"name\":\"Productos\",\"item\":\"https:\/\/fundicionesgomez.com\/shop\/\"},{\"@type\":\"ListItem\",\"position\":3,\"name\":\"Cerniera Rustica MOD. 105\"}]},{\"@type\":\"WebSite\",\"@id\":\"https:\/\/fundicionesgomez.com\/#website\",\"url\":\"https:\/\/fundicionesgomez.com\/\",\"name\":\"Fundiciones G\u00f3mez\",\"description\":\"piezas para la construcci\u00f3n, talleres met\u00e1licos, herrajes, sector del mueble, autom\u00f3vil, trabajos especiales, bajo plano...\",\"potentialAction\":[{\"@type\":\"SearchAction\",\"target\":{\"@type\":\"EntryPoint\",\"urlTemplate\":\"https:\/\/fundicionesgomez.com\/?s={search_term_string}\"},\"query-input\":{\"@type\":\"PropertyValueSpecification\",\"valueRequired\":true,\"valueName\":\"search_term_string\"}}],\"inLanguage\":\"it-IT\"}]}<\/script>\n<!-- \/ Yoast SEO plugin. -->","yoast_head_json":{"title":"Cerniera Rustica MOD. 105 - Fundiciones G\u00f3mez","robots":{"index":"index","follow":"follow","max-snippet":"max-snippet:-1","max-image-preview":"max-image-preview:large","max-video-preview":"max-video-preview:-1"},"canonical":"https:\/\/fundicionesgomez.com\/it\/producto\/cerniera-rustica-mod-105\/","og_locale":"it_IT","og_type":"article","og_title":"Cerniera Rustica MOD. 105 - Fundiciones G\u00f3mez","og_description":"Cerniera rustica di 4 mm di spessore. Nero vernice epossidica, adatto ad uso esterno.","og_url":"https:\/\/fundicionesgomez.com\/it\/producto\/cerniera-rustica-mod-105\/","og_site_name":"Fundiciones G\u00f3mez","article_modified_time":"2018-04-10T14:45:28+00:00","og_image":[{"width":567,"height":567,"url":"https:\/\/fundicionesgomez.com\/web\/wp-content\/uploads\/2017\/10\/bisagra-105.jpg","type":"image\/jpeg"}],"twitter_card":"summary_large_image","schema":{"@context":"https:\/\/schema.org","@graph":[{"@type":"WebPage","@id":"https:\/\/fundicionesgomez.com\/it\/producto\/cerniera-rustica-mod-105\/","url":"https:\/\/fundicionesgomez.com\/it\/producto\/cerniera-rustica-mod-105\/","name":"Cerniera Rustica MOD. 105 - Fundiciones G\u00f3mez","isPartOf":{"@id":"https:\/\/fundicionesgomez.com\/#website"},"primaryImageOfPage":{"@id":"https:\/\/fundicionesgomez.com\/it\/producto\/cerniera-rustica-mod-105\/#primaryimage"},"image":{"@id":"https:\/\/fundicionesgomez.com\/it\/producto\/cerniera-rustica-mod-105\/#primaryimage"},"thumbnailUrl":"https:\/\/fundicionesgomez.com\/web\/wp-content\/uploads\/2017\/10\/bisagra-105.jpg","datePublished":"2017-10-20T19:13:29+00:00","dateModified":"2018-04-10T14:45:28+00:00","breadcrumb":{"@id":"https:\/\/fundicionesgomez.com\/it\/producto\/cerniera-rustica-mod-105\/#breadcrumb"},"inLanguage":"it-IT","potentialAction":[{"@type":"ReadAction","target":["https:\/\/fundicionesgomez.com\/it\/producto\/cerniera-rustica-mod-105\/"]}]},{"@type":"ImageObject","inLanguage":"it-IT","@id":"https:\/\/fundicionesgomez.com\/it\/producto\/cerniera-rustica-mod-105\/#primaryimage","url":"https:\/\/fundicionesgomez.com\/web\/wp-content\/uploads\/2017\/10\/bisagra-105.jpg","contentUrl":"https:\/\/fundicionesgomez.com\/web\/wp-content\/uploads\/2017\/10\/bisagra-105.jpg","width":567,"height":567},{"@type":"BreadcrumbList","@id":"https:\/\/fundicionesgomez.com\/it\/producto\/cerniera-rustica-mod-105\/#breadcrumb","itemListElement":[{"@type":"ListItem","position":1,"name":"Portada","item":"https:\/\/fundicionesgomez.com\/it\/"},{"@type":"ListItem","position":2,"name":"Productos","item":"https:\/\/fundicionesgomez.com\/shop\/"},{"@type":"ListItem","position":3,"name":"Cerniera Rustica MOD. 105"}]},{"@type":"WebSite","@id":"https:\/\/fundicionesgomez.com\/#website","url":"https:\/\/fundicionesgomez.com\/","name":"Fundiciones G\u00f3mez","description":"piezas para la construcci\u00f3n, talleres met\u00e1licos, herrajes, sector del mueble, autom\u00f3vil, trabajos especiales, bajo plano...","potentialAction":[{"@type":"SearchAction","target":{"@type":"EntryPoint","urlTemplate":"https:\/\/fundicionesgomez.com\/?s={search_term_string}"},"query-input":{"@type":"PropertyValueSpecification","valueRequired":true,"valueName":"search_term_string"}}],"inLanguage":"it-IT"}]}},"_links":{"self":[{"href":"https:\/\/fundicionesgomez.com\/it\/wp-json\/wp\/v2\/product\/1642","targetHints":{"allow":["GET"]}}],"collection":[{"href":"https:\/\/fundicionesgomez.com\/it\/wp-json\/wp\/v2\/product"}],"about":[{"href":"https:\/\/fundicionesgomez.com\/it\/wp-json\/wp\/v2\/types\/product"}],"wp:featuredmedia":[{"embeddable":true,"href":"https:\/\/fundicionesgomez.com\/it\/wp-json\/wp\/v2\/media\/69289"}],"wp:attachment":[{"href":"https:\/\/fundicionesgomez.com\/it\/wp-json\/wp\/v2\/media?parent=1642"}],"wp:term":[{"taxonomy":"product_brand","embeddable":true,"href":"https:\/\/fundicionesgomez.com\/it\/wp-json\/wp\/v2\/product_brand?post=1642"},{"taxonomy":"product_cat","embeddable":true,"href":"https:\/\/fundicionesgomez.com\/it\/wp-json\/wp\/v2\/product_cat?post=1642"},{"taxonomy":"product_tag","embeddable":true,"href":"https:\/\/fundicionesgomez.com\/it\/wp-json\/wp\/v2\/product_tag?post=1642"}],"curies":[{"name":"wp","href":"https:\/\/api.w.org\/{rel}","templated":true}]}}