{"id":67246,"date":"2018-01-05T20:23:58","date_gmt":"2018-01-05T20:23:58","guid":{"rendered":"http:\/\/test.lulango.es\/fgomez\/?page_id=67246"},"modified":"2018-02-02T12:14:17","modified_gmt":"2018-02-02T12:14:17","slug":"parti-di-mobili","status":"publish","type":"page","link":"https:\/\/fundicionesgomez.com\/it\/parti-di-mobili\/","title":{"rendered":"Parti di Mobili"},"content":{"rendered":"<div class=\"wpb-content-wrapper\"><p>[vc_row][vc_column][vc_column_text]Produciamo tutti i generi di accessori per mobili, come illustrato di seguito. Inviateci le vostre domande attraverso il nostro <a href=\"http:\/\/test.lulango.es\/fgomez\/it\/contatto\/\">modulo di contatto<\/a> e ti prepareremo una valutazione gratuita.[\/vc_column_text][\/vc_column][\/vc_row][vc_row][vc_column width=&#8221;1\/1&#8243;][vc_gallery el_id=&#8221;gallery-197352&#8243; random=&#8221;yes&#8221; medias=&#8221;65625,65619,65613,65607,65601,65595,65589,65583,65577&#8243; gutter_size=&#8221;2&#8243; media_items=&#8221;media|lightbox|original,description,icon&#8221; screen_lg=&#8221;1000&#8243; screen_md=&#8221;600&#8243; screen_sm=&#8221;480&#8243; single_width=&#8221;3&#8243; single_overlay_opacity=&#8221;50&#8243; single_h_align=&#8221;center&#8221; single_padding=&#8221;2&#8243; single_css_animation=&#8221;bottom-t-top&#8221; single_animation_delay=&#8221;100&#8243; lbox_caption=&#8221;yes&#8221;][\/vc_column][\/vc_row]<\/p>\n<\/div>","protected":false},"excerpt":{"rendered":"<p>[vc_row][vc_column][vc_column_text]Produciamo tutti i generi di accessori per mobili, come illustrato di seguito. Inviateci le vostre domande attraverso il nostro modulo [&hellip;]<\/p>\n","protected":false},"author":1,"featured_media":69174,"parent":0,"menu_order":0,"comment_status":"closed","ping_status":"closed","template":"","meta":{"footnotes":""},"class_list":["post-67246","page","type-page","status-publish","has-post-thumbnail","hentry"],"yoast_head":"<!-- This site is optimized with the Yoast SEO plugin v27.1.1 - https:\/\/yoast.com\/product\/yoast-seo-wordpress\/ -->\n<title>Parti di Mobili - Fundiciones G\u00f3mez<\/title>\n<meta name=\"robots\" content=\"index, follow, max-snippet:-1, max-image-preview:large, max-video-preview:-1\" \/>\n<link rel=\"canonical\" href=\"https:\/\/fundicionesgomez.com\/it\/parti-di-mobili\/\" \/>\n<meta property=\"og:locale\" content=\"it_IT\" \/>\n<meta property=\"og:type\" content=\"article\" \/>\n<meta property=\"og:title\" content=\"Parti di Mobili - Fundiciones G\u00f3mez\" \/>\n<meta property=\"og:description\" content=\"[vc_row][vc_column][vc_column_text]Produciamo tutti i generi di accessori per mobili, come illustrato di seguito. Inviateci le vostre domande attraverso il nostro modulo [&hellip;]\" \/>\n<meta property=\"og:url\" content=\"https:\/\/fundicionesgomez.com\/it\/parti-di-mobili\/\" \/>\n<meta property=\"og:site_name\" content=\"Fundiciones G\u00f3mez\" \/>\n<meta property=\"article:modified_time\" content=\"2018-02-02T12:14:17+00:00\" \/>\n<meta property=\"og:image\" content=\"https:\/\/fundicionesgomez.com\/web\/wp-content\/uploads\/2018\/04\/categoria_mobiliario.jpg\" \/>\n\t<meta property=\"og:image:width\" content=\"420\" \/>\n\t<meta property=\"og:image:height\" content=\"420\" \/>\n\t<meta property=\"og:image:type\" content=\"image\/jpeg\" \/>\n<meta name=\"twitter:card\" content=\"summary_large_image\" \/>\n<script type=\"application\/ld+json\" class=\"yoast-schema-graph\">{\"@context\":\"https:\/\/schema.org\",\"@graph\":[{\"@type\":\"WebPage\",\"@id\":\"https:\/\/fundicionesgomez.com\/it\/parti-di-mobili\/\",\"url\":\"https:\/\/fundicionesgomez.com\/it\/parti-di-mobili\/\",\"name\":\"Parti di Mobili - Fundiciones G\u00f3mez\",\"isPartOf\":{\"@id\":\"https:\/\/fundicionesgomez.com\/#website\"},\"primaryImageOfPage\":{\"@id\":\"https:\/\/fundicionesgomez.com\/it\/parti-di-mobili\/#primaryimage\"},\"image\":{\"@id\":\"https:\/\/fundicionesgomez.com\/it\/parti-di-mobili\/#primaryimage\"},\"thumbnailUrl\":\"https:\/\/fundicionesgomez.com\/web\/wp-content\/uploads\/2018\/04\/categoria_mobiliario.jpg\",\"datePublished\":\"2018-01-05T20:23:58+00:00\",\"dateModified\":\"2018-02-02T12:14:17+00:00\",\"breadcrumb\":{\"@id\":\"https:\/\/fundicionesgomez.com\/it\/parti-di-mobili\/#breadcrumb\"},\"inLanguage\":\"it-IT\",\"potentialAction\":[{\"@type\":\"ReadAction\",\"target\":[\"https:\/\/fundicionesgomez.com\/it\/parti-di-mobili\/\"]}]},{\"@type\":\"ImageObject\",\"inLanguage\":\"it-IT\",\"@id\":\"https:\/\/fundicionesgomez.com\/it\/parti-di-mobili\/#primaryimage\",\"url\":\"https:\/\/fundicionesgomez.com\/web\/wp-content\/uploads\/2018\/04\/categoria_mobiliario.jpg\",\"contentUrl\":\"https:\/\/fundicionesgomez.com\/web\/wp-content\/uploads\/2018\/04\/categoria_mobiliario.jpg\",\"width\":420,\"height\":420},{\"@type\":\"BreadcrumbList\",\"@id\":\"https:\/\/fundicionesgomez.com\/it\/parti-di-mobili\/#breadcrumb\",\"itemListElement\":[{\"@type\":\"ListItem\",\"position\":1,\"name\":\"Portada\",\"item\":\"https:\/\/fundicionesgomez.com\/it\/\"},{\"@type\":\"ListItem\",\"position\":2,\"name\":\"Parti di Mobili\"}]},{\"@type\":\"WebSite\",\"@id\":\"https:\/\/fundicionesgomez.com\/#website\",\"url\":\"https:\/\/fundicionesgomez.com\/\",\"name\":\"Fundiciones G\u00f3mez\",\"description\":\"piezas para la construcci\u00f3n, talleres met\u00e1licos, herrajes, sector del mueble, autom\u00f3vil, trabajos especiales, bajo plano...\",\"potentialAction\":[{\"@type\":\"SearchAction\",\"target\":{\"@type\":\"EntryPoint\",\"urlTemplate\":\"https:\/\/fundicionesgomez.com\/?s={search_term_string}\"},\"query-input\":{\"@type\":\"PropertyValueSpecification\",\"valueRequired\":true,\"valueName\":\"search_term_string\"}}],\"inLanguage\":\"it-IT\"}]}<\/script>\n<!-- \/ Yoast SEO plugin. -->","yoast_head_json":{"title":"Parti di Mobili - Fundiciones G\u00f3mez","robots":{"index":"index","follow":"follow","max-snippet":"max-snippet:-1","max-image-preview":"max-image-preview:large","max-video-preview":"max-video-preview:-1"},"canonical":"https:\/\/fundicionesgomez.com\/it\/parti-di-mobili\/","og_locale":"it_IT","og_type":"article","og_title":"Parti di Mobili - Fundiciones G\u00f3mez","og_description":"[vc_row][vc_column][vc_column_text]Produciamo tutti i generi di accessori per mobili, come illustrato di seguito. Inviateci le vostre domande attraverso il nostro modulo [&hellip;]","og_url":"https:\/\/fundicionesgomez.com\/it\/parti-di-mobili\/","og_site_name":"Fundiciones G\u00f3mez","article_modified_time":"2018-02-02T12:14:17+00:00","og_image":[{"width":420,"height":420,"url":"https:\/\/fundicionesgomez.com\/web\/wp-content\/uploads\/2018\/04\/categoria_mobiliario.jpg","type":"image\/jpeg"}],"twitter_card":"summary_large_image","schema":{"@context":"https:\/\/schema.org","@graph":[{"@type":"WebPage","@id":"https:\/\/fundicionesgomez.com\/it\/parti-di-mobili\/","url":"https:\/\/fundicionesgomez.com\/it\/parti-di-mobili\/","name":"Parti di Mobili - Fundiciones G\u00f3mez","isPartOf":{"@id":"https:\/\/fundicionesgomez.com\/#website"},"primaryImageOfPage":{"@id":"https:\/\/fundicionesgomez.com\/it\/parti-di-mobili\/#primaryimage"},"image":{"@id":"https:\/\/fundicionesgomez.com\/it\/parti-di-mobili\/#primaryimage"},"thumbnailUrl":"https:\/\/fundicionesgomez.com\/web\/wp-content\/uploads\/2018\/04\/categoria_mobiliario.jpg","datePublished":"2018-01-05T20:23:58+00:00","dateModified":"2018-02-02T12:14:17+00:00","breadcrumb":{"@id":"https:\/\/fundicionesgomez.com\/it\/parti-di-mobili\/#breadcrumb"},"inLanguage":"it-IT","potentialAction":[{"@type":"ReadAction","target":["https:\/\/fundicionesgomez.com\/it\/parti-di-mobili\/"]}]},{"@type":"ImageObject","inLanguage":"it-IT","@id":"https:\/\/fundicionesgomez.com\/it\/parti-di-mobili\/#primaryimage","url":"https:\/\/fundicionesgomez.com\/web\/wp-content\/uploads\/2018\/04\/categoria_mobiliario.jpg","contentUrl":"https:\/\/fundicionesgomez.com\/web\/wp-content\/uploads\/2018\/04\/categoria_mobiliario.jpg","width":420,"height":420},{"@type":"BreadcrumbList","@id":"https:\/\/fundicionesgomez.com\/it\/parti-di-mobili\/#breadcrumb","itemListElement":[{"@type":"ListItem","position":1,"name":"Portada","item":"https:\/\/fundicionesgomez.com\/it\/"},{"@type":"ListItem","position":2,"name":"Parti di Mobili"}]},{"@type":"WebSite","@id":"https:\/\/fundicionesgomez.com\/#website","url":"https:\/\/fundicionesgomez.com\/","name":"Fundiciones G\u00f3mez","description":"piezas para la construcci\u00f3n, talleres met\u00e1licos, herrajes, sector del mueble, autom\u00f3vil, trabajos especiales, bajo plano...","potentialAction":[{"@type":"SearchAction","target":{"@type":"EntryPoint","urlTemplate":"https:\/\/fundicionesgomez.com\/?s={search_term_string}"},"query-input":{"@type":"PropertyValueSpecification","valueRequired":true,"valueName":"search_term_string"}}],"inLanguage":"it-IT"}]}},"_links":{"self":[{"href":"https:\/\/fundicionesgomez.com\/it\/wp-json\/wp\/v2\/pages\/67246","targetHints":{"allow":["GET"]}}],"collection":[{"href":"https:\/\/fundicionesgomez.com\/it\/wp-json\/wp\/v2\/pages"}],"about":[{"href":"https:\/\/fundicionesgomez.com\/it\/wp-json\/wp\/v2\/types\/page"}],"author":[{"embeddable":true,"href":"https:\/\/fundicionesgomez.com\/it\/wp-json\/wp\/v2\/users\/1"}],"replies":[{"embeddable":true,"href":"https:\/\/fundicionesgomez.com\/it\/wp-json\/wp\/v2\/comments?post=67246"}],"version-history":[{"count":1,"href":"https:\/\/fundicionesgomez.com\/it\/wp-json\/wp\/v2\/pages\/67246\/revisions"}],"predecessor-version":[{"id":67257,"href":"https:\/\/fundicionesgomez.com\/it\/wp-json\/wp\/v2\/pages\/67246\/revisions\/67257"}],"wp:featuredmedia":[{"embeddable":true,"href":"https:\/\/fundicionesgomez.com\/it\/wp-json\/wp\/v2\/media\/69174"}],"wp:attachment":[{"href":"https:\/\/fundicionesgomez.com\/it\/wp-json\/wp\/v2\/media?parent=67246"}],"curies":[{"name":"wp","href":"https:\/\/api.w.org\/{rel}","templated":true}]}}