{"id":69744,"date":"2019-02-20T13:52:59","date_gmt":"2019-02-20T13:52:59","guid":{"rendered":"https:\/\/fundicionesgomez.com\/producto\/soporte-pasamanos-hierro-mensula-embellecedor-2\/"},"modified":"2020-03-24T08:09:53","modified_gmt":"2020-03-24T08:09:53","slug":"support-main-courante-en-fer-avec-platine-et-rosette","status":"publish","type":"product","link":"https:\/\/fundicionesgomez.com\/fr\/producto\/support-main-courante-en-fer-avec-platine-et-rosette\/","title":{"rendered":"Support Main-courante en Fer avec Platine et Rosette"},"content":{"rendered":"<p>Nous pouvons produire des support pour main-courante avec d\u2019autres dimensions sur demande. Envoyez-nous votre demande avec le <a href=\"https:\/\/fundicionesgomez.com\/contacto\/\">formulaire de contact<\/a> et nous fairons un buget sans compromis.<\/p>\n","protected":false},"excerpt":{"rendered":"<div class=\"woocommerce-product-details__short-description\">\n<p>Choisissez entre deux formats de support<\/p>\n<\/div>\n<form class=\"variations_form cart\" style=\"box-sizing: border-box; position: relative; margin: 36px 0px 0px; color: #777777; font-family: Roboto; font-size: 14px; font-style: normal; font-variant-ligatures: normal; font-variant-caps: normal; font-weight: 400; letter-spacing: normal; orphans: 2; text-align: start; text-indent: 0px; text-transform: none; white-space: normal; widows: 2; word-spacing: 0px; -webkit-text-stroke-width: 0px; background-color: #ffffff; text-decoration-style: initial; text-decoration-color: initial;\" action=\"https:\/\/fundicionesgomez.com\/fr\/producto\/support-main-courante-en-fer-avec-platine-et-rosette\/\" enctype=\"multipart\/form-data\" method=\"post\" data-product_id=\"1795\" data-product_variations=\"[{&quot;attributes&quot;:{&quot;attribute_pa_taladros&quot;:&quot;2-trous-65-mm&quot;,&quot;attribute_pa_disco&quot;:&quot;diameter-60-mm-fr&quot;},&quot;availability_html&quot;:&quot;&quot;,&quot;backorders_allowed&quot;:false,&quot;dimensions&quot;:{&quot;length&quot;:&quot;0&quot;,&quot;width&quot;:&quot;0&quot;,&quot;height&quot;:&quot;0&quot;},&quot;dimensions_html&quot;:&quot;ND&quot;,&quot;display_price&quot;:3.2552,&quot;display_regular_price&quot;:3.2552,&quot;image&quot;:{&quot;title&quot;:&quot;KT01001d_plano.jpg&quot;,&quot;caption&quot;:&quot;&quot;,&quot;url&quot;:&quot;https:\/\/fundicionesgomez.com\/web\/wp-content\/uploads\/2013\/01\/p-1906-p-1899-p-1892-p-1885-KT01001d_plano.jpg&quot;,&quot;alt&quot;:&quot;&quot;,&quot;src&quot;:&quot;https:\/\/fundicionesgomez.com\/web\/wp-content\/uploads\/2013\/01\/p-1906-p-1899-p-1892-p-1885-KT01001d_plano.jpg&quot;,&quot;srcset&quot;:&quot;https:\/\/fundicionesgomez.com\/web\/wp-content\/uploads\/2013\/01\/p-1906-p-1899-p-1892-p-1885-KT01001d_plano.jpg 150w, https:\/\/fundicionesgomez.com\/web\/wp-content\/uploads\/2013\/01\/p-1906-p-1899-p-1892-p-1885-KT01001d_plano-100x100.jpg 100w, https:\/\/fundicionesgomez.com\/web\/wp-content\/uploads\/2013\/01\/p-1906-p-1899-p-1892-p-1885-KT01001d_plano.jpg 451w&quot;,&quot;sizes&quot;:&quot;(max-width: 451px) 100vw, 451px&quot;,&quot;full_src&quot;:&quot;https:\/\/fundicionesgomez.com\/web\/wp-content\/uploads\/2013\/01\/p-1906-p-1899-p-1892-p-1885-KT01001d_plano.jpg&quot;,&quot;full_src_w&quot;:451,&quot;full_src_h&quot;:447,&quot;gallery_thumbnail_src&quot;:&quot;https:\/\/fundicionesgomez.com\/web\/wp-content\/uploads\/2013\/01\/p-1906-p-1899-p-1892-p-1885-KT01001d_plano-100x100.jpg&quot;,&quot;gallery_thumbnail_src_w&quot;:100,&quot;gallery_thumbnail_src_h&quot;:100,&quot;thumb_src&quot;:&quot;https:\/\/fundicionesgomez.com\/web\/wp-content\/uploads\/2013\/01\/p-1906-p-1899-p-1892-p-1885-KT01001d_plano-300x300.jpg&quot;,&quot;thumb_src_w&quot;:300,&quot;thumb_src_h&quot;:300,&quot;src_w&quot;:451,&quot;src_h&quot;:447},&quot;image_id&quot;:&quot;1909&quot;,&quot;is_downloadable&quot;:false,&quot;is_in_stock&quot;:true,&quot;is_purchasable&quot;:true,&quot;is_sold_individually&quot;:&quot;no&quot;,&quot;is_virtual&quot;:false,&quot;max_qty&quot;:&quot;&quot;,&quot;min_qty&quot;:1,&quot;price_html&quot;:&quot;&lt;span class=&quot;price&quot;&gt;&lt;ins class=&quot;h2&quot;&gt;&lt;span class=&quot;woocommerce-Price-amount amount&quot;&gt;3,26&lt;span class=&quot;woocommerce-Price-currencySymbol&quot;&gt;&amp;euro;&lt;\/ins&gt;&lt;\/span&gt;&quot;,&quot;sku&quot;:&quot;KT01001D-G&quot;,&quot;variation_description&quot;:&quot;&lt;p&gt;&amp;#8211; Barre u00d810mm&lt;br \/&gt;n&amp;#8211; Platine du mur: u00d860&amp;#215;3 mm avec 2 peru00e7ages u00d86,5 mm&lt;br \/&gt;n&amp;#8211; Avec platine pour tube ou barre&lt;br \/&gt;n&amp;#8211; Avec rosette de couverture&lt;\/p&gt;n&quot;,&quot;variation_id&quot;:69071,&quot;variation_is_active&quot;:true,&quot;variation_is_visible&quot;:true,&quot;weight&quot;:&quot;0&quot;,&quot;weight_html&quot;:&quot;ND&quot;,&quot;image_link&quot;:&quot;https:\/\/fundicionesgomez.com\/web\/wp-content\/uploads\/2013\/01\/p-1906-p-1899-p-1892-p-1885-KT01001d_plano.jpg&quot;,&quot;image_src&quot;:&quot;https:\/\/fundicionesgomez.com\/web\/wp-content\/uploads\/2013\/01\/p-1920-p-1913-p-1906-p-1899-p-1892-p-1885-KT01001d_plano.jpg&quot;,&quot;uncode_image_path&quot;:&quot;2013\/01\/p-1920-p-1913-p-1906-p-1899-p-1892-p-1885-KT01001d_plano.jpg&quot;,&quot;uncode_image_guid&quot;:&quot;https:\/\/fundicionesgomez.com\/web\/wp-content\/uploads\/2013\/01\/p-1920-p-1913-p-1906-p-1899-p-1892-p-1885-KT01001d_plano.jpg&quot;,&quot;image_sizes&quot;:&quot;&quot;,&quot;image_srcset&quot;:&quot;&quot;},{&quot;attributes&quot;:{&quot;attribute_pa_taladros&quot;:&quot;3-trous-65-mm&quot;,&quot;attribute_pa_disco&quot;:&quot;diameter-70mm-fr&quot;},&quot;availability_html&quot;:&quot;&quot;,&quot;backorders_allowed&quot;:false,&quot;dimensions&quot;:{&quot;length&quot;:&quot;0&quot;,&quot;width&quot;:&quot;0&quot;,&quot;height&quot;:&quot;0&quot;},&quot;dimensions_html&quot;:&quot;ND&quot;,&quot;display_price&quot;:3.5776,&quot;display_regular_price&quot;:3.5776,&quot;image&quot;:{&quot;title&quot;:&quot;KT01003d_plano.jpg&quot;,&quot;caption&quot;:&quot;&quot;,&quot;url&quot;:&quot;https:\/\/fundicionesgomez.com\/web\/wp-content\/uploads\/2013\/01\/p-1795-p-1789-p-1783-p-1777-KT01003d_plano.jpg&quot;,&quot;alt&quot;:&quot;&quot;,&quot;src&quot;:&quot;https:\/\/fundicionesgomez.com\/web\/wp-content\/uploads\/2013\/01\/p-1795-p-1789-p-1783-p-1777-KT01003d_plano.jpg&quot;,&quot;srcset&quot;:&quot;https:\/\/fundicionesgomez.com\/web\/wp-content\/uploads\/2013\/01\/p-1795-p-1789-p-1783-p-1777-KT01003d_plano.jpg 150w, https:\/\/fundicionesgomez.com\/web\/wp-content\/uploads\/2013\/01\/p-1795-p-1789-p-1783-p-1777-KT01003d_plano-100x100.jpg 100w, https:\/\/fundicionesgomez.com\/web\/wp-content\/uploads\/2013\/01\/p-1795-p-1789-p-1783-p-1777-KT01003d_plano.jpg 451w&quot;,&quot;sizes&quot;:&quot;(max-width: 451px) 100vw, 451px&quot;,&quot;full_src&quot;:&quot;https:\/\/fundicionesgomez.com\/web\/wp-content\/uploads\/2013\/01\/p-1795-p-1789-p-1783-p-1777-KT01003d_plano.jpg&quot;,&quot;full_src_w&quot;:451,&quot;full_src_h&quot;:447,&quot;gallery_thumbnail_src&quot;:&quot;https:\/\/fundicionesgomez.com\/web\/wp-content\/uploads\/2013\/01\/p-1795-p-1789-p-1783-p-1777-KT01003d_plano-100x100.jpg&quot;,&quot;gallery_thumbnail_src_w&quot;:100,&quot;gallery_thumbnail_src_h&quot;:100,&quot;thumb_src&quot;:&quot;https:\/\/fundicionesgomez.com\/web\/wp-content\/uploads\/2013\/01\/p-1795-p-1789-p-1783-p-1777-KT01003d_plano-300x300.jpg&quot;,&quot;thumb_src_w&quot;:300,&quot;thumb_src_h&quot;:300,&quot;src_w&quot;:451,&quot;src_h&quot;:447},&quot;image_id&quot;:&quot;1798&quot;,&quot;is_downloadable&quot;:false,&quot;is_in_stock&quot;:true,&quot;is_purchasable&quot;:true,&quot;is_sold_individually&quot;:&quot;no&quot;,&quot;is_virtual&quot;:false,&quot;max_qty&quot;:&quot;&quot;,&quot;min_qty&quot;:1,&quot;price_html&quot;:&quot;&lt;span class=&quot;price&quot;&gt;&lt;ins class=&quot;h2&quot;&gt;&lt;span class=&quot;woocommerce-Price-amount amount&quot;&gt;3,58&lt;span class=&quot;woocommerce-Price-currencySymbol&quot;&gt;&amp;euro;&lt;\/ins&gt;&lt;\/span&gt;&quot;,&quot;sku&quot;:&quot;KT01001D-G&quot;,&quot;variation_description&quot;:&quot;&lt;p&gt;&amp;#8211; Barre u00d810mm&lt;br \/&gt;n&amp;#8211; Platine du mur: u00d870&amp;#215;3 mm avec 3 peru00e7ages u00d86,5 mm&lt;br \/&gt;n&amp;#8211; Avec platine pour tube ou barre&lt;br \/&gt;n&amp;#8211; Avec rosette de couverture&lt;\/p&gt;n&quot;,&quot;variation_id&quot;:69072,&quot;variation_is_active&quot;:true,&quot;variation_is_visible&quot;:true,&quot;weight&quot;:&quot;0&quot;,&quot;weight_html&quot;:&quot;ND&quot;,&quot;image_link&quot;:&quot;https:\/\/fundicionesgomez.com\/web\/wp-content\/uploads\/2013\/01\/p-1795-p-1789-p-1783-p-1777-KT01003d_plano.jpg&quot;,&quot;image_src&quot;:&quot;https:\/\/fundicionesgomez.com\/web\/wp-content\/uploads\/2013\/01\/p-1807-p-1801-p-1795-p-1789-p-1783-p-1777-KT01003d_plano.jpg&quot;,&quot;uncode_image_path&quot;:&quot;2013\/01\/p-1807-p-1801-p-1795-p-1789-p-1783-p-1777-KT01003d_plano.jpg&quot;,&quot;uncode_image_guid&quot;:&quot;https:\/\/fundicionesgomez.com\/web\/wp-content\/uploads\/2013\/01\/p-1807-p-1801-p-1795-p-1789-p-1783-p-1777-KT01003d_plano.jpg&quot;,&quot;image_sizes&quot;:&quot;&quot;,&quot;image_srcset&quot;:&quot;&quot;}]\"><\/form>\n","protected":false},"featured_media":67893,"template":"","meta":[],"product_brand":[],"product_cat":[134,170],"product_tag":[594],"class_list":{"0":"post-69744","1":"product","2":"type-product","3":"status-publish","4":"has-post-thumbnail","6":"product_cat-metallerie","7":"product_cat-produits-de-fer","8":"product_tag-fer","10":"first","11":"instock","12":"taxable","13":"shipping-taxable","14":"purchasable","15":"product-type-variable","16":"has-default-attributes"},"yoast_head":"<!-- This site is optimized with the Yoast SEO plugin v27.1.1 - https:\/\/yoast.com\/product\/yoast-seo-wordpress\/ -->\n<title>Support Main-courante en Fer avec Platine et Rosette - Fundiciones G\u00f3mez<\/title>\n<meta name=\"robots\" content=\"index, follow, max-snippet:-1, max-image-preview:large, max-video-preview:-1\" \/>\n<link rel=\"canonical\" href=\"https:\/\/fundicionesgomez.com\/fr\/producto\/support-main-courante-en-fer-avec-platine-et-rosette\/\" \/>\n<meta property=\"og:locale\" content=\"fr_FR\" \/>\n<meta property=\"og:type\" content=\"article\" \/>\n<meta property=\"og:title\" content=\"Support Main-courante en Fer avec Platine et Rosette - Fundiciones G\u00f3mez\" \/>\n<meta property=\"og:description\" content=\"Choisissez entre deux formats de support\" \/>\n<meta property=\"og:url\" content=\"https:\/\/fundicionesgomez.com\/fr\/producto\/support-main-courante-en-fer-avec-platine-et-rosette\/\" \/>\n<meta property=\"og:site_name\" content=\"Fundiciones G\u00f3mez\" \/>\n<meta property=\"article:modified_time\" content=\"2020-03-24T08:09:53+00:00\" \/>\n<meta property=\"og:image\" content=\"https:\/\/fundicionesgomez.com\/web\/wp-content\/uploads\/2017\/10\/soporte_pasamanos-mensula_embellecedor.jpg\" \/>\n\t<meta property=\"og:image:width\" content=\"425\" \/>\n\t<meta property=\"og:image:height\" content=\"425\" \/>\n\t<meta property=\"og:image:type\" content=\"image\/jpeg\" \/>\n<meta name=\"twitter:card\" content=\"summary_large_image\" \/>\n<script type=\"application\/ld+json\" class=\"yoast-schema-graph\">{\"@context\":\"https:\/\/schema.org\",\"@graph\":[{\"@type\":\"WebPage\",\"@id\":\"https:\/\/fundicionesgomez.com\/fr\/producto\/support-main-courante-en-fer-avec-platine-et-rosette\/\",\"url\":\"https:\/\/fundicionesgomez.com\/fr\/producto\/support-main-courante-en-fer-avec-platine-et-rosette\/\",\"name\":\"Support Main-courante en Fer avec Platine et Rosette - Fundiciones G\u00f3mez\",\"isPartOf\":{\"@id\":\"https:\/\/fundicionesgomez.com\/#website\"},\"primaryImageOfPage\":{\"@id\":\"https:\/\/fundicionesgomez.com\/fr\/producto\/support-main-courante-en-fer-avec-platine-et-rosette\/#primaryimage\"},\"image\":{\"@id\":\"https:\/\/fundicionesgomez.com\/fr\/producto\/support-main-courante-en-fer-avec-platine-et-rosette\/#primaryimage\"},\"thumbnailUrl\":\"https:\/\/fundicionesgomez.com\/web\/wp-content\/uploads\/2017\/10\/soporte_pasamanos-mensula_embellecedor.jpg\",\"datePublished\":\"2019-02-20T13:52:59+00:00\",\"dateModified\":\"2020-03-24T08:09:53+00:00\",\"breadcrumb\":{\"@id\":\"https:\/\/fundicionesgomez.com\/fr\/producto\/support-main-courante-en-fer-avec-platine-et-rosette\/#breadcrumb\"},\"inLanguage\":\"fr-FR\",\"potentialAction\":[{\"@type\":\"ReadAction\",\"target\":[\"https:\/\/fundicionesgomez.com\/fr\/producto\/support-main-courante-en-fer-avec-platine-et-rosette\/\"]}]},{\"@type\":\"ImageObject\",\"inLanguage\":\"fr-FR\",\"@id\":\"https:\/\/fundicionesgomez.com\/fr\/producto\/support-main-courante-en-fer-avec-platine-et-rosette\/#primaryimage\",\"url\":\"https:\/\/fundicionesgomez.com\/web\/wp-content\/uploads\/2017\/10\/soporte_pasamanos-mensula_embellecedor.jpg\",\"contentUrl\":\"https:\/\/fundicionesgomez.com\/web\/wp-content\/uploads\/2017\/10\/soporte_pasamanos-mensula_embellecedor.jpg\",\"width\":425,\"height\":425},{\"@type\":\"BreadcrumbList\",\"@id\":\"https:\/\/fundicionesgomez.com\/fr\/producto\/support-main-courante-en-fer-avec-platine-et-rosette\/#breadcrumb\",\"itemListElement\":[{\"@type\":\"ListItem\",\"position\":1,\"name\":\"Portada\",\"item\":\"https:\/\/fundicionesgomez.com\/fr\/\"},{\"@type\":\"ListItem\",\"position\":2,\"name\":\"Productos\",\"item\":\"https:\/\/fundicionesgomez.com\/shop\/\"},{\"@type\":\"ListItem\",\"position\":3,\"name\":\"Support Main-courante en Fer avec Platine et Rosette\"}]},{\"@type\":\"WebSite\",\"@id\":\"https:\/\/fundicionesgomez.com\/#website\",\"url\":\"https:\/\/fundicionesgomez.com\/\",\"name\":\"Fundiciones G\u00f3mez\",\"description\":\"piezas para la construcci\u00f3n, talleres met\u00e1licos, herrajes, sector del mueble, autom\u00f3vil, trabajos especiales, bajo plano...\",\"potentialAction\":[{\"@type\":\"SearchAction\",\"target\":{\"@type\":\"EntryPoint\",\"urlTemplate\":\"https:\/\/fundicionesgomez.com\/?s={search_term_string}\"},\"query-input\":{\"@type\":\"PropertyValueSpecification\",\"valueRequired\":true,\"valueName\":\"search_term_string\"}}],\"inLanguage\":\"fr-FR\"}]}<\/script>\n<!-- \/ Yoast SEO plugin. -->","yoast_head_json":{"title":"Support Main-courante en Fer avec Platine et Rosette - Fundiciones G\u00f3mez","robots":{"index":"index","follow":"follow","max-snippet":"max-snippet:-1","max-image-preview":"max-image-preview:large","max-video-preview":"max-video-preview:-1"},"canonical":"https:\/\/fundicionesgomez.com\/fr\/producto\/support-main-courante-en-fer-avec-platine-et-rosette\/","og_locale":"fr_FR","og_type":"article","og_title":"Support Main-courante en Fer avec Platine et Rosette - Fundiciones G\u00f3mez","og_description":"Choisissez entre deux formats de support","og_url":"https:\/\/fundicionesgomez.com\/fr\/producto\/support-main-courante-en-fer-avec-platine-et-rosette\/","og_site_name":"Fundiciones G\u00f3mez","article_modified_time":"2020-03-24T08:09:53+00:00","og_image":[{"width":425,"height":425,"url":"https:\/\/fundicionesgomez.com\/web\/wp-content\/uploads\/2017\/10\/soporte_pasamanos-mensula_embellecedor.jpg","type":"image\/jpeg"}],"twitter_card":"summary_large_image","schema":{"@context":"https:\/\/schema.org","@graph":[{"@type":"WebPage","@id":"https:\/\/fundicionesgomez.com\/fr\/producto\/support-main-courante-en-fer-avec-platine-et-rosette\/","url":"https:\/\/fundicionesgomez.com\/fr\/producto\/support-main-courante-en-fer-avec-platine-et-rosette\/","name":"Support Main-courante en Fer avec Platine et Rosette - Fundiciones G\u00f3mez","isPartOf":{"@id":"https:\/\/fundicionesgomez.com\/#website"},"primaryImageOfPage":{"@id":"https:\/\/fundicionesgomez.com\/fr\/producto\/support-main-courante-en-fer-avec-platine-et-rosette\/#primaryimage"},"image":{"@id":"https:\/\/fundicionesgomez.com\/fr\/producto\/support-main-courante-en-fer-avec-platine-et-rosette\/#primaryimage"},"thumbnailUrl":"https:\/\/fundicionesgomez.com\/web\/wp-content\/uploads\/2017\/10\/soporte_pasamanos-mensula_embellecedor.jpg","datePublished":"2019-02-20T13:52:59+00:00","dateModified":"2020-03-24T08:09:53+00:00","breadcrumb":{"@id":"https:\/\/fundicionesgomez.com\/fr\/producto\/support-main-courante-en-fer-avec-platine-et-rosette\/#breadcrumb"},"inLanguage":"fr-FR","potentialAction":[{"@type":"ReadAction","target":["https:\/\/fundicionesgomez.com\/fr\/producto\/support-main-courante-en-fer-avec-platine-et-rosette\/"]}]},{"@type":"ImageObject","inLanguage":"fr-FR","@id":"https:\/\/fundicionesgomez.com\/fr\/producto\/support-main-courante-en-fer-avec-platine-et-rosette\/#primaryimage","url":"https:\/\/fundicionesgomez.com\/web\/wp-content\/uploads\/2017\/10\/soporte_pasamanos-mensula_embellecedor.jpg","contentUrl":"https:\/\/fundicionesgomez.com\/web\/wp-content\/uploads\/2017\/10\/soporte_pasamanos-mensula_embellecedor.jpg","width":425,"height":425},{"@type":"BreadcrumbList","@id":"https:\/\/fundicionesgomez.com\/fr\/producto\/support-main-courante-en-fer-avec-platine-et-rosette\/#breadcrumb","itemListElement":[{"@type":"ListItem","position":1,"name":"Portada","item":"https:\/\/fundicionesgomez.com\/fr\/"},{"@type":"ListItem","position":2,"name":"Productos","item":"https:\/\/fundicionesgomez.com\/shop\/"},{"@type":"ListItem","position":3,"name":"Support Main-courante en Fer avec Platine et Rosette"}]},{"@type":"WebSite","@id":"https:\/\/fundicionesgomez.com\/#website","url":"https:\/\/fundicionesgomez.com\/","name":"Fundiciones G\u00f3mez","description":"piezas para la construcci\u00f3n, talleres met\u00e1licos, herrajes, sector del mueble, autom\u00f3vil, trabajos especiales, bajo plano...","potentialAction":[{"@type":"SearchAction","target":{"@type":"EntryPoint","urlTemplate":"https:\/\/fundicionesgomez.com\/?s={search_term_string}"},"query-input":{"@type":"PropertyValueSpecification","valueRequired":true,"valueName":"search_term_string"}}],"inLanguage":"fr-FR"}]}},"_links":{"self":[{"href":"https:\/\/fundicionesgomez.com\/fr\/wp-json\/wp\/v2\/product\/69744","targetHints":{"allow":["GET"]}}],"collection":[{"href":"https:\/\/fundicionesgomez.com\/fr\/wp-json\/wp\/v2\/product"}],"about":[{"href":"https:\/\/fundicionesgomez.com\/fr\/wp-json\/wp\/v2\/types\/product"}],"wp:featuredmedia":[{"embeddable":true,"href":"https:\/\/fundicionesgomez.com\/fr\/wp-json\/wp\/v2\/media\/67893"}],"wp:attachment":[{"href":"https:\/\/fundicionesgomez.com\/fr\/wp-json\/wp\/v2\/media?parent=69744"}],"wp:term":[{"taxonomy":"product_brand","embeddable":true,"href":"https:\/\/fundicionesgomez.com\/fr\/wp-json\/wp\/v2\/product_brand?post=69744"},{"taxonomy":"product_cat","embeddable":true,"href":"https:\/\/fundicionesgomez.com\/fr\/wp-json\/wp\/v2\/product_cat?post=69744"},{"taxonomy":"product_tag","embeddable":true,"href":"https:\/\/fundicionesgomez.com\/fr\/wp-json\/wp\/v2\/product_tag?post=69744"}],"curies":[{"name":"wp","href":"https:\/\/api.w.org\/{rel}","templated":true}]}}