{"id":2197,"date":"2017-10-20T19:14:08","date_gmt":"2017-10-20T19:14:09","guid":{"rendered":"http:\/\/test.lulango.es\/fgomez\/?post_type=product&#038;p=2197"},"modified":"2018-04-09T18:04:04","modified_gmt":"2018-04-09T18:04:04","slug":"plaque-de-fixation-pour-poteau-inox","status":"publish","type":"product","link":"https:\/\/fundicionesgomez.com\/fr\/producto\/plaque-de-fixation-pour-poteau-inox\/","title":{"rendered":"Plaque de Fixation pour Poteau Inox"},"content":{"rendered":"<p>&#8211; Disque d&rsquo;ancrage en acier inoxydable AISI 304<br \/>\n&#8211; Diam\u00e8tre: \u00d895 mm<br \/>\n&#8211; Epaisseur: 3 mm<br \/>\n&#8211; Avec trois trous de \u00d8 8 mm<\n\n\n<\/p>\n","protected":false},"excerpt":{"rendered":"<p><font face=\"Verdana, Arial, Helvetica\" size=\"2\">Disque d&rsquo;ancrage en fer<\/font><\/p>\n<p>&nbsp;<\/p>\n","protected":false},"featured_media":69131,"template":"","meta":[],"product_brand":[221],"product_cat":[134,176],"product_tag":[597],"class_list":{"0":"post-2197","1":"product","2":"type-product","3":"status-publish","4":"has-post-thumbnail","6":"product_brand-fundiciones-gomez","7":"product_cat-metallerie","8":"product_cat-produits-d-acier-inoxydable","9":"product_tag-inoxydable","11":"first","12":"instock","13":"taxable","14":"shipping-taxable","15":"purchasable","16":"product-type-simple"},"yoast_head":"<!-- This site is optimized with the Yoast SEO plugin v27.1.1 - https:\/\/yoast.com\/product\/yoast-seo-wordpress\/ -->\n<title>Plaque de Fixation pour Poteau Inox - Fundiciones G\u00f3mez<\/title>\n<meta name=\"robots\" content=\"index, follow, max-snippet:-1, max-image-preview:large, max-video-preview:-1\" \/>\n<link rel=\"canonical\" href=\"https:\/\/fundicionesgomez.com\/fr\/producto\/plaque-de-fixation-pour-poteau-inox\/\" \/>\n<meta property=\"og:locale\" content=\"fr_FR\" \/>\n<meta property=\"og:type\" content=\"article\" \/>\n<meta property=\"og:title\" content=\"Plaque de Fixation pour Poteau Inox - Fundiciones G\u00f3mez\" \/>\n<meta property=\"og:description\" content=\"Disque d&#039;ancrage en fer &nbsp;\" \/>\n<meta property=\"og:url\" content=\"https:\/\/fundicionesgomez.com\/fr\/producto\/plaque-de-fixation-pour-poteau-inox\/\" \/>\n<meta property=\"og:site_name\" content=\"Fundiciones G\u00f3mez\" \/>\n<meta property=\"article:modified_time\" content=\"2018-04-09T18:04:04+00:00\" \/>\n<meta property=\"og:image\" content=\"https:\/\/fundicionesgomez.com\/web\/wp-content\/uploads\/2017\/10\/disco-base-inox.jpg\" \/>\n\t<meta property=\"og:image:width\" content=\"709\" \/>\n\t<meta property=\"og:image:height\" content=\"709\" \/>\n\t<meta property=\"og:image:type\" content=\"image\/jpeg\" \/>\n<meta name=\"twitter:card\" content=\"summary_large_image\" \/>\n<script type=\"application\/ld+json\" class=\"yoast-schema-graph\">{\"@context\":\"https:\/\/schema.org\",\"@graph\":[{\"@type\":\"WebPage\",\"@id\":\"https:\/\/fundicionesgomez.com\/fr\/producto\/plaque-de-fixation-pour-poteau-inox\/\",\"url\":\"https:\/\/fundicionesgomez.com\/fr\/producto\/plaque-de-fixation-pour-poteau-inox\/\",\"name\":\"Plaque de Fixation pour Poteau Inox - Fundiciones G\u00f3mez\",\"isPartOf\":{\"@id\":\"https:\/\/fundicionesgomez.com\/#website\"},\"primaryImageOfPage\":{\"@id\":\"https:\/\/fundicionesgomez.com\/fr\/producto\/plaque-de-fixation-pour-poteau-inox\/#primaryimage\"},\"image\":{\"@id\":\"https:\/\/fundicionesgomez.com\/fr\/producto\/plaque-de-fixation-pour-poteau-inox\/#primaryimage\"},\"thumbnailUrl\":\"https:\/\/fundicionesgomez.com\/web\/wp-content\/uploads\/2017\/10\/disco-base-inox.jpg\",\"datePublished\":\"2017-10-20T19:14:09+00:00\",\"dateModified\":\"2018-04-09T18:04:04+00:00\",\"breadcrumb\":{\"@id\":\"https:\/\/fundicionesgomez.com\/fr\/producto\/plaque-de-fixation-pour-poteau-inox\/#breadcrumb\"},\"inLanguage\":\"fr-FR\",\"potentialAction\":[{\"@type\":\"ReadAction\",\"target\":[\"https:\/\/fundicionesgomez.com\/fr\/producto\/plaque-de-fixation-pour-poteau-inox\/\"]}]},{\"@type\":\"ImageObject\",\"inLanguage\":\"fr-FR\",\"@id\":\"https:\/\/fundicionesgomez.com\/fr\/producto\/plaque-de-fixation-pour-poteau-inox\/#primaryimage\",\"url\":\"https:\/\/fundicionesgomez.com\/web\/wp-content\/uploads\/2017\/10\/disco-base-inox.jpg\",\"contentUrl\":\"https:\/\/fundicionesgomez.com\/web\/wp-content\/uploads\/2017\/10\/disco-base-inox.jpg\",\"width\":709,\"height\":709},{\"@type\":\"BreadcrumbList\",\"@id\":\"https:\/\/fundicionesgomez.com\/fr\/producto\/plaque-de-fixation-pour-poteau-inox\/#breadcrumb\",\"itemListElement\":[{\"@type\":\"ListItem\",\"position\":1,\"name\":\"Portada\",\"item\":\"https:\/\/fundicionesgomez.com\/fr\/\"},{\"@type\":\"ListItem\",\"position\":2,\"name\":\"Productos\",\"item\":\"https:\/\/fundicionesgomez.com\/shop\/\"},{\"@type\":\"ListItem\",\"position\":3,\"name\":\"Plaque de Fixation pour Poteau Inox\"}]},{\"@type\":\"WebSite\",\"@id\":\"https:\/\/fundicionesgomez.com\/#website\",\"url\":\"https:\/\/fundicionesgomez.com\/\",\"name\":\"Fundiciones G\u00f3mez\",\"description\":\"piezas para la construcci\u00f3n, talleres met\u00e1licos, herrajes, sector del mueble, autom\u00f3vil, trabajos especiales, bajo plano...\",\"potentialAction\":[{\"@type\":\"SearchAction\",\"target\":{\"@type\":\"EntryPoint\",\"urlTemplate\":\"https:\/\/fundicionesgomez.com\/?s={search_term_string}\"},\"query-input\":{\"@type\":\"PropertyValueSpecification\",\"valueRequired\":true,\"valueName\":\"search_term_string\"}}],\"inLanguage\":\"fr-FR\"}]}<\/script>\n<!-- \/ Yoast SEO plugin. -->","yoast_head_json":{"title":"Plaque de Fixation pour Poteau Inox - Fundiciones G\u00f3mez","robots":{"index":"index","follow":"follow","max-snippet":"max-snippet:-1","max-image-preview":"max-image-preview:large","max-video-preview":"max-video-preview:-1"},"canonical":"https:\/\/fundicionesgomez.com\/fr\/producto\/plaque-de-fixation-pour-poteau-inox\/","og_locale":"fr_FR","og_type":"article","og_title":"Plaque de Fixation pour Poteau Inox - Fundiciones G\u00f3mez","og_description":"Disque d'ancrage en fer &nbsp;","og_url":"https:\/\/fundicionesgomez.com\/fr\/producto\/plaque-de-fixation-pour-poteau-inox\/","og_site_name":"Fundiciones G\u00f3mez","article_modified_time":"2018-04-09T18:04:04+00:00","og_image":[{"width":709,"height":709,"url":"https:\/\/fundicionesgomez.com\/web\/wp-content\/uploads\/2017\/10\/disco-base-inox.jpg","type":"image\/jpeg"}],"twitter_card":"summary_large_image","schema":{"@context":"https:\/\/schema.org","@graph":[{"@type":"WebPage","@id":"https:\/\/fundicionesgomez.com\/fr\/producto\/plaque-de-fixation-pour-poteau-inox\/","url":"https:\/\/fundicionesgomez.com\/fr\/producto\/plaque-de-fixation-pour-poteau-inox\/","name":"Plaque de Fixation pour Poteau Inox - Fundiciones G\u00f3mez","isPartOf":{"@id":"https:\/\/fundicionesgomez.com\/#website"},"primaryImageOfPage":{"@id":"https:\/\/fundicionesgomez.com\/fr\/producto\/plaque-de-fixation-pour-poteau-inox\/#primaryimage"},"image":{"@id":"https:\/\/fundicionesgomez.com\/fr\/producto\/plaque-de-fixation-pour-poteau-inox\/#primaryimage"},"thumbnailUrl":"https:\/\/fundicionesgomez.com\/web\/wp-content\/uploads\/2017\/10\/disco-base-inox.jpg","datePublished":"2017-10-20T19:14:09+00:00","dateModified":"2018-04-09T18:04:04+00:00","breadcrumb":{"@id":"https:\/\/fundicionesgomez.com\/fr\/producto\/plaque-de-fixation-pour-poteau-inox\/#breadcrumb"},"inLanguage":"fr-FR","potentialAction":[{"@type":"ReadAction","target":["https:\/\/fundicionesgomez.com\/fr\/producto\/plaque-de-fixation-pour-poteau-inox\/"]}]},{"@type":"ImageObject","inLanguage":"fr-FR","@id":"https:\/\/fundicionesgomez.com\/fr\/producto\/plaque-de-fixation-pour-poteau-inox\/#primaryimage","url":"https:\/\/fundicionesgomez.com\/web\/wp-content\/uploads\/2017\/10\/disco-base-inox.jpg","contentUrl":"https:\/\/fundicionesgomez.com\/web\/wp-content\/uploads\/2017\/10\/disco-base-inox.jpg","width":709,"height":709},{"@type":"BreadcrumbList","@id":"https:\/\/fundicionesgomez.com\/fr\/producto\/plaque-de-fixation-pour-poteau-inox\/#breadcrumb","itemListElement":[{"@type":"ListItem","position":1,"name":"Portada","item":"https:\/\/fundicionesgomez.com\/fr\/"},{"@type":"ListItem","position":2,"name":"Productos","item":"https:\/\/fundicionesgomez.com\/shop\/"},{"@type":"ListItem","position":3,"name":"Plaque de Fixation pour Poteau Inox"}]},{"@type":"WebSite","@id":"https:\/\/fundicionesgomez.com\/#website","url":"https:\/\/fundicionesgomez.com\/","name":"Fundiciones G\u00f3mez","description":"piezas para la construcci\u00f3n, talleres met\u00e1licos, herrajes, sector del mueble, autom\u00f3vil, trabajos especiales, bajo plano...","potentialAction":[{"@type":"SearchAction","target":{"@type":"EntryPoint","urlTemplate":"https:\/\/fundicionesgomez.com\/?s={search_term_string}"},"query-input":{"@type":"PropertyValueSpecification","valueRequired":true,"valueName":"search_term_string"}}],"inLanguage":"fr-FR"}]}},"_links":{"self":[{"href":"https:\/\/fundicionesgomez.com\/fr\/wp-json\/wp\/v2\/product\/2197","targetHints":{"allow":["GET"]}}],"collection":[{"href":"https:\/\/fundicionesgomez.com\/fr\/wp-json\/wp\/v2\/product"}],"about":[{"href":"https:\/\/fundicionesgomez.com\/fr\/wp-json\/wp\/v2\/types\/product"}],"wp:featuredmedia":[{"embeddable":true,"href":"https:\/\/fundicionesgomez.com\/fr\/wp-json\/wp\/v2\/media\/69131"}],"wp:attachment":[{"href":"https:\/\/fundicionesgomez.com\/fr\/wp-json\/wp\/v2\/media?parent=2197"}],"wp:term":[{"taxonomy":"product_brand","embeddable":true,"href":"https:\/\/fundicionesgomez.com\/fr\/wp-json\/wp\/v2\/product_brand?post=2197"},{"taxonomy":"product_cat","embeddable":true,"href":"https:\/\/fundicionesgomez.com\/fr\/wp-json\/wp\/v2\/product_cat?post=2197"},{"taxonomy":"product_tag","embeddable":true,"href":"https:\/\/fundicionesgomez.com\/fr\/wp-json\/wp\/v2\/product_tag?post=2197"}],"curies":[{"name":"wp","href":"https:\/\/api.w.org\/{rel}","templated":true}]}}