{"id":2179,"date":"2017-10-20T19:14:08","date_gmt":"2017-10-20T19:14:08","guid":{"rendered":"http:\/\/test.lulango.es\/fgomez\/?post_type=product&#038;p=2179"},"modified":"2018-04-10T11:10:13","modified_gmt":"2018-04-10T11:10:13","slug":"rosette-de-couverture-115-en-inox","status":"publish","type":"product","link":"https:\/\/fundicionesgomez.com\/fr\/producto\/rosette-de-couverture-115-en-inox\/","title":{"rendered":"Rosette de Couverture \u00d8115 en Inox"},"content":{"rendered":"","protected":false},"excerpt":{"rendered":"<p>S\u00e9lectionnez la rosette en fonction du diam\u00e8tre du tube<\/p>\n<p>&nbsp;<\/p>\n","protected":false},"featured_media":2180,"template":"","meta":[],"product_brand":[221],"product_cat":[134,176],"product_tag":[],"class_list":{"0":"post-2179","1":"product","2":"type-product","3":"status-publish","4":"has-post-thumbnail","6":"product_brand-fundiciones-gomez","7":"product_cat-metallerie","8":"product_cat-produits-d-acier-inoxydable","10":"first","11":"instock","12":"taxable","13":"shipping-taxable","14":"purchasable","15":"product-type-variable"},"yoast_head":"<!-- This site is optimized with the Yoast SEO plugin v27.1.1 - https:\/\/yoast.com\/product\/yoast-seo-wordpress\/ -->\n<title>Rosette de Couverture \u00d8115 en Inox - Fundiciones G\u00f3mez<\/title>\n<meta name=\"robots\" content=\"index, follow, max-snippet:-1, max-image-preview:large, max-video-preview:-1\" \/>\n<link rel=\"canonical\" href=\"https:\/\/fundicionesgomez.com\/fr\/producto\/rosette-de-couverture-115-en-inox\/\" \/>\n<meta property=\"og:locale\" content=\"fr_FR\" \/>\n<meta property=\"og:type\" content=\"article\" \/>\n<meta property=\"og:title\" content=\"Rosette de Couverture \u00d8115 en Inox - Fundiciones G\u00f3mez\" \/>\n<meta property=\"og:description\" content=\"S\u00e9lectionnez la rosette en fonction du diam\u00e8tre du tube  &nbsp;\" \/>\n<meta property=\"og:url\" content=\"https:\/\/fundicionesgomez.com\/fr\/producto\/rosette-de-couverture-115-en-inox\/\" \/>\n<meta property=\"og:site_name\" content=\"Fundiciones G\u00f3mez\" \/>\n<meta property=\"article:modified_time\" content=\"2018-04-10T11:10:13+00:00\" \/>\n<meta property=\"og:image\" content=\"https:\/\/fundicionesgomez.com\/web\/wp-content\/uploads\/2012\/01\/p-2179-p-2177-p-2175-p-2173-KT01114b.jpg\" \/>\n\t<meta property=\"og:image:width\" content=\"396\" \/>\n\t<meta property=\"og:image:height\" content=\"336\" \/>\n\t<meta property=\"og:image:type\" content=\"image\/jpeg\" \/>\n<meta name=\"twitter:card\" content=\"summary_large_image\" \/>\n<script type=\"application\/ld+json\" class=\"yoast-schema-graph\">{\"@context\":\"https:\/\/schema.org\",\"@graph\":[{\"@type\":\"WebPage\",\"@id\":\"https:\/\/fundicionesgomez.com\/fr\/producto\/rosette-de-couverture-115-en-inox\/\",\"url\":\"https:\/\/fundicionesgomez.com\/fr\/producto\/rosette-de-couverture-115-en-inox\/\",\"name\":\"Rosette de Couverture \u00d8115 en Inox - Fundiciones G\u00f3mez\",\"isPartOf\":{\"@id\":\"https:\/\/fundicionesgomez.com\/#website\"},\"primaryImageOfPage\":{\"@id\":\"https:\/\/fundicionesgomez.com\/fr\/producto\/rosette-de-couverture-115-en-inox\/#primaryimage\"},\"image\":{\"@id\":\"https:\/\/fundicionesgomez.com\/fr\/producto\/rosette-de-couverture-115-en-inox\/#primaryimage\"},\"thumbnailUrl\":\"https:\/\/fundicionesgomez.com\/web\/wp-content\/uploads\/2012\/01\/p-2179-p-2177-p-2175-p-2173-KT01114b.jpg\",\"datePublished\":\"2017-10-20T19:14:08+00:00\",\"dateModified\":\"2018-04-10T11:10:13+00:00\",\"breadcrumb\":{\"@id\":\"https:\/\/fundicionesgomez.com\/fr\/producto\/rosette-de-couverture-115-en-inox\/#breadcrumb\"},\"inLanguage\":\"fr-FR\",\"potentialAction\":[{\"@type\":\"ReadAction\",\"target\":[\"https:\/\/fundicionesgomez.com\/fr\/producto\/rosette-de-couverture-115-en-inox\/\"]}]},{\"@type\":\"ImageObject\",\"inLanguage\":\"fr-FR\",\"@id\":\"https:\/\/fundicionesgomez.com\/fr\/producto\/rosette-de-couverture-115-en-inox\/#primaryimage\",\"url\":\"https:\/\/fundicionesgomez.com\/web\/wp-content\/uploads\/2012\/01\/p-2179-p-2177-p-2175-p-2173-KT01114b.jpg\",\"contentUrl\":\"https:\/\/fundicionesgomez.com\/web\/wp-content\/uploads\/2012\/01\/p-2179-p-2177-p-2175-p-2173-KT01114b.jpg\",\"width\":396,\"height\":336},{\"@type\":\"BreadcrumbList\",\"@id\":\"https:\/\/fundicionesgomez.com\/fr\/producto\/rosette-de-couverture-115-en-inox\/#breadcrumb\",\"itemListElement\":[{\"@type\":\"ListItem\",\"position\":1,\"name\":\"Portada\",\"item\":\"https:\/\/fundicionesgomez.com\/fr\/\"},{\"@type\":\"ListItem\",\"position\":2,\"name\":\"Productos\",\"item\":\"https:\/\/fundicionesgomez.com\/shop\/\"},{\"@type\":\"ListItem\",\"position\":3,\"name\":\"Rosette de Couverture \u00d8115 en Inox\"}]},{\"@type\":\"WebSite\",\"@id\":\"https:\/\/fundicionesgomez.com\/#website\",\"url\":\"https:\/\/fundicionesgomez.com\/\",\"name\":\"Fundiciones G\u00f3mez\",\"description\":\"piezas para la construcci\u00f3n, talleres met\u00e1licos, herrajes, sector del mueble, autom\u00f3vil, trabajos especiales, bajo plano...\",\"potentialAction\":[{\"@type\":\"SearchAction\",\"target\":{\"@type\":\"EntryPoint\",\"urlTemplate\":\"https:\/\/fundicionesgomez.com\/?s={search_term_string}\"},\"query-input\":{\"@type\":\"PropertyValueSpecification\",\"valueRequired\":true,\"valueName\":\"search_term_string\"}}],\"inLanguage\":\"fr-FR\"}]}<\/script>\n<!-- \/ Yoast SEO plugin. -->","yoast_head_json":{"title":"Rosette de Couverture \u00d8115 en Inox - Fundiciones G\u00f3mez","robots":{"index":"index","follow":"follow","max-snippet":"max-snippet:-1","max-image-preview":"max-image-preview:large","max-video-preview":"max-video-preview:-1"},"canonical":"https:\/\/fundicionesgomez.com\/fr\/producto\/rosette-de-couverture-115-en-inox\/","og_locale":"fr_FR","og_type":"article","og_title":"Rosette de Couverture \u00d8115 en Inox - Fundiciones G\u00f3mez","og_description":"S\u00e9lectionnez la rosette en fonction du diam\u00e8tre du tube  &nbsp;","og_url":"https:\/\/fundicionesgomez.com\/fr\/producto\/rosette-de-couverture-115-en-inox\/","og_site_name":"Fundiciones G\u00f3mez","article_modified_time":"2018-04-10T11:10:13+00:00","og_image":[{"width":396,"height":336,"url":"https:\/\/fundicionesgomez.com\/web\/wp-content\/uploads\/2012\/01\/p-2179-p-2177-p-2175-p-2173-KT01114b.jpg","type":"image\/jpeg"}],"twitter_card":"summary_large_image","schema":{"@context":"https:\/\/schema.org","@graph":[{"@type":"WebPage","@id":"https:\/\/fundicionesgomez.com\/fr\/producto\/rosette-de-couverture-115-en-inox\/","url":"https:\/\/fundicionesgomez.com\/fr\/producto\/rosette-de-couverture-115-en-inox\/","name":"Rosette de Couverture \u00d8115 en Inox - Fundiciones G\u00f3mez","isPartOf":{"@id":"https:\/\/fundicionesgomez.com\/#website"},"primaryImageOfPage":{"@id":"https:\/\/fundicionesgomez.com\/fr\/producto\/rosette-de-couverture-115-en-inox\/#primaryimage"},"image":{"@id":"https:\/\/fundicionesgomez.com\/fr\/producto\/rosette-de-couverture-115-en-inox\/#primaryimage"},"thumbnailUrl":"https:\/\/fundicionesgomez.com\/web\/wp-content\/uploads\/2012\/01\/p-2179-p-2177-p-2175-p-2173-KT01114b.jpg","datePublished":"2017-10-20T19:14:08+00:00","dateModified":"2018-04-10T11:10:13+00:00","breadcrumb":{"@id":"https:\/\/fundicionesgomez.com\/fr\/producto\/rosette-de-couverture-115-en-inox\/#breadcrumb"},"inLanguage":"fr-FR","potentialAction":[{"@type":"ReadAction","target":["https:\/\/fundicionesgomez.com\/fr\/producto\/rosette-de-couverture-115-en-inox\/"]}]},{"@type":"ImageObject","inLanguage":"fr-FR","@id":"https:\/\/fundicionesgomez.com\/fr\/producto\/rosette-de-couverture-115-en-inox\/#primaryimage","url":"https:\/\/fundicionesgomez.com\/web\/wp-content\/uploads\/2012\/01\/p-2179-p-2177-p-2175-p-2173-KT01114b.jpg","contentUrl":"https:\/\/fundicionesgomez.com\/web\/wp-content\/uploads\/2012\/01\/p-2179-p-2177-p-2175-p-2173-KT01114b.jpg","width":396,"height":336},{"@type":"BreadcrumbList","@id":"https:\/\/fundicionesgomez.com\/fr\/producto\/rosette-de-couverture-115-en-inox\/#breadcrumb","itemListElement":[{"@type":"ListItem","position":1,"name":"Portada","item":"https:\/\/fundicionesgomez.com\/fr\/"},{"@type":"ListItem","position":2,"name":"Productos","item":"https:\/\/fundicionesgomez.com\/shop\/"},{"@type":"ListItem","position":3,"name":"Rosette de Couverture \u00d8115 en Inox"}]},{"@type":"WebSite","@id":"https:\/\/fundicionesgomez.com\/#website","url":"https:\/\/fundicionesgomez.com\/","name":"Fundiciones G\u00f3mez","description":"piezas para la construcci\u00f3n, talleres met\u00e1licos, herrajes, sector del mueble, autom\u00f3vil, trabajos especiales, bajo plano...","potentialAction":[{"@type":"SearchAction","target":{"@type":"EntryPoint","urlTemplate":"https:\/\/fundicionesgomez.com\/?s={search_term_string}"},"query-input":{"@type":"PropertyValueSpecification","valueRequired":true,"valueName":"search_term_string"}}],"inLanguage":"fr-FR"}]}},"_links":{"self":[{"href":"https:\/\/fundicionesgomez.com\/fr\/wp-json\/wp\/v2\/product\/2179","targetHints":{"allow":["GET"]}}],"collection":[{"href":"https:\/\/fundicionesgomez.com\/fr\/wp-json\/wp\/v2\/product"}],"about":[{"href":"https:\/\/fundicionesgomez.com\/fr\/wp-json\/wp\/v2\/types\/product"}],"wp:featuredmedia":[{"embeddable":true,"href":"https:\/\/fundicionesgomez.com\/fr\/wp-json\/wp\/v2\/media\/2180"}],"wp:attachment":[{"href":"https:\/\/fundicionesgomez.com\/fr\/wp-json\/wp\/v2\/media?parent=2179"}],"wp:term":[{"taxonomy":"product_brand","embeddable":true,"href":"https:\/\/fundicionesgomez.com\/fr\/wp-json\/wp\/v2\/product_brand?post=2179"},{"taxonomy":"product_cat","embeddable":true,"href":"https:\/\/fundicionesgomez.com\/fr\/wp-json\/wp\/v2\/product_cat?post=2179"},{"taxonomy":"product_tag","embeddable":true,"href":"https:\/\/fundicionesgomez.com\/fr\/wp-json\/wp\/v2\/product_tag?post=2179"}],"curies":[{"name":"wp","href":"https:\/\/api.w.org\/{rel}","templated":true}]}}