{"id":67088,"date":"2017-12-27T19:24:13","date_gmt":"2017-12-27T19:24:13","guid":{"rendered":"http:\/\/test.lulango.es\/fgomez\/trabajos-especiales\/"},"modified":"2018-02-02T12:08:39","modified_gmt":"2018-02-02T12:08:39","slug":"travaux-speciaux","status":"publish","type":"page","link":"https:\/\/fundicionesgomez.com\/fr\/travaux-speciaux\/","title":{"rendered":"Travaux sp\u00e9ciaux"},"content":{"rendered":"<div class=\"wpb-content-wrapper\"><p>[vc_row][vc_column][\/vc_column][\/vc_row][vc_row][vc_column width=\u00a0\u00bb1\/1&Prime;][vc_gallery el_id=\u00a0\u00bbgallery-197352&Prime; random=\u00a0\u00bbyes\u00a0\u00bb medias=\u00a0\u00bb66874,66880,66886,66892,66898,66904,66910,66916,66922,66928,66934,66940,66946,66952,66964,66970,66976,66982,66988,66994,67000,67006,67012,67018,67024,67030,67036,67042,67048,67054&Prime; gutter_size=\u00a0\u00bb2&Prime; media_items=\u00a0\u00bbmedia|lightbox|original,description,icon\u00a0\u00bb screen_lg=\u00a0\u00bb1000&Prime; screen_md=\u00a0\u00bb600&Prime; screen_sm=\u00a0\u00bb480&Prime; single_width=\u00a0\u00bb3&Prime; single_overlay_opacity=\u00a0\u00bb50&Prime; single_h_align=\u00a0\u00bbcenter\u00a0\u00bb single_padding=\u00a0\u00bb2&Prime; single_css_animation=\u00a0\u00bbbottom-t-top\u00a0\u00bb single_animation_delay=\u00a0\u00bb100&Prime; lbox_caption=\u00a0\u00bbyes\u00a0\u00bb][\/vc_column][\/vc_row]<\/p>\n<\/div>","protected":false},"excerpt":{"rendered":"<p>[vc_row][vc_column][\/vc_column][\/vc_row][vc_row][vc_column width=\u00a0\u00bb1\/1&Prime;][vc_gallery el_id=\u00a0\u00bbgallery-197352&Prime; random=\u00a0\u00bbyes\u00a0\u00bb medias=\u00a0\u00bb66874,66880,66886,66892,66898,66904,66910,66916,66922,66928,66934,66940,66946,66952,66964,66970,66976,66982,66988,66994,67000,67006,67012,67018,67024,67030,67036,67042,67048,67054&Prime; gutter_size=\u00a0\u00bb2&Prime; media_items=\u00a0\u00bbmedia|lightbox|original,description,icon\u00a0\u00bb screen_lg=\u00a0\u00bb1000&Prime; screen_md=\u00a0\u00bb600&Prime; screen_sm=\u00a0\u00bb480&Prime; single_width=\u00a0\u00bb3&Prime; single_overlay_opacity=\u00a0\u00bb50&Prime; single_h_align=\u00a0\u00bbcenter\u00a0\u00bb single_padding=\u00a0\u00bb2&Prime; single_css_animation=\u00a0\u00bbbottom-t-top\u00a0\u00bb single_animation_delay=\u00a0\u00bb100&Prime; lbox_caption=\u00a0\u00bbyes\u00a0\u00bb][\/vc_column][\/vc_row]<\/p>\n","protected":false},"author":1,"featured_media":69190,"parent":0,"menu_order":0,"comment_status":"closed","ping_status":"closed","template":"","meta":{"footnotes":""},"class_list":["post-67088","page","type-page","status-publish","has-post-thumbnail","hentry"],"yoast_head":"<!-- This site is optimized with the Yoast SEO plugin v27.1.1 - https:\/\/yoast.com\/product\/yoast-seo-wordpress\/ -->\n<title>Travaux sp\u00e9ciaux - Fundiciones G\u00f3mez<\/title>\n<meta name=\"robots\" content=\"index, follow, max-snippet:-1, max-image-preview:large, max-video-preview:-1\" \/>\n<link rel=\"canonical\" href=\"https:\/\/fundicionesgomez.com\/fr\/travaux-speciaux\/\" \/>\n<meta property=\"og:locale\" content=\"fr_FR\" \/>\n<meta property=\"og:type\" content=\"article\" \/>\n<meta property=\"og:title\" content=\"Travaux sp\u00e9ciaux - Fundiciones G\u00f3mez\" \/>\n<meta property=\"og:description\" content=\"[vc_row][vc_column][\/vc_column][\/vc_row][vc_row][vc_column width=\u00a0\u00bb1\/1&Prime;][vc_gallery el_id=\u00a0\u00bbgallery-197352&Prime; random=\u00a0\u00bbyes\u00a0\u00bb medias=\u00a0\u00bb66874,66880,66886,66892,66898,66904,66910,66916,66922,66928,66934,66940,66946,66952,66964,66970,66976,66982,66988,66994,67000,67006,67012,67018,67024,67030,67036,67042,67048,67054&Prime; gutter_size=\u00a0\u00bb2&Prime; media_items=\u00a0\u00bbmedia|lightbox|original,description,icon\u00a0\u00bb screen_lg=\u00a0\u00bb1000&Prime; screen_md=\u00a0\u00bb600&Prime; screen_sm=\u00a0\u00bb480&Prime; single_width=\u00a0\u00bb3&Prime; single_overlay_opacity=\u00a0\u00bb50&Prime; single_h_align=\u00a0\u00bbcenter\u00a0\u00bb single_padding=\u00a0\u00bb2&Prime; single_css_animation=\u00a0\u00bbbottom-t-top\u00a0\u00bb single_animation_delay=\u00a0\u00bb100&Prime; lbox_caption=\u00a0\u00bbyes\u00a0\u00bb][\/vc_column][\/vc_row]\" \/>\n<meta property=\"og:url\" content=\"https:\/\/fundicionesgomez.com\/fr\/travaux-speciaux\/\" \/>\n<meta property=\"og:site_name\" content=\"Fundiciones G\u00f3mez\" \/>\n<meta property=\"article:modified_time\" content=\"2018-02-02T12:08:39+00:00\" \/>\n<meta property=\"og:image\" content=\"https:\/\/fundicionesgomez.com\/web\/wp-content\/uploads\/2018\/04\/categoria_trabajos-especial.jpg\" \/>\n\t<meta property=\"og:image:width\" content=\"420\" \/>\n\t<meta property=\"og:image:height\" content=\"420\" \/>\n\t<meta property=\"og:image:type\" content=\"image\/jpeg\" \/>\n<meta name=\"twitter:card\" content=\"summary_large_image\" \/>\n<script type=\"application\/ld+json\" class=\"yoast-schema-graph\">{\"@context\":\"https:\/\/schema.org\",\"@graph\":[{\"@type\":\"WebPage\",\"@id\":\"https:\/\/fundicionesgomez.com\/fr\/travaux-speciaux\/\",\"url\":\"https:\/\/fundicionesgomez.com\/fr\/travaux-speciaux\/\",\"name\":\"Travaux sp\u00e9ciaux - Fundiciones G\u00f3mez\",\"isPartOf\":{\"@id\":\"https:\/\/fundicionesgomez.com\/#website\"},\"primaryImageOfPage\":{\"@id\":\"https:\/\/fundicionesgomez.com\/fr\/travaux-speciaux\/#primaryimage\"},\"image\":{\"@id\":\"https:\/\/fundicionesgomez.com\/fr\/travaux-speciaux\/#primaryimage\"},\"thumbnailUrl\":\"https:\/\/fundicionesgomez.com\/web\/wp-content\/uploads\/2018\/04\/categoria_trabajos-especial.jpg\",\"datePublished\":\"2017-12-27T19:24:13+00:00\",\"dateModified\":\"2018-02-02T12:08:39+00:00\",\"breadcrumb\":{\"@id\":\"https:\/\/fundicionesgomez.com\/fr\/travaux-speciaux\/#breadcrumb\"},\"inLanguage\":\"fr-FR\",\"potentialAction\":[{\"@type\":\"ReadAction\",\"target\":[\"https:\/\/fundicionesgomez.com\/fr\/travaux-speciaux\/\"]}]},{\"@type\":\"ImageObject\",\"inLanguage\":\"fr-FR\",\"@id\":\"https:\/\/fundicionesgomez.com\/fr\/travaux-speciaux\/#primaryimage\",\"url\":\"https:\/\/fundicionesgomez.com\/web\/wp-content\/uploads\/2018\/04\/categoria_trabajos-especial.jpg\",\"contentUrl\":\"https:\/\/fundicionesgomez.com\/web\/wp-content\/uploads\/2018\/04\/categoria_trabajos-especial.jpg\",\"width\":420,\"height\":420},{\"@type\":\"BreadcrumbList\",\"@id\":\"https:\/\/fundicionesgomez.com\/fr\/travaux-speciaux\/#breadcrumb\",\"itemListElement\":[{\"@type\":\"ListItem\",\"position\":1,\"name\":\"Portada\",\"item\":\"https:\/\/fundicionesgomez.com\/fr\/\"},{\"@type\":\"ListItem\",\"position\":2,\"name\":\"Travaux sp\u00e9ciaux\"}]},{\"@type\":\"WebSite\",\"@id\":\"https:\/\/fundicionesgomez.com\/#website\",\"url\":\"https:\/\/fundicionesgomez.com\/\",\"name\":\"Fundiciones G\u00f3mez\",\"description\":\"piezas para la construcci\u00f3n, talleres met\u00e1licos, herrajes, sector del mueble, autom\u00f3vil, trabajos especiales, bajo plano...\",\"potentialAction\":[{\"@type\":\"SearchAction\",\"target\":{\"@type\":\"EntryPoint\",\"urlTemplate\":\"https:\/\/fundicionesgomez.com\/?s={search_term_string}\"},\"query-input\":{\"@type\":\"PropertyValueSpecification\",\"valueRequired\":true,\"valueName\":\"search_term_string\"}}],\"inLanguage\":\"fr-FR\"}]}<\/script>\n<!-- \/ Yoast SEO plugin. -->","yoast_head_json":{"title":"Travaux sp\u00e9ciaux - Fundiciones G\u00f3mez","robots":{"index":"index","follow":"follow","max-snippet":"max-snippet:-1","max-image-preview":"max-image-preview:large","max-video-preview":"max-video-preview:-1"},"canonical":"https:\/\/fundicionesgomez.com\/fr\/travaux-speciaux\/","og_locale":"fr_FR","og_type":"article","og_title":"Travaux sp\u00e9ciaux - Fundiciones G\u00f3mez","og_description":"[vc_row][vc_column][\/vc_column][\/vc_row][vc_row][vc_column width=\u00a0\u00bb1\/1&Prime;][vc_gallery el_id=\u00a0\u00bbgallery-197352&Prime; random=\u00a0\u00bbyes\u00a0\u00bb medias=\u00a0\u00bb66874,66880,66886,66892,66898,66904,66910,66916,66922,66928,66934,66940,66946,66952,66964,66970,66976,66982,66988,66994,67000,67006,67012,67018,67024,67030,67036,67042,67048,67054&Prime; gutter_size=\u00a0\u00bb2&Prime; media_items=\u00a0\u00bbmedia|lightbox|original,description,icon\u00a0\u00bb screen_lg=\u00a0\u00bb1000&Prime; screen_md=\u00a0\u00bb600&Prime; screen_sm=\u00a0\u00bb480&Prime; single_width=\u00a0\u00bb3&Prime; single_overlay_opacity=\u00a0\u00bb50&Prime; single_h_align=\u00a0\u00bbcenter\u00a0\u00bb single_padding=\u00a0\u00bb2&Prime; single_css_animation=\u00a0\u00bbbottom-t-top\u00a0\u00bb single_animation_delay=\u00a0\u00bb100&Prime; lbox_caption=\u00a0\u00bbyes\u00a0\u00bb][\/vc_column][\/vc_row]","og_url":"https:\/\/fundicionesgomez.com\/fr\/travaux-speciaux\/","og_site_name":"Fundiciones G\u00f3mez","article_modified_time":"2018-02-02T12:08:39+00:00","og_image":[{"width":420,"height":420,"url":"https:\/\/fundicionesgomez.com\/web\/wp-content\/uploads\/2018\/04\/categoria_trabajos-especial.jpg","type":"image\/jpeg"}],"twitter_card":"summary_large_image","schema":{"@context":"https:\/\/schema.org","@graph":[{"@type":"WebPage","@id":"https:\/\/fundicionesgomez.com\/fr\/travaux-speciaux\/","url":"https:\/\/fundicionesgomez.com\/fr\/travaux-speciaux\/","name":"Travaux sp\u00e9ciaux - Fundiciones G\u00f3mez","isPartOf":{"@id":"https:\/\/fundicionesgomez.com\/#website"},"primaryImageOfPage":{"@id":"https:\/\/fundicionesgomez.com\/fr\/travaux-speciaux\/#primaryimage"},"image":{"@id":"https:\/\/fundicionesgomez.com\/fr\/travaux-speciaux\/#primaryimage"},"thumbnailUrl":"https:\/\/fundicionesgomez.com\/web\/wp-content\/uploads\/2018\/04\/categoria_trabajos-especial.jpg","datePublished":"2017-12-27T19:24:13+00:00","dateModified":"2018-02-02T12:08:39+00:00","breadcrumb":{"@id":"https:\/\/fundicionesgomez.com\/fr\/travaux-speciaux\/#breadcrumb"},"inLanguage":"fr-FR","potentialAction":[{"@type":"ReadAction","target":["https:\/\/fundicionesgomez.com\/fr\/travaux-speciaux\/"]}]},{"@type":"ImageObject","inLanguage":"fr-FR","@id":"https:\/\/fundicionesgomez.com\/fr\/travaux-speciaux\/#primaryimage","url":"https:\/\/fundicionesgomez.com\/web\/wp-content\/uploads\/2018\/04\/categoria_trabajos-especial.jpg","contentUrl":"https:\/\/fundicionesgomez.com\/web\/wp-content\/uploads\/2018\/04\/categoria_trabajos-especial.jpg","width":420,"height":420},{"@type":"BreadcrumbList","@id":"https:\/\/fundicionesgomez.com\/fr\/travaux-speciaux\/#breadcrumb","itemListElement":[{"@type":"ListItem","position":1,"name":"Portada","item":"https:\/\/fundicionesgomez.com\/fr\/"},{"@type":"ListItem","position":2,"name":"Travaux sp\u00e9ciaux"}]},{"@type":"WebSite","@id":"https:\/\/fundicionesgomez.com\/#website","url":"https:\/\/fundicionesgomez.com\/","name":"Fundiciones G\u00f3mez","description":"piezas para la construcci\u00f3n, talleres met\u00e1licos, herrajes, sector del mueble, autom\u00f3vil, trabajos especiales, bajo plano...","potentialAction":[{"@type":"SearchAction","target":{"@type":"EntryPoint","urlTemplate":"https:\/\/fundicionesgomez.com\/?s={search_term_string}"},"query-input":{"@type":"PropertyValueSpecification","valueRequired":true,"valueName":"search_term_string"}}],"inLanguage":"fr-FR"}]}},"_links":{"self":[{"href":"https:\/\/fundicionesgomez.com\/fr\/wp-json\/wp\/v2\/pages\/67088","targetHints":{"allow":["GET"]}}],"collection":[{"href":"https:\/\/fundicionesgomez.com\/fr\/wp-json\/wp\/v2\/pages"}],"about":[{"href":"https:\/\/fundicionesgomez.com\/fr\/wp-json\/wp\/v2\/types\/page"}],"author":[{"embeddable":true,"href":"https:\/\/fundicionesgomez.com\/fr\/wp-json\/wp\/v2\/users\/1"}],"replies":[{"embeddable":true,"href":"https:\/\/fundicionesgomez.com\/fr\/wp-json\/wp\/v2\/comments?post=67088"}],"version-history":[{"count":1,"href":"https:\/\/fundicionesgomez.com\/fr\/wp-json\/wp\/v2\/pages\/67088\/revisions"}],"predecessor-version":[{"id":67093,"href":"https:\/\/fundicionesgomez.com\/fr\/wp-json\/wp\/v2\/pages\/67088\/revisions\/67093"}],"wp:featuredmedia":[{"embeddable":true,"href":"https:\/\/fundicionesgomez.com\/fr\/wp-json\/wp\/v2\/media\/69190"}],"wp:attachment":[{"href":"https:\/\/fundicionesgomez.com\/fr\/wp-json\/wp\/v2\/media?parent=67088"}],"curies":[{"name":"wp","href":"https:\/\/api.w.org\/{rel}","templated":true}]}}