{"id":65557,"date":"2017-10-18T11:52:31","date_gmt":"2017-10-18T11:52:31","guid":{"rendered":"http:\/\/test.lulango.es\/fgomez\/tienda\/"},"modified":"2021-11-18T10:06:13","modified_gmt":"2021-11-18T10:06:13","slug":"tienda-2","status":"publish","type":"page","link":"https:\/\/fundicionesgomez.com\/fr\/","title":{"rendered":"Fundiciones G\u00f3mez S.A."},"content":{"rendered":"<div class=\"wpb-content-wrapper\"><p>[vc_row row_height_percent=\u00a0\u00bb0&Prime; override_padding=\u00a0\u00bbyes\u00a0\u00bb h_padding=\u00a0\u00bb2&Prime; top_padding=\u00a0\u00bb2&Prime; bottom_padding=\u00a0\u00bb0&Prime; overlay_alpha=\u00a0\u00bb50&Prime; gutter_size=\u00a0\u00bb3&Prime; column_width_percent=\u00a0\u00bb100&Prime; shift_y=\u00a0\u00bb0&Prime; z_index=\u00a0\u00bb0&Prime; css=\u00a0\u00bb.vc_custom_1523618995842{padding-bottom: -36px !important;}\u00a0\u00bb][vc_column width=\u00a0\u00bb1\/3&Prime;]<div class=\"woocommerce columns-1\"><div class=\"owl-carousel-wrapper\">\n\t<div class=\"owl-carousel-container owl-carousel-loading half-gutter\">\n\t\t<div id=\"index-143738\" class=\"owl-carousel owl-element owl-theme owl-dots-outside owl-height-auto\" data-loop=\"false\" data-dots=\"true\" data-nav=\"false\" data-navspeed=\"400\" data-autoplay=\"false\" data-lg=\"1\" data-md=\"2\" data-sm=\"1\">\n<div class=\"tmb tmb-light tmb-content-center tmb-no-bg tmb-woocommerce tmb-overlay-anim tmb-overlay-text-anim tmb-iso-w12 post-65557 page type-page status-publish has-post-thumbnail hentry tmb-content-under tmb-media-first tmb-no-bg\" ><div class=\"t-inside\" ><div class=\"t-entry-visual\"><div class=\"t-entry-visual-tc\"><div class=\"t-entry-visual-cont\"><div class=\"dummy\" style=\"padding-top: 100%;\"><\/div><a role=\"button\" tabindex=\"-1\" href=\"https:\/\/fundicionesgomez.com\/fr\/categorie-produit\/metallerie\/\" class=\"pushed\"><div class=\"t-entry-visual-overlay\"><div class=\"t-entry-visual-overlay-in style-dark-bg\" style=\"opacity: 0.2;\"><\/div><\/div><img decoding=\"async\" class=\"wp-image-69178\" src=\"https:\/\/fundicionesgomez.com\/web\/wp-content\/uploads\/2017\/10\/cat_carp_metal-1.jpg\" width=\"420\" height=\"420\" alt=\"\" srcset=\"https:\/\/fundicionesgomez.com\/web\/wp-content\/uploads\/2017\/10\/cat_carp_metal-1.jpg 420w, https:\/\/fundicionesgomez.com\/web\/wp-content\/uploads\/2017\/10\/cat_carp_metal-1-300x300.jpg 300w, https:\/\/fundicionesgomez.com\/web\/wp-content\/uploads\/2017\/10\/cat_carp_metal-1-100x100.jpg 100w, https:\/\/fundicionesgomez.com\/web\/wp-content\/uploads\/2017\/10\/cat_carp_metal-1-350x350.jpg 350w\" sizes=\"(max-width: 420px) 100vw, 420px\" \/><\/a><\/div>\n\t\t\t\t\t<\/div>\n\t\t\t\t<\/div><div class=\"t-entry-text\">\n\t\t\t\t\t\t\t\t\t<div class=\"t-entry-text-tc half-block-padding\"><div class=\"t-entry\"><h3 class=\"t-entry-title h6 \"><a href=\"https:\/\/fundicionesgomez.com\/fr\/categorie-produit\/metallerie\/\">M\u00e9tallerie <span class=\"count\">(24)<\/span><\/a><\/h3><\/div><\/div>\n\t\t\t\t\t\t\t<\/div><\/div><\/div>\t\t<\/div>\n\t<\/div>\n<\/div><\/div>[\/vc_column][vc_column width=\u00a0\u00bb1\/3&Prime;][uncode_index el_id=\u00a0\u00bbindex-135444&Prime; loop=\u00a0\u00bbsize:1|order_by:date|post_type:product|by_id:69866,69897,69900,69903,69906,69909&Prime; gutter_size=\u00a0\u00bb3&Prime; page_items=\u00a0\u00bbmedia|featured|onpost|original,title\u00a0\u00bb screen_lg=\u00a0\u00bb1000&Prime; screen_md=\u00a0\u00bb600&Prime; screen_sm=\u00a0\u00bb480&Prime; single_overlay_opacity=\u00a0\u00bb50&Prime; single_h_align=\u00a0\u00bbcenter\u00a0\u00bb single_padding=\u00a0\u00bb2&Prime; single_border=\u00a0\u00bbyes\u00a0\u00bb items=\u00a0\u00bbeyI2OTg2Nl9pIjp7InNpbmdsZV9sYXlvdXRfcHJvZHVjdF9pdGVtcyI6Im1lZGlhfGZlYXR1cmVkfG9ucG9zdHxvcmlnaW5hbHxoaWRlLXNhbGUsdGl0bGUifX0=\u00a0\u00bb order_ids=\u00a0\u00bb69866&Prime; el_class=\u00a0\u00bbhide\u00a0\u00bb][\/vc_column][vc_column width=\u00a0\u00bb1\/3&Prime;]<div class=\"woocommerce columns-1\"><div class=\"owl-carousel-wrapper\">\n\t<div class=\"owl-carousel-container owl-carousel-loading half-gutter\">\n\t\t<div id=\"index-119600\" class=\"owl-carousel owl-element owl-theme owl-dots-outside owl-height-auto\" data-loop=\"false\" data-dots=\"true\" data-nav=\"false\" data-navspeed=\"400\" data-autoplay=\"false\" data-lg=\"1\" data-md=\"2\" data-sm=\"1\">\n<div class=\"tmb tmb-light tmb-content-center tmb-no-bg tmb-woocommerce tmb-overlay-anim tmb-overlay-text-anim tmb-iso-w12 post-65557 page type-page status-publish has-post-thumbnail hentry tmb-content-under tmb-media-first tmb-no-bg\" ><div class=\"t-inside\" ><div class=\"t-entry-visual\"><div class=\"t-entry-visual-tc\"><div class=\"t-entry-visual-cont\"><div class=\"dummy\" style=\"padding-top: 100%;\"><\/div><a role=\"button\" tabindex=\"-1\" href=\"https:\/\/fundicionesgomez.com\/fr\/categorie-produit\/prouvettes-pour-essais\/\" class=\"pushed\"><div class=\"t-entry-visual-overlay\"><div class=\"t-entry-visual-overlay-in style-dark-bg\" style=\"opacity: 0.2;\"><\/div><\/div><img decoding=\"async\" class=\"wp-image-67854\" src=\"https:\/\/fundicionesgomez.com\/web\/wp-content\/uploads\/2017\/10\/Cat_probetas.jpg\" width=\"750\" height=\"750\" alt=\"\" srcset=\"https:\/\/fundicionesgomez.com\/web\/wp-content\/uploads\/2017\/10\/Cat_probetas.jpg 750w, https:\/\/fundicionesgomez.com\/web\/wp-content\/uploads\/2017\/10\/Cat_probetas-300x300.jpg 300w, https:\/\/fundicionesgomez.com\/web\/wp-content\/uploads\/2017\/10\/Cat_probetas-100x100.jpg 100w, https:\/\/fundicionesgomez.com\/web\/wp-content\/uploads\/2017\/10\/Cat_probetas-600x600.jpg 600w\" sizes=\"(max-width: 750px) 100vw, 750px\" \/><\/a><\/div>\n\t\t\t\t\t<\/div>\n\t\t\t\t<\/div><div class=\"t-entry-text\">\n\t\t\t\t\t\t\t\t\t<div class=\"t-entry-text-tc half-block-padding\"><div class=\"t-entry\"><h3 class=\"t-entry-title h6 \"><a href=\"https:\/\/fundicionesgomez.com\/fr\/categorie-produit\/prouvettes-pour-essais\/\">\u00c9prouvettes pour Essais <span class=\"count\">(10)<\/span><\/a><\/h3><\/div><\/div>\n\t\t\t\t\t\t\t<\/div><\/div><\/div>\t\t<\/div>\n\t<\/div>\n<\/div><\/div>[\/vc_column][\/vc_row][vc_row row_height_percent=\u00a0\u00bb0&Prime; override_padding=\u00a0\u00bbyes\u00a0\u00bb h_padding=\u00a0\u00bb2&Prime; top_padding=\u00a0\u00bb0&Prime; bottom_padding=\u00a0\u00bb2&Prime; overlay_alpha=\u00a0\u00bb50&Prime; gutter_size=\u00a0\u00bb3&Prime; column_width_percent=\u00a0\u00bb100&Prime; shift_y=\u00a0\u00bb0&Prime; z_index=\u00a0\u00bb0&Prime;][vc_column column_width_percent=\u00a0\u00bb100&Prime; gutter_size=\u00a0\u00bb3&Prime; overlay_alpha=\u00a0\u00bb50&Prime; shift_x=\u00a0\u00bb0&Prime; shift_y=\u00a0\u00bb0&Prime; shift_y_down=\u00a0\u00bb0&Prime; z_index=\u00a0\u00bb0&Prime; medium_width=\u00a0\u00bb0&Prime; mobile_width=\u00a0\u00bb0&Prime;][vc_empty_space empty_h=\u00a0\u00bb2&Prime;][vc_row_inner][vc_column_inner width=\u00a0\u00bb1\/3&Prime;]<div class=\"woocommerce columns-1\"><div class=\"owl-carousel-wrapper\">\n\t<div class=\"owl-carousel-container owl-carousel-loading half-gutter\">\n\t\t<div id=\"index-119331\" class=\"owl-carousel owl-element owl-theme owl-dots-outside owl-height-auto\" data-loop=\"false\" data-dots=\"true\" data-nav=\"false\" data-navspeed=\"400\" data-autoplay=\"false\" data-lg=\"1\" data-md=\"2\" data-sm=\"1\">\n<div class=\"tmb tmb-light tmb-content-center tmb-no-bg tmb-woocommerce tmb-overlay-anim tmb-overlay-text-anim tmb-iso-w12 post-65557 page type-page status-publish has-post-thumbnail hentry tmb-content-under tmb-media-first tmb-no-bg\" ><div class=\"t-inside\" ><div class=\"t-entry-visual\"><div class=\"t-entry-visual-tc\"><div class=\"t-entry-visual-cont\"><div class=\"dummy\" style=\"padding-top: 100%;\"><\/div><a role=\"button\" tabindex=\"-1\" href=\"https:\/\/fundicionesgomez.com\/fr\/categorie-produit\/charnieres-rustiques\/\" class=\"pushed\"><div class=\"t-entry-visual-overlay\"><div class=\"t-entry-visual-overlay-in style-dark-bg\" style=\"opacity: 0.2;\"><\/div><\/div><img decoding=\"async\" class=\"wp-image-67848\" src=\"https:\/\/fundicionesgomez.com\/web\/wp-content\/uploads\/2017\/10\/Cat_bisagras.jpg\" width=\"750\" height=\"750\" alt=\"\" srcset=\"https:\/\/fundicionesgomez.com\/web\/wp-content\/uploads\/2017\/10\/Cat_bisagras.jpg 750w, https:\/\/fundicionesgomez.com\/web\/wp-content\/uploads\/2017\/10\/Cat_bisagras-300x300.jpg 300w, https:\/\/fundicionesgomez.com\/web\/wp-content\/uploads\/2017\/10\/Cat_bisagras-100x100.jpg 100w, https:\/\/fundicionesgomez.com\/web\/wp-content\/uploads\/2017\/10\/Cat_bisagras-600x600.jpg 600w\" sizes=\"(max-width: 750px) 100vw, 750px\" \/><\/a><\/div>\n\t\t\t\t\t<\/div>\n\t\t\t\t<\/div><div class=\"t-entry-text\">\n\t\t\t\t\t\t\t\t\t<div class=\"t-entry-text-tc half-block-padding\"><div class=\"t-entry\"><h3 class=\"t-entry-title h6 \"><a href=\"https:\/\/fundicionesgomez.com\/fr\/categorie-produit\/charnieres-rustiques\/\">Charni\u00e8res Rustiques <span class=\"count\">(7)<\/span><\/a><\/h3><\/div><\/div>\n\t\t\t\t\t\t\t<\/div><\/div><\/div>\t\t<\/div>\n\t<\/div>\n<\/div><\/div>[\/vc_column_inner][vc_column_inner width=\u00a0\u00bb2\/3&Prime;][uncode_index el_id=\u00a0\u00bbindex-135444&Prime; loop=\u00a0\u00bbsize:2|order_by:date|post_type:page|by_id:67440,67703,67704,67705,67706,67707,67241,66873&Prime; gutter_size=\u00a0\u00bb3&Prime; page_items=\u00a0\u00bbmedia|featured|onpost|original,title\u00a0\u00bb screen_lg=\u00a0\u00bb1000&Prime; screen_md=\u00a0\u00bb600&Prime; screen_sm=\u00a0\u00bb480&Prime; single_overlay_opacity=\u00a0\u00bb50&Prime; single_h_align=\u00a0\u00bbcenter\u00a0\u00bb single_padding=\u00a0\u00bb2&Prime; single_border=\u00a0\u00bbyes\u00a0\u00bb][\/vc_column_inner][\/vc_row_inner][vc_row_inner][vc_column_inner width=\u00a0\u00bb1\/1&Prime;][uncode_index el_id=\u00a0\u00bbindex-135444&Prime; loop=\u00a0\u00bbsize:2|order_by:date|post_type:page|by_id:67703,67705,67707,67105,66873&Prime; gutter_size=\u00a0\u00bb3&Prime; page_items=\u00a0\u00bbmedia|featured|onpost|original,title\u00a0\u00bb screen_lg=\u00a0\u00bb1000&Prime; screen_md=\u00a0\u00bb600&Prime; screen_sm=\u00a0\u00bb480&Prime; single_overlay_opacity=\u00a0\u00bb50&Prime; single_h_align=\u00a0\u00bbcenter\u00a0\u00bb single_padding=\u00a0\u00bb2&Prime; single_border=\u00a0\u00bbyes\u00a0\u00bb][\/vc_column_inner][\/vc_row_inner][\/vc_column][\/vc_row]<\/p>\n<\/div>","protected":false},"excerpt":{"rendered":"<p>[vc_row row_height_percent=\u00a0\u00bb0&Prime; override_padding=\u00a0\u00bbyes\u00a0\u00bb h_padding=\u00a0\u00bb2&Prime; top_padding=\u00a0\u00bb2&Prime; bottom_padding=\u00a0\u00bb0&Prime; overlay_alpha=\u00a0\u00bb50&Prime; gutter_size=\u00a0\u00bb3&Prime; column_width_percent=\u00a0\u00bb100&Prime; shift_y=\u00a0\u00bb0&Prime; z_index=\u00a0\u00bb0&Prime; css=\u00a0\u00bb.vc_custom_1523618995842{padding-bottom: -36px !important;}\u00a0\u00bb][vc_column width=\u00a0\u00bb1\/3&Prime;][\/vc_column][vc_column width=\u00a0\u00bb1\/3&Prime;][uncode_index el_id=\u00a0\u00bbindex-135444&Prime; loop=\u00a0\u00bbsize:1|order_by:date|post_type:product|by_id:69866,69897,69900,69903,69906,69909&Prime; gutter_size=\u00a0\u00bb3&Prime; page_items=\u00a0\u00bbmedia|featured|onpost|original,title\u00a0\u00bb [&hellip;]<\/p>\n","protected":false},"author":1,"featured_media":65682,"parent":0,"menu_order":0,"comment_status":"closed","ping_status":"closed","template":"","meta":{"footnotes":""},"class_list":["post-65557","page","type-page","status-publish","has-post-thumbnail","hentry"],"yoast_head":"<!-- This site is optimized with the Yoast SEO plugin v27.1.1 - https:\/\/yoast.com\/product\/yoast-seo-wordpress\/ -->\n<title>Fundiciones G\u00f3mez S.A. - Fundiciones G\u00f3mez<\/title>\n<meta name=\"robots\" content=\"index, follow, max-snippet:-1, max-image-preview:large, max-video-preview:-1\" \/>\n<link rel=\"canonical\" href=\"https:\/\/fundicionesgomez.com\/fr\/\" \/>\n<meta property=\"og:locale\" content=\"fr_FR\" \/>\n<meta property=\"og:type\" content=\"article\" \/>\n<meta property=\"og:title\" content=\"Fundiciones G\u00f3mez S.A. - Fundiciones G\u00f3mez\" \/>\n<meta property=\"og:description\" content=\"[vc_row row_height_percent=\u00a0\u00bb0&Prime; override_padding=\u00a0\u00bbyes\u00a0\u00bb h_padding=\u00a0\u00bb2&Prime; top_padding=\u00a0\u00bb2&Prime; bottom_padding=\u00a0\u00bb0&Prime; overlay_alpha=\u00a0\u00bb50&Prime; gutter_size=\u00a0\u00bb3&Prime; column_width_percent=\u00a0\u00bb100&Prime; shift_y=\u00a0\u00bb0&Prime; z_index=\u00a0\u00bb0&Prime; css=\u00a0\u00bb.vc_custom_1523618995842{padding-bottom: -36px !important;}\u00a0\u00bb][vc_column width=\u00a0\u00bb1\/3&Prime;][\/vc_column][vc_column width=\u00a0\u00bb1\/3&Prime;][uncode_index el_id=\u00a0\u00bbindex-135444&Prime; loop=\u00a0\u00bbsize:1|order_by:date|post_type:product|by_id:69866,69897,69900,69903,69906,69909&Prime; gutter_size=\u00a0\u00bb3&Prime; page_items=\u00a0\u00bbmedia|featured|onpost|original,title\u00a0\u00bb [&hellip;]\" \/>\n<meta property=\"og:url\" content=\"https:\/\/fundicionesgomez.com\/fr\/\" \/>\n<meta property=\"og:site_name\" content=\"Fundiciones G\u00f3mez\" \/>\n<meta property=\"article:modified_time\" content=\"2021-11-18T10:06:13+00:00\" \/>\n<meta property=\"og:image\" content=\"https:\/\/fundicionesgomez.com\/web\/wp-content\/uploads\/2017\/10\/portada.jpg\" \/>\n\t<meta property=\"og:image:width\" content=\"1600\" \/>\n\t<meta property=\"og:image:height\" content=\"600\" \/>\n\t<meta property=\"og:image:type\" content=\"image\/jpeg\" \/>\n<meta name=\"twitter:card\" content=\"summary_large_image\" \/>\n<meta name=\"twitter:label1\" content=\"Dur\u00e9e de lecture estim\u00e9e\" \/>\n\t<meta name=\"twitter:data1\" content=\"2 minutes\" \/>\n<script type=\"application\/ld+json\" class=\"yoast-schema-graph\">{\"@context\":\"https:\/\/schema.org\",\"@graph\":[{\"@type\":\"WebPage\",\"@id\":\"https:\/\/fundicionesgomez.com\/fr\/\",\"url\":\"https:\/\/fundicionesgomez.com\/fr\/\",\"name\":\"Fundiciones G\u00f3mez S.A. - Fundiciones G\u00f3mez\",\"isPartOf\":{\"@id\":\"https:\/\/fundicionesgomez.com\/#website\"},\"primaryImageOfPage\":{\"@id\":\"https:\/\/fundicionesgomez.com\/fr\/#primaryimage\"},\"image\":{\"@id\":\"https:\/\/fundicionesgomez.com\/fr\/#primaryimage\"},\"thumbnailUrl\":\"https:\/\/fundicionesgomez.com\/web\/wp-content\/uploads\/2017\/10\/portada.jpg\",\"datePublished\":\"2017-10-18T11:52:31+00:00\",\"dateModified\":\"2021-11-18T10:06:13+00:00\",\"breadcrumb\":{\"@id\":\"https:\/\/fundicionesgomez.com\/fr\/#breadcrumb\"},\"inLanguage\":\"fr-FR\",\"potentialAction\":[{\"@type\":\"ReadAction\",\"target\":[\"https:\/\/fundicionesgomez.com\/fr\/\"]}]},{\"@type\":\"ImageObject\",\"inLanguage\":\"fr-FR\",\"@id\":\"https:\/\/fundicionesgomez.com\/fr\/#primaryimage\",\"url\":\"https:\/\/fundicionesgomez.com\/web\/wp-content\/uploads\/2017\/10\/portada.jpg\",\"contentUrl\":\"https:\/\/fundicionesgomez.com\/web\/wp-content\/uploads\/2017\/10\/portada.jpg\",\"width\":1600,\"height\":600},{\"@type\":\"BreadcrumbList\",\"@id\":\"https:\/\/fundicionesgomez.com\/fr\/#breadcrumb\",\"itemListElement\":[{\"@type\":\"ListItem\",\"position\":1,\"name\":\"Portada\",\"item\":\"https:\/\/fundicionesgomez.com\/fr\/\"},{\"@type\":\"ListItem\",\"position\":2,\"name\":\"Fundiciones G\u00f3mez S.A.\"}]},{\"@type\":\"WebSite\",\"@id\":\"https:\/\/fundicionesgomez.com\/#website\",\"url\":\"https:\/\/fundicionesgomez.com\/\",\"name\":\"Fundiciones G\u00f3mez\",\"description\":\"piezas para la construcci\u00f3n, talleres met\u00e1licos, herrajes, sector del mueble, autom\u00f3vil, trabajos especiales, bajo plano...\",\"potentialAction\":[{\"@type\":\"SearchAction\",\"target\":{\"@type\":\"EntryPoint\",\"urlTemplate\":\"https:\/\/fundicionesgomez.com\/?s={search_term_string}\"},\"query-input\":{\"@type\":\"PropertyValueSpecification\",\"valueRequired\":true,\"valueName\":\"search_term_string\"}}],\"inLanguage\":\"fr-FR\"}]}<\/script>\n<!-- \/ Yoast SEO plugin. -->","yoast_head_json":{"title":"Fundiciones G\u00f3mez S.A. - Fundiciones G\u00f3mez","robots":{"index":"index","follow":"follow","max-snippet":"max-snippet:-1","max-image-preview":"max-image-preview:large","max-video-preview":"max-video-preview:-1"},"canonical":"https:\/\/fundicionesgomez.com\/fr\/","og_locale":"fr_FR","og_type":"article","og_title":"Fundiciones G\u00f3mez S.A. - Fundiciones G\u00f3mez","og_description":"[vc_row row_height_percent=\u00a0\u00bb0&Prime; override_padding=\u00a0\u00bbyes\u00a0\u00bb h_padding=\u00a0\u00bb2&Prime; top_padding=\u00a0\u00bb2&Prime; bottom_padding=\u00a0\u00bb0&Prime; overlay_alpha=\u00a0\u00bb50&Prime; gutter_size=\u00a0\u00bb3&Prime; column_width_percent=\u00a0\u00bb100&Prime; shift_y=\u00a0\u00bb0&Prime; z_index=\u00a0\u00bb0&Prime; css=\u00a0\u00bb.vc_custom_1523618995842{padding-bottom: -36px !important;}\u00a0\u00bb][vc_column width=\u00a0\u00bb1\/3&Prime;][\/vc_column][vc_column width=\u00a0\u00bb1\/3&Prime;][uncode_index el_id=\u00a0\u00bbindex-135444&Prime; loop=\u00a0\u00bbsize:1|order_by:date|post_type:product|by_id:69866,69897,69900,69903,69906,69909&Prime; gutter_size=\u00a0\u00bb3&Prime; page_items=\u00a0\u00bbmedia|featured|onpost|original,title\u00a0\u00bb [&hellip;]","og_url":"https:\/\/fundicionesgomez.com\/fr\/","og_site_name":"Fundiciones G\u00f3mez","article_modified_time":"2021-11-18T10:06:13+00:00","og_image":[{"width":1600,"height":600,"url":"https:\/\/fundicionesgomez.com\/web\/wp-content\/uploads\/2017\/10\/portada.jpg","type":"image\/jpeg"}],"twitter_card":"summary_large_image","twitter_misc":{"Dur\u00e9e de lecture estim\u00e9e":"2 minutes"},"schema":{"@context":"https:\/\/schema.org","@graph":[{"@type":"WebPage","@id":"https:\/\/fundicionesgomez.com\/fr\/","url":"https:\/\/fundicionesgomez.com\/fr\/","name":"Fundiciones G\u00f3mez S.A. - Fundiciones G\u00f3mez","isPartOf":{"@id":"https:\/\/fundicionesgomez.com\/#website"},"primaryImageOfPage":{"@id":"https:\/\/fundicionesgomez.com\/fr\/#primaryimage"},"image":{"@id":"https:\/\/fundicionesgomez.com\/fr\/#primaryimage"},"thumbnailUrl":"https:\/\/fundicionesgomez.com\/web\/wp-content\/uploads\/2017\/10\/portada.jpg","datePublished":"2017-10-18T11:52:31+00:00","dateModified":"2021-11-18T10:06:13+00:00","breadcrumb":{"@id":"https:\/\/fundicionesgomez.com\/fr\/#breadcrumb"},"inLanguage":"fr-FR","potentialAction":[{"@type":"ReadAction","target":["https:\/\/fundicionesgomez.com\/fr\/"]}]},{"@type":"ImageObject","inLanguage":"fr-FR","@id":"https:\/\/fundicionesgomez.com\/fr\/#primaryimage","url":"https:\/\/fundicionesgomez.com\/web\/wp-content\/uploads\/2017\/10\/portada.jpg","contentUrl":"https:\/\/fundicionesgomez.com\/web\/wp-content\/uploads\/2017\/10\/portada.jpg","width":1600,"height":600},{"@type":"BreadcrumbList","@id":"https:\/\/fundicionesgomez.com\/fr\/#breadcrumb","itemListElement":[{"@type":"ListItem","position":1,"name":"Portada","item":"https:\/\/fundicionesgomez.com\/fr\/"},{"@type":"ListItem","position":2,"name":"Fundiciones G\u00f3mez S.A."}]},{"@type":"WebSite","@id":"https:\/\/fundicionesgomez.com\/#website","url":"https:\/\/fundicionesgomez.com\/","name":"Fundiciones G\u00f3mez","description":"piezas para la construcci\u00f3n, talleres met\u00e1licos, herrajes, sector del mueble, autom\u00f3vil, trabajos especiales, bajo plano...","potentialAction":[{"@type":"SearchAction","target":{"@type":"EntryPoint","urlTemplate":"https:\/\/fundicionesgomez.com\/?s={search_term_string}"},"query-input":{"@type":"PropertyValueSpecification","valueRequired":true,"valueName":"search_term_string"}}],"inLanguage":"fr-FR"}]}},"_links":{"self":[{"href":"https:\/\/fundicionesgomez.com\/fr\/wp-json\/wp\/v2\/pages\/65557","targetHints":{"allow":["GET"]}}],"collection":[{"href":"https:\/\/fundicionesgomez.com\/fr\/wp-json\/wp\/v2\/pages"}],"about":[{"href":"https:\/\/fundicionesgomez.com\/fr\/wp-json\/wp\/v2\/types\/page"}],"author":[{"embeddable":true,"href":"https:\/\/fundicionesgomez.com\/fr\/wp-json\/wp\/v2\/users\/1"}],"replies":[{"embeddable":true,"href":"https:\/\/fundicionesgomez.com\/fr\/wp-json\/wp\/v2\/comments?post=65557"}],"version-history":[{"count":33,"href":"https:\/\/fundicionesgomez.com\/fr\/wp-json\/wp\/v2\/pages\/65557\/revisions"}],"predecessor-version":[{"id":70040,"href":"https:\/\/fundicionesgomez.com\/fr\/wp-json\/wp\/v2\/pages\/65557\/revisions\/70040"}],"wp:featuredmedia":[{"embeddable":true,"href":"https:\/\/fundicionesgomez.com\/fr\/wp-json\/wp\/v2\/media\/65682"}],"wp:attachment":[{"href":"https:\/\/fundicionesgomez.com\/fr\/wp-json\/wp\/v2\/media?parent=65557"}],"curies":[{"name":"wp","href":"https:\/\/api.w.org\/{rel}","templated":true}]}}