{"id":2429,"date":"2017-10-20T19:14:22","date_gmt":"2017-10-20T19:14:23","guid":{"rendered":"http:\/\/test.lulango.es\/fgomez\/?post_type=product&#038;p=2429"},"modified":"2018-04-10T13:35:37","modified_gmt":"2018-04-10T13:35:37","slug":"probeta-para-ensayo-de-tracci-n-12x111x-8-2","status":"publish","type":"product","link":"https:\/\/fundicionesgomez.com\/en\/producto\/probeta-para-ensayo-de-tracci-n-12x111x-8-2\/","title":{"rendered":"Probeta para ensayo de TRACCI\u00d3N \u00d812x111x\u00d88"},"content":{"rendered":"","protected":false},"excerpt":{"rendered":"","protected":false},"featured_media":69220,"template":"","meta":[],"product_brand":[221],"product_cat":[144,186],"product_tag":[],"class_list":{"0":"post-2429","1":"product","2":"type-product","3":"status-publish","4":"has-post-thumbnail","6":"product_brand-fundiciones-gomez","7":"product_cat-test-specimens","8":"product_cat-specimen-for-tensile-testing","10":"first","11":"instock","12":"taxable","13":"shipping-taxable","14":"purchasable","15":"product-type-variable"},"yoast_head":"<!-- This site is optimized with the Yoast SEO plugin v27.1.1 - https:\/\/yoast.com\/product\/yoast-seo-wordpress\/ -->\n<title>Probeta para ensayo de TRACCI\u00d3N \u00d812x111x\u00d88 - Fundiciones G\u00f3mez<\/title>\n<meta name=\"robots\" content=\"index, follow, max-snippet:-1, max-image-preview:large, max-video-preview:-1\" \/>\n<link rel=\"canonical\" href=\"https:\/\/fundicionesgomez.com\/en\/producto\/probeta-para-ensayo-de-tracci-n-12x111x-8-2\/\" \/>\n<meta property=\"og:locale\" content=\"en_US\" \/>\n<meta property=\"og:type\" content=\"article\" \/>\n<meta property=\"og:title\" content=\"Probeta para ensayo de TRACCI\u00d3N \u00d812x111x\u00d88 - Fundiciones G\u00f3mez\" \/>\n<meta property=\"og:url\" content=\"https:\/\/fundicionesgomez.com\/en\/producto\/probeta-para-ensayo-de-tracci-n-12x111x-8-2\/\" \/>\n<meta property=\"og:site_name\" content=\"Fundiciones G\u00f3mez\" \/>\n<meta property=\"article:modified_time\" content=\"2018-04-10T13:35:37+00:00\" \/>\n<meta property=\"og:image\" content=\"https:\/\/fundicionesgomez.com\/web\/wp-content\/uploads\/2017\/10\/traccionO12x111xO8_foto.jpg\" \/>\n\t<meta property=\"og:image:width\" content=\"420\" \/>\n\t<meta property=\"og:image:height\" content=\"420\" \/>\n\t<meta property=\"og:image:type\" content=\"image\/jpeg\" \/>\n<meta name=\"twitter:card\" content=\"summary_large_image\" \/>\n<script type=\"application\/ld+json\" class=\"yoast-schema-graph\">{\"@context\":\"https:\/\/schema.org\",\"@graph\":[{\"@type\":\"WebPage\",\"@id\":\"https:\/\/fundicionesgomez.com\/en\/producto\/probeta-para-ensayo-de-tracci-n-12x111x-8-2\/\",\"url\":\"https:\/\/fundicionesgomez.com\/en\/producto\/probeta-para-ensayo-de-tracci-n-12x111x-8-2\/\",\"name\":\"Probeta para ensayo de TRACCI\u00d3N \u00d812x111x\u00d88 - Fundiciones G\u00f3mez\",\"isPartOf\":{\"@id\":\"https:\/\/fundicionesgomez.com\/#website\"},\"primaryImageOfPage\":{\"@id\":\"https:\/\/fundicionesgomez.com\/en\/producto\/probeta-para-ensayo-de-tracci-n-12x111x-8-2\/#primaryimage\"},\"image\":{\"@id\":\"https:\/\/fundicionesgomez.com\/en\/producto\/probeta-para-ensayo-de-tracci-n-12x111x-8-2\/#primaryimage\"},\"thumbnailUrl\":\"https:\/\/fundicionesgomez.com\/web\/wp-content\/uploads\/2017\/10\/traccionO12x111xO8_foto.jpg\",\"datePublished\":\"2017-10-20T19:14:23+00:00\",\"dateModified\":\"2018-04-10T13:35:37+00:00\",\"breadcrumb\":{\"@id\":\"https:\/\/fundicionesgomez.com\/en\/producto\/probeta-para-ensayo-de-tracci-n-12x111x-8-2\/#breadcrumb\"},\"inLanguage\":\"en-US\",\"potentialAction\":[{\"@type\":\"ReadAction\",\"target\":[\"https:\/\/fundicionesgomez.com\/en\/producto\/probeta-para-ensayo-de-tracci-n-12x111x-8-2\/\"]}]},{\"@type\":\"ImageObject\",\"inLanguage\":\"en-US\",\"@id\":\"https:\/\/fundicionesgomez.com\/en\/producto\/probeta-para-ensayo-de-tracci-n-12x111x-8-2\/#primaryimage\",\"url\":\"https:\/\/fundicionesgomez.com\/web\/wp-content\/uploads\/2017\/10\/traccionO12x111xO8_foto.jpg\",\"contentUrl\":\"https:\/\/fundicionesgomez.com\/web\/wp-content\/uploads\/2017\/10\/traccionO12x111xO8_foto.jpg\",\"width\":420,\"height\":420},{\"@type\":\"BreadcrumbList\",\"@id\":\"https:\/\/fundicionesgomez.com\/en\/producto\/probeta-para-ensayo-de-tracci-n-12x111x-8-2\/#breadcrumb\",\"itemListElement\":[{\"@type\":\"ListItem\",\"position\":1,\"name\":\"Portada\",\"item\":\"https:\/\/fundicionesgomez.com\/en\/\"},{\"@type\":\"ListItem\",\"position\":2,\"name\":\"Productos\",\"item\":\"https:\/\/fundicionesgomez.com\/shop\/\"},{\"@type\":\"ListItem\",\"position\":3,\"name\":\"Probeta para ensayo de TRACCI\u00d3N \u00d812x111x\u00d88\"}]},{\"@type\":\"WebSite\",\"@id\":\"https:\/\/fundicionesgomez.com\/#website\",\"url\":\"https:\/\/fundicionesgomez.com\/\",\"name\":\"Fundiciones G\u00f3mez\",\"description\":\"piezas para la construcci\u00f3n, talleres met\u00e1licos, herrajes, sector del mueble, autom\u00f3vil, trabajos especiales, bajo plano...\",\"potentialAction\":[{\"@type\":\"SearchAction\",\"target\":{\"@type\":\"EntryPoint\",\"urlTemplate\":\"https:\/\/fundicionesgomez.com\/?s={search_term_string}\"},\"query-input\":{\"@type\":\"PropertyValueSpecification\",\"valueRequired\":true,\"valueName\":\"search_term_string\"}}],\"inLanguage\":\"en-US\"}]}<\/script>\n<!-- \/ Yoast SEO plugin. -->","yoast_head_json":{"title":"Probeta para ensayo de TRACCI\u00d3N \u00d812x111x\u00d88 - Fundiciones G\u00f3mez","robots":{"index":"index","follow":"follow","max-snippet":"max-snippet:-1","max-image-preview":"max-image-preview:large","max-video-preview":"max-video-preview:-1"},"canonical":"https:\/\/fundicionesgomez.com\/en\/producto\/probeta-para-ensayo-de-tracci-n-12x111x-8-2\/","og_locale":"en_US","og_type":"article","og_title":"Probeta para ensayo de TRACCI\u00d3N \u00d812x111x\u00d88 - Fundiciones G\u00f3mez","og_url":"https:\/\/fundicionesgomez.com\/en\/producto\/probeta-para-ensayo-de-tracci-n-12x111x-8-2\/","og_site_name":"Fundiciones G\u00f3mez","article_modified_time":"2018-04-10T13:35:37+00:00","og_image":[{"width":420,"height":420,"url":"https:\/\/fundicionesgomez.com\/web\/wp-content\/uploads\/2017\/10\/traccionO12x111xO8_foto.jpg","type":"image\/jpeg"}],"twitter_card":"summary_large_image","schema":{"@context":"https:\/\/schema.org","@graph":[{"@type":"WebPage","@id":"https:\/\/fundicionesgomez.com\/en\/producto\/probeta-para-ensayo-de-tracci-n-12x111x-8-2\/","url":"https:\/\/fundicionesgomez.com\/en\/producto\/probeta-para-ensayo-de-tracci-n-12x111x-8-2\/","name":"Probeta para ensayo de TRACCI\u00d3N \u00d812x111x\u00d88 - Fundiciones G\u00f3mez","isPartOf":{"@id":"https:\/\/fundicionesgomez.com\/#website"},"primaryImageOfPage":{"@id":"https:\/\/fundicionesgomez.com\/en\/producto\/probeta-para-ensayo-de-tracci-n-12x111x-8-2\/#primaryimage"},"image":{"@id":"https:\/\/fundicionesgomez.com\/en\/producto\/probeta-para-ensayo-de-tracci-n-12x111x-8-2\/#primaryimage"},"thumbnailUrl":"https:\/\/fundicionesgomez.com\/web\/wp-content\/uploads\/2017\/10\/traccionO12x111xO8_foto.jpg","datePublished":"2017-10-20T19:14:23+00:00","dateModified":"2018-04-10T13:35:37+00:00","breadcrumb":{"@id":"https:\/\/fundicionesgomez.com\/en\/producto\/probeta-para-ensayo-de-tracci-n-12x111x-8-2\/#breadcrumb"},"inLanguage":"en-US","potentialAction":[{"@type":"ReadAction","target":["https:\/\/fundicionesgomez.com\/en\/producto\/probeta-para-ensayo-de-tracci-n-12x111x-8-2\/"]}]},{"@type":"ImageObject","inLanguage":"en-US","@id":"https:\/\/fundicionesgomez.com\/en\/producto\/probeta-para-ensayo-de-tracci-n-12x111x-8-2\/#primaryimage","url":"https:\/\/fundicionesgomez.com\/web\/wp-content\/uploads\/2017\/10\/traccionO12x111xO8_foto.jpg","contentUrl":"https:\/\/fundicionesgomez.com\/web\/wp-content\/uploads\/2017\/10\/traccionO12x111xO8_foto.jpg","width":420,"height":420},{"@type":"BreadcrumbList","@id":"https:\/\/fundicionesgomez.com\/en\/producto\/probeta-para-ensayo-de-tracci-n-12x111x-8-2\/#breadcrumb","itemListElement":[{"@type":"ListItem","position":1,"name":"Portada","item":"https:\/\/fundicionesgomez.com\/en\/"},{"@type":"ListItem","position":2,"name":"Productos","item":"https:\/\/fundicionesgomez.com\/shop\/"},{"@type":"ListItem","position":3,"name":"Probeta para ensayo de TRACCI\u00d3N \u00d812x111x\u00d88"}]},{"@type":"WebSite","@id":"https:\/\/fundicionesgomez.com\/#website","url":"https:\/\/fundicionesgomez.com\/","name":"Fundiciones G\u00f3mez","description":"piezas para la construcci\u00f3n, talleres met\u00e1licos, herrajes, sector del mueble, autom\u00f3vil, trabajos especiales, bajo plano...","potentialAction":[{"@type":"SearchAction","target":{"@type":"EntryPoint","urlTemplate":"https:\/\/fundicionesgomez.com\/?s={search_term_string}"},"query-input":{"@type":"PropertyValueSpecification","valueRequired":true,"valueName":"search_term_string"}}],"inLanguage":"en-US"}]}},"_links":{"self":[{"href":"https:\/\/fundicionesgomez.com\/en\/wp-json\/wp\/v2\/product\/2429","targetHints":{"allow":["GET"]}}],"collection":[{"href":"https:\/\/fundicionesgomez.com\/en\/wp-json\/wp\/v2\/product"}],"about":[{"href":"https:\/\/fundicionesgomez.com\/en\/wp-json\/wp\/v2\/types\/product"}],"wp:featuredmedia":[{"embeddable":true,"href":"https:\/\/fundicionesgomez.com\/en\/wp-json\/wp\/v2\/media\/69220"}],"wp:attachment":[{"href":"https:\/\/fundicionesgomez.com\/en\/wp-json\/wp\/v2\/media?parent=2429"}],"wp:term":[{"taxonomy":"product_brand","embeddable":true,"href":"https:\/\/fundicionesgomez.com\/en\/wp-json\/wp\/v2\/product_brand?post=2429"},{"taxonomy":"product_cat","embeddable":true,"href":"https:\/\/fundicionesgomez.com\/en\/wp-json\/wp\/v2\/product_cat?post=2429"},{"taxonomy":"product_tag","embeddable":true,"href":"https:\/\/fundicionesgomez.com\/en\/wp-json\/wp\/v2\/product_tag?post=2429"}],"curies":[{"name":"wp","href":"https:\/\/api.w.org\/{rel}","templated":true}]}}