{"id":1709,"date":"2017-10-20T19:13:32","date_gmt":"2017-10-20T19:13:33","guid":{"rendered":"http:\/\/test.lulango.es\/fgomez\/?post_type=product&#038;p=1709"},"modified":"2018-04-09T10:24:54","modified_gmt":"2018-04-09T10:24:54","slug":"handrail-bracket-iron-chemical-fixing","status":"publish","type":"product","link":"https:\/\/fundicionesgomez.com\/en\/producto\/handrail-bracket-iron-chemical-fixing\/","title":{"rendered":"Handrail Bracket Iron (chemical fixing)"},"content":{"rendered":"<p>&#8211; Bracket arm: \u00d810mm (material: F-1)<br \/>\n&#8211; Platte \u00d846 x 2 mm<br \/>\n&#8211; Anchor system: chemical fixing<\/p>\n<p>Remember that we can produce brackets with other dimensions upon request. Send ud your query via <a href=\"https:\/\/test.lulango.es\/fgomez\/en\/contact\/\">the contact form<\/a> and we&#8217;ll make you a free estimation.<\/p>\n","protected":false},"excerpt":{"rendered":"<p>To anchor with the aid of chemical fixing.<\/p>\n","protected":false},"featured_media":67884,"template":"","meta":[],"product_brand":[221],"product_cat":[168],"product_tag":[],"class_list":{"0":"post-1709","1":"product","2":"type-product","3":"status-publish","4":"has-post-thumbnail","6":"product_brand-fundiciones-gomez","7":"product_cat-iron-products","9":"first","10":"instock","11":"taxable","12":"shipping-taxable","13":"purchasable","14":"product-type-simple"},"yoast_head":"<!-- This site is optimized with the Yoast SEO plugin v27.1.1 - https:\/\/yoast.com\/product\/yoast-seo-wordpress\/ -->\n<title>Handrail Bracket Iron (chemical fixing) - Fundiciones G\u00f3mez<\/title>\n<meta name=\"robots\" content=\"index, follow, max-snippet:-1, max-image-preview:large, max-video-preview:-1\" \/>\n<link rel=\"canonical\" href=\"https:\/\/fundicionesgomez.com\/en\/producto\/handrail-bracket-iron-chemical-fixing\/\" \/>\n<meta property=\"og:locale\" content=\"en_US\" \/>\n<meta property=\"og:type\" content=\"article\" \/>\n<meta property=\"og:title\" content=\"Handrail Bracket Iron (chemical fixing) - Fundiciones G\u00f3mez\" \/>\n<meta property=\"og:description\" content=\"To anchor with the aid of chemical fixing.\" \/>\n<meta property=\"og:url\" content=\"https:\/\/fundicionesgomez.com\/en\/producto\/handrail-bracket-iron-chemical-fixing\/\" \/>\n<meta property=\"og:site_name\" content=\"Fundiciones G\u00f3mez\" \/>\n<meta property=\"article:modified_time\" content=\"2018-04-09T10:24:54+00:00\" \/>\n<meta property=\"og:image\" content=\"https:\/\/fundicionesgomez.com\/web\/wp-content\/uploads\/2017\/10\/soporte-pasamanos-taco-quim.jpg\" \/>\n\t<meta property=\"og:image:width\" content=\"454\" \/>\n\t<meta property=\"og:image:height\" content=\"454\" \/>\n\t<meta property=\"og:image:type\" content=\"image\/jpeg\" \/>\n<meta name=\"twitter:card\" content=\"summary_large_image\" \/>\n<script type=\"application\/ld+json\" class=\"yoast-schema-graph\">{\"@context\":\"https:\/\/schema.org\",\"@graph\":[{\"@type\":\"WebPage\",\"@id\":\"https:\/\/fundicionesgomez.com\/en\/producto\/handrail-bracket-iron-chemical-fixing\/\",\"url\":\"https:\/\/fundicionesgomez.com\/en\/producto\/handrail-bracket-iron-chemical-fixing\/\",\"name\":\"Handrail Bracket Iron (chemical fixing) - Fundiciones G\u00f3mez\",\"isPartOf\":{\"@id\":\"https:\/\/fundicionesgomez.com\/#website\"},\"primaryImageOfPage\":{\"@id\":\"https:\/\/fundicionesgomez.com\/en\/producto\/handrail-bracket-iron-chemical-fixing\/#primaryimage\"},\"image\":{\"@id\":\"https:\/\/fundicionesgomez.com\/en\/producto\/handrail-bracket-iron-chemical-fixing\/#primaryimage\"},\"thumbnailUrl\":\"https:\/\/fundicionesgomez.com\/web\/wp-content\/uploads\/2017\/10\/soporte-pasamanos-taco-quim.jpg\",\"datePublished\":\"2017-10-20T19:13:33+00:00\",\"dateModified\":\"2018-04-09T10:24:54+00:00\",\"breadcrumb\":{\"@id\":\"https:\/\/fundicionesgomez.com\/en\/producto\/handrail-bracket-iron-chemical-fixing\/#breadcrumb\"},\"inLanguage\":\"en-US\",\"potentialAction\":[{\"@type\":\"ReadAction\",\"target\":[\"https:\/\/fundicionesgomez.com\/en\/producto\/handrail-bracket-iron-chemical-fixing\/\"]}]},{\"@type\":\"ImageObject\",\"inLanguage\":\"en-US\",\"@id\":\"https:\/\/fundicionesgomez.com\/en\/producto\/handrail-bracket-iron-chemical-fixing\/#primaryimage\",\"url\":\"https:\/\/fundicionesgomez.com\/web\/wp-content\/uploads\/2017\/10\/soporte-pasamanos-taco-quim.jpg\",\"contentUrl\":\"https:\/\/fundicionesgomez.com\/web\/wp-content\/uploads\/2017\/10\/soporte-pasamanos-taco-quim.jpg\",\"width\":454,\"height\":454},{\"@type\":\"BreadcrumbList\",\"@id\":\"https:\/\/fundicionesgomez.com\/en\/producto\/handrail-bracket-iron-chemical-fixing\/#breadcrumb\",\"itemListElement\":[{\"@type\":\"ListItem\",\"position\":1,\"name\":\"Portada\",\"item\":\"https:\/\/fundicionesgomez.com\/en\/\"},{\"@type\":\"ListItem\",\"position\":2,\"name\":\"Productos\",\"item\":\"https:\/\/fundicionesgomez.com\/shop\/\"},{\"@type\":\"ListItem\",\"position\":3,\"name\":\"Handrail Bracket Iron (chemical fixing)\"}]},{\"@type\":\"WebSite\",\"@id\":\"https:\/\/fundicionesgomez.com\/#website\",\"url\":\"https:\/\/fundicionesgomez.com\/\",\"name\":\"Fundiciones G\u00f3mez\",\"description\":\"piezas para la construcci\u00f3n, talleres met\u00e1licos, herrajes, sector del mueble, autom\u00f3vil, trabajos especiales, bajo plano...\",\"potentialAction\":[{\"@type\":\"SearchAction\",\"target\":{\"@type\":\"EntryPoint\",\"urlTemplate\":\"https:\/\/fundicionesgomez.com\/?s={search_term_string}\"},\"query-input\":{\"@type\":\"PropertyValueSpecification\",\"valueRequired\":true,\"valueName\":\"search_term_string\"}}],\"inLanguage\":\"en-US\"}]}<\/script>\n<!-- \/ Yoast SEO plugin. -->","yoast_head_json":{"title":"Handrail Bracket Iron (chemical fixing) - Fundiciones G\u00f3mez","robots":{"index":"index","follow":"follow","max-snippet":"max-snippet:-1","max-image-preview":"max-image-preview:large","max-video-preview":"max-video-preview:-1"},"canonical":"https:\/\/fundicionesgomez.com\/en\/producto\/handrail-bracket-iron-chemical-fixing\/","og_locale":"en_US","og_type":"article","og_title":"Handrail Bracket Iron (chemical fixing) - Fundiciones G\u00f3mez","og_description":"To anchor with the aid of chemical fixing.","og_url":"https:\/\/fundicionesgomez.com\/en\/producto\/handrail-bracket-iron-chemical-fixing\/","og_site_name":"Fundiciones G\u00f3mez","article_modified_time":"2018-04-09T10:24:54+00:00","og_image":[{"width":454,"height":454,"url":"https:\/\/fundicionesgomez.com\/web\/wp-content\/uploads\/2017\/10\/soporte-pasamanos-taco-quim.jpg","type":"image\/jpeg"}],"twitter_card":"summary_large_image","schema":{"@context":"https:\/\/schema.org","@graph":[{"@type":"WebPage","@id":"https:\/\/fundicionesgomez.com\/en\/producto\/handrail-bracket-iron-chemical-fixing\/","url":"https:\/\/fundicionesgomez.com\/en\/producto\/handrail-bracket-iron-chemical-fixing\/","name":"Handrail Bracket Iron (chemical fixing) - Fundiciones G\u00f3mez","isPartOf":{"@id":"https:\/\/fundicionesgomez.com\/#website"},"primaryImageOfPage":{"@id":"https:\/\/fundicionesgomez.com\/en\/producto\/handrail-bracket-iron-chemical-fixing\/#primaryimage"},"image":{"@id":"https:\/\/fundicionesgomez.com\/en\/producto\/handrail-bracket-iron-chemical-fixing\/#primaryimage"},"thumbnailUrl":"https:\/\/fundicionesgomez.com\/web\/wp-content\/uploads\/2017\/10\/soporte-pasamanos-taco-quim.jpg","datePublished":"2017-10-20T19:13:33+00:00","dateModified":"2018-04-09T10:24:54+00:00","breadcrumb":{"@id":"https:\/\/fundicionesgomez.com\/en\/producto\/handrail-bracket-iron-chemical-fixing\/#breadcrumb"},"inLanguage":"en-US","potentialAction":[{"@type":"ReadAction","target":["https:\/\/fundicionesgomez.com\/en\/producto\/handrail-bracket-iron-chemical-fixing\/"]}]},{"@type":"ImageObject","inLanguage":"en-US","@id":"https:\/\/fundicionesgomez.com\/en\/producto\/handrail-bracket-iron-chemical-fixing\/#primaryimage","url":"https:\/\/fundicionesgomez.com\/web\/wp-content\/uploads\/2017\/10\/soporte-pasamanos-taco-quim.jpg","contentUrl":"https:\/\/fundicionesgomez.com\/web\/wp-content\/uploads\/2017\/10\/soporte-pasamanos-taco-quim.jpg","width":454,"height":454},{"@type":"BreadcrumbList","@id":"https:\/\/fundicionesgomez.com\/en\/producto\/handrail-bracket-iron-chemical-fixing\/#breadcrumb","itemListElement":[{"@type":"ListItem","position":1,"name":"Portada","item":"https:\/\/fundicionesgomez.com\/en\/"},{"@type":"ListItem","position":2,"name":"Productos","item":"https:\/\/fundicionesgomez.com\/shop\/"},{"@type":"ListItem","position":3,"name":"Handrail Bracket Iron (chemical fixing)"}]},{"@type":"WebSite","@id":"https:\/\/fundicionesgomez.com\/#website","url":"https:\/\/fundicionesgomez.com\/","name":"Fundiciones G\u00f3mez","description":"piezas para la construcci\u00f3n, talleres met\u00e1licos, herrajes, sector del mueble, autom\u00f3vil, trabajos especiales, bajo plano...","potentialAction":[{"@type":"SearchAction","target":{"@type":"EntryPoint","urlTemplate":"https:\/\/fundicionesgomez.com\/?s={search_term_string}"},"query-input":{"@type":"PropertyValueSpecification","valueRequired":true,"valueName":"search_term_string"}}],"inLanguage":"en-US"}]}},"_links":{"self":[{"href":"https:\/\/fundicionesgomez.com\/en\/wp-json\/wp\/v2\/product\/1709","targetHints":{"allow":["GET"]}}],"collection":[{"href":"https:\/\/fundicionesgomez.com\/en\/wp-json\/wp\/v2\/product"}],"about":[{"href":"https:\/\/fundicionesgomez.com\/en\/wp-json\/wp\/v2\/types\/product"}],"wp:featuredmedia":[{"embeddable":true,"href":"https:\/\/fundicionesgomez.com\/en\/wp-json\/wp\/v2\/media\/67884"}],"wp:attachment":[{"href":"https:\/\/fundicionesgomez.com\/en\/wp-json\/wp\/v2\/media?parent=1709"}],"wp:term":[{"taxonomy":"product_brand","embeddable":true,"href":"https:\/\/fundicionesgomez.com\/en\/wp-json\/wp\/v2\/product_brand?post=1709"},{"taxonomy":"product_cat","embeddable":true,"href":"https:\/\/fundicionesgomez.com\/en\/wp-json\/wp\/v2\/product_cat?post=1709"},{"taxonomy":"product_tag","embeddable":true,"href":"https:\/\/fundicionesgomez.com\/en\/wp-json\/wp\/v2\/product_tag?post=1709"}],"curies":[{"name":"wp","href":"https:\/\/api.w.org\/{rel}","templated":true}]}}