{"id":67226,"date":"2018-01-05T18:25:35","date_gmt":"2018-01-05T18:25:35","guid":{"rendered":"http:\/\/test.lulango.es\/fgomez\/piezas-para-la-construccion\/"},"modified":"2023-04-24T10:15:30","modified_gmt":"2023-04-24T10:15:30","slug":"parts-for-construction","status":"publish","type":"page","link":"https:\/\/fundicionesgomez.com\/en\/parts-for-construction\/","title":{"rendered":"Parts for Construction"},"content":{"rendered":"<div class=\"wpb-content-wrapper\"><p>[vc_row unlock_row=&#8221;&#8221; row_height_percent=&#8221;0&#8243; overlay_alpha=&#8221;50&#8243; gutter_size=&#8221;3&#8243; column_width_percent=&#8221;100&#8243; shift_y=&#8221;0&#8243; z_index=&#8221;0&#8243;][vc_column][vc_column_text uncode_shortcode_id=&#8221;863186&#8243;]Fabricamos bajo pedido piezas espec\u00edficas para las empresas de construcci\u00f3n: anclajes, escuadras, soportes para vigas, patillas de fijaci\u00f3n&#8230;<\/p>\n<p>P\u00f3ngase en contacto desde nuestro <a href=\"https:\/\/fundicionesgomez.com\/en\/contact\/\">formulario de contacto<\/a> y le haremos un presupuesto sin compromiso.[\/vc_column_text][vc_empty_space empty_h=&#8221;2&#8243;][vc_gallery el_id=&#8221;gallery-198516&#8243; type=&#8221;carousel&#8221; random=&#8221;yes&#8221; medias=&#8221;67187,67193,67199,67205,67211,67217&#8243; carousel_lg=&#8221;4&#8243; carousel_md=&#8221;3&#8243; carousel_sm=&#8221;1&#8243; gutter_size=&#8221;3&#8243; carousel_interval=&#8221;3000&#8243; carousel_navspeed=&#8221;400&#8243; stage_padding=&#8221;0&#8243; single_overlay_opacity=&#8221;50&#8243; single_padding=&#8221;2&#8243;][\/vc_column][\/vc_row]<\/p>\n<\/div>","protected":false},"excerpt":{"rendered":"<p>[vc_row unlock_row=&#8221;&#8221; row_height_percent=&#8221;0&#8243; overlay_alpha=&#8221;50&#8243; gutter_size=&#8221;3&#8243; column_width_percent=&#8221;100&#8243; shift_y=&#8221;0&#8243; z_index=&#8221;0&#8243;][vc_column][vc_column_text uncode_shortcode_id=&#8221;863186&#8243;]Fabricamos bajo pedido piezas espec\u00edficas para las empresas de construcci\u00f3n: anclajes, escuadras, [&hellip;]<\/p>\n","protected":false},"author":1,"featured_media":69165,"parent":0,"menu_order":0,"comment_status":"closed","ping_status":"closed","template":"","meta":{"footnotes":""},"class_list":["post-67226","page","type-page","status-publish","has-post-thumbnail","hentry"],"yoast_head":"<!-- This site is optimized with the Yoast SEO plugin v27.1.1 - https:\/\/yoast.com\/product\/yoast-seo-wordpress\/ -->\n<title>Parts for Construction - Fundiciones G\u00f3mez<\/title>\n<meta name=\"robots\" content=\"index, follow, max-snippet:-1, max-image-preview:large, max-video-preview:-1\" \/>\n<link rel=\"canonical\" href=\"https:\/\/fundicionesgomez.com\/en\/parts-for-construction\/\" \/>\n<meta property=\"og:locale\" content=\"en_US\" \/>\n<meta property=\"og:type\" content=\"article\" \/>\n<meta property=\"og:title\" content=\"Parts for Construction - Fundiciones G\u00f3mez\" \/>\n<meta property=\"og:description\" content=\"[vc_row unlock_row=&#8221;&#8221; row_height_percent=&#8221;0&#8243; overlay_alpha=&#8221;50&#8243; gutter_size=&#8221;3&#8243; column_width_percent=&#8221;100&#8243; shift_y=&#8221;0&#8243; z_index=&#8221;0&#8243;][vc_column][vc_column_text uncode_shortcode_id=&#8221;863186&#8243;]Fabricamos bajo pedido piezas espec\u00edficas para las empresas de construcci\u00f3n: anclajes, escuadras, [&hellip;]\" \/>\n<meta property=\"og:url\" content=\"https:\/\/fundicionesgomez.com\/en\/parts-for-construction\/\" \/>\n<meta property=\"og:site_name\" content=\"Fundiciones G\u00f3mez\" \/>\n<meta property=\"article:modified_time\" content=\"2023-04-24T10:15:30+00:00\" \/>\n<meta property=\"og:image\" content=\"https:\/\/fundicionesgomez.com\/web\/wp-content\/uploads\/2017\/10\/categoria_construccion.jpg\" \/>\n\t<meta property=\"og:image:width\" content=\"420\" \/>\n\t<meta property=\"og:image:height\" content=\"420\" \/>\n\t<meta property=\"og:image:type\" content=\"image\/jpeg\" \/>\n<meta name=\"twitter:card\" content=\"summary_large_image\" \/>\n<meta name=\"twitter:label1\" content=\"Est. reading time\" \/>\n\t<meta name=\"twitter:data1\" content=\"1 minute\" \/>\n<script type=\"application\/ld+json\" class=\"yoast-schema-graph\">{\"@context\":\"https:\/\/schema.org\",\"@graph\":[{\"@type\":\"WebPage\",\"@id\":\"https:\/\/fundicionesgomez.com\/en\/parts-for-construction\/\",\"url\":\"https:\/\/fundicionesgomez.com\/en\/parts-for-construction\/\",\"name\":\"Parts for Construction - Fundiciones G\u00f3mez\",\"isPartOf\":{\"@id\":\"https:\/\/fundicionesgomez.com\/#website\"},\"primaryImageOfPage\":{\"@id\":\"https:\/\/fundicionesgomez.com\/en\/parts-for-construction\/#primaryimage\"},\"image\":{\"@id\":\"https:\/\/fundicionesgomez.com\/en\/parts-for-construction\/#primaryimage\"},\"thumbnailUrl\":\"https:\/\/fundicionesgomez.com\/web\/wp-content\/uploads\/2017\/10\/categoria_construccion.jpg\",\"datePublished\":\"2018-01-05T18:25:35+00:00\",\"dateModified\":\"2023-04-24T10:15:30+00:00\",\"breadcrumb\":{\"@id\":\"https:\/\/fundicionesgomez.com\/en\/parts-for-construction\/#breadcrumb\"},\"inLanguage\":\"en-US\",\"potentialAction\":[{\"@type\":\"ReadAction\",\"target\":[\"https:\/\/fundicionesgomez.com\/en\/parts-for-construction\/\"]}]},{\"@type\":\"ImageObject\",\"inLanguage\":\"en-US\",\"@id\":\"https:\/\/fundicionesgomez.com\/en\/parts-for-construction\/#primaryimage\",\"url\":\"https:\/\/fundicionesgomez.com\/web\/wp-content\/uploads\/2017\/10\/categoria_construccion.jpg\",\"contentUrl\":\"https:\/\/fundicionesgomez.com\/web\/wp-content\/uploads\/2017\/10\/categoria_construccion.jpg\",\"width\":420,\"height\":420},{\"@type\":\"BreadcrumbList\",\"@id\":\"https:\/\/fundicionesgomez.com\/en\/parts-for-construction\/#breadcrumb\",\"itemListElement\":[{\"@type\":\"ListItem\",\"position\":1,\"name\":\"Portada\",\"item\":\"https:\/\/fundicionesgomez.com\/en\/\"},{\"@type\":\"ListItem\",\"position\":2,\"name\":\"Parts for Construction\"}]},{\"@type\":\"WebSite\",\"@id\":\"https:\/\/fundicionesgomez.com\/#website\",\"url\":\"https:\/\/fundicionesgomez.com\/\",\"name\":\"Fundiciones G\u00f3mez\",\"description\":\"piezas para la construcci\u00f3n, talleres met\u00e1licos, herrajes, sector del mueble, autom\u00f3vil, trabajos especiales, bajo plano...\",\"potentialAction\":[{\"@type\":\"SearchAction\",\"target\":{\"@type\":\"EntryPoint\",\"urlTemplate\":\"https:\/\/fundicionesgomez.com\/?s={search_term_string}\"},\"query-input\":{\"@type\":\"PropertyValueSpecification\",\"valueRequired\":true,\"valueName\":\"search_term_string\"}}],\"inLanguage\":\"en-US\"}]}<\/script>\n<!-- \/ Yoast SEO plugin. -->","yoast_head_json":{"title":"Parts for Construction - Fundiciones G\u00f3mez","robots":{"index":"index","follow":"follow","max-snippet":"max-snippet:-1","max-image-preview":"max-image-preview:large","max-video-preview":"max-video-preview:-1"},"canonical":"https:\/\/fundicionesgomez.com\/en\/parts-for-construction\/","og_locale":"en_US","og_type":"article","og_title":"Parts for Construction - Fundiciones G\u00f3mez","og_description":"[vc_row unlock_row=&#8221;&#8221; row_height_percent=&#8221;0&#8243; overlay_alpha=&#8221;50&#8243; gutter_size=&#8221;3&#8243; column_width_percent=&#8221;100&#8243; shift_y=&#8221;0&#8243; z_index=&#8221;0&#8243;][vc_column][vc_column_text uncode_shortcode_id=&#8221;863186&#8243;]Fabricamos bajo pedido piezas espec\u00edficas para las empresas de construcci\u00f3n: anclajes, escuadras, [&hellip;]","og_url":"https:\/\/fundicionesgomez.com\/en\/parts-for-construction\/","og_site_name":"Fundiciones G\u00f3mez","article_modified_time":"2023-04-24T10:15:30+00:00","og_image":[{"width":420,"height":420,"url":"https:\/\/fundicionesgomez.com\/web\/wp-content\/uploads\/2017\/10\/categoria_construccion.jpg","type":"image\/jpeg"}],"twitter_card":"summary_large_image","twitter_misc":{"Est. reading time":"1 minute"},"schema":{"@context":"https:\/\/schema.org","@graph":[{"@type":"WebPage","@id":"https:\/\/fundicionesgomez.com\/en\/parts-for-construction\/","url":"https:\/\/fundicionesgomez.com\/en\/parts-for-construction\/","name":"Parts for Construction - Fundiciones G\u00f3mez","isPartOf":{"@id":"https:\/\/fundicionesgomez.com\/#website"},"primaryImageOfPage":{"@id":"https:\/\/fundicionesgomez.com\/en\/parts-for-construction\/#primaryimage"},"image":{"@id":"https:\/\/fundicionesgomez.com\/en\/parts-for-construction\/#primaryimage"},"thumbnailUrl":"https:\/\/fundicionesgomez.com\/web\/wp-content\/uploads\/2017\/10\/categoria_construccion.jpg","datePublished":"2018-01-05T18:25:35+00:00","dateModified":"2023-04-24T10:15:30+00:00","breadcrumb":{"@id":"https:\/\/fundicionesgomez.com\/en\/parts-for-construction\/#breadcrumb"},"inLanguage":"en-US","potentialAction":[{"@type":"ReadAction","target":["https:\/\/fundicionesgomez.com\/en\/parts-for-construction\/"]}]},{"@type":"ImageObject","inLanguage":"en-US","@id":"https:\/\/fundicionesgomez.com\/en\/parts-for-construction\/#primaryimage","url":"https:\/\/fundicionesgomez.com\/web\/wp-content\/uploads\/2017\/10\/categoria_construccion.jpg","contentUrl":"https:\/\/fundicionesgomez.com\/web\/wp-content\/uploads\/2017\/10\/categoria_construccion.jpg","width":420,"height":420},{"@type":"BreadcrumbList","@id":"https:\/\/fundicionesgomez.com\/en\/parts-for-construction\/#breadcrumb","itemListElement":[{"@type":"ListItem","position":1,"name":"Portada","item":"https:\/\/fundicionesgomez.com\/en\/"},{"@type":"ListItem","position":2,"name":"Parts for Construction"}]},{"@type":"WebSite","@id":"https:\/\/fundicionesgomez.com\/#website","url":"https:\/\/fundicionesgomez.com\/","name":"Fundiciones G\u00f3mez","description":"piezas para la construcci\u00f3n, talleres met\u00e1licos, herrajes, sector del mueble, autom\u00f3vil, trabajos especiales, bajo plano...","potentialAction":[{"@type":"SearchAction","target":{"@type":"EntryPoint","urlTemplate":"https:\/\/fundicionesgomez.com\/?s={search_term_string}"},"query-input":{"@type":"PropertyValueSpecification","valueRequired":true,"valueName":"search_term_string"}}],"inLanguage":"en-US"}]}},"_links":{"self":[{"href":"https:\/\/fundicionesgomez.com\/en\/wp-json\/wp\/v2\/pages\/67226","targetHints":{"allow":["GET"]}}],"collection":[{"href":"https:\/\/fundicionesgomez.com\/en\/wp-json\/wp\/v2\/pages"}],"about":[{"href":"https:\/\/fundicionesgomez.com\/en\/wp-json\/wp\/v2\/types\/page"}],"author":[{"embeddable":true,"href":"https:\/\/fundicionesgomez.com\/en\/wp-json\/wp\/v2\/users\/1"}],"replies":[{"embeddable":true,"href":"https:\/\/fundicionesgomez.com\/en\/wp-json\/wp\/v2\/comments?post=67226"}],"version-history":[{"count":2,"href":"https:\/\/fundicionesgomez.com\/en\/wp-json\/wp\/v2\/pages\/67226\/revisions"}],"predecessor-version":[{"id":70061,"href":"https:\/\/fundicionesgomez.com\/en\/wp-json\/wp\/v2\/pages\/67226\/revisions\/70061"}],"wp:featuredmedia":[{"embeddable":true,"href":"https:\/\/fundicionesgomez.com\/en\/wp-json\/wp\/v2\/media\/69165"}],"wp:attachment":[{"href":"https:\/\/fundicionesgomez.com\/en\/wp-json\/wp\/v2\/media?parent=67226"}],"curies":[{"name":"wp","href":"https:\/\/api.w.org\/{rel}","templated":true}]}}