{"id":66766,"date":"2014-12-15T18:14:09","date_gmt":"2014-12-15T17:14:09","guid":{"rendered":"http:\/\/test.lulango.es\/fgomez\/contacto\/"},"modified":"2018-06-28T10:54:08","modified_gmt":"2018-06-28T10:54:08","slug":"contact","status":"publish","type":"page","link":"https:\/\/fundicionesgomez.com\/en\/contact\/","title":{"rendered":"Contact"},"content":{"rendered":"<div class=\"wpb-content-wrapper\"><p>[vc_row row_height_percent=&#8221;0&#8243; override_padding=&#8221;yes&#8221; h_padding=&#8221;2&#8243; top_padding=&#8221;5&#8243; bottom_padding=&#8221;5&#8243; overlay_alpha=&#8221;100&#8243; gutter_size=&#8221;100&#8243; column_width_percent=&#8221;100&#8243; shift_y=&#8221;0&#8243; z_index=&#8221;0&#8243; style=&#8221;inherited&#8221;][vc_column column_width_use_pixel=&#8221;yes&#8221; align_horizontal=&#8221;align_center&#8221; overlay_alpha=&#8221;100&#8243; gutter_size=&#8221;4&#8243; medium_width=&#8221;100&#8243; shift_x=&#8221;0&#8243; shift_y=&#8221;0&#8243; zoom_width=&#8221;0&#8243; zoom_height=&#8221;0&#8243; width=&#8221;1\/1&#8243; column_width_pixel=&#8221;1400&#8243;][vc_row_inner row_inner_height_percent=&#8221;0&#8243; overlay_alpha=&#8221;100&#8243; gutter_size=&#8221;3&#8243; shift_y=&#8221;0&#8243;][vc_column_inner column_width_percent=&#8221;100&#8243; align_horizontal=&#8221;align_center&#8221; gutter_size=&#8221;3&#8243; overlay_alpha=&#8221;100&#8243; medium_width=&#8221;3&#8243; shift_x=&#8221;0&#8243; shift_y=&#8221;0&#8243; zoom_width=&#8221;0&#8243; zoom_height=&#8221;0&#8243; width=&#8221;1\/3&#8243;][vc_icon icon=&#8221;fa fa-pencil2&#8243; icon_color=&#8221;color-rgdb&#8221; background_style=&#8221;fa-rounded&#8221; size=&#8221;fa-3x&#8221; heading_semantic=&#8221;h5&#8243; text_size=&#8221;h4&#8243; css_animation=&#8221;bottom-t-top&#8221; animation_delay=&#8221;600&#8243; title=&#8221;Producci\u00f3n&#8221; link=&#8221;|||&#8221;]Si necesitas informaci\u00f3n sobre alguna pieza especial o dudas sobre nuestro proceso de fabricaci\u00f3n[\/vc_icon][\/vc_column_inner][vc_column_inner column_width_percent=&#8221;100&#8243; align_horizontal=&#8221;align_center&#8221; gutter_size=&#8221;3&#8243; overlay_alpha=&#8221;100&#8243; medium_width=&#8221;3&#8243; shift_x=&#8221;0&#8243; shift_y=&#8221;0&#8243; zoom_width=&#8221;0&#8243; zoom_height=&#8221;0&#8243; width=&#8221;1\/3&#8243;][vc_icon icon=&#8221;fa fa-profile-male&#8221; icon_color=&#8221;color-rgdb&#8221; background_style=&#8221;fa-rounded&#8221; size=&#8221;fa-3x&#8221; heading_semantic=&#8221;h5&#8243; text_size=&#8221;h4&#8243; text_font=&#8221;font-762333&#8243; text_reduced=&#8221;yes&#8221; css_animation=&#8221;bottom-t-top&#8221; animation_delay=&#8221;600&#8243; title=&#8221;Comercial&#8221; link=&#8221;|||&#8221;]Consulta condiciones para grandes pedidos o preguntas relacionadas con productos mostrados en esta p\u00e1gina[\/vc_icon][\/vc_column_inner][vc_column_inner column_width_percent=&#8221;100&#8243; align_horizontal=&#8221;align_center&#8221; gutter_size=&#8221;3&#8243; overlay_alpha=&#8221;100&#8243; medium_width=&#8221;3&#8243; shift_x=&#8221;0&#8243; shift_y=&#8221;0&#8243; zoom_width=&#8221;0&#8243; zoom_height=&#8221;0&#8243; width=&#8221;1\/3&#8243;][vc_icon icon=&#8221;fa fa-map-pin&#8221; icon_color=&#8221;color-rgdb&#8221; background_style=&#8221;fa-rounded&#8221; size=&#8221;fa-3x&#8221; heading_semantic=&#8221;h5&#8243; text_size=&#8221;h4&#8243; text_font=&#8221;font-762333&#8243; text_reduced=&#8221;yes&#8221; css_animation=&#8221;bottom-t-top&#8221; animation_delay=&#8221;800&#8243; title=&#8221;El Taller&#8221; link=&#8221;|||&#8221;]c\/El Chozo, 2 pab. 2 (Pol. Ind. La Portalada)<br \/>\n&#8211; 26006 Logro\u00f1o &#8211; LA RIOJA (Espa\u00f1a)[\/vc_icon][\/vc_column_inner][\/vc_row_inner][\/vc_column][\/vc_row][vc_row unlock_row_content=&#8221;yes&#8221; row_height_percent=&#8221;60&#8243; override_padding=&#8221;yes&#8221; h_padding=&#8221;0&#8243; top_padding=&#8221;0&#8243; bottom_padding=&#8221;0&#8243; overlay_alpha=&#8221;100&#8243; gutter_size=&#8221;3&#8243; shift_y=&#8221;0&#8243;][vc_column column_width_percent=&#8221;100&#8243; position_horizontal=&#8221;left&#8221; expand_height=&#8221;yes&#8221; overlay_alpha=&#8221;100&#8243; gutter_size=&#8221;3&#8243; medium_width=&#8221;0&#8243; shift_x=&#8221;0&#8243; shift_y=&#8221;0&#8243; zoom_width=&#8221;0&#8243; zoom_height=&#8221;0&#8243; width=&#8221;1\/1&#8243; mobile_height=&#8221;250&#8243;][vc_gmaps map_color=&#8221;accent&#8221; ui_color=&#8221;color-rgdb&#8221; zoom=&#8221;13&#8243; map_saturation=&#8221;-20&#8243; map_brightness=&#8221;0&#8243; latlon=&#8221;42.456433, -2.41373,15&#8243;][\/vc_column][\/vc_row][vc_row row_height_percent=&#8221;0&#8243; override_padding=&#8221;yes&#8221; h_padding=&#8221;2&#8243; top_padding=&#8221;5&#8243; bottom_padding=&#8221;5&#8243; overlay_alpha=&#8221;100&#8243; gutter_size=&#8221;100&#8243; shift_y=&#8221;0&#8243; style=&#8221;inherited&#8221;][vc_column column_width_use_pixel=&#8221;yes&#8221; align_horizontal=&#8221;align_center&#8221; overlay_alpha=&#8221;100&#8243; gutter_size=&#8221;4&#8243; medium_width=&#8221;100&#8243; shift_x=&#8221;0&#8243; shift_y=&#8221;0&#8243; z_index=&#8221;0&#8243; zoom_width=&#8221;0&#8243; zoom_height=&#8221;0&#8243; width=&#8221;1\/1&#8243; column_width_pixel=&#8221;1000&#8243;][vc_row_inner row_inner_height_percent=&#8221;0&#8243; overlay_alpha=&#8221;100&#8243; gutter_size=&#8221;3&#8243; shift_y=&#8221;0&#8243;][vc_column_inner column_width_use_pixel=&#8221;yes&#8221; align_horizontal=&#8221;align_center&#8221; gutter_size=&#8221;3&#8243; font_family=&#8221;font-134980&#8243; overlay_alpha=&#8221;100&#8243; medium_width=&#8221;0&#8243; shift_x=&#8221;0&#8243; shift_y=&#8221;0&#8243; zoom_width=&#8221;0&#8243; zoom_height=&#8221;0&#8243; width=&#8221;1\/1&#8243; column_width_pixel=&#8221;700&#8243;][vc_custom_heading heading_semantic=&#8221;h1&#8243; text_size=&#8221;h1&#8243; text_font=&#8221;font-762333&#8243; separator=&#8221;yes&#8221; separator_color=&#8221;yes&#8221; sub_lead=&#8221;yes&#8221; text_align=&#8221;text-center&#8221; subheading=&#8221;If you want to send us a message, simply complete all the fields marked * and click &#8220;Send&#8220;.&#8221;]Write us[\/vc_custom_heading][\/vc_column_inner][\/vc_row_inner]\n<div class=\"wpcf7 no-js\" id=\"wpcf7-f31132-o1\" lang=\"en-US\" dir=\"ltr\" data-wpcf7-id=\"31132\">\n<div class=\"screen-reader-response\"><p role=\"status\" aria-live=\"polite\" aria-atomic=\"true\"><\/p> <ul><\/ul><\/div>\n<form action=\"\/en\/wp-json\/wp\/v2\/pages\/66766#wpcf7-f31132-o1\" method=\"post\" class=\"wpcf7-form init\" aria-label=\"Contact form\" enctype=\"multipart\/form-data\" novalidate=\"novalidate\" data-status=\"init\">\n<fieldset class=\"hidden-fields-container\"><input type=\"hidden\" name=\"_wpcf7\" value=\"31132\" \/><input type=\"hidden\" name=\"_wpcf7_version\" value=\"6.1.5\" \/><input type=\"hidden\" name=\"_wpcf7_locale\" value=\"en_US\" \/><input type=\"hidden\" name=\"_wpcf7_unit_tag\" value=\"wpcf7-f31132-o1\" \/><input type=\"hidden\" name=\"_wpcf7_container_post\" value=\"0\" \/><input type=\"hidden\" name=\"_wpcf7_posted_data_hash\" value=\"\" \/><input type=\"hidden\" name=\"_wpcf7_recaptcha_response\" value=\"\" \/>\n<\/fieldset>\n<p><span class=\"wpcf7-form-control-wrap\" data-name=\"your-fullname\"><input size=\"40\" maxlength=\"400\" class=\"wpcf7-form-control wpcf7-text wpcf7-validates-as-required form-fluid\" aria-required=\"true\" aria-invalid=\"false\" placeholder=\"Nombre y Apellidos*\" value=\"\" type=\"text\" name=\"your-fullname\" \/><\/span>\n<\/p>\n<div class=\"wpcf7-inline-wrapper\">\n\t<p class=\"wpcf7-inline-field\"><span class=\"wpcf7-form-control-wrap\" data-name=\"your-email\"><input size=\"40\" maxlength=\"400\" class=\"wpcf7-form-control wpcf7-email wpcf7-validates-as-required wpcf7-text wpcf7-validates-as-email\" aria-required=\"true\" aria-invalid=\"false\" placeholder=\"Email*\" value=\"\" type=\"email\" name=\"your-email\" \/><\/span>\n\t<\/p>\n\t<p class=\"wpcf7-inline-field\"><span class=\"wpcf7-form-control-wrap\" data-name=\"text-291\"><input size=\"40\" maxlength=\"400\" class=\"wpcf7-form-control wpcf7-text\" aria-invalid=\"false\" placeholder=\"Empresa\" value=\"\" type=\"text\" name=\"text-291\" \/><\/span>\n\t<\/p>\n<\/div>\n<div class=\"wpcf7-inline-wrapper\">\n\t<p class=\"wpcf7-inline-field\"><span class=\"wpcf7-form-control-wrap\" data-name=\"tel-484\"><input size=\"40\" maxlength=\"400\" class=\"wpcf7-form-control wpcf7-tel wpcf7-text wpcf7-validates-as-tel\" aria-invalid=\"false\" placeholder=\"Tel\u00e9fono\" value=\"\" type=\"tel\" name=\"tel-484\" \/><\/span>\n\t<\/p>\n\t<p class=\"wpcf7-inline-field\"><span class=\"wpcf7-form-control-wrap\" data-name=\"menu-640\"><select class=\"wpcf7-form-control wpcf7-select\" aria-invalid=\"false\" name=\"menu-640\"><option value=\"Selecciona una opci\u00f3n\">Selecciona una opci\u00f3n<\/option><option value=\"Dudas con el pedido\">Dudas con el pedido<\/option><option value=\"Piezas a medida\">Piezas a medida<\/option><option value=\"Presupuesto\">Presupuesto<\/option><\/select><\/span>\n\t<\/p>\n\t<p class=\"wpcf7-inline-field\" style=\"font-size:13px; text-align:left;\">Si indica su n\u00famero de tel\u00e9fono, estaremos encantados de llamarle.\n\t<\/p>\n<\/div>\n<p><span class=\"wpcf7-form-control-wrap\" data-name=\"your-message\"><textarea cols=\"40\" rows=\"8\" maxlength=\"2000\" class=\"wpcf7-form-control wpcf7-textarea\" aria-invalid=\"false\" placeholder=\"Mensaje\" name=\"your-message\"><\/textarea><\/span>\n<\/p>\n<p style=\"font-size:13px; text-align:left;\">Si necesita enviarnos alg\u00fan plano adj\u00fantelo aqu\u00ed <span class=\"wpcf7-form-control-wrap\" data-name=\"file-765\"><input size=\"40\" class=\"wpcf7-form-control wpcf7-file\" accept=\".pdf,.gif,.png,.jpg,.jpeg\" aria-invalid=\"false\" type=\"file\" name=\"file-765\" \/><\/span>\n<\/p>\n<p style=\"font-size:10px; text-align:left;\"\">Conforme al RGPD y la LOPDGDD, FUNDICIONES GOMEZ SA tratar\u00e1 los datos facilitados, con la finalidad de contestar las dudas y\/o quejas planteadas a trav\u00e9s del presente formulario y facilitar la informaci\u00f3n solicitada. Siempre que nos lo autorice previamente, enviaremos informaci\u00f3n relacionada con los productos ofrecidos por FUNDICIONES GOMEZ SA. Podr\u00e1 ejercer, si lo desea, los derechos de acceso, rectificaci\u00f3n, supresi\u00f3n, y dem\u00e1s reconocidos en la normativa mencionada. Para obtener m\u00e1s informaci\u00f3n acerca de c\u00f3mo estamos tratando sus datos, acceda a nuestra <a href=\"https:\/\/fundicionesgomez.com\/politica-de-privacidad\/\"><u> pol\u00edtica de privacidad<\/u><\/a>\n<\/p>\n<p style=\"font-size:11px; text-align:left;\"><span class=\"wpcf7-form-control-wrap\" data-name=\"acceptance-537\"><span class=\"wpcf7-form-control wpcf7-acceptance\"><span class=\"wpcf7-list-item\"><input type=\"checkbox\" name=\"acceptance-537\" value=\"1\" aria-invalid=\"false\" \/><\/span><\/span><\/span>ENTIENDO Y ACEPTO el tratamiento de mis datos tal y como se describe anteriormente y se explica con mayor detalle en la <a href=\"https:\/\/fundicionesgomez.com\/politica-de-privacidad\/\"><u>Pol\u00edtica de Privacidad.<\/u><\/a> (Su negativa a facilitarnos la autorizaci\u00f3n implicar\u00e1 la imposibilidad de tratar sus datos con la finalidad indicada)\n<\/p>\n<p style=\"font-size:11px; text-align:left;\"><span class=\"wpcf7-form-control-wrap\" data-name=\"acceptance-360\"><span class=\"wpcf7-form-control wpcf7-acceptance optional\"><span class=\"wpcf7-list-item\"><input type=\"checkbox\" name=\"acceptance-360\" value=\"1\" aria-invalid=\"false\" \/><\/span><\/span><\/span> ENTIENDO Y ACEPTO recibir informaci\u00f3n en los t\u00e9rminos arriba indicados sobre los productos\/servicios de FUNDICIONES GOMEZ SA.(Su negativa a facilitarnos la autorizaci\u00f3n implicar\u00e1 la imposibilidad de enviarle informaci\u00f3n comercial por parte de la entidad).\n<\/p>\n<p align=\"center\">\n\n<\/p>\n<p><input class=\"wpcf7-form-control wpcf7-submit has-spinner bEnviarssbtn-accent btn-circle\" type=\"submit\" value=\"Enviar\" \/>\n<\/p><div class=\"wpcf7-response-output\" aria-hidden=\"true\"><\/div>\n<\/form>\n<\/div>\n[\/vc_column][\/vc_row]<\/p>\n<\/div>","protected":false},"excerpt":{"rendered":"<p>If you&#8217;d like to discuss working with us, find out more about the range of services we have to offer, or just want to have a chat, please get in touch.<\/p>\n","protected":false},"author":1,"featured_media":0,"parent":0,"menu_order":0,"comment_status":"closed","ping_status":"closed","template":"","meta":{"footnotes":""},"class_list":["post-66766","page","type-page","status-publish","hentry"],"yoast_head":"<!-- This site is optimized with the Yoast SEO plugin v27.1.1 - https:\/\/yoast.com\/product\/yoast-seo-wordpress\/ -->\n<title>Contact - Fundiciones G\u00f3mez<\/title>\n<meta name=\"robots\" content=\"index, follow, max-snippet:-1, max-image-preview:large, max-video-preview:-1\" \/>\n<link rel=\"canonical\" href=\"https:\/\/fundicionesgomez.com\/en\/contact\/\" \/>\n<meta property=\"og:locale\" content=\"en_US\" \/>\n<meta property=\"og:type\" content=\"article\" \/>\n<meta property=\"og:title\" content=\"Contact - Fundiciones G\u00f3mez\" \/>\n<meta property=\"og:description\" content=\"If you&#039;d like to discuss working with us, find out more about the range of services we have to offer, or just want to have a chat, please get in touch.\" \/>\n<meta property=\"og:url\" content=\"https:\/\/fundicionesgomez.com\/en\/contact\/\" \/>\n<meta property=\"og:site_name\" content=\"Fundiciones G\u00f3mez\" \/>\n<meta property=\"article:modified_time\" content=\"2018-06-28T10:54:08+00:00\" \/>\n<meta name=\"twitter:card\" content=\"summary_large_image\" \/>\n<meta name=\"twitter:label1\" content=\"Est. reading time\" \/>\n\t<meta name=\"twitter:data1\" content=\"3 minutes\" \/>\n<script type=\"application\/ld+json\" class=\"yoast-schema-graph\">{\"@context\":\"https:\/\/schema.org\",\"@graph\":[{\"@type\":\"WebPage\",\"@id\":\"https:\/\/fundicionesgomez.com\/en\/contact\/\",\"url\":\"https:\/\/fundicionesgomez.com\/en\/contact\/\",\"name\":\"Contact - Fundiciones G\u00f3mez\",\"isPartOf\":{\"@id\":\"https:\/\/fundicionesgomez.com\/#website\"},\"datePublished\":\"2014-12-15T17:14:09+00:00\",\"dateModified\":\"2018-06-28T10:54:08+00:00\",\"breadcrumb\":{\"@id\":\"https:\/\/fundicionesgomez.com\/en\/contact\/#breadcrumb\"},\"inLanguage\":\"en-US\",\"potentialAction\":[{\"@type\":\"ReadAction\",\"target\":[\"https:\/\/fundicionesgomez.com\/en\/contact\/\"]}]},{\"@type\":\"BreadcrumbList\",\"@id\":\"https:\/\/fundicionesgomez.com\/en\/contact\/#breadcrumb\",\"itemListElement\":[{\"@type\":\"ListItem\",\"position\":1,\"name\":\"Portada\",\"item\":\"https:\/\/fundicionesgomez.com\/en\/\"},{\"@type\":\"ListItem\",\"position\":2,\"name\":\"Contact\"}]},{\"@type\":\"WebSite\",\"@id\":\"https:\/\/fundicionesgomez.com\/#website\",\"url\":\"https:\/\/fundicionesgomez.com\/\",\"name\":\"Fundiciones G\u00f3mez\",\"description\":\"piezas para la construcci\u00f3n, talleres met\u00e1licos, herrajes, sector del mueble, autom\u00f3vil, trabajos especiales, bajo plano...\",\"potentialAction\":[{\"@type\":\"SearchAction\",\"target\":{\"@type\":\"EntryPoint\",\"urlTemplate\":\"https:\/\/fundicionesgomez.com\/?s={search_term_string}\"},\"query-input\":{\"@type\":\"PropertyValueSpecification\",\"valueRequired\":true,\"valueName\":\"search_term_string\"}}],\"inLanguage\":\"en-US\"}]}<\/script>\n<!-- \/ Yoast SEO plugin. -->","yoast_head_json":{"title":"Contact - Fundiciones G\u00f3mez","robots":{"index":"index","follow":"follow","max-snippet":"max-snippet:-1","max-image-preview":"max-image-preview:large","max-video-preview":"max-video-preview:-1"},"canonical":"https:\/\/fundicionesgomez.com\/en\/contact\/","og_locale":"en_US","og_type":"article","og_title":"Contact - Fundiciones G\u00f3mez","og_description":"If you'd like to discuss working with us, find out more about the range of services we have to offer, or just want to have a chat, please get in touch.","og_url":"https:\/\/fundicionesgomez.com\/en\/contact\/","og_site_name":"Fundiciones G\u00f3mez","article_modified_time":"2018-06-28T10:54:08+00:00","twitter_card":"summary_large_image","twitter_misc":{"Est. reading time":"3 minutes"},"schema":{"@context":"https:\/\/schema.org","@graph":[{"@type":"WebPage","@id":"https:\/\/fundicionesgomez.com\/en\/contact\/","url":"https:\/\/fundicionesgomez.com\/en\/contact\/","name":"Contact - Fundiciones G\u00f3mez","isPartOf":{"@id":"https:\/\/fundicionesgomez.com\/#website"},"datePublished":"2014-12-15T17:14:09+00:00","dateModified":"2018-06-28T10:54:08+00:00","breadcrumb":{"@id":"https:\/\/fundicionesgomez.com\/en\/contact\/#breadcrumb"},"inLanguage":"en-US","potentialAction":[{"@type":"ReadAction","target":["https:\/\/fundicionesgomez.com\/en\/contact\/"]}]},{"@type":"BreadcrumbList","@id":"https:\/\/fundicionesgomez.com\/en\/contact\/#breadcrumb","itemListElement":[{"@type":"ListItem","position":1,"name":"Portada","item":"https:\/\/fundicionesgomez.com\/en\/"},{"@type":"ListItem","position":2,"name":"Contact"}]},{"@type":"WebSite","@id":"https:\/\/fundicionesgomez.com\/#website","url":"https:\/\/fundicionesgomez.com\/","name":"Fundiciones G\u00f3mez","description":"piezas para la construcci\u00f3n, talleres met\u00e1licos, herrajes, sector del mueble, autom\u00f3vil, trabajos especiales, bajo plano...","potentialAction":[{"@type":"SearchAction","target":{"@type":"EntryPoint","urlTemplate":"https:\/\/fundicionesgomez.com\/?s={search_term_string}"},"query-input":{"@type":"PropertyValueSpecification","valueRequired":true,"valueName":"search_term_string"}}],"inLanguage":"en-US"}]}},"_links":{"self":[{"href":"https:\/\/fundicionesgomez.com\/en\/wp-json\/wp\/v2\/pages\/66766","targetHints":{"allow":["GET"]}}],"collection":[{"href":"https:\/\/fundicionesgomez.com\/en\/wp-json\/wp\/v2\/pages"}],"about":[{"href":"https:\/\/fundicionesgomez.com\/en\/wp-json\/wp\/v2\/types\/page"}],"author":[{"embeddable":true,"href":"https:\/\/fundicionesgomez.com\/en\/wp-json\/wp\/v2\/users\/1"}],"replies":[{"embeddable":true,"href":"https:\/\/fundicionesgomez.com\/en\/wp-json\/wp\/v2\/comments?post=66766"}],"version-history":[{"count":4,"href":"https:\/\/fundicionesgomez.com\/en\/wp-json\/wp\/v2\/pages\/66766\/revisions"}],"predecessor-version":[{"id":69579,"href":"https:\/\/fundicionesgomez.com\/en\/wp-json\/wp\/v2\/pages\/66766\/revisions\/69579"}],"wp:attachment":[{"href":"https:\/\/fundicionesgomez.com\/en\/wp-json\/wp\/v2\/media?parent=66766"}],"curies":[{"name":"wp","href":"https:\/\/api.w.org\/{rel}","templated":true}]}}