{"id":2177,"date":"2017-10-20T19:14:08","date_gmt":"2017-10-20T19:14:08","guid":{"rendered":"http:\/\/test.lulango.es\/fgomez\/?post_type=product&#038;p=2177"},"modified":"2018-04-10T11:09:37","modified_gmt":"2018-04-10T11:09:37","slug":"abdeckrosette-fur-rohr-edelstahl","status":"publish","type":"product","link":"https:\/\/fundicionesgomez.com\/de\/producto\/abdeckrosette-fur-rohr-edelstahl\/","title":{"rendered":"Abdeckrosette f\u00fcr Rohr Edelstahl"},"content":{"rendered":"","protected":false},"excerpt":{"rendered":"<p>W\u00e4hlen Sie die Rosette je nach dem Durchmesser des Rohres.<\/p>\n","protected":false},"featured_media":2178,"template":"","meta":[],"product_brand":[221],"product_cat":[133,175],"product_tag":[],"class_list":{"0":"post-2177","1":"product","2":"type-product","3":"status-publish","4":"has-post-thumbnail","6":"product_brand-fundiciones-gomez","7":"product_cat-handlauftrager","8":"product_cat-edelstahlprodukte","10":"first","11":"instock","12":"taxable","13":"shipping-taxable","14":"purchasable","15":"product-type-variable"},"yoast_head":"<!-- This site is optimized with the Yoast SEO plugin v27.1.1 - https:\/\/yoast.com\/product\/yoast-seo-wordpress\/ -->\n<title>Abdeckrosette f\u00fcr Rohr Edelstahl - Fundiciones G\u00f3mez<\/title>\n<meta name=\"robots\" content=\"index, follow, max-snippet:-1, max-image-preview:large, max-video-preview:-1\" \/>\n<link rel=\"canonical\" href=\"https:\/\/fundicionesgomez.com\/de\/producto\/abdeckrosette-fur-rohr-edelstahl\/\" \/>\n<meta property=\"og:locale\" content=\"de_DE\" \/>\n<meta property=\"og:type\" content=\"article\" \/>\n<meta property=\"og:title\" content=\"Abdeckrosette f\u00fcr Rohr Edelstahl - Fundiciones G\u00f3mez\" \/>\n<meta property=\"og:description\" content=\"W\u00e4hlen Sie die Rosette je nach dem Durchmesser des Rohres.\" \/>\n<meta property=\"og:url\" content=\"https:\/\/fundicionesgomez.com\/de\/producto\/abdeckrosette-fur-rohr-edelstahl\/\" \/>\n<meta property=\"og:site_name\" content=\"Fundiciones G\u00f3mez\" \/>\n<meta property=\"article:modified_time\" content=\"2018-04-10T11:09:37+00:00\" \/>\n<meta property=\"og:image\" content=\"https:\/\/fundicionesgomez.com\/web\/wp-content\/uploads\/2012\/01\/p-2177-p-2175-p-2173-KT01114b.jpg\" \/>\n\t<meta property=\"og:image:width\" content=\"396\" \/>\n\t<meta property=\"og:image:height\" content=\"336\" \/>\n\t<meta property=\"og:image:type\" content=\"image\/jpeg\" \/>\n<meta name=\"twitter:card\" content=\"summary_large_image\" \/>\n<script type=\"application\/ld+json\" class=\"yoast-schema-graph\">{\"@context\":\"https:\/\/schema.org\",\"@graph\":[{\"@type\":\"WebPage\",\"@id\":\"https:\/\/fundicionesgomez.com\/de\/producto\/abdeckrosette-fur-rohr-edelstahl\/\",\"url\":\"https:\/\/fundicionesgomez.com\/de\/producto\/abdeckrosette-fur-rohr-edelstahl\/\",\"name\":\"Abdeckrosette f\u00fcr Rohr Edelstahl - Fundiciones G\u00f3mez\",\"isPartOf\":{\"@id\":\"https:\/\/fundicionesgomez.com\/#website\"},\"primaryImageOfPage\":{\"@id\":\"https:\/\/fundicionesgomez.com\/de\/producto\/abdeckrosette-fur-rohr-edelstahl\/#primaryimage\"},\"image\":{\"@id\":\"https:\/\/fundicionesgomez.com\/de\/producto\/abdeckrosette-fur-rohr-edelstahl\/#primaryimage\"},\"thumbnailUrl\":\"https:\/\/fundicionesgomez.com\/web\/wp-content\/uploads\/2012\/01\/p-2177-p-2175-p-2173-KT01114b.jpg\",\"datePublished\":\"2017-10-20T19:14:08+00:00\",\"dateModified\":\"2018-04-10T11:09:37+00:00\",\"breadcrumb\":{\"@id\":\"https:\/\/fundicionesgomez.com\/de\/producto\/abdeckrosette-fur-rohr-edelstahl\/#breadcrumb\"},\"inLanguage\":\"de\",\"potentialAction\":[{\"@type\":\"ReadAction\",\"target\":[\"https:\/\/fundicionesgomez.com\/de\/producto\/abdeckrosette-fur-rohr-edelstahl\/\"]}]},{\"@type\":\"ImageObject\",\"inLanguage\":\"de\",\"@id\":\"https:\/\/fundicionesgomez.com\/de\/producto\/abdeckrosette-fur-rohr-edelstahl\/#primaryimage\",\"url\":\"https:\/\/fundicionesgomez.com\/web\/wp-content\/uploads\/2012\/01\/p-2177-p-2175-p-2173-KT01114b.jpg\",\"contentUrl\":\"https:\/\/fundicionesgomez.com\/web\/wp-content\/uploads\/2012\/01\/p-2177-p-2175-p-2173-KT01114b.jpg\",\"width\":396,\"height\":336},{\"@type\":\"BreadcrumbList\",\"@id\":\"https:\/\/fundicionesgomez.com\/de\/producto\/abdeckrosette-fur-rohr-edelstahl\/#breadcrumb\",\"itemListElement\":[{\"@type\":\"ListItem\",\"position\":1,\"name\":\"Portada\",\"item\":\"https:\/\/fundicionesgomez.com\/de\/\"},{\"@type\":\"ListItem\",\"position\":2,\"name\":\"Productos\",\"item\":\"https:\/\/fundicionesgomez.com\/shop\/\"},{\"@type\":\"ListItem\",\"position\":3,\"name\":\"Abdeckrosette f\u00fcr Rohr Edelstahl\"}]},{\"@type\":\"WebSite\",\"@id\":\"https:\/\/fundicionesgomez.com\/#website\",\"url\":\"https:\/\/fundicionesgomez.com\/\",\"name\":\"Fundiciones G\u00f3mez\",\"description\":\"piezas para la construcci\u00f3n, talleres met\u00e1licos, herrajes, sector del mueble, autom\u00f3vil, trabajos especiales, bajo plano...\",\"potentialAction\":[{\"@type\":\"SearchAction\",\"target\":{\"@type\":\"EntryPoint\",\"urlTemplate\":\"https:\/\/fundicionesgomez.com\/?s={search_term_string}\"},\"query-input\":{\"@type\":\"PropertyValueSpecification\",\"valueRequired\":true,\"valueName\":\"search_term_string\"}}],\"inLanguage\":\"de\"}]}<\/script>\n<!-- \/ Yoast SEO plugin. -->","yoast_head_json":{"title":"Abdeckrosette f\u00fcr Rohr Edelstahl - Fundiciones G\u00f3mez","robots":{"index":"index","follow":"follow","max-snippet":"max-snippet:-1","max-image-preview":"max-image-preview:large","max-video-preview":"max-video-preview:-1"},"canonical":"https:\/\/fundicionesgomez.com\/de\/producto\/abdeckrosette-fur-rohr-edelstahl\/","og_locale":"de_DE","og_type":"article","og_title":"Abdeckrosette f\u00fcr Rohr Edelstahl - Fundiciones G\u00f3mez","og_description":"W\u00e4hlen Sie die Rosette je nach dem Durchmesser des Rohres.","og_url":"https:\/\/fundicionesgomez.com\/de\/producto\/abdeckrosette-fur-rohr-edelstahl\/","og_site_name":"Fundiciones G\u00f3mez","article_modified_time":"2018-04-10T11:09:37+00:00","og_image":[{"width":396,"height":336,"url":"https:\/\/fundicionesgomez.com\/web\/wp-content\/uploads\/2012\/01\/p-2177-p-2175-p-2173-KT01114b.jpg","type":"image\/jpeg"}],"twitter_card":"summary_large_image","schema":{"@context":"https:\/\/schema.org","@graph":[{"@type":"WebPage","@id":"https:\/\/fundicionesgomez.com\/de\/producto\/abdeckrosette-fur-rohr-edelstahl\/","url":"https:\/\/fundicionesgomez.com\/de\/producto\/abdeckrosette-fur-rohr-edelstahl\/","name":"Abdeckrosette f\u00fcr Rohr Edelstahl - Fundiciones G\u00f3mez","isPartOf":{"@id":"https:\/\/fundicionesgomez.com\/#website"},"primaryImageOfPage":{"@id":"https:\/\/fundicionesgomez.com\/de\/producto\/abdeckrosette-fur-rohr-edelstahl\/#primaryimage"},"image":{"@id":"https:\/\/fundicionesgomez.com\/de\/producto\/abdeckrosette-fur-rohr-edelstahl\/#primaryimage"},"thumbnailUrl":"https:\/\/fundicionesgomez.com\/web\/wp-content\/uploads\/2012\/01\/p-2177-p-2175-p-2173-KT01114b.jpg","datePublished":"2017-10-20T19:14:08+00:00","dateModified":"2018-04-10T11:09:37+00:00","breadcrumb":{"@id":"https:\/\/fundicionesgomez.com\/de\/producto\/abdeckrosette-fur-rohr-edelstahl\/#breadcrumb"},"inLanguage":"de","potentialAction":[{"@type":"ReadAction","target":["https:\/\/fundicionesgomez.com\/de\/producto\/abdeckrosette-fur-rohr-edelstahl\/"]}]},{"@type":"ImageObject","inLanguage":"de","@id":"https:\/\/fundicionesgomez.com\/de\/producto\/abdeckrosette-fur-rohr-edelstahl\/#primaryimage","url":"https:\/\/fundicionesgomez.com\/web\/wp-content\/uploads\/2012\/01\/p-2177-p-2175-p-2173-KT01114b.jpg","contentUrl":"https:\/\/fundicionesgomez.com\/web\/wp-content\/uploads\/2012\/01\/p-2177-p-2175-p-2173-KT01114b.jpg","width":396,"height":336},{"@type":"BreadcrumbList","@id":"https:\/\/fundicionesgomez.com\/de\/producto\/abdeckrosette-fur-rohr-edelstahl\/#breadcrumb","itemListElement":[{"@type":"ListItem","position":1,"name":"Portada","item":"https:\/\/fundicionesgomez.com\/de\/"},{"@type":"ListItem","position":2,"name":"Productos","item":"https:\/\/fundicionesgomez.com\/shop\/"},{"@type":"ListItem","position":3,"name":"Abdeckrosette f\u00fcr Rohr Edelstahl"}]},{"@type":"WebSite","@id":"https:\/\/fundicionesgomez.com\/#website","url":"https:\/\/fundicionesgomez.com\/","name":"Fundiciones G\u00f3mez","description":"piezas para la construcci\u00f3n, talleres met\u00e1licos, herrajes, sector del mueble, autom\u00f3vil, trabajos especiales, bajo plano...","potentialAction":[{"@type":"SearchAction","target":{"@type":"EntryPoint","urlTemplate":"https:\/\/fundicionesgomez.com\/?s={search_term_string}"},"query-input":{"@type":"PropertyValueSpecification","valueRequired":true,"valueName":"search_term_string"}}],"inLanguage":"de"}]}},"_links":{"self":[{"href":"https:\/\/fundicionesgomez.com\/de\/wp-json\/wp\/v2\/product\/2177","targetHints":{"allow":["GET"]}}],"collection":[{"href":"https:\/\/fundicionesgomez.com\/de\/wp-json\/wp\/v2\/product"}],"about":[{"href":"https:\/\/fundicionesgomez.com\/de\/wp-json\/wp\/v2\/types\/product"}],"wp:featuredmedia":[{"embeddable":true,"href":"https:\/\/fundicionesgomez.com\/de\/wp-json\/wp\/v2\/media\/2178"}],"wp:attachment":[{"href":"https:\/\/fundicionesgomez.com\/de\/wp-json\/wp\/v2\/media?parent=2177"}],"wp:term":[{"taxonomy":"product_brand","embeddable":true,"href":"https:\/\/fundicionesgomez.com\/de\/wp-json\/wp\/v2\/product_brand?post=2177"},{"taxonomy":"product_cat","embeddable":true,"href":"https:\/\/fundicionesgomez.com\/de\/wp-json\/wp\/v2\/product_cat?post=2177"},{"taxonomy":"product_tag","embeddable":true,"href":"https:\/\/fundicionesgomez.com\/de\/wp-json\/wp\/v2\/product_tag?post=2177"}],"curies":[{"name":"wp","href":"https:\/\/api.w.org\/{rel}","templated":true}]}}