{"id":1899,"date":"2017-10-20T19:13:45","date_gmt":"2017-10-20T19:13:47","guid":{"rendered":"http:\/\/test.lulango.es\/fgomez\/?post_type=product&#038;p=1899"},"modified":"2018-04-09T11:37:31","modified_gmt":"2018-04-09T11:37:31","slug":"handlauftrager-edelstahl-mit-handlaufschale-abdeckrosette","status":"publish","type":"product","link":"https:\/\/fundicionesgomez.com\/de\/producto\/handlauftrager-edelstahl-mit-handlaufschale-abdeckrosette\/","title":{"rendered":"Handlauftr\u00e4ger Edelstahl mit Handlaufschale + Abdeckrosette"},"content":{"rendered":"<p>Wir k\u00f6nnen Handlauftr\u00e4ger mit anderen Abmessungen auf Anfrage herstellen. Senden Sie uns Ihre Anfrage \u00fcber das <a href=\"https:\/\/test.lulango.es\/fgomez\/de\/kontakt\/\">Kontaktformular<\/a>\u00a0und wir werden Ihnen ein kostenloses Angebot schicken.<\/p>\n","protected":false},"excerpt":{"rendered":"<p>W\u00e4hlen Sie zwischen zwei Gr\u00f6\u00dfen, in denen wir die Handlauftr\u00e4ger herstellen.<\/p>\n","protected":false},"featured_media":69114,"template":"","meta":[],"product_brand":[221],"product_cat":[133,175],"product_tag":[],"class_list":{"0":"post-1899","1":"product","2":"type-product","3":"status-publish","4":"has-post-thumbnail","6":"product_brand-fundiciones-gomez","7":"product_cat-handlauftrager","8":"product_cat-edelstahlprodukte","10":"first","11":"instock","12":"taxable","13":"shipping-taxable","14":"purchasable","15":"product-type-variable"},"yoast_head":"<!-- This site is optimized with the Yoast SEO plugin v27.1.1 - https:\/\/yoast.com\/product\/yoast-seo-wordpress\/ -->\n<title>Handlauftr\u00e4ger Edelstahl mit Handlaufschale + Abdeckrosette - Fundiciones G\u00f3mez<\/title>\n<meta name=\"robots\" content=\"index, follow, max-snippet:-1, max-image-preview:large, max-video-preview:-1\" \/>\n<link rel=\"canonical\" href=\"https:\/\/fundicionesgomez.com\/de\/producto\/handlauftrager-edelstahl-mit-handlaufschale-abdeckrosette\/\" \/>\n<meta property=\"og:locale\" content=\"de_DE\" \/>\n<meta property=\"og:type\" content=\"article\" \/>\n<meta property=\"og:title\" content=\"Handlauftr\u00e4ger Edelstahl mit Handlaufschale + Abdeckrosette - Fundiciones G\u00f3mez\" \/>\n<meta property=\"og:description\" content=\"W\u00e4hlen Sie zwischen zwei Gr\u00f6\u00dfen, in denen wir die Handlauftr\u00e4ger herstellen.\" \/>\n<meta property=\"og:url\" content=\"https:\/\/fundicionesgomez.com\/de\/producto\/handlauftrager-edelstahl-mit-handlaufschale-abdeckrosette\/\" \/>\n<meta property=\"og:site_name\" content=\"Fundiciones G\u00f3mez\" \/>\n<meta property=\"article:modified_time\" content=\"2018-04-09T11:37:31+00:00\" \/>\n<meta property=\"og:image\" content=\"https:\/\/fundicionesgomez.com\/web\/wp-content\/uploads\/2017\/10\/soporte-mensula-embellecedor.jpg\" \/>\n\t<meta property=\"og:image:width\" content=\"420\" \/>\n\t<meta property=\"og:image:height\" content=\"420\" \/>\n\t<meta property=\"og:image:type\" content=\"image\/jpeg\" \/>\n<meta name=\"twitter:card\" content=\"summary_large_image\" \/>\n<script type=\"application\/ld+json\" class=\"yoast-schema-graph\">{\"@context\":\"https:\/\/schema.org\",\"@graph\":[{\"@type\":\"WebPage\",\"@id\":\"https:\/\/fundicionesgomez.com\/de\/producto\/handlauftrager-edelstahl-mit-handlaufschale-abdeckrosette\/\",\"url\":\"https:\/\/fundicionesgomez.com\/de\/producto\/handlauftrager-edelstahl-mit-handlaufschale-abdeckrosette\/\",\"name\":\"Handlauftr\u00e4ger Edelstahl mit Handlaufschale + Abdeckrosette - Fundiciones G\u00f3mez\",\"isPartOf\":{\"@id\":\"https:\/\/fundicionesgomez.com\/#website\"},\"primaryImageOfPage\":{\"@id\":\"https:\/\/fundicionesgomez.com\/de\/producto\/handlauftrager-edelstahl-mit-handlaufschale-abdeckrosette\/#primaryimage\"},\"image\":{\"@id\":\"https:\/\/fundicionesgomez.com\/de\/producto\/handlauftrager-edelstahl-mit-handlaufschale-abdeckrosette\/#primaryimage\"},\"thumbnailUrl\":\"https:\/\/fundicionesgomez.com\/web\/wp-content\/uploads\/2017\/10\/soporte-mensula-embellecedor.jpg\",\"datePublished\":\"2017-10-20T19:13:47+00:00\",\"dateModified\":\"2018-04-09T11:37:31+00:00\",\"breadcrumb\":{\"@id\":\"https:\/\/fundicionesgomez.com\/de\/producto\/handlauftrager-edelstahl-mit-handlaufschale-abdeckrosette\/#breadcrumb\"},\"inLanguage\":\"de\",\"potentialAction\":[{\"@type\":\"ReadAction\",\"target\":[\"https:\/\/fundicionesgomez.com\/de\/producto\/handlauftrager-edelstahl-mit-handlaufschale-abdeckrosette\/\"]}]},{\"@type\":\"ImageObject\",\"inLanguage\":\"de\",\"@id\":\"https:\/\/fundicionesgomez.com\/de\/producto\/handlauftrager-edelstahl-mit-handlaufschale-abdeckrosette\/#primaryimage\",\"url\":\"https:\/\/fundicionesgomez.com\/web\/wp-content\/uploads\/2017\/10\/soporte-mensula-embellecedor.jpg\",\"contentUrl\":\"https:\/\/fundicionesgomez.com\/web\/wp-content\/uploads\/2017\/10\/soporte-mensula-embellecedor.jpg\",\"width\":420,\"height\":420},{\"@type\":\"BreadcrumbList\",\"@id\":\"https:\/\/fundicionesgomez.com\/de\/producto\/handlauftrager-edelstahl-mit-handlaufschale-abdeckrosette\/#breadcrumb\",\"itemListElement\":[{\"@type\":\"ListItem\",\"position\":1,\"name\":\"Portada\",\"item\":\"https:\/\/fundicionesgomez.com\/de\/\"},{\"@type\":\"ListItem\",\"position\":2,\"name\":\"Productos\",\"item\":\"https:\/\/fundicionesgomez.com\/shop\/\"},{\"@type\":\"ListItem\",\"position\":3,\"name\":\"Handlauftr\u00e4ger Edelstahl mit Handlaufschale + Abdeckrosette\"}]},{\"@type\":\"WebSite\",\"@id\":\"https:\/\/fundicionesgomez.com\/#website\",\"url\":\"https:\/\/fundicionesgomez.com\/\",\"name\":\"Fundiciones G\u00f3mez\",\"description\":\"piezas para la construcci\u00f3n, talleres met\u00e1licos, herrajes, sector del mueble, autom\u00f3vil, trabajos especiales, bajo plano...\",\"potentialAction\":[{\"@type\":\"SearchAction\",\"target\":{\"@type\":\"EntryPoint\",\"urlTemplate\":\"https:\/\/fundicionesgomez.com\/?s={search_term_string}\"},\"query-input\":{\"@type\":\"PropertyValueSpecification\",\"valueRequired\":true,\"valueName\":\"search_term_string\"}}],\"inLanguage\":\"de\"}]}<\/script>\n<!-- \/ Yoast SEO plugin. -->","yoast_head_json":{"title":"Handlauftr\u00e4ger Edelstahl mit Handlaufschale + Abdeckrosette - Fundiciones G\u00f3mez","robots":{"index":"index","follow":"follow","max-snippet":"max-snippet:-1","max-image-preview":"max-image-preview:large","max-video-preview":"max-video-preview:-1"},"canonical":"https:\/\/fundicionesgomez.com\/de\/producto\/handlauftrager-edelstahl-mit-handlaufschale-abdeckrosette\/","og_locale":"de_DE","og_type":"article","og_title":"Handlauftr\u00e4ger Edelstahl mit Handlaufschale + Abdeckrosette - Fundiciones G\u00f3mez","og_description":"W\u00e4hlen Sie zwischen zwei Gr\u00f6\u00dfen, in denen wir die Handlauftr\u00e4ger herstellen.","og_url":"https:\/\/fundicionesgomez.com\/de\/producto\/handlauftrager-edelstahl-mit-handlaufschale-abdeckrosette\/","og_site_name":"Fundiciones G\u00f3mez","article_modified_time":"2018-04-09T11:37:31+00:00","og_image":[{"width":420,"height":420,"url":"https:\/\/fundicionesgomez.com\/web\/wp-content\/uploads\/2017\/10\/soporte-mensula-embellecedor.jpg","type":"image\/jpeg"}],"twitter_card":"summary_large_image","schema":{"@context":"https:\/\/schema.org","@graph":[{"@type":"WebPage","@id":"https:\/\/fundicionesgomez.com\/de\/producto\/handlauftrager-edelstahl-mit-handlaufschale-abdeckrosette\/","url":"https:\/\/fundicionesgomez.com\/de\/producto\/handlauftrager-edelstahl-mit-handlaufschale-abdeckrosette\/","name":"Handlauftr\u00e4ger Edelstahl mit Handlaufschale + Abdeckrosette - Fundiciones G\u00f3mez","isPartOf":{"@id":"https:\/\/fundicionesgomez.com\/#website"},"primaryImageOfPage":{"@id":"https:\/\/fundicionesgomez.com\/de\/producto\/handlauftrager-edelstahl-mit-handlaufschale-abdeckrosette\/#primaryimage"},"image":{"@id":"https:\/\/fundicionesgomez.com\/de\/producto\/handlauftrager-edelstahl-mit-handlaufschale-abdeckrosette\/#primaryimage"},"thumbnailUrl":"https:\/\/fundicionesgomez.com\/web\/wp-content\/uploads\/2017\/10\/soporte-mensula-embellecedor.jpg","datePublished":"2017-10-20T19:13:47+00:00","dateModified":"2018-04-09T11:37:31+00:00","breadcrumb":{"@id":"https:\/\/fundicionesgomez.com\/de\/producto\/handlauftrager-edelstahl-mit-handlaufschale-abdeckrosette\/#breadcrumb"},"inLanguage":"de","potentialAction":[{"@type":"ReadAction","target":["https:\/\/fundicionesgomez.com\/de\/producto\/handlauftrager-edelstahl-mit-handlaufschale-abdeckrosette\/"]}]},{"@type":"ImageObject","inLanguage":"de","@id":"https:\/\/fundicionesgomez.com\/de\/producto\/handlauftrager-edelstahl-mit-handlaufschale-abdeckrosette\/#primaryimage","url":"https:\/\/fundicionesgomez.com\/web\/wp-content\/uploads\/2017\/10\/soporte-mensula-embellecedor.jpg","contentUrl":"https:\/\/fundicionesgomez.com\/web\/wp-content\/uploads\/2017\/10\/soporte-mensula-embellecedor.jpg","width":420,"height":420},{"@type":"BreadcrumbList","@id":"https:\/\/fundicionesgomez.com\/de\/producto\/handlauftrager-edelstahl-mit-handlaufschale-abdeckrosette\/#breadcrumb","itemListElement":[{"@type":"ListItem","position":1,"name":"Portada","item":"https:\/\/fundicionesgomez.com\/de\/"},{"@type":"ListItem","position":2,"name":"Productos","item":"https:\/\/fundicionesgomez.com\/shop\/"},{"@type":"ListItem","position":3,"name":"Handlauftr\u00e4ger Edelstahl mit Handlaufschale + Abdeckrosette"}]},{"@type":"WebSite","@id":"https:\/\/fundicionesgomez.com\/#website","url":"https:\/\/fundicionesgomez.com\/","name":"Fundiciones G\u00f3mez","description":"piezas para la construcci\u00f3n, talleres met\u00e1licos, herrajes, sector del mueble, autom\u00f3vil, trabajos especiales, bajo plano...","potentialAction":[{"@type":"SearchAction","target":{"@type":"EntryPoint","urlTemplate":"https:\/\/fundicionesgomez.com\/?s={search_term_string}"},"query-input":{"@type":"PropertyValueSpecification","valueRequired":true,"valueName":"search_term_string"}}],"inLanguage":"de"}]}},"_links":{"self":[{"href":"https:\/\/fundicionesgomez.com\/de\/wp-json\/wp\/v2\/product\/1899","targetHints":{"allow":["GET"]}}],"collection":[{"href":"https:\/\/fundicionesgomez.com\/de\/wp-json\/wp\/v2\/product"}],"about":[{"href":"https:\/\/fundicionesgomez.com\/de\/wp-json\/wp\/v2\/types\/product"}],"wp:featuredmedia":[{"embeddable":true,"href":"https:\/\/fundicionesgomez.com\/de\/wp-json\/wp\/v2\/media\/69114"}],"wp:attachment":[{"href":"https:\/\/fundicionesgomez.com\/de\/wp-json\/wp\/v2\/media?parent=1899"}],"wp:term":[{"taxonomy":"product_brand","embeddable":true,"href":"https:\/\/fundicionesgomez.com\/de\/wp-json\/wp\/v2\/product_brand?post=1899"},{"taxonomy":"product_cat","embeddable":true,"href":"https:\/\/fundicionesgomez.com\/de\/wp-json\/wp\/v2\/product_cat?post=1899"},{"taxonomy":"product_tag","embeddable":true,"href":"https:\/\/fundicionesgomez.com\/de\/wp-json\/wp\/v2\/product_tag?post=1899"}],"curies":[{"name":"wp","href":"https:\/\/api.w.org\/{rel}","templated":true}]}}