{"id":1671,"date":"2017-10-20T19:13:30","date_gmt":"2017-10-20T19:13:31","guid":{"rendered":"http:\/\/test.lulango.es\/fgomez\/?post_type=product&#038;p=1671"},"modified":"2017-10-20T19:13:31","modified_gmt":"2017-10-20T19:13:31","slug":"ronden","status":"publish","type":"product","link":"https:\/\/fundicionesgomez.com\/de\/producto\/ronden\/","title":{"rendered":"Ronden"},"content":{"rendered":"<p>&nbsp;<\/p>\n<p><font size=\"3\" face=\"Arial, Verdana, Helvetica\">Ronden sind in verschiedenen Durchmessern und Blechst\u00e4rken hergestellt. Fragen Sie uns \u00fcber das <a href=\"?ObjectPath=Categories\/ContactForm\">Kontakt-Formular<\/a>.<br \/><\/font><\/p>\n<p><font size=\"3\" face=\"Arial, Verdana, Helvetica\"><br \/><\/font><\/p>\n<p>\n<font size=\"3\"><\/font><font face=\"Arial, Verdana, Helvetica\">Hergestellt aus <b>Eisen <\/b>und <b>Edelstahl <\/b>(auch <b>Messing <\/b>und <b>Kupfer<\/b>)<\/font><\/p>\n<p>&nbsp;<\/p>\n<p><font size=\"3\" face=\"Arial, Verdana, Helvetica\"><br \/>\n<\/font><\/p>\n<table style=\"border: 4px solid #ffffff; height: 111px; background-color: #d9d7ed;\" border=\"4\" width=\"396\">\n<tbody>\n<tr>\n<td>\u00d840&#215;2<\/td>\n<td>\u00d850&#215;2<\/td>\n<td>\u00d860&#215;2<\/td>\n<td>\u00d870&#215;2<\/td>\n<td>\u00d880&#215;2<\/td>\n<td>\u00d890&#215;2<\/td>\n<td>\u00d8100&#215;2<\/td>\n<td>\u00d8120&#215;2<\/td>\n<td>\u00d8155&#215;2<\/td>\n<\/tr>\n<tr>\n<td>\u00d840&#215;3<\/td>\n<td>\u00d850&#215;3<\/td>\n<td>\u00d860&#215;3<\/td>\n<td>\u00d870&#215;3<\/td>\n<td>\u00d880&#215;3<\/td>\n<td>\u00d890&#215;3<\/td>\n<td>\u00d8100&#215;3<\/td>\n<td>\u00d8120&#215;3<\/td>\n<td>\u00d8155&#215;3<\/td>\n<\/tr>\n<tr>\n<td>\u00d840&#215;4<\/td>\n<td>\u00d850&#215;4<\/td>\n<td>\u00d860&#215;4<\/td>\n<td>\u00d870&#215;4<\/td>\n<td>\u00d880&#215;4<\/td>\n<td>\u00d890&#215;4<\/td>\n<td>\u00d8100&#215;4<\/td>\n<td>\u00d8120&#215;4<\/td>\n<td>\u00d8155&#215;4<\/td>\n<\/tr>\n<tr>\n<td>\u00d840&#215;5<\/td>\n<td>\u00d850&#215;5<\/td>\n<td>\u00d860&#215;5<\/td>\n<td>\u00d870&#215;5<\/td>\n<td>\u00d880&#215;5<\/td>\n<td>\u00d890&#215;5<\/td>\n<td>\u00d8100&#215;5<\/td>\n<td>\u00d8120&#215;5<\/td>\n<td>\u00d8155&#215;5<\/td>\n<\/tr>\n<tr>\n<td>\u00d840&#215;6<\/td>\n<td>\u00d850&#215;6<\/td>\n<td>\u00d860&#215;6<\/td>\n<td>\u00d870&#215;6<\/td>\n<td>\u00d880&#215;6<\/td>\n<td>\u00d890&#215;6<\/td>\n<td>\u00d8100&#215;6<\/td>\n<td>\u00d8120&#215;6<\/td>\n<td>\u00d8155&#215;6<\/td>\n<\/tr>\n<\/tbody>\n<\/table>\n<p><font size=\"3\" face=\"Arial, Verdana, Helvetica\"><br \/>\n<br \/><\/font><\/p>\n<p>&nbsp;<\/p>\n","protected":false},"excerpt":{"rendered":"<p><font size=\"2\">Wir haben eine breite Palette von Ronden von \u00d820 bis \u00d8155 mm in verschiedenen Blechst\u00e4rken.<\/font><\/p>\n","protected":false},"featured_media":69083,"template":"","meta":[],"product_brand":[221],"product_cat":[133,169],"product_tag":[593],"class_list":{"0":"post-1671","1":"product","2":"type-product","3":"status-publish","4":"has-post-thumbnail","6":"product_brand-fundiciones-gomez","7":"product_cat-handlauftrager","8":"product_cat-eisenprodukte","9":"product_tag-eisenprodukte","11":"first","12":"instock","13":"taxable","14":"shipping-taxable","15":"purchasable","16":"product-type-simple"},"yoast_head":"<!-- This site is optimized with the Yoast SEO plugin v27.1.1 - https:\/\/yoast.com\/product\/yoast-seo-wordpress\/ -->\n<title>Ronden - Fundiciones G\u00f3mez<\/title>\n<meta name=\"robots\" content=\"index, follow, max-snippet:-1, max-image-preview:large, max-video-preview:-1\" \/>\n<link rel=\"canonical\" href=\"https:\/\/fundicionesgomez.com\/de\/producto\/ronden\/\" \/>\n<meta property=\"og:locale\" content=\"de_DE\" \/>\n<meta property=\"og:type\" content=\"article\" \/>\n<meta property=\"og:title\" content=\"Ronden - Fundiciones G\u00f3mez\" \/>\n<meta property=\"og:description\" content=\"Wir haben eine breite Palette von Ronden von \u00d820 bis \u00d8155 mm in verschiedenen Blechst\u00e4rken.\" \/>\n<meta property=\"og:url\" content=\"https:\/\/fundicionesgomez.com\/de\/producto\/ronden\/\" \/>\n<meta property=\"og:site_name\" content=\"Fundiciones G\u00f3mez\" \/>\n<meta property=\"og:image\" content=\"https:\/\/fundicionesgomez.com\/web\/wp-content\/uploads\/2017\/10\/p-1663-discos_hierro.jpg\" \/>\n\t<meta property=\"og:image:width\" content=\"510\" \/>\n\t<meta property=\"og:image:height\" content=\"510\" \/>\n\t<meta property=\"og:image:type\" content=\"image\/jpeg\" \/>\n<meta name=\"twitter:card\" content=\"summary_large_image\" \/>\n<script type=\"application\/ld+json\" class=\"yoast-schema-graph\">{\"@context\":\"https:\/\/schema.org\",\"@graph\":[{\"@type\":\"WebPage\",\"@id\":\"https:\/\/fundicionesgomez.com\/de\/producto\/ronden\/\",\"url\":\"https:\/\/fundicionesgomez.com\/de\/producto\/ronden\/\",\"name\":\"Ronden - Fundiciones G\u00f3mez\",\"isPartOf\":{\"@id\":\"https:\/\/fundicionesgomez.com\/#website\"},\"primaryImageOfPage\":{\"@id\":\"https:\/\/fundicionesgomez.com\/de\/producto\/ronden\/#primaryimage\"},\"image\":{\"@id\":\"https:\/\/fundicionesgomez.com\/de\/producto\/ronden\/#primaryimage\"},\"thumbnailUrl\":\"https:\/\/fundicionesgomez.com\/web\/wp-content\/uploads\/2017\/10\/p-1663-discos_hierro.jpg\",\"datePublished\":\"2017-10-20T19:13:31+00:00\",\"breadcrumb\":{\"@id\":\"https:\/\/fundicionesgomez.com\/de\/producto\/ronden\/#breadcrumb\"},\"inLanguage\":\"de\",\"potentialAction\":[{\"@type\":\"ReadAction\",\"target\":[\"https:\/\/fundicionesgomez.com\/de\/producto\/ronden\/\"]}]},{\"@type\":\"ImageObject\",\"inLanguage\":\"de\",\"@id\":\"https:\/\/fundicionesgomez.com\/de\/producto\/ronden\/#primaryimage\",\"url\":\"https:\/\/fundicionesgomez.com\/web\/wp-content\/uploads\/2017\/10\/p-1663-discos_hierro.jpg\",\"contentUrl\":\"https:\/\/fundicionesgomez.com\/web\/wp-content\/uploads\/2017\/10\/p-1663-discos_hierro.jpg\",\"width\":510,\"height\":510},{\"@type\":\"BreadcrumbList\",\"@id\":\"https:\/\/fundicionesgomez.com\/de\/producto\/ronden\/#breadcrumb\",\"itemListElement\":[{\"@type\":\"ListItem\",\"position\":1,\"name\":\"Portada\",\"item\":\"https:\/\/fundicionesgomez.com\/de\/\"},{\"@type\":\"ListItem\",\"position\":2,\"name\":\"Productos\",\"item\":\"https:\/\/fundicionesgomez.com\/shop\/\"},{\"@type\":\"ListItem\",\"position\":3,\"name\":\"Ronden\"}]},{\"@type\":\"WebSite\",\"@id\":\"https:\/\/fundicionesgomez.com\/#website\",\"url\":\"https:\/\/fundicionesgomez.com\/\",\"name\":\"Fundiciones G\u00f3mez\",\"description\":\"piezas para la construcci\u00f3n, talleres met\u00e1licos, herrajes, sector del mueble, autom\u00f3vil, trabajos especiales, bajo plano...\",\"potentialAction\":[{\"@type\":\"SearchAction\",\"target\":{\"@type\":\"EntryPoint\",\"urlTemplate\":\"https:\/\/fundicionesgomez.com\/?s={search_term_string}\"},\"query-input\":{\"@type\":\"PropertyValueSpecification\",\"valueRequired\":true,\"valueName\":\"search_term_string\"}}],\"inLanguage\":\"de\"}]}<\/script>\n<!-- \/ Yoast SEO plugin. -->","yoast_head_json":{"title":"Ronden - Fundiciones G\u00f3mez","robots":{"index":"index","follow":"follow","max-snippet":"max-snippet:-1","max-image-preview":"max-image-preview:large","max-video-preview":"max-video-preview:-1"},"canonical":"https:\/\/fundicionesgomez.com\/de\/producto\/ronden\/","og_locale":"de_DE","og_type":"article","og_title":"Ronden - Fundiciones G\u00f3mez","og_description":"Wir haben eine breite Palette von Ronden von \u00d820 bis \u00d8155 mm in verschiedenen Blechst\u00e4rken.","og_url":"https:\/\/fundicionesgomez.com\/de\/producto\/ronden\/","og_site_name":"Fundiciones G\u00f3mez","og_image":[{"width":510,"height":510,"url":"https:\/\/fundicionesgomez.com\/web\/wp-content\/uploads\/2017\/10\/p-1663-discos_hierro.jpg","type":"image\/jpeg"}],"twitter_card":"summary_large_image","schema":{"@context":"https:\/\/schema.org","@graph":[{"@type":"WebPage","@id":"https:\/\/fundicionesgomez.com\/de\/producto\/ronden\/","url":"https:\/\/fundicionesgomez.com\/de\/producto\/ronden\/","name":"Ronden - Fundiciones G\u00f3mez","isPartOf":{"@id":"https:\/\/fundicionesgomez.com\/#website"},"primaryImageOfPage":{"@id":"https:\/\/fundicionesgomez.com\/de\/producto\/ronden\/#primaryimage"},"image":{"@id":"https:\/\/fundicionesgomez.com\/de\/producto\/ronden\/#primaryimage"},"thumbnailUrl":"https:\/\/fundicionesgomez.com\/web\/wp-content\/uploads\/2017\/10\/p-1663-discos_hierro.jpg","datePublished":"2017-10-20T19:13:31+00:00","breadcrumb":{"@id":"https:\/\/fundicionesgomez.com\/de\/producto\/ronden\/#breadcrumb"},"inLanguage":"de","potentialAction":[{"@type":"ReadAction","target":["https:\/\/fundicionesgomez.com\/de\/producto\/ronden\/"]}]},{"@type":"ImageObject","inLanguage":"de","@id":"https:\/\/fundicionesgomez.com\/de\/producto\/ronden\/#primaryimage","url":"https:\/\/fundicionesgomez.com\/web\/wp-content\/uploads\/2017\/10\/p-1663-discos_hierro.jpg","contentUrl":"https:\/\/fundicionesgomez.com\/web\/wp-content\/uploads\/2017\/10\/p-1663-discos_hierro.jpg","width":510,"height":510},{"@type":"BreadcrumbList","@id":"https:\/\/fundicionesgomez.com\/de\/producto\/ronden\/#breadcrumb","itemListElement":[{"@type":"ListItem","position":1,"name":"Portada","item":"https:\/\/fundicionesgomez.com\/de\/"},{"@type":"ListItem","position":2,"name":"Productos","item":"https:\/\/fundicionesgomez.com\/shop\/"},{"@type":"ListItem","position":3,"name":"Ronden"}]},{"@type":"WebSite","@id":"https:\/\/fundicionesgomez.com\/#website","url":"https:\/\/fundicionesgomez.com\/","name":"Fundiciones G\u00f3mez","description":"piezas para la construcci\u00f3n, talleres met\u00e1licos, herrajes, sector del mueble, autom\u00f3vil, trabajos especiales, bajo plano...","potentialAction":[{"@type":"SearchAction","target":{"@type":"EntryPoint","urlTemplate":"https:\/\/fundicionesgomez.com\/?s={search_term_string}"},"query-input":{"@type":"PropertyValueSpecification","valueRequired":true,"valueName":"search_term_string"}}],"inLanguage":"de"}]}},"_links":{"self":[{"href":"https:\/\/fundicionesgomez.com\/de\/wp-json\/wp\/v2\/product\/1671","targetHints":{"allow":["GET"]}}],"collection":[{"href":"https:\/\/fundicionesgomez.com\/de\/wp-json\/wp\/v2\/product"}],"about":[{"href":"https:\/\/fundicionesgomez.com\/de\/wp-json\/wp\/v2\/types\/product"}],"wp:featuredmedia":[{"embeddable":true,"href":"https:\/\/fundicionesgomez.com\/de\/wp-json\/wp\/v2\/media\/69083"}],"wp:attachment":[{"href":"https:\/\/fundicionesgomez.com\/de\/wp-json\/wp\/v2\/media?parent=1671"}],"wp:term":[{"taxonomy":"product_brand","embeddable":true,"href":"https:\/\/fundicionesgomez.com\/de\/wp-json\/wp\/v2\/product_brand?post=1671"},{"taxonomy":"product_cat","embeddable":true,"href":"https:\/\/fundicionesgomez.com\/de\/wp-json\/wp\/v2\/product_cat?post=1671"},{"taxonomy":"product_tag","embeddable":true,"href":"https:\/\/fundicionesgomez.com\/de\/wp-json\/wp\/v2\/product_tag?post=1671"}],"curies":[{"name":"wp","href":"https:\/\/api.w.org\/{rel}","templated":true}]}}