{"id":1651,"date":"2017-10-20T19:13:29","date_gmt":"2017-10-20T19:13:30","guid":{"rendered":"http:\/\/test.lulango.es\/fgomez\/?post_type=product&#038;p=1651"},"modified":"2018-04-10T14:50:45","modified_gmt":"2018-04-10T14:50:45","slug":"scharnier-mod-106","status":"publish","type":"product","link":"https:\/\/fundicionesgomez.com\/de\/producto\/scharnier-mod-106\/","title":{"rendered":"Scharnier MOD. 106"},"content":{"rendered":"<p>Rustikales Scharnier aus Eisen.<\/p>\n<p>Werkstoff: Eisen 4 mm.<\/p>\n<p>Schwarz lackiert (Epoxy-Farbe).<\/p>\n<p>Abmessungen: 205 mm x 250 mm.<\/p>\n<p>Abstandplatte f\u00fcr den Fensterladen: 36\u00a0mm (dieses Ma\u00df k\u00f6nnen wir je nach Bedarf \u00e4ndern)<\/p>\n<p>Wir k\u00f6nnen Scharniere mit anderen Abmessungen auf Anfrage herstellen. Senden Sie uns Ihre Anfrage \u00fcber das\u00a0<a href=\"https:\/\/test.lulango.es\/fgomez\/de\/kontakt\/\">Kontaktformular<\/a>\u00a0und wir werden Ihnen ein kostenloses Angebot schicken.<\/p>\n","protected":false},"excerpt":{"rendered":"<p>Eisen Scharnier in rustikal Stil. Schwarz lackiert. Epoxy-Farbe, geeignet f\u00fcr den Au\u00dfenbereich. St\u00e4rke: 4mm.<\/p>\n","protected":false},"featured_media":69282,"template":"","meta":[],"product_brand":[221],"product_cat":[139],"product_tag":[],"class_list":{"0":"post-1651","1":"product","2":"type-product","3":"status-publish","4":"has-post-thumbnail","6":"product_brand-fundiciones-gomez","7":"product_cat-rustikale-scharniere","9":"first","10":"instock","11":"taxable","12":"shipping-taxable","13":"purchasable","14":"product-type-simple"},"yoast_head":"<!-- This site is optimized with the Yoast SEO plugin v27.1.1 - https:\/\/yoast.com\/product\/yoast-seo-wordpress\/ -->\n<title>Scharnier MOD. 106 - Fundiciones G\u00f3mez<\/title>\n<meta name=\"robots\" content=\"index, follow, max-snippet:-1, max-image-preview:large, max-video-preview:-1\" \/>\n<link rel=\"canonical\" href=\"https:\/\/fundicionesgomez.com\/de\/producto\/scharnier-mod-106\/\" \/>\n<meta property=\"og:locale\" content=\"de_DE\" \/>\n<meta property=\"og:type\" content=\"article\" \/>\n<meta property=\"og:title\" content=\"Scharnier MOD. 106 - Fundiciones G\u00f3mez\" \/>\n<meta property=\"og:description\" content=\"Eisen Scharnier in rustikal Stil. Schwarz lackiert. Epoxy-Farbe, geeignet f\u00fcr den Au\u00dfenbereich. St\u00e4rke: 4mm.\" \/>\n<meta property=\"og:url\" content=\"https:\/\/fundicionesgomez.com\/de\/producto\/scharnier-mod-106\/\" \/>\n<meta property=\"og:site_name\" content=\"Fundiciones G\u00f3mez\" \/>\n<meta property=\"article:modified_time\" content=\"2018-04-10T14:50:45+00:00\" \/>\n<meta property=\"og:image\" content=\"https:\/\/fundicionesgomez.com\/web\/wp-content\/uploads\/2017\/10\/bisagra-106.jpg\" \/>\n\t<meta property=\"og:image:width\" content=\"420\" \/>\n\t<meta property=\"og:image:height\" content=\"420\" \/>\n\t<meta property=\"og:image:type\" content=\"image\/jpeg\" \/>\n<meta name=\"twitter:card\" content=\"summary_large_image\" \/>\n<script type=\"application\/ld+json\" class=\"yoast-schema-graph\">{\"@context\":\"https:\/\/schema.org\",\"@graph\":[{\"@type\":\"WebPage\",\"@id\":\"https:\/\/fundicionesgomez.com\/de\/producto\/scharnier-mod-106\/\",\"url\":\"https:\/\/fundicionesgomez.com\/de\/producto\/scharnier-mod-106\/\",\"name\":\"Scharnier MOD. 106 - Fundiciones G\u00f3mez\",\"isPartOf\":{\"@id\":\"https:\/\/fundicionesgomez.com\/#website\"},\"primaryImageOfPage\":{\"@id\":\"https:\/\/fundicionesgomez.com\/de\/producto\/scharnier-mod-106\/#primaryimage\"},\"image\":{\"@id\":\"https:\/\/fundicionesgomez.com\/de\/producto\/scharnier-mod-106\/#primaryimage\"},\"thumbnailUrl\":\"https:\/\/fundicionesgomez.com\/web\/wp-content\/uploads\/2017\/10\/bisagra-106.jpg\",\"datePublished\":\"2017-10-20T19:13:30+00:00\",\"dateModified\":\"2018-04-10T14:50:45+00:00\",\"breadcrumb\":{\"@id\":\"https:\/\/fundicionesgomez.com\/de\/producto\/scharnier-mod-106\/#breadcrumb\"},\"inLanguage\":\"de\",\"potentialAction\":[{\"@type\":\"ReadAction\",\"target\":[\"https:\/\/fundicionesgomez.com\/de\/producto\/scharnier-mod-106\/\"]}]},{\"@type\":\"ImageObject\",\"inLanguage\":\"de\",\"@id\":\"https:\/\/fundicionesgomez.com\/de\/producto\/scharnier-mod-106\/#primaryimage\",\"url\":\"https:\/\/fundicionesgomez.com\/web\/wp-content\/uploads\/2017\/10\/bisagra-106.jpg\",\"contentUrl\":\"https:\/\/fundicionesgomez.com\/web\/wp-content\/uploads\/2017\/10\/bisagra-106.jpg\",\"width\":420,\"height\":420},{\"@type\":\"BreadcrumbList\",\"@id\":\"https:\/\/fundicionesgomez.com\/de\/producto\/scharnier-mod-106\/#breadcrumb\",\"itemListElement\":[{\"@type\":\"ListItem\",\"position\":1,\"name\":\"Portada\",\"item\":\"https:\/\/fundicionesgomez.com\/de\/\"},{\"@type\":\"ListItem\",\"position\":2,\"name\":\"Productos\",\"item\":\"https:\/\/fundicionesgomez.com\/shop\/\"},{\"@type\":\"ListItem\",\"position\":3,\"name\":\"Scharnier MOD. 106\"}]},{\"@type\":\"WebSite\",\"@id\":\"https:\/\/fundicionesgomez.com\/#website\",\"url\":\"https:\/\/fundicionesgomez.com\/\",\"name\":\"Fundiciones G\u00f3mez\",\"description\":\"piezas para la construcci\u00f3n, talleres met\u00e1licos, herrajes, sector del mueble, autom\u00f3vil, trabajos especiales, bajo plano...\",\"potentialAction\":[{\"@type\":\"SearchAction\",\"target\":{\"@type\":\"EntryPoint\",\"urlTemplate\":\"https:\/\/fundicionesgomez.com\/?s={search_term_string}\"},\"query-input\":{\"@type\":\"PropertyValueSpecification\",\"valueRequired\":true,\"valueName\":\"search_term_string\"}}],\"inLanguage\":\"de\"}]}<\/script>\n<!-- \/ Yoast SEO plugin. -->","yoast_head_json":{"title":"Scharnier MOD. 106 - Fundiciones G\u00f3mez","robots":{"index":"index","follow":"follow","max-snippet":"max-snippet:-1","max-image-preview":"max-image-preview:large","max-video-preview":"max-video-preview:-1"},"canonical":"https:\/\/fundicionesgomez.com\/de\/producto\/scharnier-mod-106\/","og_locale":"de_DE","og_type":"article","og_title":"Scharnier MOD. 106 - Fundiciones G\u00f3mez","og_description":"Eisen Scharnier in rustikal Stil. Schwarz lackiert. Epoxy-Farbe, geeignet f\u00fcr den Au\u00dfenbereich. St\u00e4rke: 4mm.","og_url":"https:\/\/fundicionesgomez.com\/de\/producto\/scharnier-mod-106\/","og_site_name":"Fundiciones G\u00f3mez","article_modified_time":"2018-04-10T14:50:45+00:00","og_image":[{"width":420,"height":420,"url":"https:\/\/fundicionesgomez.com\/web\/wp-content\/uploads\/2017\/10\/bisagra-106.jpg","type":"image\/jpeg"}],"twitter_card":"summary_large_image","schema":{"@context":"https:\/\/schema.org","@graph":[{"@type":"WebPage","@id":"https:\/\/fundicionesgomez.com\/de\/producto\/scharnier-mod-106\/","url":"https:\/\/fundicionesgomez.com\/de\/producto\/scharnier-mod-106\/","name":"Scharnier MOD. 106 - Fundiciones G\u00f3mez","isPartOf":{"@id":"https:\/\/fundicionesgomez.com\/#website"},"primaryImageOfPage":{"@id":"https:\/\/fundicionesgomez.com\/de\/producto\/scharnier-mod-106\/#primaryimage"},"image":{"@id":"https:\/\/fundicionesgomez.com\/de\/producto\/scharnier-mod-106\/#primaryimage"},"thumbnailUrl":"https:\/\/fundicionesgomez.com\/web\/wp-content\/uploads\/2017\/10\/bisagra-106.jpg","datePublished":"2017-10-20T19:13:30+00:00","dateModified":"2018-04-10T14:50:45+00:00","breadcrumb":{"@id":"https:\/\/fundicionesgomez.com\/de\/producto\/scharnier-mod-106\/#breadcrumb"},"inLanguage":"de","potentialAction":[{"@type":"ReadAction","target":["https:\/\/fundicionesgomez.com\/de\/producto\/scharnier-mod-106\/"]}]},{"@type":"ImageObject","inLanguage":"de","@id":"https:\/\/fundicionesgomez.com\/de\/producto\/scharnier-mod-106\/#primaryimage","url":"https:\/\/fundicionesgomez.com\/web\/wp-content\/uploads\/2017\/10\/bisagra-106.jpg","contentUrl":"https:\/\/fundicionesgomez.com\/web\/wp-content\/uploads\/2017\/10\/bisagra-106.jpg","width":420,"height":420},{"@type":"BreadcrumbList","@id":"https:\/\/fundicionesgomez.com\/de\/producto\/scharnier-mod-106\/#breadcrumb","itemListElement":[{"@type":"ListItem","position":1,"name":"Portada","item":"https:\/\/fundicionesgomez.com\/de\/"},{"@type":"ListItem","position":2,"name":"Productos","item":"https:\/\/fundicionesgomez.com\/shop\/"},{"@type":"ListItem","position":3,"name":"Scharnier MOD. 106"}]},{"@type":"WebSite","@id":"https:\/\/fundicionesgomez.com\/#website","url":"https:\/\/fundicionesgomez.com\/","name":"Fundiciones G\u00f3mez","description":"piezas para la construcci\u00f3n, talleres met\u00e1licos, herrajes, sector del mueble, autom\u00f3vil, trabajos especiales, bajo plano...","potentialAction":[{"@type":"SearchAction","target":{"@type":"EntryPoint","urlTemplate":"https:\/\/fundicionesgomez.com\/?s={search_term_string}"},"query-input":{"@type":"PropertyValueSpecification","valueRequired":true,"valueName":"search_term_string"}}],"inLanguage":"de"}]}},"_links":{"self":[{"href":"https:\/\/fundicionesgomez.com\/de\/wp-json\/wp\/v2\/product\/1651","targetHints":{"allow":["GET"]}}],"collection":[{"href":"https:\/\/fundicionesgomez.com\/de\/wp-json\/wp\/v2\/product"}],"about":[{"href":"https:\/\/fundicionesgomez.com\/de\/wp-json\/wp\/v2\/types\/product"}],"wp:featuredmedia":[{"embeddable":true,"href":"https:\/\/fundicionesgomez.com\/de\/wp-json\/wp\/v2\/media\/69282"}],"wp:attachment":[{"href":"https:\/\/fundicionesgomez.com\/de\/wp-json\/wp\/v2\/media?parent=1651"}],"wp:term":[{"taxonomy":"product_brand","embeddable":true,"href":"https:\/\/fundicionesgomez.com\/de\/wp-json\/wp\/v2\/product_brand?post=1651"},{"taxonomy":"product_cat","embeddable":true,"href":"https:\/\/fundicionesgomez.com\/de\/wp-json\/wp\/v2\/product_cat?post=1651"},{"taxonomy":"product_tag","embeddable":true,"href":"https:\/\/fundicionesgomez.com\/de\/wp-json\/wp\/v2\/product_tag?post=1651"}],"curies":[{"name":"wp","href":"https:\/\/api.w.org\/{rel}","templated":true}]}}