{"id":67794,"date":"2018-03-05T08:59:07","date_gmt":"2018-03-05T08:59:07","guid":{"rendered":"https:\/\/test.lulango.es\/fgomez\/politica-de-cookies\/"},"modified":"2021-04-28T12:42:17","modified_gmt":"2021-04-28T12:42:17","slug":"politica-de-cookies","status":"publish","type":"page","link":"https:\/\/fundicionesgomez.com\/de\/politica-de-cookies\/","title":{"rendered":"Pol\u00edtica de Cookies"},"content":{"rendered":"<h3>El objetivo de esta\u00a0pol\u00edtica es informar a los interesados acerca de las cookies que emplea esta p\u00e1gina web\u00a0 de conformidad con lo establecido en la Ley 34\/2002, de 11 de julio, de Servicios de la Sociedad de la Informaci\u00f3n y de Comercio Electr\u00f3nico, \u00a0y el Reglamento (UE) 2016\/679 del Parlamento Europeo y del Consejo de 27 de abril de 2016.<\/h3>\n<p>&nbsp;<\/p>\n<p>1. <strong>USO DE COOKIES. \u00bfQU\u00c9 SON LAS COOKIES?<\/strong><br \/>\nLas cookies son ficheros que se descargan en su Ordenador, Smartphone o Tablet al acceder a determinadas p\u00e1ginas web. La utilizaci\u00f3n de cookies, ofrece numerosas ventajas en la prestaci\u00f3n de servicios de la Sociedad de la Informaci\u00f3n, puesto que, entre otras: (a) facilita la navegaci\u00f3n del usuario en el Sitio Web; (b) facilita al usuario el acceso a los diferentes servicios que ofrece el Sitio Web; (c) evita al usuario volver a configurar caracter\u00edsticas generales predefinidas cada vez que accede al Sitio Web; (d) favorece la mejora del funcionamiento y de los servicios prestados a trav\u00e9s del Sitio Web, tras el correspondiente an\u00e1lisis de la informaci\u00f3n obtenida a trav\u00e9s de las cookies instaladas; (e) permiten a un Sitio Web, entre otras cosas, almacenar y recuperar informaci\u00f3n sobre los h\u00e1bitos de navegaci\u00f3n de un usuario o de su equipo y, dependiendo de la informaci\u00f3n que contengan y de la forma en que utilice su equipo, pueden utilizarse para reconocer al usuario.<\/p>\n<p>La mayor\u00eda de los navegadores aceptan como est\u00e1ndar a las cookies y, con independencia de las mismas, permiten o impiden en los ajustes de seguridad\u00a0 las cookies temporales o memorizadas.<\/p>\n<p>Ten en cuenta que para poder utilizar y contar con una mejor experiencia de navegaci\u00f3n,\u00a0\u00a0es necesario que tengas habilitadas las cookies, especialmente aquellas de car\u00e1cter t\u00e9cnico que resultan necesarias para que pueda identificarte como usuario registrado cada vez que accedas a la presente web.<\/p>\n<p>En caso de no querer recibir cookies, por favor, configure su navegador de internet, para que las borre del disco duro de su ordenador, las bloquee o le avise en su caso de instalaci\u00f3n de las mismas.<\/p>\n<p>2. <strong>\u00bfQU\u00c9 TIPOS DE COOKIES UTILIZA ESTA P\u00c1GINA WEB?<\/strong><br \/>\nCookies utilizadas en este sitio web.<\/p>\n<p>Siguiendo las directrices de la Agencia Espa\u00f1ola de Protecci\u00f3n de Datos, procedemos a detallar el uso de las cookies que esta p\u00e1gina web emplea, \u00a0con el fin de proporcionarle \u00a0la m\u00e1xima informaci\u00f3n posible.<\/p>\n<p>Cookies Propias:<\/p>\n<p>Son aqu\u00e9llas que se env\u00edan al equipo terminal del usuario desde un equipo o dominio gestionado por el propio editor y desde el que se presta el servicio solicitado por el usuario.<\/p>\n<p>A continuaci\u00f3n la lista de las que utilizamos:<\/p>\n<p>_icl_current_languageIdiomafundicionesgomez.commantener el idioma seleccionado por el usuario<\/p>\n<table>\n<tbody>\n<tr>\n<th>Nombre<\/th>\n<th>Tipo<\/th>\n<th>Proveedor<\/th>\n<th>Finalidad<\/th>\n<\/tr>\n<tr>\n<td>tk_ai<\/td>\n<td>persistente<\/td>\n<td>fundicionesgomez.com<\/td>\n<td>mantener datos de usuario y productos a\u00f1adidos al carro de compra<\/td>\n<\/tr>\n<tr>\n<td>uncodeAI.css<\/td>\n<td>sesi\u00f3n<\/td>\n<td>fundicionesgomez.com<\/td>\n<td>recordar el tama\u00f1o de pantalla del usuario<\/td>\n<\/tr>\n<tr>\n<td>uncodeAI.css<\/td>\n<td>sesi\u00f3n<\/td>\n<td>fundicionesgomez.com<\/td>\n<td>recordar el tama\u00f1o de pantalla del usuario<\/td>\n<\/tr>\n<\/tbody>\n<\/table>\n<p>Cookies de Terceros:<\/p>\n<p>Son aqu\u00e9llas que se env\u00edan al equipo terminal del usuario desde un equipo o dominio que no es gestionado por el editor, sino por otra entidad que trata los datos obtenidos trav\u00e9s de las cookies.<\/p>\n<p>A continuaci\u00f3n la lista de las que utilizamos:<\/p>\n<table>\n<tbody>\n<tr>\n<th>Nombre<\/th>\n<th>Tipo<\/th>\n<th>Proveedor<\/th>\n<th>Finalidad<\/th>\n<\/tr>\n<tr>\n<td>Google Analytics<\/td>\n<td>_ga<\/td>\n<td>.google.com<\/td>\n<td>Google Analytics es la herramienta de an\u00e1lisis de Google que ayuda a los propietarios de sitios web y de aplicaciones a entender c\u00f3mo interact\u00faan los visitantes con sus propiedades.<\/td>\n<\/tr>\n<\/tbody>\n<\/table>\n<p>NombreTipoProveedorFuncionalidadNIDPublicidad.google.comHacer que la publicidad sea m\u00e1s atractiva para los usuarios y m\u00e1s valiosa para los editores y anunciantes. Las cookies suelen utilizarse para seleccionar anuncios basados en contenido que es relevante para un usuario,Google Analytics_ga.google.comGoogle Analytics es la herramienta de an\u00e1lisis de Google que ayuda a los propietarios de sitios web y de aplicaciones a entender c\u00f3mo interact\u00faan los visitantes con sus propiedades.<\/p>\n<p>FUNDICIONES GOMEZ SA no se hace responsable, en ning\u00fan caso ni del contenido ni de la veracidad de las pol\u00edticas y\/o condiciones de uso y privacidad de los terceros, incluidos, a trav\u00e9s de los enlaces, en esta pol\u00edtica.<\/p>\n<p>3. <strong>CONSENTIMIENTO<\/strong><br \/>\nEn relaci\u00f3n con la utilizaci\u00f3n de cookies de este sitio web descritos en el apartado anterior, el usuario autoriza y consiente su uso de la siguiente forma: Cuando el usuario accede a cualquier p\u00e1gina de la web, ver\u00e1 un aviso\u00a0 donde se indica que la p\u00e1gina web de FUNDICIONES GOMEZ SA \u00a0utiliza cookies, pudiendo el usuario aceptar o rechazar el uso de las mismas a trav\u00e9s de la configuraci\u00f3n de su navegador. Si el usuario no configura su navegador para que las cookies no se activen, al navegar por el sitio web de FUNDICIONES GOMEZ SA y utilizar sus servicios, el usuario acepta el uso que se hace de las cookies.<\/p>\n<p>4. <strong>C\u00d3MO BLOQUEAR, REVOCAR O ELIMINAR LAS COOKIES INSTALADAS<\/strong><br \/>\nPuede usted permitir, bloquear, revocar o eliminar las cookies instaladas en su equipo mediante la configuraci\u00f3n de las opciones de su navegador. Puede encontrar informaci\u00f3n sobre c\u00f3mo hacerlo, en relaci\u00f3n con los navegadores m\u00e1s comunes en los links que se incluyen a continuaci\u00f3n:<\/p>\n<p>Explorer: <a href=\"https:\/\/support.microsoft.com\/es-es\/kb\/278835\">https:\/\/support.microsoft.com\/es-es\/kb\/278835<\/a><\/p>\n<p>Microsoft Edge: <a href=\"https:\/\/privacy.microsoft.com\/es-es\/windows-10-microsoft-edge-and-privacy\">https:\/\/privacy.microsoft.com\/es-es\/windows-10-microsoft-edge-and-privacy<\/a><\/p>\n<p>Chrome: <a href=\"https:\/\/support.google.com\/chrome\/answer\/95647?co=GENIE.Platform%3DDesktop&amp;hl=esttp:\/\/support.google.com\/chrome\/bin\/answer.py?hl=es&amp;answer=95647\">https:\/\/support.google.com\/chrome\/answer\/95647?co=GENIE.Platform%3DDesktop&amp;hl=esttp:\/\/support.google.com\/chrome\/bin\/answer.py?hl=es&amp;answer=95647<\/a><\/p>\n<p>Firefox: <a href=\"http:\/\/support.mozilla.org\/es\/kb\/Borrar%20cookies\">http:\/\/support.mozilla.org\/es\/kb\/Borrar%20cookies<\/a><\/p>\n<p>Safari: <a href=\"http:\/\/support.apple.com\/kb\/ph5042.\">http:\/\/support.apple.com\/kb\/ph5042.<\/a><\/p>\n<p>Opera: <a href=\"https:\/\/help.opera.com\/en\/latest\/web-preferences\/#cookies\">https:\/\/help.opera.com\/en\/latest\/web-preferences\/#cookies<\/a><\/p>\n<p>Le informamos, no obstante, de la posibilidad de que la desactivaci\u00f3n de alguna cookie impida o dificulte la navegaci\u00f3n o la prestaci\u00f3n de los servicios ofrecidos en la p\u00e1gina web.<\/p>\n<p><strong>5. DESTINATARIOS DE LA INFORMACI\u00d3N<\/strong><\/p>\n<p>Tendr\u00e1n acceso a la informaci\u00f3n obtenida a trav\u00e9s de las cookies del sitio web las empresas colaboradoras detalladas en el Panel de Configuraci\u00f3n, donde podr\u00e1s asimismo consultar las finalidades con las que la utilizan y sus respectivas pol\u00edticas de privacidad.<\/p>\n<p>Asimismo, te informamos de que algunos de nuestros proveedores as\u00ed como empresas colaboradoras pueden realizar transferencias a terceros pa\u00edses. Puedes informarte de las transferencias a terceros pa\u00edses que, en su caso, realizan en sus correspondientes pol\u00edticas de privacidad, accesibles a trav\u00e9s de los enlaces facilitados en el Panel de Configuraci\u00f3n.<\/p>\n<p>6. <strong>MODIFICACIONES<\/strong><br \/>\nLa presente pol\u00edtica de cookies puede verse modificada en funci\u00f3n de las exigencias legales establecidas o con la finalidad de adaptar dicha pol\u00edtica a las instrucciones dictadas por la Agencia Espa\u00f1ola de Protecci\u00f3n de Datos.<\/p>\n<p>Por esta raz\u00f3n, aconsejamos a los usuarios que \u00a0visiten peri\u00f3dicamente nuestra\u00a0 pol\u00edtica de cookies.<\/p>\n<p>Cuando se produzcan cambios significativos en esta pol\u00edtica, en la medida de nuestras posibilidades, comunicaremos a los usuarios estos cambios mediante un aviso en nuestra p\u00e1gina web.<\/p>\n<p>Si tiene dudas acerca de esta pol\u00edtica de cookies, puede contactar con FUNDICIONES GOMEZ SA a trav\u00e9s del siguiente correo electr\u00f3nico: info@fundicionesgomez.com<\/p>\n<p>&nbsp;<\/p>\n<p>&nbsp;<\/p>\n<p>\u00daltima revisi\u00f3n: Abril de 2021<\/p>\n","protected":false},"excerpt":{"rendered":"<p>El objetivo de esta\u00a0pol\u00edtica es informar a los interesados acerca de las cookies que emplea esta p\u00e1gina web\u00a0 de conformidad [&hellip;]<\/p>\n","protected":false},"author":1,"featured_media":0,"parent":0,"menu_order":0,"comment_status":"closed","ping_status":"closed","template":"","meta":{"footnotes":""},"class_list":["post-67794","page","type-page","status-publish","hentry"],"yoast_head":"<!-- This site is optimized with the Yoast SEO plugin v27.1.1 - https:\/\/yoast.com\/product\/yoast-seo-wordpress\/ -->\n<title>Pol\u00edtica de Cookies - Fundiciones G\u00f3mez<\/title>\n<meta name=\"robots\" content=\"index, follow, max-snippet:-1, max-image-preview:large, max-video-preview:-1\" \/>\n<link rel=\"canonical\" href=\"https:\/\/fundicionesgomez.com\/de\/politica-de-cookies\/\" \/>\n<meta property=\"og:locale\" content=\"de_DE\" \/>\n<meta property=\"og:type\" content=\"article\" \/>\n<meta property=\"og:title\" content=\"Pol\u00edtica de Cookies - Fundiciones G\u00f3mez\" \/>\n<meta property=\"og:description\" content=\"El objetivo de esta\u00a0pol\u00edtica es informar a los interesados acerca de las cookies que emplea esta p\u00e1gina web\u00a0 de conformidad [&hellip;]\" \/>\n<meta property=\"og:url\" content=\"https:\/\/fundicionesgomez.com\/de\/politica-de-cookies\/\" \/>\n<meta property=\"og:site_name\" content=\"Fundiciones G\u00f3mez\" \/>\n<meta property=\"article:modified_time\" content=\"2021-04-28T12:42:17+00:00\" \/>\n<meta name=\"twitter:card\" content=\"summary_large_image\" \/>\n<meta name=\"twitter:label1\" content=\"Gesch\u00e4tzte Lesezeit\" \/>\n\t<meta name=\"twitter:data1\" content=\"6\u00a0Minuten\" \/>\n<script type=\"application\/ld+json\" class=\"yoast-schema-graph\">{\"@context\":\"https:\/\/schema.org\",\"@graph\":[{\"@type\":\"WebPage\",\"@id\":\"https:\/\/fundicionesgomez.com\/de\/politica-de-cookies\/\",\"url\":\"https:\/\/fundicionesgomez.com\/de\/politica-de-cookies\/\",\"name\":\"Pol\u00edtica de Cookies - Fundiciones G\u00f3mez\",\"isPartOf\":{\"@id\":\"https:\/\/fundicionesgomez.com\/#website\"},\"datePublished\":\"2018-03-05T08:59:07+00:00\",\"dateModified\":\"2021-04-28T12:42:17+00:00\",\"breadcrumb\":{\"@id\":\"https:\/\/fundicionesgomez.com\/de\/politica-de-cookies\/#breadcrumb\"},\"inLanguage\":\"de\",\"potentialAction\":[{\"@type\":\"ReadAction\",\"target\":[\"https:\/\/fundicionesgomez.com\/de\/politica-de-cookies\/\"]}]},{\"@type\":\"BreadcrumbList\",\"@id\":\"https:\/\/fundicionesgomez.com\/de\/politica-de-cookies\/#breadcrumb\",\"itemListElement\":[{\"@type\":\"ListItem\",\"position\":1,\"name\":\"Portada\",\"item\":\"https:\/\/fundicionesgomez.com\/de\/\"},{\"@type\":\"ListItem\",\"position\":2,\"name\":\"Pol\u00edtica de Cookies\"}]},{\"@type\":\"WebSite\",\"@id\":\"https:\/\/fundicionesgomez.com\/#website\",\"url\":\"https:\/\/fundicionesgomez.com\/\",\"name\":\"Fundiciones G\u00f3mez\",\"description\":\"piezas para la construcci\u00f3n, talleres met\u00e1licos, herrajes, sector del mueble, autom\u00f3vil, trabajos especiales, bajo plano...\",\"potentialAction\":[{\"@type\":\"SearchAction\",\"target\":{\"@type\":\"EntryPoint\",\"urlTemplate\":\"https:\/\/fundicionesgomez.com\/?s={search_term_string}\"},\"query-input\":{\"@type\":\"PropertyValueSpecification\",\"valueRequired\":true,\"valueName\":\"search_term_string\"}}],\"inLanguage\":\"de\"}]}<\/script>\n<!-- \/ Yoast SEO plugin. -->","yoast_head_json":{"title":"Pol\u00edtica de Cookies - Fundiciones G\u00f3mez","robots":{"index":"index","follow":"follow","max-snippet":"max-snippet:-1","max-image-preview":"max-image-preview:large","max-video-preview":"max-video-preview:-1"},"canonical":"https:\/\/fundicionesgomez.com\/de\/politica-de-cookies\/","og_locale":"de_DE","og_type":"article","og_title":"Pol\u00edtica de Cookies - Fundiciones G\u00f3mez","og_description":"El objetivo de esta\u00a0pol\u00edtica es informar a los interesados acerca de las cookies que emplea esta p\u00e1gina web\u00a0 de conformidad [&hellip;]","og_url":"https:\/\/fundicionesgomez.com\/de\/politica-de-cookies\/","og_site_name":"Fundiciones G\u00f3mez","article_modified_time":"2021-04-28T12:42:17+00:00","twitter_card":"summary_large_image","twitter_misc":{"Gesch\u00e4tzte Lesezeit":"6\u00a0Minuten"},"schema":{"@context":"https:\/\/schema.org","@graph":[{"@type":"WebPage","@id":"https:\/\/fundicionesgomez.com\/de\/politica-de-cookies\/","url":"https:\/\/fundicionesgomez.com\/de\/politica-de-cookies\/","name":"Pol\u00edtica de Cookies - Fundiciones G\u00f3mez","isPartOf":{"@id":"https:\/\/fundicionesgomez.com\/#website"},"datePublished":"2018-03-05T08:59:07+00:00","dateModified":"2021-04-28T12:42:17+00:00","breadcrumb":{"@id":"https:\/\/fundicionesgomez.com\/de\/politica-de-cookies\/#breadcrumb"},"inLanguage":"de","potentialAction":[{"@type":"ReadAction","target":["https:\/\/fundicionesgomez.com\/de\/politica-de-cookies\/"]}]},{"@type":"BreadcrumbList","@id":"https:\/\/fundicionesgomez.com\/de\/politica-de-cookies\/#breadcrumb","itemListElement":[{"@type":"ListItem","position":1,"name":"Portada","item":"https:\/\/fundicionesgomez.com\/de\/"},{"@type":"ListItem","position":2,"name":"Pol\u00edtica de Cookies"}]},{"@type":"WebSite","@id":"https:\/\/fundicionesgomez.com\/#website","url":"https:\/\/fundicionesgomez.com\/","name":"Fundiciones G\u00f3mez","description":"piezas para la construcci\u00f3n, talleres met\u00e1licos, herrajes, sector del mueble, autom\u00f3vil, trabajos especiales, bajo plano...","potentialAction":[{"@type":"SearchAction","target":{"@type":"EntryPoint","urlTemplate":"https:\/\/fundicionesgomez.com\/?s={search_term_string}"},"query-input":{"@type":"PropertyValueSpecification","valueRequired":true,"valueName":"search_term_string"}}],"inLanguage":"de"}]}},"_links":{"self":[{"href":"https:\/\/fundicionesgomez.com\/de\/wp-json\/wp\/v2\/pages\/67794","targetHints":{"allow":["GET"]}}],"collection":[{"href":"https:\/\/fundicionesgomez.com\/de\/wp-json\/wp\/v2\/pages"}],"about":[{"href":"https:\/\/fundicionesgomez.com\/de\/wp-json\/wp\/v2\/types\/page"}],"author":[{"embeddable":true,"href":"https:\/\/fundicionesgomez.com\/de\/wp-json\/wp\/v2\/users\/1"}],"replies":[{"embeddable":true,"href":"https:\/\/fundicionesgomez.com\/de\/wp-json\/wp\/v2\/comments?post=67794"}],"version-history":[{"count":6,"href":"https:\/\/fundicionesgomez.com\/de\/wp-json\/wp\/v2\/pages\/67794\/revisions"}],"predecessor-version":[{"id":69993,"href":"https:\/\/fundicionesgomez.com\/de\/wp-json\/wp\/v2\/pages\/67794\/revisions\/69993"}],"wp:attachment":[{"href":"https:\/\/fundicionesgomez.com\/de\/wp-json\/wp\/v2\/media?parent=67794"}],"curies":[{"name":"wp","href":"https:\/\/api.w.org\/{rel}","templated":true}]}}