{"id":67544,"date":"2018-01-27T18:04:01","date_gmt":"2018-01-27T18:04:01","guid":{"rendered":"https:\/\/test.lulango.es\/fgomez\/prototipos-bajo-plano\/"},"modified":"2018-02-07T10:56:58","modified_gmt":"2018-02-07T10:56:58","slug":"prototypen","status":"publish","type":"page","link":"https:\/\/fundicionesgomez.com\/de\/prototypen\/","title":{"rendered":"Prototypen"},"content":{"rendered":"<div class=\"wpb-content-wrapper\"><p>[vc_row][vc_column][vc_column_text]<\/p>\n<h3><em>*<\/em>Derzeit\u00a0ausschlie\u00dflich in\u00a0Spanien verkauft.<\/h3>\n<h4>Fabricamos piezas bajo plano, en series cortas, para sus trabajos de investigaci\u00f3n: prototipos, moldes para fundir, piezas en distintos materiales, recubrimientos especiales&#8230;<\/h4>\n<p>A continuaci\u00f3n, le mostramos algunos ejemplos:[\/vc_column_text][\/vc_column][\/vc_row][vc_row][vc_column width=&#8220;1\/1&#8243;][vc_gallery el_id=&#8220;gallery-197352&#8243; random=&#8220;yes&#8220; medias=&#8220;67521,67527,67533&#8243; gutter_size=&#8220;2&#8243; media_items=&#8220;media|lightbox|original,description&#8220; screen_lg=&#8220;1000&#8243; screen_md=&#8220;600&#8243; screen_sm=&#8220;480&#8243; single_width=&#8220;3&#8243; single_overlay_opacity=&#8220;50&#8243; single_h_align=&#8220;center&#8220; single_padding=&#8220;2&#8243; single_css_animation=&#8220;bottom-t-top&#8220; single_animation_delay=&#8220;100&#8243; lbox_caption=&#8220;yes&#8220;][vc_column_text]P\u00f3ngase en contacto con nosotros a trav\u00e9s del formulario y cotizaremos sin compromiso los trabajos que desee.[\/vc_column_text]\n<div class=\"wpcf7 no-js\" id=\"wpcf7-f31132-o1\" lang=\"en-US\" dir=\"ltr\" data-wpcf7-id=\"31132\">\n<div class=\"screen-reader-response\"><p role=\"status\" aria-live=\"polite\" aria-atomic=\"true\"><\/p> <ul><\/ul><\/div>\n<form action=\"\/de\/wp-json\/wp\/v2\/pages\/67544#wpcf7-f31132-o1\" method=\"post\" class=\"wpcf7-form init\" aria-label=\"Contact form\" enctype=\"multipart\/form-data\" novalidate=\"novalidate\" data-status=\"init\">\n<fieldset class=\"hidden-fields-container\"><input type=\"hidden\" name=\"_wpcf7\" value=\"31132\" \/><input type=\"hidden\" name=\"_wpcf7_version\" value=\"6.1.5\" \/><input type=\"hidden\" name=\"_wpcf7_locale\" value=\"en_US\" \/><input type=\"hidden\" name=\"_wpcf7_unit_tag\" value=\"wpcf7-f31132-o1\" \/><input type=\"hidden\" name=\"_wpcf7_container_post\" value=\"0\" \/><input type=\"hidden\" name=\"_wpcf7_posted_data_hash\" value=\"\" \/><input type=\"hidden\" name=\"_wpcf7_recaptcha_response\" value=\"\" \/>\n<\/fieldset>\n<p><span class=\"wpcf7-form-control-wrap\" data-name=\"your-fullname\"><input size=\"40\" maxlength=\"400\" class=\"wpcf7-form-control wpcf7-text wpcf7-validates-as-required form-fluid\" aria-required=\"true\" aria-invalid=\"false\" placeholder=\"Nombre y Apellidos*\" value=\"\" type=\"text\" name=\"your-fullname\" \/><\/span>\n<\/p>\n<div class=\"wpcf7-inline-wrapper\">\n\t<p class=\"wpcf7-inline-field\"><span class=\"wpcf7-form-control-wrap\" data-name=\"your-email\"><input size=\"40\" maxlength=\"400\" class=\"wpcf7-form-control wpcf7-email wpcf7-validates-as-required wpcf7-text wpcf7-validates-as-email\" aria-required=\"true\" aria-invalid=\"false\" placeholder=\"Email*\" value=\"\" type=\"email\" name=\"your-email\" \/><\/span>\n\t<\/p>\n\t<p class=\"wpcf7-inline-field\"><span class=\"wpcf7-form-control-wrap\" data-name=\"text-291\"><input size=\"40\" maxlength=\"400\" class=\"wpcf7-form-control wpcf7-text\" aria-invalid=\"false\" placeholder=\"Empresa\" value=\"\" type=\"text\" name=\"text-291\" \/><\/span>\n\t<\/p>\n<\/div>\n<div class=\"wpcf7-inline-wrapper\">\n\t<p class=\"wpcf7-inline-field\"><span class=\"wpcf7-form-control-wrap\" data-name=\"tel-484\"><input size=\"40\" maxlength=\"400\" class=\"wpcf7-form-control wpcf7-tel wpcf7-text wpcf7-validates-as-tel\" aria-invalid=\"false\" placeholder=\"Tel\u00e9fono\" value=\"\" type=\"tel\" name=\"tel-484\" \/><\/span>\n\t<\/p>\n\t<p class=\"wpcf7-inline-field\"><span class=\"wpcf7-form-control-wrap\" data-name=\"menu-640\"><select class=\"wpcf7-form-control wpcf7-select\" aria-invalid=\"false\" name=\"menu-640\"><option value=\"Selecciona una opci\u00f3n\">Selecciona una opci\u00f3n<\/option><option value=\"Dudas con el pedido\">Dudas con el pedido<\/option><option value=\"Piezas a medida\">Piezas a medida<\/option><option value=\"Presupuesto\">Presupuesto<\/option><\/select><\/span>\n\t<\/p>\n\t<p class=\"wpcf7-inline-field\" style=\"font-size:13px; text-align:left;\">Si indica su n\u00famero de tel\u00e9fono, estaremos encantados de llamarle.\n\t<\/p>\n<\/div>\n<p><span class=\"wpcf7-form-control-wrap\" data-name=\"your-message\"><textarea cols=\"40\" rows=\"8\" maxlength=\"2000\" class=\"wpcf7-form-control wpcf7-textarea\" aria-invalid=\"false\" placeholder=\"Mensaje\" name=\"your-message\"><\/textarea><\/span>\n<\/p>\n<p style=\"font-size:13px; text-align:left;\">Si necesita enviarnos alg\u00fan plano adj\u00fantelo aqu\u00ed <span class=\"wpcf7-form-control-wrap\" data-name=\"file-765\"><input size=\"40\" class=\"wpcf7-form-control wpcf7-file\" accept=\".pdf,.gif,.png,.jpg,.jpeg\" aria-invalid=\"false\" type=\"file\" name=\"file-765\" \/><\/span>\n<\/p>\n<p style=\"font-size:10px; text-align:left;\"\">Conforme al RGPD y la LOPDGDD, FUNDICIONES GOMEZ SA tratar\u00e1 los datos facilitados, con la finalidad de contestar las dudas y\/o quejas planteadas a trav\u00e9s del presente formulario y facilitar la informaci\u00f3n solicitada. Siempre que nos lo autorice previamente, enviaremos informaci\u00f3n relacionada con los productos ofrecidos por FUNDICIONES GOMEZ SA. Podr\u00e1 ejercer, si lo desea, los derechos de acceso, rectificaci\u00f3n, supresi\u00f3n, y dem\u00e1s reconocidos en la normativa mencionada. Para obtener m\u00e1s informaci\u00f3n acerca de c\u00f3mo estamos tratando sus datos, acceda a nuestra <a href=\"https:\/\/fundicionesgomez.com\/politica-de-privacidad\/\"><u> pol\u00edtica de privacidad<\/u><\/a>\n<\/p>\n<p style=\"font-size:11px; text-align:left;\"><span class=\"wpcf7-form-control-wrap\" data-name=\"acceptance-537\"><span class=\"wpcf7-form-control wpcf7-acceptance\"><span class=\"wpcf7-list-item\"><input type=\"checkbox\" name=\"acceptance-537\" value=\"1\" aria-invalid=\"false\" \/><\/span><\/span><\/span>ENTIENDO Y ACEPTO el tratamiento de mis datos tal y como se describe anteriormente y se explica con mayor detalle en la <a href=\"https:\/\/fundicionesgomez.com\/politica-de-privacidad\/\"><u>Pol\u00edtica de Privacidad.<\/u><\/a> (Su negativa a facilitarnos la autorizaci\u00f3n implicar\u00e1 la imposibilidad de tratar sus datos con la finalidad indicada)\n<\/p>\n<p style=\"font-size:11px; text-align:left;\"><span class=\"wpcf7-form-control-wrap\" data-name=\"acceptance-360\"><span class=\"wpcf7-form-control wpcf7-acceptance optional\"><span class=\"wpcf7-list-item\"><input type=\"checkbox\" name=\"acceptance-360\" value=\"1\" aria-invalid=\"false\" \/><\/span><\/span><\/span> ENTIENDO Y ACEPTO recibir informaci\u00f3n en los t\u00e9rminos arriba indicados sobre los productos\/servicios de FUNDICIONES GOMEZ SA.(Su negativa a facilitarnos la autorizaci\u00f3n implicar\u00e1 la imposibilidad de enviarle informaci\u00f3n comercial por parte de la entidad).\n<\/p>\n<p align=\"center\">\n\n<\/p>\n<p><input class=\"wpcf7-form-control wpcf7-submit has-spinner bEnviarssbtn-accent btn-circle\" type=\"submit\" value=\"Enviar\" \/>\n<\/p><div class=\"wpcf7-response-output\" aria-hidden=\"true\"><\/div>\n<\/form>\n<\/div>\n[\/vc_column][\/vc_row]<\/p>\n<\/div>","protected":false},"excerpt":{"rendered":"<p>[vc_row][vc_column][vc_column_text] *Derzeit\u00a0ausschlie\u00dflich in\u00a0Spanien verkauft. Fabricamos piezas bajo plano, en series cortas, para sus trabajos de investigaci\u00f3n: prototipos, moldes para fundir, [&hellip;]<\/p>\n","protected":false},"author":1,"featured_media":0,"parent":0,"menu_order":0,"comment_status":"closed","ping_status":"closed","template":"","meta":{"footnotes":""},"class_list":["post-67544","page","type-page","status-publish","hentry"],"yoast_head":"<!-- This site is optimized with the Yoast SEO plugin v27.1.1 - https:\/\/yoast.com\/product\/yoast-seo-wordpress\/ -->\n<title>Prototypen - Fundiciones G\u00f3mez<\/title>\n<meta name=\"robots\" content=\"index, follow, max-snippet:-1, max-image-preview:large, max-video-preview:-1\" \/>\n<link rel=\"canonical\" href=\"https:\/\/fundicionesgomez.com\/de\/prototypen\/\" \/>\n<meta property=\"og:locale\" content=\"de_DE\" \/>\n<meta property=\"og:type\" content=\"article\" \/>\n<meta property=\"og:title\" content=\"Prototypen - Fundiciones G\u00f3mez\" \/>\n<meta property=\"og:description\" content=\"[vc_row][vc_column][vc_column_text] *Derzeit\u00a0ausschlie\u00dflich in\u00a0Spanien verkauft. Fabricamos piezas bajo plano, en series cortas, para sus trabajos de investigaci\u00f3n: prototipos, moldes para fundir, [&hellip;]\" \/>\n<meta property=\"og:url\" content=\"https:\/\/fundicionesgomez.com\/de\/prototypen\/\" \/>\n<meta property=\"og:site_name\" content=\"Fundiciones G\u00f3mez\" \/>\n<meta property=\"article:modified_time\" content=\"2018-02-07T10:56:58+00:00\" \/>\n<meta name=\"twitter:card\" content=\"summary_large_image\" \/>\n<meta name=\"twitter:label1\" content=\"Gesch\u00e4tzte Lesezeit\" \/>\n\t<meta name=\"twitter:data1\" content=\"1\u00a0Minute\" \/>\n<script type=\"application\/ld+json\" class=\"yoast-schema-graph\">{\"@context\":\"https:\/\/schema.org\",\"@graph\":[{\"@type\":\"WebPage\",\"@id\":\"https:\/\/fundicionesgomez.com\/de\/prototypen\/\",\"url\":\"https:\/\/fundicionesgomez.com\/de\/prototypen\/\",\"name\":\"Prototypen - Fundiciones G\u00f3mez\",\"isPartOf\":{\"@id\":\"https:\/\/fundicionesgomez.com\/#website\"},\"datePublished\":\"2018-01-27T18:04:01+00:00\",\"dateModified\":\"2018-02-07T10:56:58+00:00\",\"breadcrumb\":{\"@id\":\"https:\/\/fundicionesgomez.com\/de\/prototypen\/#breadcrumb\"},\"inLanguage\":\"de\",\"potentialAction\":[{\"@type\":\"ReadAction\",\"target\":[\"https:\/\/fundicionesgomez.com\/de\/prototypen\/\"]}]},{\"@type\":\"BreadcrumbList\",\"@id\":\"https:\/\/fundicionesgomez.com\/de\/prototypen\/#breadcrumb\",\"itemListElement\":[{\"@type\":\"ListItem\",\"position\":1,\"name\":\"Portada\",\"item\":\"https:\/\/fundicionesgomez.com\/de\/\"},{\"@type\":\"ListItem\",\"position\":2,\"name\":\"Prototypen\"}]},{\"@type\":\"WebSite\",\"@id\":\"https:\/\/fundicionesgomez.com\/#website\",\"url\":\"https:\/\/fundicionesgomez.com\/\",\"name\":\"Fundiciones G\u00f3mez\",\"description\":\"piezas para la construcci\u00f3n, talleres met\u00e1licos, herrajes, sector del mueble, autom\u00f3vil, trabajos especiales, bajo plano...\",\"potentialAction\":[{\"@type\":\"SearchAction\",\"target\":{\"@type\":\"EntryPoint\",\"urlTemplate\":\"https:\/\/fundicionesgomez.com\/?s={search_term_string}\"},\"query-input\":{\"@type\":\"PropertyValueSpecification\",\"valueRequired\":true,\"valueName\":\"search_term_string\"}}],\"inLanguage\":\"de\"}]}<\/script>\n<!-- \/ Yoast SEO plugin. -->","yoast_head_json":{"title":"Prototypen - Fundiciones G\u00f3mez","robots":{"index":"index","follow":"follow","max-snippet":"max-snippet:-1","max-image-preview":"max-image-preview:large","max-video-preview":"max-video-preview:-1"},"canonical":"https:\/\/fundicionesgomez.com\/de\/prototypen\/","og_locale":"de_DE","og_type":"article","og_title":"Prototypen - Fundiciones G\u00f3mez","og_description":"[vc_row][vc_column][vc_column_text] *Derzeit\u00a0ausschlie\u00dflich in\u00a0Spanien verkauft. Fabricamos piezas bajo plano, en series cortas, para sus trabajos de investigaci\u00f3n: prototipos, moldes para fundir, [&hellip;]","og_url":"https:\/\/fundicionesgomez.com\/de\/prototypen\/","og_site_name":"Fundiciones G\u00f3mez","article_modified_time":"2018-02-07T10:56:58+00:00","twitter_card":"summary_large_image","twitter_misc":{"Gesch\u00e4tzte Lesezeit":"1\u00a0Minute"},"schema":{"@context":"https:\/\/schema.org","@graph":[{"@type":"WebPage","@id":"https:\/\/fundicionesgomez.com\/de\/prototypen\/","url":"https:\/\/fundicionesgomez.com\/de\/prototypen\/","name":"Prototypen - Fundiciones G\u00f3mez","isPartOf":{"@id":"https:\/\/fundicionesgomez.com\/#website"},"datePublished":"2018-01-27T18:04:01+00:00","dateModified":"2018-02-07T10:56:58+00:00","breadcrumb":{"@id":"https:\/\/fundicionesgomez.com\/de\/prototypen\/#breadcrumb"},"inLanguage":"de","potentialAction":[{"@type":"ReadAction","target":["https:\/\/fundicionesgomez.com\/de\/prototypen\/"]}]},{"@type":"BreadcrumbList","@id":"https:\/\/fundicionesgomez.com\/de\/prototypen\/#breadcrumb","itemListElement":[{"@type":"ListItem","position":1,"name":"Portada","item":"https:\/\/fundicionesgomez.com\/de\/"},{"@type":"ListItem","position":2,"name":"Prototypen"}]},{"@type":"WebSite","@id":"https:\/\/fundicionesgomez.com\/#website","url":"https:\/\/fundicionesgomez.com\/","name":"Fundiciones G\u00f3mez","description":"piezas para la construcci\u00f3n, talleres met\u00e1licos, herrajes, sector del mueble, autom\u00f3vil, trabajos especiales, bajo plano...","potentialAction":[{"@type":"SearchAction","target":{"@type":"EntryPoint","urlTemplate":"https:\/\/fundicionesgomez.com\/?s={search_term_string}"},"query-input":{"@type":"PropertyValueSpecification","valueRequired":true,"valueName":"search_term_string"}}],"inLanguage":"de"}]}},"_links":{"self":[{"href":"https:\/\/fundicionesgomez.com\/de\/wp-json\/wp\/v2\/pages\/67544","targetHints":{"allow":["GET"]}}],"collection":[{"href":"https:\/\/fundicionesgomez.com\/de\/wp-json\/wp\/v2\/pages"}],"about":[{"href":"https:\/\/fundicionesgomez.com\/de\/wp-json\/wp\/v2\/types\/page"}],"author":[{"embeddable":true,"href":"https:\/\/fundicionesgomez.com\/de\/wp-json\/wp\/v2\/users\/1"}],"replies":[{"embeddable":true,"href":"https:\/\/fundicionesgomez.com\/de\/wp-json\/wp\/v2\/comments?post=67544"}],"version-history":[{"count":1,"href":"https:\/\/fundicionesgomez.com\/de\/wp-json\/wp\/v2\/pages\/67544\/revisions"}],"predecessor-version":[{"id":67547,"href":"https:\/\/fundicionesgomez.com\/de\/wp-json\/wp\/v2\/pages\/67544\/revisions\/67547"}],"wp:attachment":[{"href":"https:\/\/fundicionesgomez.com\/de\/wp-json\/wp\/v2\/media?parent=67544"}],"curies":[{"name":"wp","href":"https:\/\/api.w.org\/{rel}","templated":true}]}}