{"id":67294,"date":"2018-01-10T19:24:05","date_gmt":"2018-01-10T19:24:05","guid":{"rendered":"http:\/\/test.lulango.es\/fgomez\/carpinterias-metalicas\/"},"modified":"2018-02-07T13:13:23","modified_gmt":"2018-02-07T13:13:23","slug":"handlauftraeger","status":"publish","type":"page","link":"https:\/\/fundicionesgomez.com\/de\/handlauftraeger\/","title":{"rendered":"Handlauftr\u00e4ger"},"content":{"rendered":"<div class=\"wpb-content-wrapper\"><p>[vc_row][vc_column][vc_column_text]<\/p>\n<h4>Eine Reihe von geeigeten Produkten f\u00fcr die Stahlkonstruktion, Schlossereien usw. Teile wie Handlauftst\u00fctze, Endkappen, Platten verschiedener Durchmesser&#8230;<\/h4>\n<p style=\"text-align: center;\">Sie k\u00f6nnen diesen Abschnitt in pdf nachschlagen:<\/p>\n<p style=\"text-align: center;\"><a title=\"Cat\u00e1logo Carpinter\u00edas\" href=\"http:\/\/test.lulango.es\/fgomez\/wp-content\/uploads\/2018\/01\/catalogo_carpinterias-red.pdf\"><img decoding=\"async\" class=\"alignnone wp-image-67276 size-full\" src=\"http:\/\/test.lulango.es\/fgomez\/wp-content\/uploads\/2018\/01\/crisol_fg.jpg\" alt=\"Ilustraci\u00f3n Crisol\" width=\"50\" height=\"76\" \/><\/a><\/p>\n<p style=\"text-align: center;\"><a href=\"http:\/\/test.lulango.es\/fgomez\/wp-content\/uploads\/2018\/01\/catalogo_carpinterias-red.pdf\">Cat\u00e1logo Carpinter\u00edas<\/a><\/p>\n<p>[\/vc_column_text][\/vc_column][\/vc_row][vc_row][vc_column width=&#8220;1\/4&#8243;][\/vc_column][vc_column width=&#8220;1\/2&#8243;]<div class=\"woocommerce columns-2\"><div class=\"owl-carousel-wrapper\">\n\t<div class=\"owl-carousel-container owl-carousel-loading half-gutter\">\n\t\t<div id=\"index-152799\" class=\"owl-carousel owl-element owl-theme owl-dots-outside owl-height-auto\" data-loop=\"false\" data-dots=\"true\" data-nav=\"false\" data-navspeed=\"400\" data-autoplay=\"false\" data-lg=\"2\" data-md=\"2\" data-sm=\"1\">\n<div class=\"tmb tmb-light tmb-content-center tmb-no-bg tmb-woocommerce tmb-overlay-anim tmb-overlay-text-anim tmb-iso-w6 post-67294 page type-page status-publish has-post-thumbnail hentry tmb-content-under tmb-media-first tmb-no-bg\" ><div class=\"t-inside\" ><div class=\"t-entry-visual\"><div class=\"t-entry-visual-tc\"><div class=\"t-entry-visual-cont\"><div class=\"dummy\" style=\"padding-top: 99.7%;\"><\/div><a role=\"button\" tabindex=\"-1\" href=\"https:\/\/fundicionesgomez.com\/de\/produkt-kategorie\/handlauftrager\/eisenprodukte\/\" class=\"pushed\"><div class=\"t-entry-visual-overlay\"><div class=\"t-entry-visual-overlay-in style-dark-bg\" style=\"opacity: 0.2;\"><\/div><\/div><img decoding=\"async\" class=\"wp-image-65472\" src=\"https:\/\/fundicionesgomez.com\/web\/wp-content\/uploads\/2017\/10\/Yunque-doble-cuerno.jpg\" width=\"349\" height=\"348\" alt=\"\" srcset=\"https:\/\/fundicionesgomez.com\/web\/wp-content\/uploads\/2017\/10\/Yunque-doble-cuerno.jpg 349w, https:\/\/fundicionesgomez.com\/web\/wp-content\/uploads\/2017\/10\/Yunque-doble-cuerno-300x300.jpg 300w, https:\/\/fundicionesgomez.com\/web\/wp-content\/uploads\/2017\/10\/Yunque-doble-cuerno-100x100.jpg 100w\" sizes=\"(max-width: 349px) 100vw, 349px\" \/><\/a><\/div>\n\t\t\t\t\t<\/div>\n\t\t\t\t<\/div><div class=\"t-entry-text\">\n\t\t\t\t\t\t\t\t\t<div class=\"t-entry-text-tc half-block-padding\"><div class=\"t-entry\"><h3 class=\"t-entry-title h6 \"><a href=\"https:\/\/fundicionesgomez.com\/de\/produkt-kategorie\/handlauftrager\/eisenprodukte\/\">Eisenprodukte <span class=\"count\">(17)<\/span><\/a><\/h3><\/div><\/div>\n\t\t\t\t\t\t\t<\/div><\/div><\/div><div class=\"tmb tmb-light tmb-content-center tmb-no-bg tmb-woocommerce tmb-overlay-anim tmb-overlay-text-anim tmb-iso-w6 post-67294 page type-page status-publish has-post-thumbnail hentry tmb-content-under tmb-media-first tmb-no-bg\" ><div class=\"t-inside\" ><div class=\"t-entry-visual\"><div class=\"t-entry-visual-tc\"><div class=\"t-entry-visual-cont\"><div class=\"dummy\" style=\"padding-top: 100%;\"><\/div><a role=\"button\" tabindex=\"-1\" href=\"https:\/\/fundicionesgomez.com\/de\/produkt-kategorie\/handlauftrager\/edelstahlprodukte\/\" class=\"pushed\"><div class=\"t-entry-visual-overlay\"><div class=\"t-entry-visual-overlay-in style-dark-bg\" style=\"opacity: 0.2;\"><\/div><\/div><img decoding=\"async\" class=\"wp-image-67867\" src=\"https:\/\/fundicionesgomez.com\/web\/wp-content\/uploads\/2017\/10\/Cat_inoxidablee.jpg\" width=\"750\" height=\"750\" alt=\"\" srcset=\"https:\/\/fundicionesgomez.com\/web\/wp-content\/uploads\/2017\/10\/Cat_inoxidablee.jpg 750w, https:\/\/fundicionesgomez.com\/web\/wp-content\/uploads\/2017\/10\/Cat_inoxidablee-300x300.jpg 300w, https:\/\/fundicionesgomez.com\/web\/wp-content\/uploads\/2017\/10\/Cat_inoxidablee-100x100.jpg 100w, https:\/\/fundicionesgomez.com\/web\/wp-content\/uploads\/2017\/10\/Cat_inoxidablee-600x600.jpg 600w\" sizes=\"(max-width: 750px) 100vw, 750px\" \/><\/a><\/div>\n\t\t\t\t\t<\/div>\n\t\t\t\t<\/div><div class=\"t-entry-text\">\n\t\t\t\t\t\t\t\t\t<div class=\"t-entry-text-tc half-block-padding\"><div class=\"t-entry\"><h3 class=\"t-entry-title h6 \"><a href=\"https:\/\/fundicionesgomez.com\/de\/produkt-kategorie\/handlauftrager\/edelstahlprodukte\/\">Edelstahlprodukte <span class=\"count\">(7)<\/span><\/a><\/h3><\/div><\/div>\n\t\t\t\t\t\t\t<\/div><\/div><\/div>\t\t<\/div>\n\t<\/div>\n<\/div><\/div>[\/vc_column][vc_column width=&#8220;1\/4&#8243;][\/vc_column][\/vc_row]<\/p>\n<\/div>","protected":false},"excerpt":{"rendered":"<p>[vc_row][vc_column][vc_column_text] Eine Reihe von geeigeten Produkten f\u00fcr die Stahlkonstruktion, Schlossereien usw. Teile wie Handlauftst\u00fctze, Endkappen, Platten verschiedener Durchmesser&#8230; Sie k\u00f6nnen [&hellip;]<\/p>\n","protected":false},"author":1,"featured_media":67288,"parent":0,"menu_order":0,"comment_status":"closed","ping_status":"closed","template":"","meta":{"footnotes":""},"class_list":["post-67294","page","type-page","status-publish","has-post-thumbnail","hentry"],"yoast_head":"<!-- This site is optimized with the Yoast SEO plugin v27.1.1 - https:\/\/yoast.com\/product\/yoast-seo-wordpress\/ -->\n<title>Handlauftr\u00e4ger - Fundiciones G\u00f3mez<\/title>\n<meta name=\"robots\" content=\"index, follow, max-snippet:-1, max-image-preview:large, max-video-preview:-1\" \/>\n<link rel=\"canonical\" href=\"https:\/\/fundicionesgomez.com\/de\/handlauftraeger\/\" \/>\n<meta property=\"og:locale\" content=\"de_DE\" \/>\n<meta property=\"og:type\" content=\"article\" \/>\n<meta property=\"og:title\" content=\"Handlauftr\u00e4ger - Fundiciones G\u00f3mez\" \/>\n<meta property=\"og:description\" content=\"[vc_row][vc_column][vc_column_text] Eine Reihe von geeigeten Produkten f\u00fcr die Stahlkonstruktion, Schlossereien usw. Teile wie Handlauftst\u00fctze, Endkappen, Platten verschiedener Durchmesser&#8230; Sie k\u00f6nnen [&hellip;]\" \/>\n<meta property=\"og:url\" content=\"https:\/\/fundicionesgomez.com\/de\/handlauftraeger\/\" \/>\n<meta property=\"og:site_name\" content=\"Fundiciones G\u00f3mez\" \/>\n<meta property=\"article:modified_time\" content=\"2018-02-07T13:13:23+00:00\" \/>\n<meta property=\"og:image\" content=\"https:\/\/fundicionesgomez.com\/web\/wp-content\/uploads\/2018\/01\/carpinterias-metalicas.jpg\" \/>\n\t<meta property=\"og:image:width\" content=\"1200\" \/>\n\t<meta property=\"og:image:height\" content=\"500\" \/>\n\t<meta property=\"og:image:type\" content=\"image\/jpeg\" \/>\n<meta name=\"twitter:card\" content=\"summary_large_image\" \/>\n<script type=\"application\/ld+json\" class=\"yoast-schema-graph\">{\"@context\":\"https:\/\/schema.org\",\"@graph\":[{\"@type\":\"WebPage\",\"@id\":\"https:\/\/fundicionesgomez.com\/de\/handlauftraeger\/\",\"url\":\"https:\/\/fundicionesgomez.com\/de\/handlauftraeger\/\",\"name\":\"Handlauftr\u00e4ger - Fundiciones G\u00f3mez\",\"isPartOf\":{\"@id\":\"https:\/\/fundicionesgomez.com\/#website\"},\"primaryImageOfPage\":{\"@id\":\"https:\/\/fundicionesgomez.com\/de\/handlauftraeger\/#primaryimage\"},\"image\":{\"@id\":\"https:\/\/fundicionesgomez.com\/de\/handlauftraeger\/#primaryimage\"},\"thumbnailUrl\":\"https:\/\/fundicionesgomez.com\/web\/wp-content\/uploads\/2018\/01\/carpinterias-metalicas.jpg\",\"datePublished\":\"2018-01-10T19:24:05+00:00\",\"dateModified\":\"2018-02-07T13:13:23+00:00\",\"breadcrumb\":{\"@id\":\"https:\/\/fundicionesgomez.com\/de\/handlauftraeger\/#breadcrumb\"},\"inLanguage\":\"de\",\"potentialAction\":[{\"@type\":\"ReadAction\",\"target\":[\"https:\/\/fundicionesgomez.com\/de\/handlauftraeger\/\"]}]},{\"@type\":\"ImageObject\",\"inLanguage\":\"de\",\"@id\":\"https:\/\/fundicionesgomez.com\/de\/handlauftraeger\/#primaryimage\",\"url\":\"https:\/\/fundicionesgomez.com\/web\/wp-content\/uploads\/2018\/01\/carpinterias-metalicas.jpg\",\"contentUrl\":\"https:\/\/fundicionesgomez.com\/web\/wp-content\/uploads\/2018\/01\/carpinterias-metalicas.jpg\",\"width\":1200,\"height\":500},{\"@type\":\"BreadcrumbList\",\"@id\":\"https:\/\/fundicionesgomez.com\/de\/handlauftraeger\/#breadcrumb\",\"itemListElement\":[{\"@type\":\"ListItem\",\"position\":1,\"name\":\"Portada\",\"item\":\"https:\/\/fundicionesgomez.com\/de\/\"},{\"@type\":\"ListItem\",\"position\":2,\"name\":\"Handlauftr\u00e4ger\"}]},{\"@type\":\"WebSite\",\"@id\":\"https:\/\/fundicionesgomez.com\/#website\",\"url\":\"https:\/\/fundicionesgomez.com\/\",\"name\":\"Fundiciones G\u00f3mez\",\"description\":\"piezas para la construcci\u00f3n, talleres met\u00e1licos, herrajes, sector del mueble, autom\u00f3vil, trabajos especiales, bajo plano...\",\"potentialAction\":[{\"@type\":\"SearchAction\",\"target\":{\"@type\":\"EntryPoint\",\"urlTemplate\":\"https:\/\/fundicionesgomez.com\/?s={search_term_string}\"},\"query-input\":{\"@type\":\"PropertyValueSpecification\",\"valueRequired\":true,\"valueName\":\"search_term_string\"}}],\"inLanguage\":\"de\"}]}<\/script>\n<!-- \/ Yoast SEO plugin. -->","yoast_head_json":{"title":"Handlauftr\u00e4ger - Fundiciones G\u00f3mez","robots":{"index":"index","follow":"follow","max-snippet":"max-snippet:-1","max-image-preview":"max-image-preview:large","max-video-preview":"max-video-preview:-1"},"canonical":"https:\/\/fundicionesgomez.com\/de\/handlauftraeger\/","og_locale":"de_DE","og_type":"article","og_title":"Handlauftr\u00e4ger - Fundiciones G\u00f3mez","og_description":"[vc_row][vc_column][vc_column_text] Eine Reihe von geeigeten Produkten f\u00fcr die Stahlkonstruktion, Schlossereien usw. Teile wie Handlauftst\u00fctze, Endkappen, Platten verschiedener Durchmesser&#8230; Sie k\u00f6nnen [&hellip;]","og_url":"https:\/\/fundicionesgomez.com\/de\/handlauftraeger\/","og_site_name":"Fundiciones G\u00f3mez","article_modified_time":"2018-02-07T13:13:23+00:00","og_image":[{"width":1200,"height":500,"url":"https:\/\/fundicionesgomez.com\/web\/wp-content\/uploads\/2018\/01\/carpinterias-metalicas.jpg","type":"image\/jpeg"}],"twitter_card":"summary_large_image","schema":{"@context":"https:\/\/schema.org","@graph":[{"@type":"WebPage","@id":"https:\/\/fundicionesgomez.com\/de\/handlauftraeger\/","url":"https:\/\/fundicionesgomez.com\/de\/handlauftraeger\/","name":"Handlauftr\u00e4ger - Fundiciones G\u00f3mez","isPartOf":{"@id":"https:\/\/fundicionesgomez.com\/#website"},"primaryImageOfPage":{"@id":"https:\/\/fundicionesgomez.com\/de\/handlauftraeger\/#primaryimage"},"image":{"@id":"https:\/\/fundicionesgomez.com\/de\/handlauftraeger\/#primaryimage"},"thumbnailUrl":"https:\/\/fundicionesgomez.com\/web\/wp-content\/uploads\/2018\/01\/carpinterias-metalicas.jpg","datePublished":"2018-01-10T19:24:05+00:00","dateModified":"2018-02-07T13:13:23+00:00","breadcrumb":{"@id":"https:\/\/fundicionesgomez.com\/de\/handlauftraeger\/#breadcrumb"},"inLanguage":"de","potentialAction":[{"@type":"ReadAction","target":["https:\/\/fundicionesgomez.com\/de\/handlauftraeger\/"]}]},{"@type":"ImageObject","inLanguage":"de","@id":"https:\/\/fundicionesgomez.com\/de\/handlauftraeger\/#primaryimage","url":"https:\/\/fundicionesgomez.com\/web\/wp-content\/uploads\/2018\/01\/carpinterias-metalicas.jpg","contentUrl":"https:\/\/fundicionesgomez.com\/web\/wp-content\/uploads\/2018\/01\/carpinterias-metalicas.jpg","width":1200,"height":500},{"@type":"BreadcrumbList","@id":"https:\/\/fundicionesgomez.com\/de\/handlauftraeger\/#breadcrumb","itemListElement":[{"@type":"ListItem","position":1,"name":"Portada","item":"https:\/\/fundicionesgomez.com\/de\/"},{"@type":"ListItem","position":2,"name":"Handlauftr\u00e4ger"}]},{"@type":"WebSite","@id":"https:\/\/fundicionesgomez.com\/#website","url":"https:\/\/fundicionesgomez.com\/","name":"Fundiciones G\u00f3mez","description":"piezas para la construcci\u00f3n, talleres met\u00e1licos, herrajes, sector del mueble, autom\u00f3vil, trabajos especiales, bajo plano...","potentialAction":[{"@type":"SearchAction","target":{"@type":"EntryPoint","urlTemplate":"https:\/\/fundicionesgomez.com\/?s={search_term_string}"},"query-input":{"@type":"PropertyValueSpecification","valueRequired":true,"valueName":"search_term_string"}}],"inLanguage":"de"}]}},"_links":{"self":[{"href":"https:\/\/fundicionesgomez.com\/de\/wp-json\/wp\/v2\/pages\/67294","targetHints":{"allow":["GET"]}}],"collection":[{"href":"https:\/\/fundicionesgomez.com\/de\/wp-json\/wp\/v2\/pages"}],"about":[{"href":"https:\/\/fundicionesgomez.com\/de\/wp-json\/wp\/v2\/types\/page"}],"author":[{"embeddable":true,"href":"https:\/\/fundicionesgomez.com\/de\/wp-json\/wp\/v2\/users\/1"}],"replies":[{"embeddable":true,"href":"https:\/\/fundicionesgomez.com\/de\/wp-json\/wp\/v2\/comments?post=67294"}],"version-history":[{"count":3,"href":"https:\/\/fundicionesgomez.com\/de\/wp-json\/wp\/v2\/pages\/67294\/revisions"}],"predecessor-version":[{"id":67681,"href":"https:\/\/fundicionesgomez.com\/de\/wp-json\/wp\/v2\/pages\/67294\/revisions\/67681"}],"wp:featuredmedia":[{"embeddable":true,"href":"https:\/\/fundicionesgomez.com\/de\/wp-json\/wp\/v2\/media\/67288"}],"wp:attachment":[{"href":"https:\/\/fundicionesgomez.com\/de\/wp-json\/wp\/v2\/media?parent=67294"}],"curies":[{"name":"wp","href":"https:\/\/api.w.org\/{rel}","templated":true}]}}