{"id":67243,"date":"2018-01-05T19:45:48","date_gmt":"2018-01-05T19:45:48","guid":{"rendered":"http:\/\/test.lulango.es\/fgomez\/?page_id=67243"},"modified":"2018-02-02T12:00:53","modified_gmt":"2018-02-02T12:00:53","slug":"bestandteile-fuer-moebel","status":"publish","type":"page","link":"https:\/\/fundicionesgomez.com\/de\/bestandteile-fuer-moebel\/","title":{"rendered":"Bestandteile f\u00fcr M\u00f6bel"},"content":{"rendered":"<div class=\"wpb-content-wrapper\"><p>[vc_row][vc_column][vc_column_text]<\/p>\n<h4>Wir stellen alle Arten von M\u00f6belbeschl\u00e4ge her, wie unten dargestellt. Senden Sie uns Ihre Fragen \u00fcber unser <a href=\"http:\/\/test.lulango.es\/fgomez\/de\/kontakt\/\">Kontaktformular<\/a> und wir werden einen kostenlosen Kostenvoranschlag erstellen<\/h4>\n<p>[\/vc_column_text][\/vc_column][\/vc_row][vc_row][vc_column width=&#8220;1\/1&#8243;][vc_gallery el_id=&#8220;gallery-197352&#8243; random=&#8220;yes&#8220; medias=&#8220;65625,65619,65613,65607,65601,65595,65589,65583,65577&#8243; gutter_size=&#8220;2&#8243; media_items=&#8220;media|lightbox|original,description,icon&#8220; screen_lg=&#8220;1000&#8243; screen_md=&#8220;600&#8243; screen_sm=&#8220;480&#8243; single_width=&#8220;3&#8243; single_overlay_opacity=&#8220;50&#8243; single_h_align=&#8220;center&#8220; single_padding=&#8220;2&#8243; single_css_animation=&#8220;bottom-t-top&#8220; single_animation_delay=&#8220;100&#8243; lbox_caption=&#8220;yes&#8220;][\/vc_column][\/vc_row]<\/p>\n<\/div>","protected":false},"excerpt":{"rendered":"<p>[vc_row][vc_column][vc_column_text] Wir stellen alle Arten von M\u00f6belbeschl\u00e4ge her, wie unten dargestellt. Senden Sie uns Ihre Fragen \u00fcber unser Kontaktformular und [&hellip;]<\/p>\n","protected":false},"author":1,"featured_media":69173,"parent":0,"menu_order":0,"comment_status":"closed","ping_status":"closed","template":"","meta":{"footnotes":""},"class_list":["post-67243","page","type-page","status-publish","has-post-thumbnail","hentry"],"yoast_head":"<!-- This site is optimized with the Yoast SEO plugin v27.1.1 - https:\/\/yoast.com\/product\/yoast-seo-wordpress\/ -->\n<title>Bestandteile f\u00fcr M\u00f6bel - Fundiciones G\u00f3mez<\/title>\n<meta name=\"robots\" content=\"index, follow, max-snippet:-1, max-image-preview:large, max-video-preview:-1\" \/>\n<link rel=\"canonical\" href=\"https:\/\/fundicionesgomez.com\/de\/bestandteile-fuer-moebel\/\" \/>\n<meta property=\"og:locale\" content=\"de_DE\" \/>\n<meta property=\"og:type\" content=\"article\" \/>\n<meta property=\"og:title\" content=\"Bestandteile f\u00fcr M\u00f6bel - Fundiciones G\u00f3mez\" \/>\n<meta property=\"og:description\" content=\"[vc_row][vc_column][vc_column_text] Wir stellen alle Arten von M\u00f6belbeschl\u00e4ge her, wie unten dargestellt. Senden Sie uns Ihre Fragen \u00fcber unser Kontaktformular und [&hellip;]\" \/>\n<meta property=\"og:url\" content=\"https:\/\/fundicionesgomez.com\/de\/bestandteile-fuer-moebel\/\" \/>\n<meta property=\"og:site_name\" content=\"Fundiciones G\u00f3mez\" \/>\n<meta property=\"article:modified_time\" content=\"2018-02-02T12:00:53+00:00\" \/>\n<meta property=\"og:image\" content=\"https:\/\/fundicionesgomez.com\/web\/wp-content\/uploads\/2018\/04\/categoria_mobiliario.jpg\" \/>\n\t<meta property=\"og:image:width\" content=\"420\" \/>\n\t<meta property=\"og:image:height\" content=\"420\" \/>\n\t<meta property=\"og:image:type\" content=\"image\/jpeg\" \/>\n<meta name=\"twitter:card\" content=\"summary_large_image\" \/>\n<script type=\"application\/ld+json\" class=\"yoast-schema-graph\">{\"@context\":\"https:\/\/schema.org\",\"@graph\":[{\"@type\":\"WebPage\",\"@id\":\"https:\/\/fundicionesgomez.com\/de\/bestandteile-fuer-moebel\/\",\"url\":\"https:\/\/fundicionesgomez.com\/de\/bestandteile-fuer-moebel\/\",\"name\":\"Bestandteile f\u00fcr M\u00f6bel - Fundiciones G\u00f3mez\",\"isPartOf\":{\"@id\":\"https:\/\/fundicionesgomez.com\/#website\"},\"primaryImageOfPage\":{\"@id\":\"https:\/\/fundicionesgomez.com\/de\/bestandteile-fuer-moebel\/#primaryimage\"},\"image\":{\"@id\":\"https:\/\/fundicionesgomez.com\/de\/bestandteile-fuer-moebel\/#primaryimage\"},\"thumbnailUrl\":\"https:\/\/fundicionesgomez.com\/web\/wp-content\/uploads\/2018\/04\/categoria_mobiliario.jpg\",\"datePublished\":\"2018-01-05T19:45:48+00:00\",\"dateModified\":\"2018-02-02T12:00:53+00:00\",\"breadcrumb\":{\"@id\":\"https:\/\/fundicionesgomez.com\/de\/bestandteile-fuer-moebel\/#breadcrumb\"},\"inLanguage\":\"de\",\"potentialAction\":[{\"@type\":\"ReadAction\",\"target\":[\"https:\/\/fundicionesgomez.com\/de\/bestandteile-fuer-moebel\/\"]}]},{\"@type\":\"ImageObject\",\"inLanguage\":\"de\",\"@id\":\"https:\/\/fundicionesgomez.com\/de\/bestandteile-fuer-moebel\/#primaryimage\",\"url\":\"https:\/\/fundicionesgomez.com\/web\/wp-content\/uploads\/2018\/04\/categoria_mobiliario.jpg\",\"contentUrl\":\"https:\/\/fundicionesgomez.com\/web\/wp-content\/uploads\/2018\/04\/categoria_mobiliario.jpg\",\"width\":420,\"height\":420},{\"@type\":\"BreadcrumbList\",\"@id\":\"https:\/\/fundicionesgomez.com\/de\/bestandteile-fuer-moebel\/#breadcrumb\",\"itemListElement\":[{\"@type\":\"ListItem\",\"position\":1,\"name\":\"Portada\",\"item\":\"https:\/\/fundicionesgomez.com\/de\/\"},{\"@type\":\"ListItem\",\"position\":2,\"name\":\"Bestandteile f\u00fcr M\u00f6bel\"}]},{\"@type\":\"WebSite\",\"@id\":\"https:\/\/fundicionesgomez.com\/#website\",\"url\":\"https:\/\/fundicionesgomez.com\/\",\"name\":\"Fundiciones G\u00f3mez\",\"description\":\"piezas para la construcci\u00f3n, talleres met\u00e1licos, herrajes, sector del mueble, autom\u00f3vil, trabajos especiales, bajo plano...\",\"potentialAction\":[{\"@type\":\"SearchAction\",\"target\":{\"@type\":\"EntryPoint\",\"urlTemplate\":\"https:\/\/fundicionesgomez.com\/?s={search_term_string}\"},\"query-input\":{\"@type\":\"PropertyValueSpecification\",\"valueRequired\":true,\"valueName\":\"search_term_string\"}}],\"inLanguage\":\"de\"}]}<\/script>\n<!-- \/ Yoast SEO plugin. -->","yoast_head_json":{"title":"Bestandteile f\u00fcr M\u00f6bel - Fundiciones G\u00f3mez","robots":{"index":"index","follow":"follow","max-snippet":"max-snippet:-1","max-image-preview":"max-image-preview:large","max-video-preview":"max-video-preview:-1"},"canonical":"https:\/\/fundicionesgomez.com\/de\/bestandteile-fuer-moebel\/","og_locale":"de_DE","og_type":"article","og_title":"Bestandteile f\u00fcr M\u00f6bel - Fundiciones G\u00f3mez","og_description":"[vc_row][vc_column][vc_column_text] Wir stellen alle Arten von M\u00f6belbeschl\u00e4ge her, wie unten dargestellt. Senden Sie uns Ihre Fragen \u00fcber unser Kontaktformular und [&hellip;]","og_url":"https:\/\/fundicionesgomez.com\/de\/bestandteile-fuer-moebel\/","og_site_name":"Fundiciones G\u00f3mez","article_modified_time":"2018-02-02T12:00:53+00:00","og_image":[{"width":420,"height":420,"url":"https:\/\/fundicionesgomez.com\/web\/wp-content\/uploads\/2018\/04\/categoria_mobiliario.jpg","type":"image\/jpeg"}],"twitter_card":"summary_large_image","schema":{"@context":"https:\/\/schema.org","@graph":[{"@type":"WebPage","@id":"https:\/\/fundicionesgomez.com\/de\/bestandteile-fuer-moebel\/","url":"https:\/\/fundicionesgomez.com\/de\/bestandteile-fuer-moebel\/","name":"Bestandteile f\u00fcr M\u00f6bel - Fundiciones G\u00f3mez","isPartOf":{"@id":"https:\/\/fundicionesgomez.com\/#website"},"primaryImageOfPage":{"@id":"https:\/\/fundicionesgomez.com\/de\/bestandteile-fuer-moebel\/#primaryimage"},"image":{"@id":"https:\/\/fundicionesgomez.com\/de\/bestandteile-fuer-moebel\/#primaryimage"},"thumbnailUrl":"https:\/\/fundicionesgomez.com\/web\/wp-content\/uploads\/2018\/04\/categoria_mobiliario.jpg","datePublished":"2018-01-05T19:45:48+00:00","dateModified":"2018-02-02T12:00:53+00:00","breadcrumb":{"@id":"https:\/\/fundicionesgomez.com\/de\/bestandteile-fuer-moebel\/#breadcrumb"},"inLanguage":"de","potentialAction":[{"@type":"ReadAction","target":["https:\/\/fundicionesgomez.com\/de\/bestandteile-fuer-moebel\/"]}]},{"@type":"ImageObject","inLanguage":"de","@id":"https:\/\/fundicionesgomez.com\/de\/bestandteile-fuer-moebel\/#primaryimage","url":"https:\/\/fundicionesgomez.com\/web\/wp-content\/uploads\/2018\/04\/categoria_mobiliario.jpg","contentUrl":"https:\/\/fundicionesgomez.com\/web\/wp-content\/uploads\/2018\/04\/categoria_mobiliario.jpg","width":420,"height":420},{"@type":"BreadcrumbList","@id":"https:\/\/fundicionesgomez.com\/de\/bestandteile-fuer-moebel\/#breadcrumb","itemListElement":[{"@type":"ListItem","position":1,"name":"Portada","item":"https:\/\/fundicionesgomez.com\/de\/"},{"@type":"ListItem","position":2,"name":"Bestandteile f\u00fcr M\u00f6bel"}]},{"@type":"WebSite","@id":"https:\/\/fundicionesgomez.com\/#website","url":"https:\/\/fundicionesgomez.com\/","name":"Fundiciones G\u00f3mez","description":"piezas para la construcci\u00f3n, talleres met\u00e1licos, herrajes, sector del mueble, autom\u00f3vil, trabajos especiales, bajo plano...","potentialAction":[{"@type":"SearchAction","target":{"@type":"EntryPoint","urlTemplate":"https:\/\/fundicionesgomez.com\/?s={search_term_string}"},"query-input":{"@type":"PropertyValueSpecification","valueRequired":true,"valueName":"search_term_string"}}],"inLanguage":"de"}]}},"_links":{"self":[{"href":"https:\/\/fundicionesgomez.com\/de\/wp-json\/wp\/v2\/pages\/67243","targetHints":{"allow":["GET"]}}],"collection":[{"href":"https:\/\/fundicionesgomez.com\/de\/wp-json\/wp\/v2\/pages"}],"about":[{"href":"https:\/\/fundicionesgomez.com\/de\/wp-json\/wp\/v2\/types\/page"}],"author":[{"embeddable":true,"href":"https:\/\/fundicionesgomez.com\/de\/wp-json\/wp\/v2\/users\/1"}],"replies":[{"embeddable":true,"href":"https:\/\/fundicionesgomez.com\/de\/wp-json\/wp\/v2\/comments?post=67243"}],"version-history":[{"count":3,"href":"https:\/\/fundicionesgomez.com\/de\/wp-json\/wp\/v2\/pages\/67243\/revisions"}],"predecessor-version":[{"id":67261,"href":"https:\/\/fundicionesgomez.com\/de\/wp-json\/wp\/v2\/pages\/67243\/revisions\/67261"}],"wp:featuredmedia":[{"embeddable":true,"href":"https:\/\/fundicionesgomez.com\/de\/wp-json\/wp\/v2\/media\/69173"}],"wp:attachment":[{"href":"https:\/\/fundicionesgomez.com\/de\/wp-json\/wp\/v2\/media?parent=67243"}],"curies":[{"name":"wp","href":"https:\/\/api.w.org\/{rel}","templated":true}]}}