{"id":2165,"date":"2017-10-20T19:14:06","date_gmt":"2017-10-20T19:14:08","guid":{"rendered":"http:\/\/test.lulango.es\/fgomez\/?post_type=product&#038;p=2165"},"modified":"2021-11-16T12:58:46","modified_gmt":"2021-11-16T12:58:46","slug":"pern-40x120","status":"publish","type":"product","link":"https:\/\/fundicionesgomez.com\/ca\/producto\/pern-40x120\/","title":{"rendered":"Pern \u00d840&#215;120"},"content":{"rendered":"<h4>&#8211; Material: Barra Calibrada F1 (ideal para soldar) \u00d840<\/h4>\n<h4>&#8211; Longitud del pernio: 120 mm<\/h4>\n<h4>&#8211; Bola de acero<\/h4>\n<h4>&#8211;\u00a0Casquillo de bronce<\/h4>\n<h4>&#8211; Con orificio para engrasar<\/h4>\n<p>Per a suports amb altres dimensions envi\u00ef&#8217;ns la seva consulta a trav\u00e9s del <a href=\"https:\/\/test.lulango.es\/fgomez\/ca\/contacte\/\">formulari de contacte<\/a> i li farem un pressupost sense comprom\u00eds, o ponseu-vos en contacte amb el seu <a href=\"https:\/\/test.lulango.es\/fgomez\/ca\/distribuidores\/\">distribu\u00efdor m\u00e9s proper<\/a>.<\/p>\n<p>Si ho prefereix, aquest producte es distribu\u00efx tamb\u00e9 a trav\u00e9s de Subministraments Industrials. Si li interessa saber quin \u00e9s el seu distribu\u00efdor m\u00e9s proper, marmit\u00f3 <a href=\"https:\/\/test.lulango.es\/fgomez\/ca\/distribuidores\/\">aqu\u00ed<\/a>.<\/p>\n","protected":false},"excerpt":{"rendered":"<p>Pern en ferro de \u00d840 amb bola d&#8217;acer i casquillo de bronze.<\/p>\n","protected":false},"featured_media":2166,"template":"","meta":[],"product_brand":[221],"product_cat":[135,171],"product_tag":[],"class_list":{"0":"post-2165","1":"product","2":"type-product","3":"status-publish","4":"has-post-thumbnail","6":"product_brand-fundiciones-gomez","7":"product_cat-fusteries-metal-liques","8":"product_cat-productes-de-ferro","10":"first","11":"instock","12":"taxable","13":"shipping-taxable","14":"purchasable","15":"product-type-simple"},"yoast_head":"<!-- This site is optimized with the Yoast SEO plugin v27.1.1 - https:\/\/yoast.com\/product\/yoast-seo-wordpress\/ -->\n<title>Pern \u00d840x120 - Fundiciones G\u00f3mez<\/title>\n<meta name=\"robots\" content=\"index, follow, max-snippet:-1, max-image-preview:large, max-video-preview:-1\" \/>\n<link rel=\"canonical\" href=\"https:\/\/fundicionesgomez.com\/ca\/producto\/pern-40x120\/\" \/>\n<meta property=\"og:locale\" content=\"ca_ES\" \/>\n<meta property=\"og:type\" content=\"article\" \/>\n<meta property=\"og:title\" content=\"Pern \u00d840x120 - Fundiciones G\u00f3mez\" \/>\n<meta property=\"og:description\" content=\"Pern en ferro de \u00d840 amb bola d&#039;acer i casquillo de bronze.\" \/>\n<meta property=\"og:url\" content=\"https:\/\/fundicionesgomez.com\/ca\/producto\/pern-40x120\/\" \/>\n<meta property=\"og:site_name\" content=\"Fundiciones G\u00f3mez\" \/>\n<meta property=\"article:modified_time\" content=\"2021-11-16T12:58:46+00:00\" \/>\n<meta property=\"og:image\" content=\"https:\/\/fundicionesgomez.com\/web\/wp-content\/uploads\/2009\/01\/p-2165-p-2161-p-2157-p-2153-p-2149-KT01062b_m.jpg\" \/>\n\t<meta property=\"og:image:width\" content=\"200\" \/>\n\t<meta property=\"og:image:height\" content=\"199\" \/>\n\t<meta property=\"og:image:type\" content=\"image\/jpeg\" \/>\n<meta name=\"twitter:card\" content=\"summary_large_image\" \/>\n<script type=\"application\/ld+json\" class=\"yoast-schema-graph\">{\"@context\":\"https:\/\/schema.org\",\"@graph\":[{\"@type\":\"WebPage\",\"@id\":\"https:\/\/fundicionesgomez.com\/ca\/producto\/pern-40x120\/\",\"url\":\"https:\/\/fundicionesgomez.com\/ca\/producto\/pern-40x120\/\",\"name\":\"Pern \u00d840x120 - Fundiciones G\u00f3mez\",\"isPartOf\":{\"@id\":\"https:\/\/fundicionesgomez.com\/#website\"},\"primaryImageOfPage\":{\"@id\":\"https:\/\/fundicionesgomez.com\/ca\/producto\/pern-40x120\/#primaryimage\"},\"image\":{\"@id\":\"https:\/\/fundicionesgomez.com\/ca\/producto\/pern-40x120\/#primaryimage\"},\"thumbnailUrl\":\"https:\/\/fundicionesgomez.com\/web\/wp-content\/uploads\/2009\/01\/p-2165-p-2161-p-2157-p-2153-p-2149-KT01062b_m.jpg\",\"datePublished\":\"2017-10-20T19:14:08+00:00\",\"dateModified\":\"2021-11-16T12:58:46+00:00\",\"breadcrumb\":{\"@id\":\"https:\/\/fundicionesgomez.com\/ca\/producto\/pern-40x120\/#breadcrumb\"},\"inLanguage\":\"ca\",\"potentialAction\":[{\"@type\":\"ReadAction\",\"target\":[\"https:\/\/fundicionesgomez.com\/ca\/producto\/pern-40x120\/\"]}]},{\"@type\":\"ImageObject\",\"inLanguage\":\"ca\",\"@id\":\"https:\/\/fundicionesgomez.com\/ca\/producto\/pern-40x120\/#primaryimage\",\"url\":\"https:\/\/fundicionesgomez.com\/web\/wp-content\/uploads\/2009\/01\/p-2165-p-2161-p-2157-p-2153-p-2149-KT01062b_m.jpg\",\"contentUrl\":\"https:\/\/fundicionesgomez.com\/web\/wp-content\/uploads\/2009\/01\/p-2165-p-2161-p-2157-p-2153-p-2149-KT01062b_m.jpg\",\"width\":200,\"height\":199},{\"@type\":\"BreadcrumbList\",\"@id\":\"https:\/\/fundicionesgomez.com\/ca\/producto\/pern-40x120\/#breadcrumb\",\"itemListElement\":[{\"@type\":\"ListItem\",\"position\":1,\"name\":\"Portada\",\"item\":\"https:\/\/fundicionesgomez.com\/ca\/\"},{\"@type\":\"ListItem\",\"position\":2,\"name\":\"Productos\",\"item\":\"https:\/\/fundicionesgomez.com\/shop\/\"},{\"@type\":\"ListItem\",\"position\":3,\"name\":\"Pern \u00d840&#215;120\"}]},{\"@type\":\"WebSite\",\"@id\":\"https:\/\/fundicionesgomez.com\/#website\",\"url\":\"https:\/\/fundicionesgomez.com\/\",\"name\":\"Fundiciones G\u00f3mez\",\"description\":\"piezas para la construcci\u00f3n, talleres met\u00e1licos, herrajes, sector del mueble, autom\u00f3vil, trabajos especiales, bajo plano...\",\"potentialAction\":[{\"@type\":\"SearchAction\",\"target\":{\"@type\":\"EntryPoint\",\"urlTemplate\":\"https:\/\/fundicionesgomez.com\/?s={search_term_string}\"},\"query-input\":{\"@type\":\"PropertyValueSpecification\",\"valueRequired\":true,\"valueName\":\"search_term_string\"}}],\"inLanguage\":\"ca\"}]}<\/script>\n<!-- \/ Yoast SEO plugin. -->","yoast_head_json":{"title":"Pern \u00d840x120 - Fundiciones G\u00f3mez","robots":{"index":"index","follow":"follow","max-snippet":"max-snippet:-1","max-image-preview":"max-image-preview:large","max-video-preview":"max-video-preview:-1"},"canonical":"https:\/\/fundicionesgomez.com\/ca\/producto\/pern-40x120\/","og_locale":"ca_ES","og_type":"article","og_title":"Pern \u00d840x120 - Fundiciones G\u00f3mez","og_description":"Pern en ferro de \u00d840 amb bola d'acer i casquillo de bronze.","og_url":"https:\/\/fundicionesgomez.com\/ca\/producto\/pern-40x120\/","og_site_name":"Fundiciones G\u00f3mez","article_modified_time":"2021-11-16T12:58:46+00:00","og_image":[{"width":200,"height":199,"url":"https:\/\/fundicionesgomez.com\/web\/wp-content\/uploads\/2009\/01\/p-2165-p-2161-p-2157-p-2153-p-2149-KT01062b_m.jpg","type":"image\/jpeg"}],"twitter_card":"summary_large_image","schema":{"@context":"https:\/\/schema.org","@graph":[{"@type":"WebPage","@id":"https:\/\/fundicionesgomez.com\/ca\/producto\/pern-40x120\/","url":"https:\/\/fundicionesgomez.com\/ca\/producto\/pern-40x120\/","name":"Pern \u00d840x120 - Fundiciones G\u00f3mez","isPartOf":{"@id":"https:\/\/fundicionesgomez.com\/#website"},"primaryImageOfPage":{"@id":"https:\/\/fundicionesgomez.com\/ca\/producto\/pern-40x120\/#primaryimage"},"image":{"@id":"https:\/\/fundicionesgomez.com\/ca\/producto\/pern-40x120\/#primaryimage"},"thumbnailUrl":"https:\/\/fundicionesgomez.com\/web\/wp-content\/uploads\/2009\/01\/p-2165-p-2161-p-2157-p-2153-p-2149-KT01062b_m.jpg","datePublished":"2017-10-20T19:14:08+00:00","dateModified":"2021-11-16T12:58:46+00:00","breadcrumb":{"@id":"https:\/\/fundicionesgomez.com\/ca\/producto\/pern-40x120\/#breadcrumb"},"inLanguage":"ca","potentialAction":[{"@type":"ReadAction","target":["https:\/\/fundicionesgomez.com\/ca\/producto\/pern-40x120\/"]}]},{"@type":"ImageObject","inLanguage":"ca","@id":"https:\/\/fundicionesgomez.com\/ca\/producto\/pern-40x120\/#primaryimage","url":"https:\/\/fundicionesgomez.com\/web\/wp-content\/uploads\/2009\/01\/p-2165-p-2161-p-2157-p-2153-p-2149-KT01062b_m.jpg","contentUrl":"https:\/\/fundicionesgomez.com\/web\/wp-content\/uploads\/2009\/01\/p-2165-p-2161-p-2157-p-2153-p-2149-KT01062b_m.jpg","width":200,"height":199},{"@type":"BreadcrumbList","@id":"https:\/\/fundicionesgomez.com\/ca\/producto\/pern-40x120\/#breadcrumb","itemListElement":[{"@type":"ListItem","position":1,"name":"Portada","item":"https:\/\/fundicionesgomez.com\/ca\/"},{"@type":"ListItem","position":2,"name":"Productos","item":"https:\/\/fundicionesgomez.com\/shop\/"},{"@type":"ListItem","position":3,"name":"Pern \u00d840&#215;120"}]},{"@type":"WebSite","@id":"https:\/\/fundicionesgomez.com\/#website","url":"https:\/\/fundicionesgomez.com\/","name":"Fundiciones G\u00f3mez","description":"piezas para la construcci\u00f3n, talleres met\u00e1licos, herrajes, sector del mueble, autom\u00f3vil, trabajos especiales, bajo plano...","potentialAction":[{"@type":"SearchAction","target":{"@type":"EntryPoint","urlTemplate":"https:\/\/fundicionesgomez.com\/?s={search_term_string}"},"query-input":{"@type":"PropertyValueSpecification","valueRequired":true,"valueName":"search_term_string"}}],"inLanguage":"ca"}]}},"_links":{"self":[{"href":"https:\/\/fundicionesgomez.com\/ca\/wp-json\/wp\/v2\/product\/2165","targetHints":{"allow":["GET"]}}],"collection":[{"href":"https:\/\/fundicionesgomez.com\/ca\/wp-json\/wp\/v2\/product"}],"about":[{"href":"https:\/\/fundicionesgomez.com\/ca\/wp-json\/wp\/v2\/types\/product"}],"wp:featuredmedia":[{"embeddable":true,"href":"https:\/\/fundicionesgomez.com\/ca\/wp-json\/wp\/v2\/media\/2166"}],"wp:attachment":[{"href":"https:\/\/fundicionesgomez.com\/ca\/wp-json\/wp\/v2\/media?parent=2165"}],"wp:term":[{"taxonomy":"product_brand","embeddable":true,"href":"https:\/\/fundicionesgomez.com\/ca\/wp-json\/wp\/v2\/product_brand?post=2165"},{"taxonomy":"product_cat","embeddable":true,"href":"https:\/\/fundicionesgomez.com\/ca\/wp-json\/wp\/v2\/product_cat?post=2165"},{"taxonomy":"product_tag","embeddable":true,"href":"https:\/\/fundicionesgomez.com\/ca\/wp-json\/wp\/v2\/product_tag?post=2165"}],"curies":[{"name":"wp","href":"https:\/\/api.w.org\/{rel}","templated":true}]}}