{"id":2099,"date":"2017-10-20T19:14:03","date_gmt":"2017-10-20T19:14:04","guid":{"rendered":"http:\/\/test.lulango.es\/fgomez\/?post_type=product&#038;p=2099"},"modified":"2018-04-06T10:04:59","modified_gmt":"2018-04-06T10:04:59","slug":"patilla-per-soldar-amb-forat-ovalat","status":"publish","type":"product","link":"https:\/\/fundicionesgomez.com\/ca\/producto\/patilla-per-soldar-amb-forat-ovalat\/","title":{"rendered":"Patilla per soldar amb forat ovalat"},"content":{"rendered":"<p>Per a patilles amb altres dimensions envi\u00ef&#8217;ns la seva consulta a trav\u00e9s del\u00a0<a href=\"https:\/\/test.lulango.es\/fgomez\/ca\/contacte\/\">formulari de contacte<\/a>\u00a0i li farem un pressupost sense comprom\u00eds.<\/p>\n<p>Si ho prefereix, aquest producte es distribueix tamb\u00e9 a trav\u00e9s de Subministraments Industrials. Si li interessa saber quin \u00e9s el seu distribu\u00efdor m\u00e9s proper, punxi\u00a0<a href=\"https:\/\/test.lulango.es\/fgomez\/ca\/distribuidores\/\">aqu\u00ed<\/a><\/p>\n","protected":false},"excerpt":{"rendered":"<p>Fabricada en diferents grand\u00e0ries. Tri\u00ef la m\u00e9s convenient per al seu treball.<\/p>\n","protected":false},"featured_media":2100,"template":"","meta":[],"product_brand":[221],"product_cat":[135,171],"product_tag":[591],"class_list":{"0":"post-2099","1":"product","2":"type-product","3":"status-publish","4":"has-post-thumbnail","6":"product_brand-fundiciones-gomez","7":"product_cat-fusteries-metal-liques","8":"product_cat-productes-de-ferro","9":"product_tag-ferro","11":"first","12":"instock","13":"taxable","14":"shipping-taxable","15":"purchasable","16":"product-type-variable"},"yoast_head":"<!-- This site is optimized with the Yoast SEO plugin v27.1.1 - https:\/\/yoast.com\/product\/yoast-seo-wordpress\/ -->\n<title>Patilla per soldar amb forat ovalat - Fundiciones G\u00f3mez<\/title>\n<meta name=\"robots\" content=\"index, follow, max-snippet:-1, max-image-preview:large, max-video-preview:-1\" \/>\n<link rel=\"canonical\" href=\"https:\/\/fundicionesgomez.com\/ca\/producto\/patilla-per-soldar-amb-forat-ovalat\/\" \/>\n<meta property=\"og:locale\" content=\"ca_ES\" \/>\n<meta property=\"og:type\" content=\"article\" \/>\n<meta property=\"og:title\" content=\"Patilla per soldar amb forat ovalat - Fundiciones G\u00f3mez\" \/>\n<meta property=\"og:description\" content=\"Fabricada en diferents grand\u00e0ries. Tri\u00ef la m\u00e9s convenient per al seu treball.\" \/>\n<meta property=\"og:url\" content=\"https:\/\/fundicionesgomez.com\/ca\/producto\/patilla-per-soldar-amb-forat-ovalat\/\" \/>\n<meta property=\"og:site_name\" content=\"Fundiciones G\u00f3mez\" \/>\n<meta property=\"article:modified_time\" content=\"2018-04-06T10:04:59+00:00\" \/>\n<meta property=\"og:image\" content=\"https:\/\/fundicionesgomez.com\/web\/wp-content\/uploads\/2013\/11\/p-2099-p-2095-p-2091-p-2087-p-2083-KT01017b.jpg\" \/>\n\t<meta property=\"og:image:width\" content=\"480\" \/>\n\t<meta property=\"og:image:height\" content=\"480\" \/>\n\t<meta property=\"og:image:type\" content=\"image\/jpeg\" \/>\n<meta name=\"twitter:card\" content=\"summary_large_image\" \/>\n<script type=\"application\/ld+json\" class=\"yoast-schema-graph\">{\"@context\":\"https:\/\/schema.org\",\"@graph\":[{\"@type\":\"WebPage\",\"@id\":\"https:\/\/fundicionesgomez.com\/ca\/producto\/patilla-per-soldar-amb-forat-ovalat\/\",\"url\":\"https:\/\/fundicionesgomez.com\/ca\/producto\/patilla-per-soldar-amb-forat-ovalat\/\",\"name\":\"Patilla per soldar amb forat ovalat - Fundiciones G\u00f3mez\",\"isPartOf\":{\"@id\":\"https:\/\/fundicionesgomez.com\/#website\"},\"primaryImageOfPage\":{\"@id\":\"https:\/\/fundicionesgomez.com\/ca\/producto\/patilla-per-soldar-amb-forat-ovalat\/#primaryimage\"},\"image\":{\"@id\":\"https:\/\/fundicionesgomez.com\/ca\/producto\/patilla-per-soldar-amb-forat-ovalat\/#primaryimage\"},\"thumbnailUrl\":\"https:\/\/fundicionesgomez.com\/web\/wp-content\/uploads\/2013\/11\/p-2099-p-2095-p-2091-p-2087-p-2083-KT01017b.jpg\",\"datePublished\":\"2017-10-20T19:14:04+00:00\",\"dateModified\":\"2018-04-06T10:04:59+00:00\",\"breadcrumb\":{\"@id\":\"https:\/\/fundicionesgomez.com\/ca\/producto\/patilla-per-soldar-amb-forat-ovalat\/#breadcrumb\"},\"inLanguage\":\"ca\",\"potentialAction\":[{\"@type\":\"ReadAction\",\"target\":[\"https:\/\/fundicionesgomez.com\/ca\/producto\/patilla-per-soldar-amb-forat-ovalat\/\"]}]},{\"@type\":\"ImageObject\",\"inLanguage\":\"ca\",\"@id\":\"https:\/\/fundicionesgomez.com\/ca\/producto\/patilla-per-soldar-amb-forat-ovalat\/#primaryimage\",\"url\":\"https:\/\/fundicionesgomez.com\/web\/wp-content\/uploads\/2013\/11\/p-2099-p-2095-p-2091-p-2087-p-2083-KT01017b.jpg\",\"contentUrl\":\"https:\/\/fundicionesgomez.com\/web\/wp-content\/uploads\/2013\/11\/p-2099-p-2095-p-2091-p-2087-p-2083-KT01017b.jpg\",\"width\":480,\"height\":480},{\"@type\":\"BreadcrumbList\",\"@id\":\"https:\/\/fundicionesgomez.com\/ca\/producto\/patilla-per-soldar-amb-forat-ovalat\/#breadcrumb\",\"itemListElement\":[{\"@type\":\"ListItem\",\"position\":1,\"name\":\"Portada\",\"item\":\"https:\/\/fundicionesgomez.com\/ca\/\"},{\"@type\":\"ListItem\",\"position\":2,\"name\":\"Productos\",\"item\":\"https:\/\/fundicionesgomez.com\/shop\/\"},{\"@type\":\"ListItem\",\"position\":3,\"name\":\"Patilla per soldar amb forat ovalat\"}]},{\"@type\":\"WebSite\",\"@id\":\"https:\/\/fundicionesgomez.com\/#website\",\"url\":\"https:\/\/fundicionesgomez.com\/\",\"name\":\"Fundiciones G\u00f3mez\",\"description\":\"piezas para la construcci\u00f3n, talleres met\u00e1licos, herrajes, sector del mueble, autom\u00f3vil, trabajos especiales, bajo plano...\",\"potentialAction\":[{\"@type\":\"SearchAction\",\"target\":{\"@type\":\"EntryPoint\",\"urlTemplate\":\"https:\/\/fundicionesgomez.com\/?s={search_term_string}\"},\"query-input\":{\"@type\":\"PropertyValueSpecification\",\"valueRequired\":true,\"valueName\":\"search_term_string\"}}],\"inLanguage\":\"ca\"}]}<\/script>\n<!-- \/ Yoast SEO plugin. -->","yoast_head_json":{"title":"Patilla per soldar amb forat ovalat - Fundiciones G\u00f3mez","robots":{"index":"index","follow":"follow","max-snippet":"max-snippet:-1","max-image-preview":"max-image-preview:large","max-video-preview":"max-video-preview:-1"},"canonical":"https:\/\/fundicionesgomez.com\/ca\/producto\/patilla-per-soldar-amb-forat-ovalat\/","og_locale":"ca_ES","og_type":"article","og_title":"Patilla per soldar amb forat ovalat - Fundiciones G\u00f3mez","og_description":"Fabricada en diferents grand\u00e0ries. Tri\u00ef la m\u00e9s convenient per al seu treball.","og_url":"https:\/\/fundicionesgomez.com\/ca\/producto\/patilla-per-soldar-amb-forat-ovalat\/","og_site_name":"Fundiciones G\u00f3mez","article_modified_time":"2018-04-06T10:04:59+00:00","og_image":[{"width":480,"height":480,"url":"https:\/\/fundicionesgomez.com\/web\/wp-content\/uploads\/2013\/11\/p-2099-p-2095-p-2091-p-2087-p-2083-KT01017b.jpg","type":"image\/jpeg"}],"twitter_card":"summary_large_image","schema":{"@context":"https:\/\/schema.org","@graph":[{"@type":"WebPage","@id":"https:\/\/fundicionesgomez.com\/ca\/producto\/patilla-per-soldar-amb-forat-ovalat\/","url":"https:\/\/fundicionesgomez.com\/ca\/producto\/patilla-per-soldar-amb-forat-ovalat\/","name":"Patilla per soldar amb forat ovalat - Fundiciones G\u00f3mez","isPartOf":{"@id":"https:\/\/fundicionesgomez.com\/#website"},"primaryImageOfPage":{"@id":"https:\/\/fundicionesgomez.com\/ca\/producto\/patilla-per-soldar-amb-forat-ovalat\/#primaryimage"},"image":{"@id":"https:\/\/fundicionesgomez.com\/ca\/producto\/patilla-per-soldar-amb-forat-ovalat\/#primaryimage"},"thumbnailUrl":"https:\/\/fundicionesgomez.com\/web\/wp-content\/uploads\/2013\/11\/p-2099-p-2095-p-2091-p-2087-p-2083-KT01017b.jpg","datePublished":"2017-10-20T19:14:04+00:00","dateModified":"2018-04-06T10:04:59+00:00","breadcrumb":{"@id":"https:\/\/fundicionesgomez.com\/ca\/producto\/patilla-per-soldar-amb-forat-ovalat\/#breadcrumb"},"inLanguage":"ca","potentialAction":[{"@type":"ReadAction","target":["https:\/\/fundicionesgomez.com\/ca\/producto\/patilla-per-soldar-amb-forat-ovalat\/"]}]},{"@type":"ImageObject","inLanguage":"ca","@id":"https:\/\/fundicionesgomez.com\/ca\/producto\/patilla-per-soldar-amb-forat-ovalat\/#primaryimage","url":"https:\/\/fundicionesgomez.com\/web\/wp-content\/uploads\/2013\/11\/p-2099-p-2095-p-2091-p-2087-p-2083-KT01017b.jpg","contentUrl":"https:\/\/fundicionesgomez.com\/web\/wp-content\/uploads\/2013\/11\/p-2099-p-2095-p-2091-p-2087-p-2083-KT01017b.jpg","width":480,"height":480},{"@type":"BreadcrumbList","@id":"https:\/\/fundicionesgomez.com\/ca\/producto\/patilla-per-soldar-amb-forat-ovalat\/#breadcrumb","itemListElement":[{"@type":"ListItem","position":1,"name":"Portada","item":"https:\/\/fundicionesgomez.com\/ca\/"},{"@type":"ListItem","position":2,"name":"Productos","item":"https:\/\/fundicionesgomez.com\/shop\/"},{"@type":"ListItem","position":3,"name":"Patilla per soldar amb forat ovalat"}]},{"@type":"WebSite","@id":"https:\/\/fundicionesgomez.com\/#website","url":"https:\/\/fundicionesgomez.com\/","name":"Fundiciones G\u00f3mez","description":"piezas para la construcci\u00f3n, talleres met\u00e1licos, herrajes, sector del mueble, autom\u00f3vil, trabajos especiales, bajo plano...","potentialAction":[{"@type":"SearchAction","target":{"@type":"EntryPoint","urlTemplate":"https:\/\/fundicionesgomez.com\/?s={search_term_string}"},"query-input":{"@type":"PropertyValueSpecification","valueRequired":true,"valueName":"search_term_string"}}],"inLanguage":"ca"}]}},"_links":{"self":[{"href":"https:\/\/fundicionesgomez.com\/ca\/wp-json\/wp\/v2\/product\/2099","targetHints":{"allow":["GET"]}}],"collection":[{"href":"https:\/\/fundicionesgomez.com\/ca\/wp-json\/wp\/v2\/product"}],"about":[{"href":"https:\/\/fundicionesgomez.com\/ca\/wp-json\/wp\/v2\/types\/product"}],"wp:featuredmedia":[{"embeddable":true,"href":"https:\/\/fundicionesgomez.com\/ca\/wp-json\/wp\/v2\/media\/2100"}],"wp:attachment":[{"href":"https:\/\/fundicionesgomez.com\/ca\/wp-json\/wp\/v2\/media?parent=2099"}],"wp:term":[{"taxonomy":"product_brand","embeddable":true,"href":"https:\/\/fundicionesgomez.com\/ca\/wp-json\/wp\/v2\/product_brand?post=2099"},{"taxonomy":"product_cat","embeddable":true,"href":"https:\/\/fundicionesgomez.com\/ca\/wp-json\/wp\/v2\/product_cat?post=2099"},{"taxonomy":"product_tag","embeddable":true,"href":"https:\/\/fundicionesgomez.com\/ca\/wp-json\/wp\/v2\/product_tag?post=2099"}],"curies":[{"name":"wp","href":"https:\/\/api.w.org\/{rel}","templated":true}]}}