{"id":1913,"date":"2017-10-20T19:13:45","date_gmt":"2017-10-20T19:13:47","guid":{"rendered":"http:\/\/test.lulango.es\/fgomez\/?post_type=product&#038;p=1913"},"modified":"2018-04-09T11:33:33","modified_gmt":"2018-04-09T11:33:33","slug":"suport-passamans-inox-amb-mensula-embellidor","status":"publish","type":"product","link":"https:\/\/fundicionesgomez.com\/ca\/producto\/suport-passamans-inox-amb-mensula-embellidor\/","title":{"rendered":"Suport Passamans Inox amb M\u00e8nsula + Embellidor"},"content":{"rendered":"<p>Per a suports amb altres dimensions envi\u00ef&#8217;ns la seva consulta a trav\u00e9s del\u00a0<a  href=\"https:\/\/test.lulango.es\/fgomez\/ca\/contacte\/\">formulari de contacte<\/a>\u00a0i li farem un pressupost sense comprom\u00eds, o ponseu-vos en contacte amb el seu <a href=\"https:\/\/test.lulango.es\/fgomez\/ca\/distribuidores\/\">distribu\u00efdor<\/a> m\u00e9s proper.<\/p>\n","protected":false},"excerpt":{"rendered":"<p>Tri\u00ef entre les dues grand\u00e0ries en qu\u00e8 es fabriquen.<\/p>\n","protected":false},"featured_media":69111,"template":"","meta":[],"product_brand":[221],"product_cat":[135,177],"product_tag":[],"class_list":{"0":"post-1913","1":"product","2":"type-product","3":"status-publish","4":"has-post-thumbnail","6":"product_brand-fundiciones-gomez","7":"product_cat-fusteries-metal-liques","8":"product_cat-productes-d-inoxidable","10":"first","11":"instock","12":"taxable","13":"shipping-taxable","14":"purchasable","15":"product-type-variable"},"yoast_head":"<!-- This site is optimized with the Yoast SEO plugin v27.1.1 - https:\/\/yoast.com\/product\/yoast-seo-wordpress\/ -->\n<title>Suport Passamans Inox amb M\u00e8nsula + Embellidor - Fundiciones G\u00f3mez<\/title>\n<meta name=\"robots\" content=\"index, follow, max-snippet:-1, max-image-preview:large, max-video-preview:-1\" \/>\n<link rel=\"canonical\" href=\"https:\/\/fundicionesgomez.com\/ca\/producto\/suport-passamans-inox-amb-mensula-embellidor\/\" \/>\n<meta property=\"og:locale\" content=\"ca_ES\" \/>\n<meta property=\"og:type\" content=\"article\" \/>\n<meta property=\"og:title\" content=\"Suport Passamans Inox amb M\u00e8nsula + Embellidor - Fundiciones G\u00f3mez\" \/>\n<meta property=\"og:description\" content=\"Tri\u00ef entre les dues grand\u00e0ries en qu\u00e8 es fabriquen.\" \/>\n<meta property=\"og:url\" content=\"https:\/\/fundicionesgomez.com\/ca\/producto\/suport-passamans-inox-amb-mensula-embellidor\/\" \/>\n<meta property=\"og:site_name\" content=\"Fundiciones G\u00f3mez\" \/>\n<meta property=\"article:modified_time\" content=\"2018-04-09T11:33:33+00:00\" \/>\n<meta property=\"og:image\" content=\"https:\/\/fundicionesgomez.com\/web\/wp-content\/uploads\/2017\/10\/soporte-mensula-embellecedor.jpg\" \/>\n\t<meta property=\"og:image:width\" content=\"420\" \/>\n\t<meta property=\"og:image:height\" content=\"420\" \/>\n\t<meta property=\"og:image:type\" content=\"image\/jpeg\" \/>\n<meta name=\"twitter:card\" content=\"summary_large_image\" \/>\n<script type=\"application\/ld+json\" class=\"yoast-schema-graph\">{\"@context\":\"https:\/\/schema.org\",\"@graph\":[{\"@type\":\"WebPage\",\"@id\":\"https:\/\/fundicionesgomez.com\/ca\/producto\/suport-passamans-inox-amb-mensula-embellidor\/\",\"url\":\"https:\/\/fundicionesgomez.com\/ca\/producto\/suport-passamans-inox-amb-mensula-embellidor\/\",\"name\":\"Suport Passamans Inox amb M\u00e8nsula + Embellidor - Fundiciones G\u00f3mez\",\"isPartOf\":{\"@id\":\"https:\/\/fundicionesgomez.com\/#website\"},\"primaryImageOfPage\":{\"@id\":\"https:\/\/fundicionesgomez.com\/ca\/producto\/suport-passamans-inox-amb-mensula-embellidor\/#primaryimage\"},\"image\":{\"@id\":\"https:\/\/fundicionesgomez.com\/ca\/producto\/suport-passamans-inox-amb-mensula-embellidor\/#primaryimage\"},\"thumbnailUrl\":\"https:\/\/fundicionesgomez.com\/web\/wp-content\/uploads\/2017\/10\/soporte-mensula-embellecedor.jpg\",\"datePublished\":\"2017-10-20T19:13:47+00:00\",\"dateModified\":\"2018-04-09T11:33:33+00:00\",\"breadcrumb\":{\"@id\":\"https:\/\/fundicionesgomez.com\/ca\/producto\/suport-passamans-inox-amb-mensula-embellidor\/#breadcrumb\"},\"inLanguage\":\"ca\",\"potentialAction\":[{\"@type\":\"ReadAction\",\"target\":[\"https:\/\/fundicionesgomez.com\/ca\/producto\/suport-passamans-inox-amb-mensula-embellidor\/\"]}]},{\"@type\":\"ImageObject\",\"inLanguage\":\"ca\",\"@id\":\"https:\/\/fundicionesgomez.com\/ca\/producto\/suport-passamans-inox-amb-mensula-embellidor\/#primaryimage\",\"url\":\"https:\/\/fundicionesgomez.com\/web\/wp-content\/uploads\/2017\/10\/soporte-mensula-embellecedor.jpg\",\"contentUrl\":\"https:\/\/fundicionesgomez.com\/web\/wp-content\/uploads\/2017\/10\/soporte-mensula-embellecedor.jpg\",\"width\":420,\"height\":420},{\"@type\":\"BreadcrumbList\",\"@id\":\"https:\/\/fundicionesgomez.com\/ca\/producto\/suport-passamans-inox-amb-mensula-embellidor\/#breadcrumb\",\"itemListElement\":[{\"@type\":\"ListItem\",\"position\":1,\"name\":\"Portada\",\"item\":\"https:\/\/fundicionesgomez.com\/ca\/\"},{\"@type\":\"ListItem\",\"position\":2,\"name\":\"Productos\",\"item\":\"https:\/\/fundicionesgomez.com\/shop\/\"},{\"@type\":\"ListItem\",\"position\":3,\"name\":\"Suport Passamans Inox amb M\u00e8nsula + Embellidor\"}]},{\"@type\":\"WebSite\",\"@id\":\"https:\/\/fundicionesgomez.com\/#website\",\"url\":\"https:\/\/fundicionesgomez.com\/\",\"name\":\"Fundiciones G\u00f3mez\",\"description\":\"piezas para la construcci\u00f3n, talleres met\u00e1licos, herrajes, sector del mueble, autom\u00f3vil, trabajos especiales, bajo plano...\",\"potentialAction\":[{\"@type\":\"SearchAction\",\"target\":{\"@type\":\"EntryPoint\",\"urlTemplate\":\"https:\/\/fundicionesgomez.com\/?s={search_term_string}\"},\"query-input\":{\"@type\":\"PropertyValueSpecification\",\"valueRequired\":true,\"valueName\":\"search_term_string\"}}],\"inLanguage\":\"ca\"}]}<\/script>\n<!-- \/ Yoast SEO plugin. -->","yoast_head_json":{"title":"Suport Passamans Inox amb M\u00e8nsula + Embellidor - Fundiciones G\u00f3mez","robots":{"index":"index","follow":"follow","max-snippet":"max-snippet:-1","max-image-preview":"max-image-preview:large","max-video-preview":"max-video-preview:-1"},"canonical":"https:\/\/fundicionesgomez.com\/ca\/producto\/suport-passamans-inox-amb-mensula-embellidor\/","og_locale":"ca_ES","og_type":"article","og_title":"Suport Passamans Inox amb M\u00e8nsula + Embellidor - Fundiciones G\u00f3mez","og_description":"Tri\u00ef entre les dues grand\u00e0ries en qu\u00e8 es fabriquen.","og_url":"https:\/\/fundicionesgomez.com\/ca\/producto\/suport-passamans-inox-amb-mensula-embellidor\/","og_site_name":"Fundiciones G\u00f3mez","article_modified_time":"2018-04-09T11:33:33+00:00","og_image":[{"width":420,"height":420,"url":"https:\/\/fundicionesgomez.com\/web\/wp-content\/uploads\/2017\/10\/soporte-mensula-embellecedor.jpg","type":"image\/jpeg"}],"twitter_card":"summary_large_image","schema":{"@context":"https:\/\/schema.org","@graph":[{"@type":"WebPage","@id":"https:\/\/fundicionesgomez.com\/ca\/producto\/suport-passamans-inox-amb-mensula-embellidor\/","url":"https:\/\/fundicionesgomez.com\/ca\/producto\/suport-passamans-inox-amb-mensula-embellidor\/","name":"Suport Passamans Inox amb M\u00e8nsula + Embellidor - Fundiciones G\u00f3mez","isPartOf":{"@id":"https:\/\/fundicionesgomez.com\/#website"},"primaryImageOfPage":{"@id":"https:\/\/fundicionesgomez.com\/ca\/producto\/suport-passamans-inox-amb-mensula-embellidor\/#primaryimage"},"image":{"@id":"https:\/\/fundicionesgomez.com\/ca\/producto\/suport-passamans-inox-amb-mensula-embellidor\/#primaryimage"},"thumbnailUrl":"https:\/\/fundicionesgomez.com\/web\/wp-content\/uploads\/2017\/10\/soporte-mensula-embellecedor.jpg","datePublished":"2017-10-20T19:13:47+00:00","dateModified":"2018-04-09T11:33:33+00:00","breadcrumb":{"@id":"https:\/\/fundicionesgomez.com\/ca\/producto\/suport-passamans-inox-amb-mensula-embellidor\/#breadcrumb"},"inLanguage":"ca","potentialAction":[{"@type":"ReadAction","target":["https:\/\/fundicionesgomez.com\/ca\/producto\/suport-passamans-inox-amb-mensula-embellidor\/"]}]},{"@type":"ImageObject","inLanguage":"ca","@id":"https:\/\/fundicionesgomez.com\/ca\/producto\/suport-passamans-inox-amb-mensula-embellidor\/#primaryimage","url":"https:\/\/fundicionesgomez.com\/web\/wp-content\/uploads\/2017\/10\/soporte-mensula-embellecedor.jpg","contentUrl":"https:\/\/fundicionesgomez.com\/web\/wp-content\/uploads\/2017\/10\/soporte-mensula-embellecedor.jpg","width":420,"height":420},{"@type":"BreadcrumbList","@id":"https:\/\/fundicionesgomez.com\/ca\/producto\/suport-passamans-inox-amb-mensula-embellidor\/#breadcrumb","itemListElement":[{"@type":"ListItem","position":1,"name":"Portada","item":"https:\/\/fundicionesgomez.com\/ca\/"},{"@type":"ListItem","position":2,"name":"Productos","item":"https:\/\/fundicionesgomez.com\/shop\/"},{"@type":"ListItem","position":3,"name":"Suport Passamans Inox amb M\u00e8nsula + Embellidor"}]},{"@type":"WebSite","@id":"https:\/\/fundicionesgomez.com\/#website","url":"https:\/\/fundicionesgomez.com\/","name":"Fundiciones G\u00f3mez","description":"piezas para la construcci\u00f3n, talleres met\u00e1licos, herrajes, sector del mueble, autom\u00f3vil, trabajos especiales, bajo plano...","potentialAction":[{"@type":"SearchAction","target":{"@type":"EntryPoint","urlTemplate":"https:\/\/fundicionesgomez.com\/?s={search_term_string}"},"query-input":{"@type":"PropertyValueSpecification","valueRequired":true,"valueName":"search_term_string"}}],"inLanguage":"ca"}]}},"_links":{"self":[{"href":"https:\/\/fundicionesgomez.com\/ca\/wp-json\/wp\/v2\/product\/1913","targetHints":{"allow":["GET"]}}],"collection":[{"href":"https:\/\/fundicionesgomez.com\/ca\/wp-json\/wp\/v2\/product"}],"about":[{"href":"https:\/\/fundicionesgomez.com\/ca\/wp-json\/wp\/v2\/types\/product"}],"wp:featuredmedia":[{"embeddable":true,"href":"https:\/\/fundicionesgomez.com\/ca\/wp-json\/wp\/v2\/media\/69111"}],"wp:attachment":[{"href":"https:\/\/fundicionesgomez.com\/ca\/wp-json\/wp\/v2\/media?parent=1913"}],"wp:term":[{"taxonomy":"product_brand","embeddable":true,"href":"https:\/\/fundicionesgomez.com\/ca\/wp-json\/wp\/v2\/product_brand?post=1913"},{"taxonomy":"product_cat","embeddable":true,"href":"https:\/\/fundicionesgomez.com\/ca\/wp-json\/wp\/v2\/product_cat?post=1913"},{"taxonomy":"product_tag","embeddable":true,"href":"https:\/\/fundicionesgomez.com\/ca\/wp-json\/wp\/v2\/product_tag?post=1913"}],"curies":[{"name":"wp","href":"https:\/\/api.w.org\/{rel}","templated":true}]}}