{"id":1699,"date":"2017-10-20T19:13:31","date_gmt":"2017-10-20T19:13:32","guid":{"rendered":"http:\/\/test.lulango.es\/fgomez\/?post_type=product&#038;p=1699"},"modified":"2017-10-20T19:13:32","modified_gmt":"2017-10-20T19:13:32","slug":"tirafons-i-tacs","status":"publish","type":"product","link":"https:\/\/fundicionesgomez.com\/ca\/producto\/tirafons-i-tacs\/","title":{"rendered":"Tirafons i Tacs"},"content":{"rendered":"<p>BOLSA COMPUESTA DE:<br \/>\n&#8211; 30 Tirafondos POZIDRIV de cabeza plana 4,5&#215;45 bicromatados<br \/>\n&#8211; 30 Tacos de pl\u00e1stico FISCHER UX 6*35R<\/p>\n","protected":false},"excerpt":{"rendered":"<p>BORSA COMPOSTA DE: <br \/>&#8211; 30 Tirafons *POZIDRIV de cap pla 4,5&#215;45 *bicromatados<br \/>&#8211; 30 Tacs de pl\u00e0stic *FISCHER *UX 6*35R<\/p>\n","protected":false},"featured_media":69092,"template":"","meta":[],"product_brand":[222],"product_cat":[135,171],"product_tag":[],"class_list":{"0":"post-1699","1":"product","2":"type-product","3":"status-publish","4":"has-post-thumbnail","6":"product_brand-fischer","7":"product_cat-fusteries-metal-liques","8":"product_cat-productes-de-ferro","10":"first","11":"instock","12":"taxable","13":"shipping-taxable","14":"purchasable","15":"product-type-simple"},"yoast_head":"<!-- This site is optimized with the Yoast SEO plugin v27.1.1 - https:\/\/yoast.com\/product\/yoast-seo-wordpress\/ -->\n<title>Tirafons i Tacs - Fundiciones G\u00f3mez<\/title>\n<meta name=\"robots\" content=\"index, follow, max-snippet:-1, max-image-preview:large, max-video-preview:-1\" \/>\n<link rel=\"canonical\" href=\"https:\/\/fundicionesgomez.com\/ca\/producto\/tirafons-i-tacs\/\" \/>\n<meta property=\"og:locale\" content=\"ca_ES\" \/>\n<meta property=\"og:type\" content=\"article\" \/>\n<meta property=\"og:title\" content=\"Tirafons i Tacs - Fundiciones G\u00f3mez\" \/>\n<meta property=\"og:description\" content=\"BORSA COMPOSTA DE: - 30 Tirafons *POZIDRIV de cap pla 4,5x45 *bicromatados- 30 Tacs de pl\u00e0stic *FISCHER *UX 6*35R\" \/>\n<meta property=\"og:url\" content=\"https:\/\/fundicionesgomez.com\/ca\/producto\/tirafons-i-tacs\/\" \/>\n<meta property=\"og:site_name\" content=\"Fundiciones G\u00f3mez\" \/>\n<meta property=\"og:image\" content=\"https:\/\/fundicionesgomez.com\/web\/wp-content\/uploads\/2017\/10\/tacotornillo.jpg\" \/>\n\t<meta property=\"og:image:width\" content=\"420\" \/>\n\t<meta property=\"og:image:height\" content=\"420\" \/>\n\t<meta property=\"og:image:type\" content=\"image\/jpeg\" \/>\n<meta name=\"twitter:card\" content=\"summary_large_image\" \/>\n<script type=\"application\/ld+json\" class=\"yoast-schema-graph\">{\"@context\":\"https:\/\/schema.org\",\"@graph\":[{\"@type\":\"WebPage\",\"@id\":\"https:\/\/fundicionesgomez.com\/ca\/producto\/tirafons-i-tacs\/\",\"url\":\"https:\/\/fundicionesgomez.com\/ca\/producto\/tirafons-i-tacs\/\",\"name\":\"Tirafons i Tacs - Fundiciones G\u00f3mez\",\"isPartOf\":{\"@id\":\"https:\/\/fundicionesgomez.com\/#website\"},\"primaryImageOfPage\":{\"@id\":\"https:\/\/fundicionesgomez.com\/ca\/producto\/tirafons-i-tacs\/#primaryimage\"},\"image\":{\"@id\":\"https:\/\/fundicionesgomez.com\/ca\/producto\/tirafons-i-tacs\/#primaryimage\"},\"thumbnailUrl\":\"https:\/\/fundicionesgomez.com\/web\/wp-content\/uploads\/2017\/10\/tacotornillo.jpg\",\"datePublished\":\"2017-10-20T19:13:32+00:00\",\"breadcrumb\":{\"@id\":\"https:\/\/fundicionesgomez.com\/ca\/producto\/tirafons-i-tacs\/#breadcrumb\"},\"inLanguage\":\"ca\",\"potentialAction\":[{\"@type\":\"ReadAction\",\"target\":[\"https:\/\/fundicionesgomez.com\/ca\/producto\/tirafons-i-tacs\/\"]}]},{\"@type\":\"ImageObject\",\"inLanguage\":\"ca\",\"@id\":\"https:\/\/fundicionesgomez.com\/ca\/producto\/tirafons-i-tacs\/#primaryimage\",\"url\":\"https:\/\/fundicionesgomez.com\/web\/wp-content\/uploads\/2017\/10\/tacotornillo.jpg\",\"contentUrl\":\"https:\/\/fundicionesgomez.com\/web\/wp-content\/uploads\/2017\/10\/tacotornillo.jpg\",\"width\":420,\"height\":420},{\"@type\":\"BreadcrumbList\",\"@id\":\"https:\/\/fundicionesgomez.com\/ca\/producto\/tirafons-i-tacs\/#breadcrumb\",\"itemListElement\":[{\"@type\":\"ListItem\",\"position\":1,\"name\":\"Portada\",\"item\":\"https:\/\/fundicionesgomez.com\/ca\/\"},{\"@type\":\"ListItem\",\"position\":2,\"name\":\"Productos\",\"item\":\"https:\/\/fundicionesgomez.com\/shop\/\"},{\"@type\":\"ListItem\",\"position\":3,\"name\":\"Tirafons i Tacs\"}]},{\"@type\":\"WebSite\",\"@id\":\"https:\/\/fundicionesgomez.com\/#website\",\"url\":\"https:\/\/fundicionesgomez.com\/\",\"name\":\"Fundiciones G\u00f3mez\",\"description\":\"piezas para la construcci\u00f3n, talleres met\u00e1licos, herrajes, sector del mueble, autom\u00f3vil, trabajos especiales, bajo plano...\",\"potentialAction\":[{\"@type\":\"SearchAction\",\"target\":{\"@type\":\"EntryPoint\",\"urlTemplate\":\"https:\/\/fundicionesgomez.com\/?s={search_term_string}\"},\"query-input\":{\"@type\":\"PropertyValueSpecification\",\"valueRequired\":true,\"valueName\":\"search_term_string\"}}],\"inLanguage\":\"ca\"}]}<\/script>\n<!-- \/ Yoast SEO plugin. -->","yoast_head_json":{"title":"Tirafons i Tacs - Fundiciones G\u00f3mez","robots":{"index":"index","follow":"follow","max-snippet":"max-snippet:-1","max-image-preview":"max-image-preview:large","max-video-preview":"max-video-preview:-1"},"canonical":"https:\/\/fundicionesgomez.com\/ca\/producto\/tirafons-i-tacs\/","og_locale":"ca_ES","og_type":"article","og_title":"Tirafons i Tacs - Fundiciones G\u00f3mez","og_description":"BORSA COMPOSTA DE: - 30 Tirafons *POZIDRIV de cap pla 4,5x45 *bicromatados- 30 Tacs de pl\u00e0stic *FISCHER *UX 6*35R","og_url":"https:\/\/fundicionesgomez.com\/ca\/producto\/tirafons-i-tacs\/","og_site_name":"Fundiciones G\u00f3mez","og_image":[{"width":420,"height":420,"url":"https:\/\/fundicionesgomez.com\/web\/wp-content\/uploads\/2017\/10\/tacotornillo.jpg","type":"image\/jpeg"}],"twitter_card":"summary_large_image","schema":{"@context":"https:\/\/schema.org","@graph":[{"@type":"WebPage","@id":"https:\/\/fundicionesgomez.com\/ca\/producto\/tirafons-i-tacs\/","url":"https:\/\/fundicionesgomez.com\/ca\/producto\/tirafons-i-tacs\/","name":"Tirafons i Tacs - Fundiciones G\u00f3mez","isPartOf":{"@id":"https:\/\/fundicionesgomez.com\/#website"},"primaryImageOfPage":{"@id":"https:\/\/fundicionesgomez.com\/ca\/producto\/tirafons-i-tacs\/#primaryimage"},"image":{"@id":"https:\/\/fundicionesgomez.com\/ca\/producto\/tirafons-i-tacs\/#primaryimage"},"thumbnailUrl":"https:\/\/fundicionesgomez.com\/web\/wp-content\/uploads\/2017\/10\/tacotornillo.jpg","datePublished":"2017-10-20T19:13:32+00:00","breadcrumb":{"@id":"https:\/\/fundicionesgomez.com\/ca\/producto\/tirafons-i-tacs\/#breadcrumb"},"inLanguage":"ca","potentialAction":[{"@type":"ReadAction","target":["https:\/\/fundicionesgomez.com\/ca\/producto\/tirafons-i-tacs\/"]}]},{"@type":"ImageObject","inLanguage":"ca","@id":"https:\/\/fundicionesgomez.com\/ca\/producto\/tirafons-i-tacs\/#primaryimage","url":"https:\/\/fundicionesgomez.com\/web\/wp-content\/uploads\/2017\/10\/tacotornillo.jpg","contentUrl":"https:\/\/fundicionesgomez.com\/web\/wp-content\/uploads\/2017\/10\/tacotornillo.jpg","width":420,"height":420},{"@type":"BreadcrumbList","@id":"https:\/\/fundicionesgomez.com\/ca\/producto\/tirafons-i-tacs\/#breadcrumb","itemListElement":[{"@type":"ListItem","position":1,"name":"Portada","item":"https:\/\/fundicionesgomez.com\/ca\/"},{"@type":"ListItem","position":2,"name":"Productos","item":"https:\/\/fundicionesgomez.com\/shop\/"},{"@type":"ListItem","position":3,"name":"Tirafons i Tacs"}]},{"@type":"WebSite","@id":"https:\/\/fundicionesgomez.com\/#website","url":"https:\/\/fundicionesgomez.com\/","name":"Fundiciones G\u00f3mez","description":"piezas para la construcci\u00f3n, talleres met\u00e1licos, herrajes, sector del mueble, autom\u00f3vil, trabajos especiales, bajo plano...","potentialAction":[{"@type":"SearchAction","target":{"@type":"EntryPoint","urlTemplate":"https:\/\/fundicionesgomez.com\/?s={search_term_string}"},"query-input":{"@type":"PropertyValueSpecification","valueRequired":true,"valueName":"search_term_string"}}],"inLanguage":"ca"}]}},"_links":{"self":[{"href":"https:\/\/fundicionesgomez.com\/ca\/wp-json\/wp\/v2\/product\/1699","targetHints":{"allow":["GET"]}}],"collection":[{"href":"https:\/\/fundicionesgomez.com\/ca\/wp-json\/wp\/v2\/product"}],"about":[{"href":"https:\/\/fundicionesgomez.com\/ca\/wp-json\/wp\/v2\/types\/product"}],"wp:featuredmedia":[{"embeddable":true,"href":"https:\/\/fundicionesgomez.com\/ca\/wp-json\/wp\/v2\/media\/69092"}],"wp:attachment":[{"href":"https:\/\/fundicionesgomez.com\/ca\/wp-json\/wp\/v2\/media?parent=1699"}],"wp:term":[{"taxonomy":"product_brand","embeddable":true,"href":"https:\/\/fundicionesgomez.com\/ca\/wp-json\/wp\/v2\/product_brand?post=1699"},{"taxonomy":"product_cat","embeddable":true,"href":"https:\/\/fundicionesgomez.com\/ca\/wp-json\/wp\/v2\/product_cat?post=1699"},{"taxonomy":"product_tag","embeddable":true,"href":"https:\/\/fundicionesgomez.com\/ca\/wp-json\/wp\/v2\/product_tag?post=1699"}],"curies":[{"name":"wp","href":"https:\/\/api.w.org\/{rel}","templated":true}]}}