{"id":1569,"date":"2017-10-20T19:13:23","date_gmt":"2017-10-20T19:13:23","guid":{"rendered":"http:\/\/test.lulango.es\/fgomez\/?post_type=product&#038;p=1569"},"modified":"2021-11-16T12:58:49","modified_gmt":"2021-11-16T12:58:49","slug":"frontissa-mod-102","status":"publish","type":"product","link":"https:\/\/fundicionesgomez.com\/ca\/producto\/frontissa-mod-102\/","title":{"rendered":"Frontissa MOD. 102"},"content":{"rendered":"<p>Frontissa d&#8217;estil r\u00fastic.<\/p>\n<p>Platina de ferro de 4 mm de gruix.<\/p>\n<p>Pintura epoxy negra, apta per a exteriors.<\/p>\n<p>Al\u00e7ada: 165 mm.<\/p>\n<p>Mesura de la platina: 24 mm. <strong>Aquesta mesura podem canviar-la perqu\u00e8 s&#8217;adapti a l&#8217;altura del portic\u00f3.<\/strong><\/p>\n","protected":false},"excerpt":{"rendered":"<p>Frontissa d&#8217;estil r\u00fastic, fabricada en platina de 4 mm de gruix. Pintura epoxy negra, apta per a exteriors.<\/p>\n","protected":false},"featured_media":67123,"template":"","meta":[],"product_brand":[221],"product_cat":[141],"product_tag":[],"class_list":{"0":"post-1569","1":"product","2":"type-product","3":"status-publish","4":"has-post-thumbnail","6":"product_brand-fundiciones-gomez","7":"product_cat-frontisses-rustiques","9":"first","10":"instock","11":"taxable","12":"shipping-taxable","13":"purchasable","14":"product-type-simple"},"yoast_head":"<!-- This site is optimized with the Yoast SEO plugin v27.1.1 - https:\/\/yoast.com\/product\/yoast-seo-wordpress\/ -->\n<title>Frontissa MOD. 102 - Fundiciones G\u00f3mez<\/title>\n<meta name=\"robots\" content=\"index, follow, max-snippet:-1, max-image-preview:large, max-video-preview:-1\" \/>\n<link rel=\"canonical\" href=\"https:\/\/fundicionesgomez.com\/ca\/producto\/frontissa-mod-102\/\" \/>\n<meta property=\"og:locale\" content=\"ca_ES\" \/>\n<meta property=\"og:type\" content=\"article\" \/>\n<meta property=\"og:title\" content=\"Frontissa MOD. 102 - Fundiciones G\u00f3mez\" \/>\n<meta property=\"og:description\" content=\"Frontissa d&#039;estil r\u00fastic, fabricada en platina de 4 mm de gruix. Pintura epoxy negra, apta per a exteriors.\" \/>\n<meta property=\"og:url\" content=\"https:\/\/fundicionesgomez.com\/ca\/producto\/frontissa-mod-102\/\" \/>\n<meta property=\"og:site_name\" content=\"Fundiciones G\u00f3mez\" \/>\n<meta property=\"article:modified_time\" content=\"2021-11-16T12:58:49+00:00\" \/>\n<meta property=\"og:image\" content=\"https:\/\/fundicionesgomez.com\/web\/wp-content\/uploads\/2017\/10\/Bisagrarustica102.jpg\" \/>\n\t<meta property=\"og:image:width\" content=\"900\" \/>\n\t<meta property=\"og:image:height\" content=\"849\" \/>\n\t<meta property=\"og:image:type\" content=\"image\/jpeg\" \/>\n<meta name=\"twitter:card\" content=\"summary_large_image\" \/>\n<script type=\"application\/ld+json\" class=\"yoast-schema-graph\">{\"@context\":\"https:\/\/schema.org\",\"@graph\":[{\"@type\":\"WebPage\",\"@id\":\"https:\/\/fundicionesgomez.com\/ca\/producto\/frontissa-mod-102\/\",\"url\":\"https:\/\/fundicionesgomez.com\/ca\/producto\/frontissa-mod-102\/\",\"name\":\"Frontissa MOD. 102 - Fundiciones G\u00f3mez\",\"isPartOf\":{\"@id\":\"https:\/\/fundicionesgomez.com\/#website\"},\"primaryImageOfPage\":{\"@id\":\"https:\/\/fundicionesgomez.com\/ca\/producto\/frontissa-mod-102\/#primaryimage\"},\"image\":{\"@id\":\"https:\/\/fundicionesgomez.com\/ca\/producto\/frontissa-mod-102\/#primaryimage\"},\"thumbnailUrl\":\"https:\/\/fundicionesgomez.com\/web\/wp-content\/uploads\/2017\/10\/Bisagrarustica102.jpg\",\"datePublished\":\"2017-10-20T19:13:23+00:00\",\"dateModified\":\"2021-11-16T12:58:49+00:00\",\"breadcrumb\":{\"@id\":\"https:\/\/fundicionesgomez.com\/ca\/producto\/frontissa-mod-102\/#breadcrumb\"},\"inLanguage\":\"ca\",\"potentialAction\":[{\"@type\":\"ReadAction\",\"target\":[\"https:\/\/fundicionesgomez.com\/ca\/producto\/frontissa-mod-102\/\"]}]},{\"@type\":\"ImageObject\",\"inLanguage\":\"ca\",\"@id\":\"https:\/\/fundicionesgomez.com\/ca\/producto\/frontissa-mod-102\/#primaryimage\",\"url\":\"https:\/\/fundicionesgomez.com\/web\/wp-content\/uploads\/2017\/10\/Bisagrarustica102.jpg\",\"contentUrl\":\"https:\/\/fundicionesgomez.com\/web\/wp-content\/uploads\/2017\/10\/Bisagrarustica102.jpg\",\"width\":900,\"height\":849},{\"@type\":\"BreadcrumbList\",\"@id\":\"https:\/\/fundicionesgomez.com\/ca\/producto\/frontissa-mod-102\/#breadcrumb\",\"itemListElement\":[{\"@type\":\"ListItem\",\"position\":1,\"name\":\"Portada\",\"item\":\"https:\/\/fundicionesgomez.com\/ca\/\"},{\"@type\":\"ListItem\",\"position\":2,\"name\":\"Productos\",\"item\":\"https:\/\/fundicionesgomez.com\/shop\/\"},{\"@type\":\"ListItem\",\"position\":3,\"name\":\"Frontissa MOD. 102\"}]},{\"@type\":\"WebSite\",\"@id\":\"https:\/\/fundicionesgomez.com\/#website\",\"url\":\"https:\/\/fundicionesgomez.com\/\",\"name\":\"Fundiciones G\u00f3mez\",\"description\":\"piezas para la construcci\u00f3n, talleres met\u00e1licos, herrajes, sector del mueble, autom\u00f3vil, trabajos especiales, bajo plano...\",\"potentialAction\":[{\"@type\":\"SearchAction\",\"target\":{\"@type\":\"EntryPoint\",\"urlTemplate\":\"https:\/\/fundicionesgomez.com\/?s={search_term_string}\"},\"query-input\":{\"@type\":\"PropertyValueSpecification\",\"valueRequired\":true,\"valueName\":\"search_term_string\"}}],\"inLanguage\":\"ca\"}]}<\/script>\n<!-- \/ Yoast SEO plugin. -->","yoast_head_json":{"title":"Frontissa MOD. 102 - Fundiciones G\u00f3mez","robots":{"index":"index","follow":"follow","max-snippet":"max-snippet:-1","max-image-preview":"max-image-preview:large","max-video-preview":"max-video-preview:-1"},"canonical":"https:\/\/fundicionesgomez.com\/ca\/producto\/frontissa-mod-102\/","og_locale":"ca_ES","og_type":"article","og_title":"Frontissa MOD. 102 - Fundiciones G\u00f3mez","og_description":"Frontissa d'estil r\u00fastic, fabricada en platina de 4 mm de gruix. Pintura epoxy negra, apta per a exteriors.","og_url":"https:\/\/fundicionesgomez.com\/ca\/producto\/frontissa-mod-102\/","og_site_name":"Fundiciones G\u00f3mez","article_modified_time":"2021-11-16T12:58:49+00:00","og_image":[{"width":900,"height":849,"url":"https:\/\/fundicionesgomez.com\/web\/wp-content\/uploads\/2017\/10\/Bisagrarustica102.jpg","type":"image\/jpeg"}],"twitter_card":"summary_large_image","schema":{"@context":"https:\/\/schema.org","@graph":[{"@type":"WebPage","@id":"https:\/\/fundicionesgomez.com\/ca\/producto\/frontissa-mod-102\/","url":"https:\/\/fundicionesgomez.com\/ca\/producto\/frontissa-mod-102\/","name":"Frontissa MOD. 102 - Fundiciones G\u00f3mez","isPartOf":{"@id":"https:\/\/fundicionesgomez.com\/#website"},"primaryImageOfPage":{"@id":"https:\/\/fundicionesgomez.com\/ca\/producto\/frontissa-mod-102\/#primaryimage"},"image":{"@id":"https:\/\/fundicionesgomez.com\/ca\/producto\/frontissa-mod-102\/#primaryimage"},"thumbnailUrl":"https:\/\/fundicionesgomez.com\/web\/wp-content\/uploads\/2017\/10\/Bisagrarustica102.jpg","datePublished":"2017-10-20T19:13:23+00:00","dateModified":"2021-11-16T12:58:49+00:00","breadcrumb":{"@id":"https:\/\/fundicionesgomez.com\/ca\/producto\/frontissa-mod-102\/#breadcrumb"},"inLanguage":"ca","potentialAction":[{"@type":"ReadAction","target":["https:\/\/fundicionesgomez.com\/ca\/producto\/frontissa-mod-102\/"]}]},{"@type":"ImageObject","inLanguage":"ca","@id":"https:\/\/fundicionesgomez.com\/ca\/producto\/frontissa-mod-102\/#primaryimage","url":"https:\/\/fundicionesgomez.com\/web\/wp-content\/uploads\/2017\/10\/Bisagrarustica102.jpg","contentUrl":"https:\/\/fundicionesgomez.com\/web\/wp-content\/uploads\/2017\/10\/Bisagrarustica102.jpg","width":900,"height":849},{"@type":"BreadcrumbList","@id":"https:\/\/fundicionesgomez.com\/ca\/producto\/frontissa-mod-102\/#breadcrumb","itemListElement":[{"@type":"ListItem","position":1,"name":"Portada","item":"https:\/\/fundicionesgomez.com\/ca\/"},{"@type":"ListItem","position":2,"name":"Productos","item":"https:\/\/fundicionesgomez.com\/shop\/"},{"@type":"ListItem","position":3,"name":"Frontissa MOD. 102"}]},{"@type":"WebSite","@id":"https:\/\/fundicionesgomez.com\/#website","url":"https:\/\/fundicionesgomez.com\/","name":"Fundiciones G\u00f3mez","description":"piezas para la construcci\u00f3n, talleres met\u00e1licos, herrajes, sector del mueble, autom\u00f3vil, trabajos especiales, bajo plano...","potentialAction":[{"@type":"SearchAction","target":{"@type":"EntryPoint","urlTemplate":"https:\/\/fundicionesgomez.com\/?s={search_term_string}"},"query-input":{"@type":"PropertyValueSpecification","valueRequired":true,"valueName":"search_term_string"}}],"inLanguage":"ca"}]}},"_links":{"self":[{"href":"https:\/\/fundicionesgomez.com\/ca\/wp-json\/wp\/v2\/product\/1569","targetHints":{"allow":["GET"]}}],"collection":[{"href":"https:\/\/fundicionesgomez.com\/ca\/wp-json\/wp\/v2\/product"}],"about":[{"href":"https:\/\/fundicionesgomez.com\/ca\/wp-json\/wp\/v2\/types\/product"}],"wp:featuredmedia":[{"embeddable":true,"href":"https:\/\/fundicionesgomez.com\/ca\/wp-json\/wp\/v2\/media\/67123"}],"wp:attachment":[{"href":"https:\/\/fundicionesgomez.com\/ca\/wp-json\/wp\/v2\/media?parent=1569"}],"wp:term":[{"taxonomy":"product_brand","embeddable":true,"href":"https:\/\/fundicionesgomez.com\/ca\/wp-json\/wp\/v2\/product_brand?post=1569"},{"taxonomy":"product_cat","embeddable":true,"href":"https:\/\/fundicionesgomez.com\/ca\/wp-json\/wp\/v2\/product_cat?post=1569"},{"taxonomy":"product_tag","embeddable":true,"href":"https:\/\/fundicionesgomez.com\/ca\/wp-json\/wp\/v2\/product_tag?post=1569"}],"curies":[{"name":"wp","href":"https:\/\/api.w.org\/{rel}","templated":true}]}}