{"id":2559,"date":"2017-10-18T11:52:31","date_gmt":"2017-10-18T11:52:31","guid":{"rendered":"http:\/\/test.lulango.es\/fgomez\/carrito\/"},"modified":"2017-10-23T18:20:30","modified_gmt":"2017-10-23T18:20:30","slug":"cistella","status":"publish","type":"page","link":"https:\/\/fundicionesgomez.com\/ca\/cistella\/","title":{"rendered":"Cistella"},"content":{"rendered":"\n","protected":false},"excerpt":{"rendered":"","protected":false},"author":1,"featured_media":0,"parent":0,"menu_order":0,"comment_status":"closed","ping_status":"closed","template":"","meta":{"footnotes":""},"class_list":["post-2559","page","type-page","status-publish","hentry"],"yoast_head":"<!-- This site is optimized with the Yoast SEO plugin v27.1.1 - https:\/\/yoast.com\/product\/yoast-seo-wordpress\/ -->\n<title>Cistella - Fundiciones G\u00f3mez<\/title>\n<meta name=\"robots\" content=\"index, follow, max-snippet:-1, max-image-preview:large, max-video-preview:-1\" \/>\n<link rel=\"canonical\" href=\"https:\/\/fundicionesgomez.com\/ca\/cistella\/\" \/>\n<meta property=\"og:locale\" content=\"ca_ES\" \/>\n<meta property=\"og:type\" content=\"article\" \/>\n<meta property=\"og:title\" content=\"Cistella - Fundiciones G\u00f3mez\" \/>\n<meta property=\"og:url\" content=\"https:\/\/fundicionesgomez.com\/ca\/cistella\/\" \/>\n<meta property=\"og:site_name\" content=\"Fundiciones G\u00f3mez\" \/>\n<meta property=\"article:modified_time\" content=\"2017-10-23T18:20:30+00:00\" \/>\n<meta name=\"twitter:card\" content=\"summary_large_image\" \/>\n<script type=\"application\/ld+json\" class=\"yoast-schema-graph\">{\"@context\":\"https:\/\/schema.org\",\"@graph\":[{\"@type\":\"WebPage\",\"@id\":\"https:\/\/fundicionesgomez.com\/ca\/cistella\/\",\"url\":\"https:\/\/fundicionesgomez.com\/ca\/cistella\/\",\"name\":\"Cistella - Fundiciones G\u00f3mez\",\"isPartOf\":{\"@id\":\"https:\/\/fundicionesgomez.com\/#website\"},\"datePublished\":\"2017-10-18T11:52:31+00:00\",\"dateModified\":\"2017-10-23T18:20:30+00:00\",\"breadcrumb\":{\"@id\":\"https:\/\/fundicionesgomez.com\/ca\/cistella\/#breadcrumb\"},\"inLanguage\":\"ca\",\"potentialAction\":[{\"@type\":\"ReadAction\",\"target\":[\"https:\/\/fundicionesgomez.com\/ca\/cistella\/\"]}]},{\"@type\":\"BreadcrumbList\",\"@id\":\"https:\/\/fundicionesgomez.com\/ca\/cistella\/#breadcrumb\",\"itemListElement\":[{\"@type\":\"ListItem\",\"position\":1,\"name\":\"Portada\",\"item\":\"https:\/\/fundicionesgomez.com\/ca\/\"},{\"@type\":\"ListItem\",\"position\":2,\"name\":\"Cistella\"}]},{\"@type\":\"WebSite\",\"@id\":\"https:\/\/fundicionesgomez.com\/#website\",\"url\":\"https:\/\/fundicionesgomez.com\/\",\"name\":\"Fundiciones G\u00f3mez\",\"description\":\"piezas para la construcci\u00f3n, talleres met\u00e1licos, herrajes, sector del mueble, autom\u00f3vil, trabajos especiales, bajo plano...\",\"potentialAction\":[{\"@type\":\"SearchAction\",\"target\":{\"@type\":\"EntryPoint\",\"urlTemplate\":\"https:\/\/fundicionesgomez.com\/?s={search_term_string}\"},\"query-input\":{\"@type\":\"PropertyValueSpecification\",\"valueRequired\":true,\"valueName\":\"search_term_string\"}}],\"inLanguage\":\"ca\"}]}<\/script>\n<!-- \/ Yoast SEO plugin. -->","yoast_head_json":{"title":"Cistella - Fundiciones G\u00f3mez","robots":{"index":"index","follow":"follow","max-snippet":"max-snippet:-1","max-image-preview":"max-image-preview:large","max-video-preview":"max-video-preview:-1"},"canonical":"https:\/\/fundicionesgomez.com\/ca\/cistella\/","og_locale":"ca_ES","og_type":"article","og_title":"Cistella - Fundiciones G\u00f3mez","og_url":"https:\/\/fundicionesgomez.com\/ca\/cistella\/","og_site_name":"Fundiciones G\u00f3mez","article_modified_time":"2017-10-23T18:20:30+00:00","twitter_card":"summary_large_image","schema":{"@context":"https:\/\/schema.org","@graph":[{"@type":"WebPage","@id":"https:\/\/fundicionesgomez.com\/ca\/cistella\/","url":"https:\/\/fundicionesgomez.com\/ca\/cistella\/","name":"Cistella - Fundiciones G\u00f3mez","isPartOf":{"@id":"https:\/\/fundicionesgomez.com\/#website"},"datePublished":"2017-10-18T11:52:31+00:00","dateModified":"2017-10-23T18:20:30+00:00","breadcrumb":{"@id":"https:\/\/fundicionesgomez.com\/ca\/cistella\/#breadcrumb"},"inLanguage":"ca","potentialAction":[{"@type":"ReadAction","target":["https:\/\/fundicionesgomez.com\/ca\/cistella\/"]}]},{"@type":"BreadcrumbList","@id":"https:\/\/fundicionesgomez.com\/ca\/cistella\/#breadcrumb","itemListElement":[{"@type":"ListItem","position":1,"name":"Portada","item":"https:\/\/fundicionesgomez.com\/ca\/"},{"@type":"ListItem","position":2,"name":"Cistella"}]},{"@type":"WebSite","@id":"https:\/\/fundicionesgomez.com\/#website","url":"https:\/\/fundicionesgomez.com\/","name":"Fundiciones G\u00f3mez","description":"piezas para la construcci\u00f3n, talleres met\u00e1licos, herrajes, sector del mueble, autom\u00f3vil, trabajos especiales, bajo plano...","potentialAction":[{"@type":"SearchAction","target":{"@type":"EntryPoint","urlTemplate":"https:\/\/fundicionesgomez.com\/?s={search_term_string}"},"query-input":{"@type":"PropertyValueSpecification","valueRequired":true,"valueName":"search_term_string"}}],"inLanguage":"ca"}]}},"_links":{"self":[{"href":"https:\/\/fundicionesgomez.com\/ca\/wp-json\/wp\/v2\/pages\/2559","targetHints":{"allow":["GET"]}}],"collection":[{"href":"https:\/\/fundicionesgomez.com\/ca\/wp-json\/wp\/v2\/pages"}],"about":[{"href":"https:\/\/fundicionesgomez.com\/ca\/wp-json\/wp\/v2\/types\/page"}],"author":[{"embeddable":true,"href":"https:\/\/fundicionesgomez.com\/ca\/wp-json\/wp\/v2\/users\/1"}],"replies":[{"embeddable":true,"href":"https:\/\/fundicionesgomez.com\/ca\/wp-json\/wp\/v2\/comments?post=2559"}],"version-history":[{"count":1,"href":"https:\/\/fundicionesgomez.com\/ca\/wp-json\/wp\/v2\/pages\/2559\/revisions"}],"predecessor-version":[{"id":2568,"href":"https:\/\/fundicionesgomez.com\/ca\/wp-json\/wp\/v2\/pages\/2559\/revisions\/2568"}],"wp:attachment":[{"href":"https:\/\/fundicionesgomez.com\/ca\/wp-json\/wp\/v2\/media?parent=2559"}],"curies":[{"name":"wp","href":"https:\/\/api.w.org\/{rel}","templated":true}]}}